{"id":2073,"date":"2023-04-27T09:30:39","date_gmt":"2023-04-27T07:30:39","guid":{"rendered":"https:\/\/huisartsenposttilburg.nl\/?page_id=2073"},"modified":"2024-12-23T15:03:14","modified_gmt":"2024-12-23T14:03:14","slug":"safha","status":"publish","type":"page","link":"https:\/\/huisartsenposttilburg.nl\/tr\/safha\/","title":{"rendered":"Safha"},"content":{"rendered":"\n\n\n<p>Tilburg ve Waalwijk&#8217;teki pratisyen hekim sa\u011fl\u0131k istasyonunda, pratisyen hekimler ve \u00e7al\u0131\u015fanlar acil aile hekimi bak\u0131m\u0131 sunar, bu bak\u0131m bir sonraki i\u015f g\u00fcn\u00fcne kadar bekleyemez. Bunu, Orta Brabant b\u00f6lgesinin 400.000&#8217;den fazla sakini i\u00e7in yap\u0131yoruz.<\/p>\n\n\n\n<p>PrimaCura&#8217;n\u0131n GP acil durum istasyonlar\u0131n\u0131n \u00e7al\u0131\u015fma alan\u0131:<\/p>\n\n\n\n<h2 class=\"wp-block-heading has-medium-font-size\">Alphen Chaam Belediyesi<\/h2>\n\n\n\n<p>Alfen<\/p>\n\n\n\n<h2 class=\"wp-block-heading has-medium-font-size\">Gilze en Rijen Belediyesi<\/h2>\n\n\n\n<p>Gilze Belediyesi<\/p>\n\n\n\n<h2 class=\"wp-block-heading has-medium-font-size\">Goirle Belediyesi<\/h2>\n\n\n\n<p>Goirle | Riel<\/p>\n\n\n\n<h2 class=\"wp-block-heading has-medium-font-size\">Heusden Belediyesi<\/h2>\n\n\n\n<p>Drunen | Elshout<\/p>\n\n\n\n<h2 class=\"wp-block-heading has-medium-font-size\">Hilvarenbeek Belediyesi<\/h2>\n\n\n\n<p>Baarschot | Kolostrum Houtakker | Diessen | Esbeek | Haghorst | Hilvarenbeek Belediyesi<\/p>\n\n\n\n<h2 class=\"wp-block-heading has-medium-font-size\">Loon op Zand Belediyesi<\/h2>\n\n\n\n<p>F\u0131nd\u0131k | Kaatsheuvel | Loon op Zand<\/p>\n\n\n\n<h2 class=\"wp-block-heading has-medium-font-size\">Oisterwijk Belediyesi<\/h2>\n\n\n\n<p>Haaren | Heukelom | Moergestel | Oisterwijk<\/p>\n\n\n\n<h2 class=\"wp-block-heading has-medium-font-size\">Tilburg Belediyesi<\/h2>\n\n\n\n<p>Berkel-M\u00fchendis | Acele har\u00e7 | Tilburg | Udenhout<\/p>\n\n\n\n<h2 class=\"wp-block-heading has-medium-font-size\">Waalwijk Belediyesi<\/h2>\n\n\n\n<p>Sprang-Capelle | Waalwijk | Yaban ar\u0131s\u0131<\/p>\n","protected":false},"excerpt":{"rendered":"<p>Tilburg ve Waalwijk&#8217;teki pratisyen hekim sa\u011fl\u0131k istasyonunda, pratisyen hekimler ve \u00e7al\u0131\u015fanlar acil aile hekimi bak\u0131m\u0131 sunar, bu bak\u0131m bir sonraki i\u015f g\u00fcn\u00fcne kadar bekleyemez. Bunu, Orta Brabant b\u00f6lgesinin 400.000&#8217;den fazla sakini i\u00e7in yap\u0131yoruz. PrimaCura&#8217;n\u0131n GP acil durum istasyonlar\u0131n\u0131n \u00e7al\u0131\u015fma alan\u0131: Alphen Chaam Belediyesi Alfen Gilze en Rijen Belediyesi Gilze Belediyesi Goirle Belediyesi Goirle | Riel [&hellip;]<\/p>\n","protected":false},"author":3,"featured_media":0,"parent":0,"menu_order":0,"comment_status":"closed","ping_status":"closed","template":"","meta":{"_acf_changed":false,"_trash_the_other_posts":false,"editor_notices":[],"footnotes":""},"class_list":["post-2073","page","type-page","status-publish","hentry"],"acf":[],"yoast_head":"<!-- This site is optimized with the Yoast SEO plugin v26.6 - https:\/\/yoast.com\/wordpress\/plugins\/seo\/ -->\n<title>Safha - Huisartsenpost Tilburg - T\u00fcrk\u00e7e<\/title>\n<meta name=\"robots\" content=\"index, follow, max-snippet:-1, max-image-preview:large, max-video-preview:-1\" \/>\n<link rel=\"canonical\" href=\"https:\/\/huisartsenposttilburg.nl\/tr\/safha\/\" \/>\n<meta property=\"og:locale\" content=\"tr_TR\" \/>\n<meta property=\"og:type\" content=\"article\" \/>\n<meta property=\"og:title\" content=\"Safha - Huisartsenpost Tilburg - T\u00fcrk\u00e7e\" \/>\n<meta property=\"og:description\" content=\"Tilburg ve Waalwijk&#8217;teki pratisyen hekim sa\u011fl\u0131k istasyonunda, pratisyen hekimler ve \u00e7al\u0131\u015fanlar acil aile hekimi bak\u0131m\u0131 sunar, bu bak\u0131m bir sonraki i\u015f g\u00fcn\u00fcne kadar bekleyemez. Bunu, Orta Brabant b\u00f6lgesinin 400.000&#8217;den fazla sakini i\u00e7in yap\u0131yoruz. PrimaCura&#8217;n\u0131n GP acil durum istasyonlar\u0131n\u0131n \u00e7al\u0131\u015fma alan\u0131: Alphen Chaam Belediyesi Alfen Gilze en Rijen Belediyesi Gilze Belediyesi Goirle Belediyesi Goirle | Riel [&hellip;]\" \/>\n<meta property=\"og:url\" content=\"https:\/\/huisartsenposttilburg.nl\/tr\/safha\/\" \/>\n<meta property=\"og:site_name\" content=\"Huisartsenpost Tilburg - T\u00fcrk\u00e7e\" \/>\n<meta property=\"article:modified_time\" content=\"2024-12-23T14:03:14+00:00\" \/>\n<meta name=\"twitter:card\" content=\"summary_large_image\" \/>\n<meta name=\"twitter:label1\" content=\"Tahmini okuma s\u00fcresi\" \/>\n\t<meta name=\"twitter:data1\" content=\"1 dakika\" \/>\n<script type=\"application\/ld+json\" class=\"yoast-schema-graph\">{\"@context\":\"https:\/\/schema.org\",\"@graph\":[{\"@type\":\"WebPage\",\"@id\":\"https:\/\/huisartsenposttilburg.nl\/tr\/safha\/\",\"url\":\"https:\/\/huisartsenposttilburg.nl\/tr\/safha\/\",\"name\":\"Safha - Huisartsenpost Tilburg - T\u00fcrk\u00e7e\",\"isPartOf\":{\"@id\":\"https:\/\/huisartsenposttilburg.nl\/tr\/#website\"},\"datePublished\":\"2023-04-27T07:30:39+00:00\",\"dateModified\":\"2024-12-23T14:03:14+00:00\",\"breadcrumb\":{\"@id\":\"https:\/\/huisartsenposttilburg.nl\/tr\/safha\/#breadcrumb\"},\"inLanguage\":\"tr\",\"potentialAction\":[{\"@type\":\"ReadAction\",\"target\":[\"https:\/\/huisartsenposttilburg.nl\/tr\/safha\/\"]}]},{\"@type\":\"BreadcrumbList\",\"@id\":\"https:\/\/huisartsenposttilburg.nl\/tr\/safha\/#breadcrumb\",\"itemListElement\":[{\"@type\":\"ListItem\",\"position\":1,\"name\":\"Home\",\"item\":\"https:\/\/huisartsenposttilburg.nl\/tr\/\"},{\"@type\":\"ListItem\",\"position\":2,\"name\":\"Safha\"}]},{\"@type\":\"WebSite\",\"@id\":\"https:\/\/huisartsenposttilburg.nl\/tr\/#website\",\"url\":\"https:\/\/huisartsenposttilburg.nl\/tr\/\",\"name\":\"Huisartsenpost Tilburg - T\u00fcrk\u00e7e\",\"description\":\"\",\"potentialAction\":[{\"@type\":\"SearchAction\",\"target\":{\"@type\":\"EntryPoint\",\"urlTemplate\":\"https:\/\/huisartsenposttilburg.nl\/tr\/?s={search_term_string}\"},\"query-input\":{\"@type\":\"PropertyValueSpecification\",\"valueRequired\":true,\"valueName\":\"search_term_string\"}}],\"inLanguage\":\"tr\"}]}<\/script>\n<!-- \/ Yoast SEO plugin. -->","yoast_head_json":{"title":"Safha - Huisartsenpost Tilburg - T\u00fcrk\u00e7e","robots":{"index":"index","follow":"follow","max-snippet":"max-snippet:-1","max-image-preview":"max-image-preview:large","max-video-preview":"max-video-preview:-1"},"canonical":"https:\/\/huisartsenposttilburg.nl\/tr\/safha\/","og_locale":"tr_TR","og_type":"article","og_title":"Safha - Huisartsenpost Tilburg - T\u00fcrk\u00e7e","og_description":"Tilburg ve Waalwijk&#8217;teki pratisyen hekim sa\u011fl\u0131k istasyonunda, pratisyen hekimler ve \u00e7al\u0131\u015fanlar acil aile hekimi bak\u0131m\u0131 sunar, bu bak\u0131m bir sonraki i\u015f g\u00fcn\u00fcne kadar bekleyemez. Bunu, Orta Brabant b\u00f6lgesinin 400.000&#8217;den fazla sakini i\u00e7in yap\u0131yoruz. PrimaCura&#8217;n\u0131n GP acil durum istasyonlar\u0131n\u0131n \u00e7al\u0131\u015fma alan\u0131: Alphen Chaam Belediyesi Alfen Gilze en Rijen Belediyesi Gilze Belediyesi Goirle Belediyesi Goirle | Riel [&hellip;]","og_url":"https:\/\/huisartsenposttilburg.nl\/tr\/safha\/","og_site_name":"Huisartsenpost Tilburg - T\u00fcrk\u00e7e","article_modified_time":"2024-12-23T14:03:14+00:00","twitter_card":"summary_large_image","twitter_misc":{"Tahmini okuma s\u00fcresi":"1 dakika"},"schema":{"@context":"https:\/\/schema.org","@graph":[{"@type":"WebPage","@id":"https:\/\/huisartsenposttilburg.nl\/tr\/safha\/","url":"https:\/\/huisartsenposttilburg.nl\/tr\/safha\/","name":"Safha - Huisartsenpost Tilburg - T\u00fcrk\u00e7e","isPartOf":{"@id":"https:\/\/huisartsenposttilburg.nl\/tr\/#website"},"datePublished":"2023-04-27T07:30:39+00:00","dateModified":"2024-12-23T14:03:14+00:00","breadcrumb":{"@id":"https:\/\/huisartsenposttilburg.nl\/tr\/safha\/#breadcrumb"},"inLanguage":"tr","potentialAction":[{"@type":"ReadAction","target":["https:\/\/huisartsenposttilburg.nl\/tr\/safha\/"]}]},{"@type":"BreadcrumbList","@id":"https:\/\/huisartsenposttilburg.nl\/tr\/safha\/#breadcrumb","itemListElement":[{"@type":"ListItem","position":1,"name":"Home","item":"https:\/\/huisartsenposttilburg.nl\/tr\/"},{"@type":"ListItem","position":2,"name":"Safha"}]},{"@type":"WebSite","@id":"https:\/\/huisartsenposttilburg.nl\/tr\/#website","url":"https:\/\/huisartsenposttilburg.nl\/tr\/","name":"Huisartsenpost Tilburg - T\u00fcrk\u00e7e","description":"","potentialAction":[{"@type":"SearchAction","target":{"@type":"EntryPoint","urlTemplate":"https:\/\/huisartsenposttilburg.nl\/tr\/?s={search_term_string}"},"query-input":{"@type":"PropertyValueSpecification","valueRequired":true,"valueName":"search_term_string"}}],"inLanguage":"tr"}]}},"_links":{"self":[{"href":"https:\/\/huisartsenposttilburg.nl\/tr\/wp-json\/wp\/v2\/pages\/2073","targetHints":{"allow":["GET"]}}],"collection":[{"href":"https:\/\/huisartsenposttilburg.nl\/tr\/wp-json\/wp\/v2\/pages"}],"about":[{"href":"https:\/\/huisartsenposttilburg.nl\/tr\/wp-json\/wp\/v2\/types\/page"}],"author":[{"embeddable":true,"href":"https:\/\/huisartsenposttilburg.nl\/tr\/wp-json\/wp\/v2\/users\/3"}],"replies":[{"embeddable":true,"href":"https:\/\/huisartsenposttilburg.nl\/tr\/wp-json\/wp\/v2\/comments?post=2073"}],"version-history":[{"count":2,"href":"https:\/\/huisartsenposttilburg.nl\/tr\/wp-json\/wp\/v2\/pages\/2073\/revisions"}],"predecessor-version":[{"id":187380,"href":"https:\/\/huisartsenposttilburg.nl\/tr\/wp-json\/wp\/v2\/pages\/2073\/revisions\/187380"}],"wp:attachment":[{"href":"https:\/\/huisartsenposttilburg.nl\/tr\/wp-json\/wp\/v2\/media?parent=2073"}],"curies":[{"name":"wp","href":"https:\/\/api.w.org\/{rel}","templated":true}]}}