{"id":2070,"date":"2023-04-27T09:24:36","date_gmt":"2023-04-27T07:24:36","guid":{"rendered":"https:\/\/huisartsenposttilburg.nl\/?page_id=2070"},"modified":"2026-01-02T09:19:59","modified_gmt":"2026-01-02T08:19:59","slug":"oranlar","status":"publish","type":"page","link":"https:\/\/huisartsenposttilburg.nl\/tr\/oranlar\/","title":{"rendered":"Fiyatlar"},"content":{"rendered":"\n\n\n<h2 class=\"wp-block-heading\">T\u0131bbi istasyona gitmek ne kadar tutar?<\/h2>\n\n\n\n<p>Tilburg\/Waalwijk aile hekimli\u011fi sa\u011fl\u0131k istasyonuyla her temas para tutar. Ayr\u0131ca telefon dan\u0131\u015fmanl\u0131\u011f\u0131 i\u00e7in \u00fccret almam\u0131z gerekiyor. Temel sigorta, aile hekiminin ve pratisyen hekimli\u011fi istasyonuyla ileti\u015fim masraflar\u0131n\u0131 kar\u015f\u0131lar. Bu, muafiyetinizden d\u00fc\u015f\u00fclmez.<\/p>\n\n\n\n<p>Sigortal\u0131 m\u0131s\u0131n\u0131z? Sonra fatura do\u011frudan sa\u011fl\u0131k sigortan\u0131za gider.<\/p>\n\n\n\n<p>Sigortal\u0131 de\u011fil misiniz yoksa kendinizi tan\u0131yam\u0131yor musunuz? Sonra Tilburg veya Waalwijk&#8217;teki GP t\u0131p istasyonuna gitti\u011finizde dan\u0131\u015fma masraflar\u0131n\u0131 do\u011frudan \u00f6dersiniz. Sadece pin ile \u00f6deme yapabilirsiniz ve \u00f6deme dan\u0131\u015fmadan \u00f6nce yap\u0131lmal\u0131d\u0131r. Sonra \u00f6deme kan\u0131t\u0131 alacaks\u0131n\u0131z. Bunu sa\u011fl\u0131k sigortan\u0131za kendiniz g\u00f6nderebilirsiniz.<\/p>\n\n\n\n\n\n\n\n<p><strong>1 Ocak 2026<\/strong> itibar\u0131yla olan oranlar \u015funlard\u0131r:<\/p>\n\n\n\n<ul class=\"wp-block-list\">\n<li>Telefon dan\u0131\u015fmanl\u0131\u011f\u0131: \u20ac35.00<\/li>\n\n\n\n<li>T\u0131bbi istasyonda dan\u0131\u015fma: \u20ac198.43<\/li>\n\n\n\n<li>Evde ziyaret: \u20ac297,65<\/li>\n\n\n\n<li>(Tekrar) tarif: \u20ac35,00<\/li>\n<\/ul>\n\n\n\n<p>Bu miktarlar Hollanda Sa\u011fl\u0131k Otoritesi taraf\u0131ndan belirlenmi\u015ftir.<\/p>\n","protected":false},"excerpt":{"rendered":"<p>T\u0131bbi istasyona gitmek ne kadar tutar? Tilburg\/Waalwijk aile hekimli\u011fi sa\u011fl\u0131k istasyonuyla her temas para tutar. Ayr\u0131ca telefon dan\u0131\u015fmanl\u0131\u011f\u0131 i\u00e7in \u00fccret almam\u0131z gerekiyor. Temel sigorta, aile hekiminin ve pratisyen hekimli\u011fi istasyonuyla ileti\u015fim masraflar\u0131n\u0131 kar\u015f\u0131lar. Bu, muafiyetinizden d\u00fc\u015f\u00fclmez. Sigortal\u0131 m\u0131s\u0131n\u0131z? Sonra fatura do\u011frudan sa\u011fl\u0131k sigortan\u0131za gider. Sigortal\u0131 de\u011fil misiniz yoksa kendinizi tan\u0131yam\u0131yor musunuz? Sonra Tilburg veya Waalwijk&#8217;teki [&hellip;]<\/p>\n","protected":false},"author":3,"featured_media":0,"parent":0,"menu_order":0,"comment_status":"closed","ping_status":"closed","template":"","meta":{"_acf_changed":false,"_trash_the_other_posts":false,"editor_notices":[],"footnotes":""},"class_list":["post-2070","page","type-page","status-publish","hentry"],"acf":[],"yoast_head":"<!-- This site is optimized with the Yoast SEO plugin v26.6 - https:\/\/yoast.com\/wordpress\/plugins\/seo\/ -->\n<title>Fiyatlar - Huisartsenpost Tilburg - T\u00fcrk\u00e7e<\/title>\n<meta name=\"description\" content=\"GP merkezinde triyaj, kons\u00fcltasyon ve ziyaretler i\u00e7in farkl\u0131 \u00fccretler uygulan\u0131r. Onlar\u0131 bu sayfada g\u00f6rebilirsiniz.\" \/>\n<meta name=\"robots\" content=\"index, follow, max-snippet:-1, max-image-preview:large, max-video-preview:-1\" \/>\n<link rel=\"canonical\" href=\"https:\/\/huisartsenposttilburg.nl\/tr\/oran-lari\/\" \/>\n<meta property=\"og:locale\" content=\"tr_TR\" \/>\n<meta property=\"og:type\" content=\"article\" \/>\n<meta property=\"og:title\" content=\"Fiyatlar - Huisartsenpost Tilburg - T\u00fcrk\u00e7e\" \/>\n<meta property=\"og:description\" content=\"GP merkezinde triyaj, kons\u00fcltasyon ve ziyaretler i\u00e7in farkl\u0131 \u00fccretler uygulan\u0131r. Onlar\u0131 bu sayfada g\u00f6rebilirsiniz.\" \/>\n<meta property=\"og:url\" content=\"https:\/\/huisartsenposttilburg.nl\/tr\/oran-lari\/\" \/>\n<meta property=\"og:site_name\" content=\"Huisartsenpost Tilburg - T\u00fcrk\u00e7e\" \/>\n<meta property=\"article:modified_time\" content=\"2026-01-02T08:19:59+00:00\" \/>\n<meta name=\"twitter:card\" content=\"summary_large_image\" \/>\n<meta name=\"twitter:label1\" content=\"Tahmini okuma s\u00fcresi\" \/>\n\t<meta name=\"twitter:data1\" content=\"1 dakika\" \/>\n<script type=\"application\/ld+json\" class=\"yoast-schema-graph\">{\"@context\":\"https:\/\/schema.org\",\"@graph\":[{\"@type\":\"WebPage\",\"@id\":\"https:\/\/huisartsenposttilburg.nl\/tr\/oran-lari\/\",\"url\":\"https:\/\/huisartsenposttilburg.nl\/tr\/oran-lari\/\",\"name\":\"Fiyatlar - Huisartsenpost Tilburg - T\u00fcrk\u00e7e\",\"isPartOf\":{\"@id\":\"https:\/\/huisartsenposttilburg.nl\/tr\/#website\"},\"datePublished\":\"2023-04-27T07:24:36+00:00\",\"dateModified\":\"2026-01-02T08:19:59+00:00\",\"description\":\"GP merkezinde triyaj, kons\u00fcltasyon ve ziyaretler i\u00e7in farkl\u0131 \u00fccretler uygulan\u0131r. Onlar\u0131 bu sayfada g\u00f6rebilirsiniz.\",\"breadcrumb\":{\"@id\":\"https:\/\/huisartsenposttilburg.nl\/tr\/oran-lari\/#breadcrumb\"},\"inLanguage\":\"tr\",\"potentialAction\":[{\"@type\":\"ReadAction\",\"target\":[\"https:\/\/huisartsenposttilburg.nl\/tr\/oran-lari\/\"]}]},{\"@type\":\"BreadcrumbList\",\"@id\":\"https:\/\/huisartsenposttilburg.nl\/tr\/oran-lari\/#breadcrumb\",\"itemListElement\":[{\"@type\":\"ListItem\",\"position\":1,\"name\":\"Home\",\"item\":\"https:\/\/huisartsenposttilburg.nl\/tr\/\"},{\"@type\":\"ListItem\",\"position\":2,\"name\":\"Oran -lar\u0131\"}]},{\"@type\":\"WebSite\",\"@id\":\"https:\/\/huisartsenposttilburg.nl\/tr\/#website\",\"url\":\"https:\/\/huisartsenposttilburg.nl\/tr\/\",\"name\":\"Huisartsenpost Tilburg - T\u00fcrk\u00e7e\",\"description\":\"\",\"potentialAction\":[{\"@type\":\"SearchAction\",\"target\":{\"@type\":\"EntryPoint\",\"urlTemplate\":\"https:\/\/huisartsenposttilburg.nl\/tr\/?s={search_term_string}\"},\"query-input\":{\"@type\":\"PropertyValueSpecification\",\"valueRequired\":true,\"valueName\":\"search_term_string\"}}],\"inLanguage\":\"tr\"}]}<\/script>\n<!-- \/ Yoast SEO plugin. -->","yoast_head_json":{"title":"Fiyatlar - Huisartsenpost Tilburg - T\u00fcrk\u00e7e","description":"GP merkezinde triyaj, kons\u00fcltasyon ve ziyaretler i\u00e7in farkl\u0131 \u00fccretler uygulan\u0131r. Onlar\u0131 bu sayfada g\u00f6rebilirsiniz.","robots":{"index":"index","follow":"follow","max-snippet":"max-snippet:-1","max-image-preview":"max-image-preview:large","max-video-preview":"max-video-preview:-1"},"canonical":"https:\/\/huisartsenposttilburg.nl\/tr\/oran-lari\/","og_locale":"tr_TR","og_type":"article","og_title":"Fiyatlar - Huisartsenpost Tilburg - T\u00fcrk\u00e7e","og_description":"GP merkezinde triyaj, kons\u00fcltasyon ve ziyaretler i\u00e7in farkl\u0131 \u00fccretler uygulan\u0131r. Onlar\u0131 bu sayfada g\u00f6rebilirsiniz.","og_url":"https:\/\/huisartsenposttilburg.nl\/tr\/oran-lari\/","og_site_name":"Huisartsenpost Tilburg - T\u00fcrk\u00e7e","article_modified_time":"2026-01-02T08:19:59+00:00","twitter_card":"summary_large_image","twitter_misc":{"Tahmini okuma s\u00fcresi":"1 dakika"},"schema":{"@context":"https:\/\/schema.org","@graph":[{"@type":"WebPage","@id":"https:\/\/huisartsenposttilburg.nl\/tr\/oran-lari\/","url":"https:\/\/huisartsenposttilburg.nl\/tr\/oran-lari\/","name":"Fiyatlar - Huisartsenpost Tilburg - T\u00fcrk\u00e7e","isPartOf":{"@id":"https:\/\/huisartsenposttilburg.nl\/tr\/#website"},"datePublished":"2023-04-27T07:24:36+00:00","dateModified":"2026-01-02T08:19:59+00:00","description":"GP merkezinde triyaj, kons\u00fcltasyon ve ziyaretler i\u00e7in farkl\u0131 \u00fccretler uygulan\u0131r. Onlar\u0131 bu sayfada g\u00f6rebilirsiniz.","breadcrumb":{"@id":"https:\/\/huisartsenposttilburg.nl\/tr\/oran-lari\/#breadcrumb"},"inLanguage":"tr","potentialAction":[{"@type":"ReadAction","target":["https:\/\/huisartsenposttilburg.nl\/tr\/oran-lari\/"]}]},{"@type":"BreadcrumbList","@id":"https:\/\/huisartsenposttilburg.nl\/tr\/oran-lari\/#breadcrumb","itemListElement":[{"@type":"ListItem","position":1,"name":"Home","item":"https:\/\/huisartsenposttilburg.nl\/tr\/"},{"@type":"ListItem","position":2,"name":"Oran -lar\u0131"}]},{"@type":"WebSite","@id":"https:\/\/huisartsenposttilburg.nl\/tr\/#website","url":"https:\/\/huisartsenposttilburg.nl\/tr\/","name":"Huisartsenpost Tilburg - T\u00fcrk\u00e7e","description":"","potentialAction":[{"@type":"SearchAction","target":{"@type":"EntryPoint","urlTemplate":"https:\/\/huisartsenposttilburg.nl\/tr\/?s={search_term_string}"},"query-input":{"@type":"PropertyValueSpecification","valueRequired":true,"valueName":"search_term_string"}}],"inLanguage":"tr"}]}},"_links":{"self":[{"href":"https:\/\/huisartsenposttilburg.nl\/tr\/wp-json\/wp\/v2\/pages\/2070","targetHints":{"allow":["GET"]}}],"collection":[{"href":"https:\/\/huisartsenposttilburg.nl\/tr\/wp-json\/wp\/v2\/pages"}],"about":[{"href":"https:\/\/huisartsenposttilburg.nl\/tr\/wp-json\/wp\/v2\/types\/page"}],"author":[{"embeddable":true,"href":"https:\/\/huisartsenposttilburg.nl\/tr\/wp-json\/wp\/v2\/users\/3"}],"replies":[{"embeddable":true,"href":"https:\/\/huisartsenposttilburg.nl\/tr\/wp-json\/wp\/v2\/comments?post=2070"}],"version-history":[{"count":11,"href":"https:\/\/huisartsenposttilburg.nl\/tr\/wp-json\/wp\/v2\/pages\/2070\/revisions"}],"predecessor-version":[{"id":187502,"href":"https:\/\/huisartsenposttilburg.nl\/tr\/wp-json\/wp\/v2\/pages\/2070\/revisions\/187502"}],"wp:attachment":[{"href":"https:\/\/huisartsenposttilburg.nl\/tr\/wp-json\/wp\/v2\/media?parent=2070"}],"curies":[{"name":"wp","href":"https:\/\/api.w.org\/{rel}","templated":true}]}}