{"id":2067,"date":"2023-04-27T09:20:43","date_gmt":"2023-04-27T07:20:43","guid":{"rendered":"https:\/\/huisartsenposttilburg.nl\/?page_id=2067"},"modified":"2024-12-24T09:55:59","modified_gmt":"2024-12-24T08:55:59","slug":"tibbi-dosyaniz","status":"publish","type":"page","link":"https:\/\/huisartsenposttilburg.nl\/tr\/tibbi-dosyaniz\/","title":{"rendered":"T\u0131bbi dosyan\u0131z"},"content":{"rendered":"\n<p>GP sa\u011fl\u0131k istasyonu, her t\u0131bbi yard\u0131m talebini bir sisteme kaydeder. GP sa\u011fl\u0131k istasyonu ile temas halindeyseniz, servisten sonra kendi GP&#8217;nize bir mesaj g\u00f6nderece\u011fiz. Doktorunuz daha sonra GP t\u0131bbi istasyonunun sizin i\u00e7in ne yapt\u0131\u011f\u0131n\u0131 bilecektir. Bu rapor, kendi doktorunuz taraf\u0131ndan t\u0131bbi dosyan\u0131za eklenecektir. T\u00fcm telefon g\u00f6r\u00fc\u015fmeleri de kalite amac\u0131yla kaydedilir.<\/p>\n\n\n\n<h2 class=\"wp-block-heading\">Daha fazla bilgi, daha iyi bak\u0131m<\/h2>\n\n\n\n<p>Hastal\u0131k, yaralanma veya kaza genellikle beklenmedik bir \u015fekilde ortaya \u00e7\u0131kar. Sonu\u00e7 olarak, kendinizi &#8216;garip&#8217; bir doktorun dan\u0131\u015fma odas\u0131na, bilinmeyen bir eczaneye veya GP acil servisine g\u00f6t\u00fcrebilirsiniz. O zaman, sa\u011fl\u0131k hizmeti sa\u011flay\u0131c\u0131s\u0131n\u0131n hasta verilerinizi g\u00f6r\u00fcnt\u00fcleyebilmesi ve sa\u011fl\u0131k durumunuzun h\u0131zl\u0131 bir \u015fekilde bir resmini olu\u015fturabilmesi iyi bir \u015feydir. Bunun i\u00e7in veri al\u0131\u015fveri\u015finin yap\u0131labilmesi gerekir.<\/p>\n\n\n\n<p>B\u00f6lgede, pratisyen hekimler ve eczac\u0131lar LSP&#8217;ye kat\u0131l\u0131yor. LSP, Ulusal Ge\u00e7i\u015f Noktas\u0131 anlam\u0131na gelir ve Sa\u011fl\u0131k \u0130leti\u015fimi i\u00e7in Bak\u0131m Sa\u011flay\u0131c\u0131lar\u0131 Derne\u011fi&#8217;nin bak\u0131m altyap\u0131s\u0131d\u0131r. Bu bilgisayar sistemiyle, sa\u011fl\u0131k merkezindeki pratisyen hekimler ve asistanlar, t\u0131bbi verilerinizin bir \u00f6zetini g\u00fcvenli bir \u015fekilde talep edebilir.<\/p>\n\n\n\n<h2 class=\"wp-block-heading\">Verilerinizi payla\u015fma<\/h2>\n\n\n\n<p>Aile hekiminiz ve eczaneniz, t\u0131bbi verilerinizi yaln\u0131zca \u00f6nceden izin vermeniz durumunda di\u011fer sa\u011fl\u0131k hizmeti sa\u011flay\u0131c\u0131lar\u0131yla payla\u015fabilir. Di\u011fer sa\u011fl\u0131k hizmeti sa\u011flay\u0131c\u0131lar\u0131, verilerinizi yaln\u0131zca tedaviniz i\u00e7in gerekliyse talep edebilir.<\/p>\n\n\n\n<h2 class=\"wp-block-heading\">\u0130zin verilmesi<\/h2>\n\n\n\n<p>Web sitesi <a href=\"http:\/\/www.volgjezorg.nl\/\" target=\"_blank\" rel=\"noreferrer noopener\">\u00fczerinden www.volgjezorg.nl<\/a> izin verebilirsiniz. Bilgilerinizi DigiD ile doldurabilir ve g\u00f6nderebilirsiniz. Ayr\u0131ca formu yazd\u0131rabilir ve sa\u011fl\u0131k uzman\u0131n\u0131za verebilirsiniz. GP t\u0131bbi istasyonu da LSP&#8217;ye ba\u011fl\u0131d\u0131r, \u00e7\u00fcnk\u00fc t\u0131bbi bilgilerin mesai saatleri d\u0131\u015f\u0131nda da g\u00f6r\u00fcnt\u00fclenebilmesinin \u00f6nemli oldu\u011funu d\u00fc\u015f\u00fcn\u00fcyoruz.<\/p>\n","protected":false},"excerpt":{"rendered":"<p>GP sa\u011fl\u0131k istasyonu, her t\u0131bbi yard\u0131m talebini bir sisteme kaydeder. GP sa\u011fl\u0131k istasyonu ile temas halindeyseniz, servisten sonra kendi GP&#8217;nize bir mesaj g\u00f6nderece\u011fiz. Doktorunuz daha sonra GP t\u0131bbi istasyonunun sizin i\u00e7in ne yapt\u0131\u011f\u0131n\u0131 bilecektir. Bu rapor, kendi doktorunuz taraf\u0131ndan t\u0131bbi dosyan\u0131za eklenecektir. T\u00fcm telefon g\u00f6r\u00fc\u015fmeleri de kalite amac\u0131yla kaydedilir. Daha fazla bilgi, daha iyi bak\u0131m [&hellip;]<\/p>\n","protected":false},"author":3,"featured_media":0,"parent":0,"menu_order":0,"comment_status":"closed","ping_status":"closed","template":"","meta":{"_acf_changed":false,"_trash_the_other_posts":false,"editor_notices":[],"footnotes":""},"class_list":["post-2067","page","type-page","status-publish","hentry"],"acf":[],"yoast_head":"<!-- This site is optimized with the Yoast SEO plugin v26.6 - https:\/\/yoast.com\/wordpress\/plugins\/seo\/ -->\n<title>T\u0131bbi dosyan\u0131z - Huisartsenpost Tilburg - T\u00fcrk\u00e7e<\/title>\n<meta name=\"robots\" content=\"index, follow, max-snippet:-1, max-image-preview:large, max-video-preview:-1\" \/>\n<link rel=\"canonical\" href=\"https:\/\/huisartsenposttilburg.nl\/tr\/tibbi-dosyaniz\/\" \/>\n<meta property=\"og:locale\" content=\"tr_TR\" \/>\n<meta property=\"og:type\" content=\"article\" \/>\n<meta property=\"og:title\" content=\"T\u0131bbi dosyan\u0131z - Huisartsenpost Tilburg - T\u00fcrk\u00e7e\" \/>\n<meta property=\"og:description\" content=\"GP sa\u011fl\u0131k istasyonu, her t\u0131bbi yard\u0131m talebini bir sisteme kaydeder. GP sa\u011fl\u0131k istasyonu ile temas halindeyseniz, servisten sonra kendi GP&#8217;nize bir mesaj g\u00f6nderece\u011fiz. Doktorunuz daha sonra GP t\u0131bbi istasyonunun sizin i\u00e7in ne yapt\u0131\u011f\u0131n\u0131 bilecektir. Bu rapor, kendi doktorunuz taraf\u0131ndan t\u0131bbi dosyan\u0131za eklenecektir. T\u00fcm telefon g\u00f6r\u00fc\u015fmeleri de kalite amac\u0131yla kaydedilir. Daha fazla bilgi, daha iyi bak\u0131m [&hellip;]\" \/>\n<meta property=\"og:url\" content=\"https:\/\/huisartsenposttilburg.nl\/tr\/tibbi-dosyaniz\/\" \/>\n<meta property=\"og:site_name\" content=\"Huisartsenpost Tilburg - T\u00fcrk\u00e7e\" \/>\n<meta property=\"article:modified_time\" content=\"2024-12-24T08:55:59+00:00\" \/>\n<meta name=\"twitter:card\" content=\"summary_large_image\" \/>\n<meta name=\"twitter:label1\" content=\"Tahmini okuma s\u00fcresi\" \/>\n\t<meta name=\"twitter:data1\" content=\"2 dakika\" \/>\n<script type=\"application\/ld+json\" class=\"yoast-schema-graph\">{\"@context\":\"https:\/\/schema.org\",\"@graph\":[{\"@type\":\"WebPage\",\"@id\":\"https:\/\/huisartsenposttilburg.nl\/tr\/tibbi-dosyaniz\/\",\"url\":\"https:\/\/huisartsenposttilburg.nl\/tr\/tibbi-dosyaniz\/\",\"name\":\"T\u0131bbi dosyan\u0131z - Huisartsenpost Tilburg - T\u00fcrk\u00e7e\",\"isPartOf\":{\"@id\":\"https:\/\/huisartsenposttilburg.nl\/tr\/#website\"},\"datePublished\":\"2023-04-27T07:20:43+00:00\",\"dateModified\":\"2024-12-24T08:55:59+00:00\",\"breadcrumb\":{\"@id\":\"https:\/\/huisartsenposttilburg.nl\/tr\/tibbi-dosyaniz\/#breadcrumb\"},\"inLanguage\":\"tr\",\"potentialAction\":[{\"@type\":\"ReadAction\",\"target\":[\"https:\/\/huisartsenposttilburg.nl\/tr\/tibbi-dosyaniz\/\"]}]},{\"@type\":\"BreadcrumbList\",\"@id\":\"https:\/\/huisartsenposttilburg.nl\/tr\/tibbi-dosyaniz\/#breadcrumb\",\"itemListElement\":[{\"@type\":\"ListItem\",\"position\":1,\"name\":\"Home\",\"item\":\"https:\/\/huisartsenposttilburg.nl\/tr\/\"},{\"@type\":\"ListItem\",\"position\":2,\"name\":\"T\u0131bbi dosyan\u0131z\"}]},{\"@type\":\"WebSite\",\"@id\":\"https:\/\/huisartsenposttilburg.nl\/tr\/#website\",\"url\":\"https:\/\/huisartsenposttilburg.nl\/tr\/\",\"name\":\"Huisartsenpost Tilburg - T\u00fcrk\u00e7e\",\"description\":\"\",\"potentialAction\":[{\"@type\":\"SearchAction\",\"target\":{\"@type\":\"EntryPoint\",\"urlTemplate\":\"https:\/\/huisartsenposttilburg.nl\/tr\/?s={search_term_string}\"},\"query-input\":{\"@type\":\"PropertyValueSpecification\",\"valueRequired\":true,\"valueName\":\"search_term_string\"}}],\"inLanguage\":\"tr\"}]}<\/script>\n<!-- \/ Yoast SEO plugin. -->","yoast_head_json":{"title":"T\u0131bbi dosyan\u0131z - Huisartsenpost Tilburg - T\u00fcrk\u00e7e","robots":{"index":"index","follow":"follow","max-snippet":"max-snippet:-1","max-image-preview":"max-image-preview:large","max-video-preview":"max-video-preview:-1"},"canonical":"https:\/\/huisartsenposttilburg.nl\/tr\/tibbi-dosyaniz\/","og_locale":"tr_TR","og_type":"article","og_title":"T\u0131bbi dosyan\u0131z - Huisartsenpost Tilburg - T\u00fcrk\u00e7e","og_description":"GP sa\u011fl\u0131k istasyonu, her t\u0131bbi yard\u0131m talebini bir sisteme kaydeder. GP sa\u011fl\u0131k istasyonu ile temas halindeyseniz, servisten sonra kendi GP&#8217;nize bir mesaj g\u00f6nderece\u011fiz. Doktorunuz daha sonra GP t\u0131bbi istasyonunun sizin i\u00e7in ne yapt\u0131\u011f\u0131n\u0131 bilecektir. Bu rapor, kendi doktorunuz taraf\u0131ndan t\u0131bbi dosyan\u0131za eklenecektir. T\u00fcm telefon g\u00f6r\u00fc\u015fmeleri de kalite amac\u0131yla kaydedilir. Daha fazla bilgi, daha iyi bak\u0131m [&hellip;]","og_url":"https:\/\/huisartsenposttilburg.nl\/tr\/tibbi-dosyaniz\/","og_site_name":"Huisartsenpost Tilburg - T\u00fcrk\u00e7e","article_modified_time":"2024-12-24T08:55:59+00:00","twitter_card":"summary_large_image","twitter_misc":{"Tahmini okuma s\u00fcresi":"2 dakika"},"schema":{"@context":"https:\/\/schema.org","@graph":[{"@type":"WebPage","@id":"https:\/\/huisartsenposttilburg.nl\/tr\/tibbi-dosyaniz\/","url":"https:\/\/huisartsenposttilburg.nl\/tr\/tibbi-dosyaniz\/","name":"T\u0131bbi dosyan\u0131z - Huisartsenpost Tilburg - T\u00fcrk\u00e7e","isPartOf":{"@id":"https:\/\/huisartsenposttilburg.nl\/tr\/#website"},"datePublished":"2023-04-27T07:20:43+00:00","dateModified":"2024-12-24T08:55:59+00:00","breadcrumb":{"@id":"https:\/\/huisartsenposttilburg.nl\/tr\/tibbi-dosyaniz\/#breadcrumb"},"inLanguage":"tr","potentialAction":[{"@type":"ReadAction","target":["https:\/\/huisartsenposttilburg.nl\/tr\/tibbi-dosyaniz\/"]}]},{"@type":"BreadcrumbList","@id":"https:\/\/huisartsenposttilburg.nl\/tr\/tibbi-dosyaniz\/#breadcrumb","itemListElement":[{"@type":"ListItem","position":1,"name":"Home","item":"https:\/\/huisartsenposttilburg.nl\/tr\/"},{"@type":"ListItem","position":2,"name":"T\u0131bbi dosyan\u0131z"}]},{"@type":"WebSite","@id":"https:\/\/huisartsenposttilburg.nl\/tr\/#website","url":"https:\/\/huisartsenposttilburg.nl\/tr\/","name":"Huisartsenpost Tilburg - T\u00fcrk\u00e7e","description":"","potentialAction":[{"@type":"SearchAction","target":{"@type":"EntryPoint","urlTemplate":"https:\/\/huisartsenposttilburg.nl\/tr\/?s={search_term_string}"},"query-input":{"@type":"PropertyValueSpecification","valueRequired":true,"valueName":"search_term_string"}}],"inLanguage":"tr"}]}},"_links":{"self":[{"href":"https:\/\/huisartsenposttilburg.nl\/tr\/wp-json\/wp\/v2\/pages\/2067","targetHints":{"allow":["GET"]}}],"collection":[{"href":"https:\/\/huisartsenposttilburg.nl\/tr\/wp-json\/wp\/v2\/pages"}],"about":[{"href":"https:\/\/huisartsenposttilburg.nl\/tr\/wp-json\/wp\/v2\/types\/page"}],"author":[{"embeddable":true,"href":"https:\/\/huisartsenposttilburg.nl\/tr\/wp-json\/wp\/v2\/users\/3"}],"replies":[{"embeddable":true,"href":"https:\/\/huisartsenposttilburg.nl\/tr\/wp-json\/wp\/v2\/comments?post=2067"}],"version-history":[{"count":3,"href":"https:\/\/huisartsenposttilburg.nl\/tr\/wp-json\/wp\/v2\/pages\/2067\/revisions"}],"predecessor-version":[{"id":187408,"href":"https:\/\/huisartsenposttilburg.nl\/tr\/wp-json\/wp\/v2\/pages\/2067\/revisions\/187408"}],"wp:attachment":[{"href":"https:\/\/huisartsenposttilburg.nl\/tr\/wp-json\/wp\/v2\/media?parent=2067"}],"curies":[{"name":"wp","href":"https:\/\/api.w.org\/{rel}","templated":true}]}}