{"id":2015,"date":"2023-04-27T08:43:52","date_gmt":"2023-04-27T06:43:52","guid":{"rendered":"https:\/\/huisartsenposttilburg.nl\/?page_id=2015"},"modified":"2024-12-24T09:54:38","modified_gmt":"2024-12-24T08:54:38","slug":"pratisyen-hekim-tibbi-istasyonu-nasil-calisir","status":"publish","type":"page","link":"https:\/\/huisartsenposttilburg.nl\/tr\/pratisyen-hekim-tibbi-istasyonu-nasil-calisir\/","title":{"rendered":"GP sa\u011fl\u0131k istasyonu nas\u0131l \u00e7al\u0131\u015f\u0131r?"},"content":{"rendered":"\n<h2 class=\"wp-block-heading\">Her zaman \u00f6nce aray\u0131n<\/h2>\n\n\n\n<p>Sadece GP sa\u011fl\u0131k istasyonuna u\u011frayamazs\u0131n\u0131z. Her zaman \u00f6nce aramal\u0131s\u0131n. O zaman ihtiyac\u0131n\u0131z olan yard\u0131m\u0131 en h\u0131zl\u0131 \u015fekilde alacaks\u0131n\u0131z. Tilburg\/Waalwijk sa\u011fl\u0131k istasyonunun numaras\u0131n\u0131 ararsan\u0131z, k\u0131sa bir men\u00fc duyars\u0131n\u0131z. Potansiyel olarak ya\u015fam\u0131 tehdit eden bir durum durumunda, 1&#8217;i se\u00e7in. \u00d6ncelikli olarak size yard\u0131mc\u0131 olaca\u011f\u0131z.<\/p>\n\n\n\n<h2 class=\"wp-block-heading\">Arad\u0131\u011f\u0131n\u0131zda veriler elinizin alt\u0131nda<\/h2>\n\n\n\n<p>Sa\u011fl\u0131k istasyonunu ar\u0131yor musunuz? Ard\u0131ndan a\u015fa\u011f\u0131daki bilgilerin elinizin alt\u0131nda oldu\u011fundan emin olun:<\/p>\n\n\n\n<ul class=\"wp-block-list\">\n<li>Vatanda\u015f Hizmet Numaran\u0131z (BSN). Bu sizin kimli\u011finizde (pasaport, kimlik kart\u0131 veya ehliyet) bulunur ve 9 hanelidir;<\/li>\n\n\n\n<li>do\u011fum tarihi, adres ve telefon numaras\u0131;<\/li>\n\n\n\n<li>aile hekiminizin ad\u0131.<\/li>\n<\/ul>\n\n\n\n<p>Telefonda ayr\u0131ca a\u015fa\u011f\u0131dakiler hakk\u0131nda da sorular sorulabilir:<\/p>\n\n\n\n<ul class=\"wp-block-list\">\n<li>t\u0131bbi ge\u00e7mi\u015finiz (yard\u0131m talebinizle ilgili oldu\u011fu s\u00fcrece);<\/li>\n\n\n\n<li>Al\u0131yor olabilece\u011finiz ila\u00e7lar.<\/li>\n<\/ul>\n\n\n\n<h2 class=\"wp-block-heading\">Ba\u015fkas\u0131 i\u00e7in mi ar\u0131yorsunuz?<\/h2>\n\n\n\n<p>Kendin i\u00e7in \u00e7a\u011f\u0131rm\u0131yor musun? Sonra o ki\u015finin t\u00fcm detaylar\u0131n\u0131 iletin. Ayr\u0131ca arad\u0131\u011f\u0131n\u0131zda hastan\u0131n yan\u0131nda oldu\u011funuzdan emin olun. Daha sonra semptomlar\u0131 m\u00fcmk\u00fcn oldu\u011funca iyi tan\u0131mlayabilirsiniz. Bazen triyaj hem\u015firesi de hastaya (doktorun asistan\u0131 veya hem\u015fire) kendisi birka\u00e7 soru sormak ister.<\/p>\n\n\n\n<h2 class=\"wp-block-heading\">Ne bekleyebilirsiniz?<\/h2>\n\n\n\n<p>Arad\u0131\u011f\u0131n\u0131zda, telefonda bir triyaj hem\u015firesi (doktor asistan\u0131 veya hem\u015fire) alacaks\u0131n\u0131z. Bir triyaj hem\u015firesi kapsaml\u0131 t\u0131bbi bilgiye sahiptir ve semptomlar\u0131n\u0131z\u0131n ne kadar ciddi oldu\u011funu ve neye ihtiya\u00e7 duyuldu\u011funu h\u0131zl\u0131 bir \u015fekilde belirlemek i\u00e7in \u00f6zel olarak e\u011fitilmi\u015ftir. Gerekirse, bu, t\u0131bbi istasyonda g\u00f6revli olan pratisyen hekim ile isti\u015fare edilerek yap\u0131l\u0131r. \u00dc\u00e7 olas\u0131l\u0131k vard\u0131r:<\/p>\n\n\n\n<ul class=\"wp-block-list\">\n<li>Telefonla dan\u0131\u015fmanl\u0131k hizmeti alacaks\u0131n\u0131z. Triyaj hem\u015firesi telefonda ki\u015fisel bak\u0131m tavsiyelerini a\u00e7\u0131klayacakt\u0131r. Bu, pratisyen hekim taraf\u0131ndan kontrol edilmi\u015ftir.<\/li>\n\n\n\n<li>Triyaj hem\u015firesi sizin i\u00e7in Tilburg veya Waalwijk&#8217;teki GP sa\u011fl\u0131k istasyonunda bir randevu ayarlayacakt\u0131r. Orada bir pratisyen hekim veya hem\u015fire uzman\u0131\/doktor asistan\u0131 sizi muayene edecektir.<\/li>\n\n\n\n<li>Aile hekimi sizi evinizde ziyaret edecektir. Ev ziyareti, yaln\u0131zca t\u0131bbi nedenlerle t\u0131bbi istasyona kendiniz gelemeyecekseniz ger\u00e7ekle\u015fir.<\/li>\n<\/ul>\n\n\n\n<figure class=\"wp-block-embed is-type-video is-provider-vimeo wp-block-embed-vimeo wp-embed-aspect-16-9 wp-has-aspect-ratio\"><div class=\"wp-block-embed__wrapper\">\n<iframe title=\"Hoe werkt de huisartsenspoedpost? 2024 NL ondertiteld\" src=\"https:\/\/player.vimeo.com\/video\/306189171?dnt=1&amp;app_id=122963\" width=\"640\" height=\"360\" frameborder=\"0\" allow=\"autoplay; fullscreen; picture-in-picture; clipboard-write\"><\/iframe>\n<\/div><\/figure>\n","protected":false},"excerpt":{"rendered":"<p>Her zaman \u00f6nce aray\u0131n Sadece GP sa\u011fl\u0131k istasyonuna u\u011frayamazs\u0131n\u0131z. Her zaman \u00f6nce aramal\u0131s\u0131n. O zaman ihtiyac\u0131n\u0131z olan yard\u0131m\u0131 en h\u0131zl\u0131 \u015fekilde alacaks\u0131n\u0131z. Tilburg\/Waalwijk sa\u011fl\u0131k istasyonunun numaras\u0131n\u0131 ararsan\u0131z, k\u0131sa bir men\u00fc duyars\u0131n\u0131z. Potansiyel olarak ya\u015fam\u0131 tehdit eden bir durum durumunda, 1&#8217;i se\u00e7in. \u00d6ncelikli olarak size yard\u0131mc\u0131 olaca\u011f\u0131z. Arad\u0131\u011f\u0131n\u0131zda veriler elinizin alt\u0131nda Sa\u011fl\u0131k istasyonunu ar\u0131yor musunuz? Ard\u0131ndan [&hellip;]<\/p>\n","protected":false},"author":3,"featured_media":0,"parent":0,"menu_order":0,"comment_status":"closed","ping_status":"closed","template":"","meta":{"_acf_changed":false,"_trash_the_other_posts":false,"editor_notices":[],"footnotes":""},"class_list":["post-2015","page","type-page","status-publish","hentry"],"acf":[],"yoast_head":"<!-- This site is optimized with the Yoast SEO plugin v26.6 - https:\/\/yoast.com\/wordpress\/plugins\/seo\/ -->\n<title>GP sa\u011fl\u0131k istasyonu nas\u0131l \u00e7al\u0131\u015f\u0131r? - Huisartsenpost Tilburg - T\u00fcrk\u00e7e<\/title>\n<meta name=\"description\" content=\"Sadece GP sa\u011fl\u0131k istasyonuna u\u011frayamazs\u0131n\u0131z. Her zaman \u00f6nce aramal\u0131s\u0131n. O zaman ihtiyac\u0131n\u0131z olan yard\u0131m\u0131 en h\u0131zl\u0131 \u015fekilde alacaks\u0131n\u0131z.\" \/>\n<meta name=\"robots\" content=\"index, follow, max-snippet:-1, max-image-preview:large, max-video-preview:-1\" \/>\n<link rel=\"canonical\" href=\"https:\/\/huisartsenposttilburg.nl\/tr\/pratisyen-hekim-tibbi-istasyonu-nasil-calisir\/\" \/>\n<meta property=\"og:locale\" content=\"tr_TR\" \/>\n<meta property=\"og:type\" content=\"article\" \/>\n<meta property=\"og:title\" content=\"GP sa\u011fl\u0131k istasyonu nas\u0131l \u00e7al\u0131\u015f\u0131r? - Huisartsenpost Tilburg - T\u00fcrk\u00e7e\" \/>\n<meta property=\"og:description\" content=\"Sadece GP sa\u011fl\u0131k istasyonuna u\u011frayamazs\u0131n\u0131z. Her zaman \u00f6nce aramal\u0131s\u0131n. O zaman ihtiyac\u0131n\u0131z olan yard\u0131m\u0131 en h\u0131zl\u0131 \u015fekilde alacaks\u0131n\u0131z.\" \/>\n<meta property=\"og:url\" content=\"https:\/\/huisartsenposttilburg.nl\/tr\/pratisyen-hekim-tibbi-istasyonu-nasil-calisir\/\" \/>\n<meta property=\"og:site_name\" content=\"Huisartsenpost Tilburg - T\u00fcrk\u00e7e\" \/>\n<meta property=\"article:modified_time\" content=\"2024-12-24T08:54:38+00:00\" \/>\n<meta name=\"twitter:card\" content=\"summary_large_image\" \/>\n<meta name=\"twitter:label1\" content=\"Tahmini okuma s\u00fcresi\" \/>\n\t<meta name=\"twitter:data1\" content=\"2 dakika\" \/>\n<script type=\"application\/ld+json\" class=\"yoast-schema-graph\">{\"@context\":\"https:\/\/schema.org\",\"@graph\":[{\"@type\":\"WebPage\",\"@id\":\"https:\/\/huisartsenposttilburg.nl\/tr\/pratisyen-hekim-tibbi-istasyonu-nasil-calisir\/\",\"url\":\"https:\/\/huisartsenposttilburg.nl\/tr\/pratisyen-hekim-tibbi-istasyonu-nasil-calisir\/\",\"name\":\"GP sa\u011fl\u0131k istasyonu nas\u0131l \u00e7al\u0131\u015f\u0131r? - Huisartsenpost Tilburg - T\u00fcrk\u00e7e\",\"isPartOf\":{\"@id\":\"https:\/\/huisartsenposttilburg.nl\/tr\/#website\"},\"datePublished\":\"2023-04-27T06:43:52+00:00\",\"dateModified\":\"2024-12-24T08:54:38+00:00\",\"description\":\"Sadece GP sa\u011fl\u0131k istasyonuna u\u011frayamazs\u0131n\u0131z. Her zaman \u00f6nce aramal\u0131s\u0131n. O zaman ihtiyac\u0131n\u0131z olan yard\u0131m\u0131 en h\u0131zl\u0131 \u015fekilde alacaks\u0131n\u0131z.\",\"breadcrumb\":{\"@id\":\"https:\/\/huisartsenposttilburg.nl\/tr\/pratisyen-hekim-tibbi-istasyonu-nasil-calisir\/#breadcrumb\"},\"inLanguage\":\"tr\",\"potentialAction\":[{\"@type\":\"ReadAction\",\"target\":[\"https:\/\/huisartsenposttilburg.nl\/tr\/pratisyen-hekim-tibbi-istasyonu-nasil-calisir\/\"]}]},{\"@type\":\"BreadcrumbList\",\"@id\":\"https:\/\/huisartsenposttilburg.nl\/tr\/pratisyen-hekim-tibbi-istasyonu-nasil-calisir\/#breadcrumb\",\"itemListElement\":[{\"@type\":\"ListItem\",\"position\":1,\"name\":\"Home\",\"item\":\"https:\/\/huisartsenposttilburg.nl\/tr\/\"},{\"@type\":\"ListItem\",\"position\":2,\"name\":\"GP sa\u011fl\u0131k istasyonu nas\u0131l \u00e7al\u0131\u015f\u0131r?\"}]},{\"@type\":\"WebSite\",\"@id\":\"https:\/\/huisartsenposttilburg.nl\/tr\/#website\",\"url\":\"https:\/\/huisartsenposttilburg.nl\/tr\/\",\"name\":\"Huisartsenpost Tilburg - T\u00fcrk\u00e7e\",\"description\":\"\",\"potentialAction\":[{\"@type\":\"SearchAction\",\"target\":{\"@type\":\"EntryPoint\",\"urlTemplate\":\"https:\/\/huisartsenposttilburg.nl\/tr\/?s={search_term_string}\"},\"query-input\":{\"@type\":\"PropertyValueSpecification\",\"valueRequired\":true,\"valueName\":\"search_term_string\"}}],\"inLanguage\":\"tr\"}]}<\/script>\n<!-- \/ Yoast SEO plugin. -->","yoast_head_json":{"title":"GP sa\u011fl\u0131k istasyonu nas\u0131l \u00e7al\u0131\u015f\u0131r? - Huisartsenpost Tilburg - T\u00fcrk\u00e7e","description":"Sadece GP sa\u011fl\u0131k istasyonuna u\u011frayamazs\u0131n\u0131z. Her zaman \u00f6nce aramal\u0131s\u0131n. O zaman ihtiyac\u0131n\u0131z olan yard\u0131m\u0131 en h\u0131zl\u0131 \u015fekilde alacaks\u0131n\u0131z.","robots":{"index":"index","follow":"follow","max-snippet":"max-snippet:-1","max-image-preview":"max-image-preview:large","max-video-preview":"max-video-preview:-1"},"canonical":"https:\/\/huisartsenposttilburg.nl\/tr\/pratisyen-hekim-tibbi-istasyonu-nasil-calisir\/","og_locale":"tr_TR","og_type":"article","og_title":"GP sa\u011fl\u0131k istasyonu nas\u0131l \u00e7al\u0131\u015f\u0131r? - Huisartsenpost Tilburg - T\u00fcrk\u00e7e","og_description":"Sadece GP sa\u011fl\u0131k istasyonuna u\u011frayamazs\u0131n\u0131z. Her zaman \u00f6nce aramal\u0131s\u0131n. O zaman ihtiyac\u0131n\u0131z olan yard\u0131m\u0131 en h\u0131zl\u0131 \u015fekilde alacaks\u0131n\u0131z.","og_url":"https:\/\/huisartsenposttilburg.nl\/tr\/pratisyen-hekim-tibbi-istasyonu-nasil-calisir\/","og_site_name":"Huisartsenpost Tilburg - T\u00fcrk\u00e7e","article_modified_time":"2024-12-24T08:54:38+00:00","twitter_card":"summary_large_image","twitter_misc":{"Tahmini okuma s\u00fcresi":"2 dakika"},"schema":{"@context":"https:\/\/schema.org","@graph":[{"@type":"WebPage","@id":"https:\/\/huisartsenposttilburg.nl\/tr\/pratisyen-hekim-tibbi-istasyonu-nasil-calisir\/","url":"https:\/\/huisartsenposttilburg.nl\/tr\/pratisyen-hekim-tibbi-istasyonu-nasil-calisir\/","name":"GP sa\u011fl\u0131k istasyonu nas\u0131l \u00e7al\u0131\u015f\u0131r? - Huisartsenpost Tilburg - T\u00fcrk\u00e7e","isPartOf":{"@id":"https:\/\/huisartsenposttilburg.nl\/tr\/#website"},"datePublished":"2023-04-27T06:43:52+00:00","dateModified":"2024-12-24T08:54:38+00:00","description":"Sadece GP sa\u011fl\u0131k istasyonuna u\u011frayamazs\u0131n\u0131z. Her zaman \u00f6nce aramal\u0131s\u0131n. O zaman ihtiyac\u0131n\u0131z olan yard\u0131m\u0131 en h\u0131zl\u0131 \u015fekilde alacaks\u0131n\u0131z.","breadcrumb":{"@id":"https:\/\/huisartsenposttilburg.nl\/tr\/pratisyen-hekim-tibbi-istasyonu-nasil-calisir\/#breadcrumb"},"inLanguage":"tr","potentialAction":[{"@type":"ReadAction","target":["https:\/\/huisartsenposttilburg.nl\/tr\/pratisyen-hekim-tibbi-istasyonu-nasil-calisir\/"]}]},{"@type":"BreadcrumbList","@id":"https:\/\/huisartsenposttilburg.nl\/tr\/pratisyen-hekim-tibbi-istasyonu-nasil-calisir\/#breadcrumb","itemListElement":[{"@type":"ListItem","position":1,"name":"Home","item":"https:\/\/huisartsenposttilburg.nl\/tr\/"},{"@type":"ListItem","position":2,"name":"GP sa\u011fl\u0131k istasyonu nas\u0131l \u00e7al\u0131\u015f\u0131r?"}]},{"@type":"WebSite","@id":"https:\/\/huisartsenposttilburg.nl\/tr\/#website","url":"https:\/\/huisartsenposttilburg.nl\/tr\/","name":"Huisartsenpost Tilburg - T\u00fcrk\u00e7e","description":"","potentialAction":[{"@type":"SearchAction","target":{"@type":"EntryPoint","urlTemplate":"https:\/\/huisartsenposttilburg.nl\/tr\/?s={search_term_string}"},"query-input":{"@type":"PropertyValueSpecification","valueRequired":true,"valueName":"search_term_string"}}],"inLanguage":"tr"}]}},"_links":{"self":[{"href":"https:\/\/huisartsenposttilburg.nl\/tr\/wp-json\/wp\/v2\/pages\/2015","targetHints":{"allow":["GET"]}}],"collection":[{"href":"https:\/\/huisartsenposttilburg.nl\/tr\/wp-json\/wp\/v2\/pages"}],"about":[{"href":"https:\/\/huisartsenposttilburg.nl\/tr\/wp-json\/wp\/v2\/types\/page"}],"author":[{"embeddable":true,"href":"https:\/\/huisartsenposttilburg.nl\/tr\/wp-json\/wp\/v2\/users\/3"}],"replies":[{"embeddable":true,"href":"https:\/\/huisartsenposttilburg.nl\/tr\/wp-json\/wp\/v2\/comments?post=2015"}],"version-history":[{"count":4,"href":"https:\/\/huisartsenposttilburg.nl\/tr\/wp-json\/wp\/v2\/pages\/2015\/revisions"}],"predecessor-version":[{"id":187407,"href":"https:\/\/huisartsenposttilburg.nl\/tr\/wp-json\/wp\/v2\/pages\/2015\/revisions\/187407"}],"wp:attachment":[{"href":"https:\/\/huisartsenposttilburg.nl\/tr\/wp-json\/wp\/v2\/media?parent=2015"}],"curies":[{"name":"wp","href":"https:\/\/api.w.org\/{rel}","templated":true}]}}