{"id":1884,"date":"2023-03-09T13:31:17","date_gmt":"2023-03-09T12:31:17","guid":{"rendered":"https:\/\/huisartsenspoedpost-zeist.mindd.dev\/?page_id=1884"},"modified":"2024-12-23T15:03:27","modified_gmt":"2024-12-23T14:03:27","slug":"nasil-calisir","status":"publish","type":"page","link":"https:\/\/huisartsenposttilburg.nl\/tr\/nasil-calisir\/","title":{"rendered":"Nas\u0131l \u00e7al\u0131\u015f\u0131r?"},"content":{"rendered":"\n\n\n<h2 class=\"wp-block-heading\">Sadece mesai saatleri d\u0131\u015f\u0131ndaki acil durumlar i\u00e7in<\/h2>\n\n\n\n<p>Acil bak\u0131m merkezi (UCC) pratisyen hekim taraf\u0131ndan y\u00f6netilir ve yaln\u0131zca geceleri, hafta sonlar\u0131 ve resmi tatillerde meydana gelen acil durumlar i\u00e7in tasarlanm\u0131\u015ft\u0131r.<\/p>\n\n\n\n<h2 class=\"wp-block-heading\">Her zaman \u00f6nce arad\u0131\u011f\u0131n\u0131zdan emin olun<\/h2>\n\n\n\n<p>Sadece UCC&#8217;yi ziyaret edemezsiniz. \u0130htiyac\u0131n\u0131z olan yard\u0131m\u0131 h\u0131zl\u0131 bir \u015fekilde ald\u0131\u011f\u0131n\u0131zdan emin olmak i\u00e7in \u00f6nceden araman\u0131z gerekir. UCC&#8217;nin numaras\u0131n\u0131 \u00e7evirdi\u011finizde, size bir dizi se\u00e7enek sunulacakt\u0131r. Potansiyel olarak ya\u015fam\u0131 tehdit eden bir durum durumunda, \u00f6ncelik verilmesi i\u00e7in 1&#8217;e bas\u0131n.<\/p>\n\n\n\n<h2 class=\"wp-block-heading\">Telefon g\u00f6r\u00fc\u015fmeniz s\u0131ras\u0131nda elinizin alt\u0131nda olmas\u0131 gereken ayr\u0131nt\u0131lar<\/h2>\n\n\n\n<p>Bilgilerinizi her zaman elinizin alt\u0131nda bulundurun: bunlar (AB) sigorta kart\u0131n\u0131z\u0131, kimli\u011finizi ve kullan\u0131yor olabilece\u011finiz ila\u00e7lar\u0131n bir listesini i\u00e7erir.<\/p>\n\n\n\n<h2 class=\"wp-block-heading\">Arad\u0131\u011f\u0131n\u0131zda ne beklemeniz gerekir?<\/h2>\n\n\n\n<p>Bizi arad\u0131\u011f\u0131n\u0131zda, bir triyaj asistan\u0131 telefona cevap verecektir. Bu asistan, \u015fikayetlerinizin ne kadar ciddi oldu\u011funu ve nas\u0131l bir yol izlemeniz gerekti\u011fini anl\u0131k olarak belirlemek i\u00e7in e\u011fitilmi\u015ftir. Bu, g\u00f6revli doktorla isti\u015fare halinde ger\u00e7ekle\u015fir. Ard\u0131ndan, \u00fc\u00e7 olas\u0131l\u0131k var:<\/p>\n\n\n\n<ul class=\"wp-block-list\">\n<li>Telefonla dan\u0131\u015fmanl\u0131k: Telefonla size bir a\u00e7\u0131klama ve ki\u015fisel bak\u0131m tavsiyesi verilecektir (pratisyen hekim taraf\u0131ndan onaylanm\u0131\u015ft\u0131r).<\/li>\n\n\n\n<li>UCC&#8217;de dan\u0131\u015fmanl\u0131k: Merkezi ziyaret etmek i\u00e7in bir randevu alacaks\u0131n\u0131z. Bir pratisyen hekim veya bir hem\u015fire taraf\u0131ndan muayene edileceksiniz (pratisyen hekim taraf\u0131ndan onaylanm\u0131\u015ft\u0131r).<\/li>\n\n\n\n<li>Ev adresinizde dan\u0131\u015fma (pratisyen hekim taraf\u0131ndan ev ziyareti): Doktor, yaln\u0131zca t\u0131bbi nedenlerden dolay\u0131 UCC&#8217;yi ziyaret edemeyecek durumda olman\u0131z durumunda ev ziyareti yapacakt\u0131r.<\/li>\n<\/ul>\n","protected":false},"excerpt":{"rendered":"<p>Sadece mesai saatleri d\u0131\u015f\u0131ndaki acil durumlar i\u00e7in Acil bak\u0131m merkezi (UCC) pratisyen hekim taraf\u0131ndan y\u00f6netilir ve yaln\u0131zca geceleri, hafta sonlar\u0131 ve resmi tatillerde meydana gelen acil durumlar i\u00e7in tasarlanm\u0131\u015ft\u0131r. Her zaman \u00f6nce arad\u0131\u011f\u0131n\u0131zdan emin olun Sadece UCC&#8217;yi ziyaret edemezsiniz. \u0130htiyac\u0131n\u0131z olan yard\u0131m\u0131 h\u0131zl\u0131 bir \u015fekilde ald\u0131\u011f\u0131n\u0131zdan emin olmak i\u00e7in \u00f6nceden araman\u0131z gerekir. UCC&#8217;nin numaras\u0131n\u0131 \u00e7evirdi\u011finizde, [&hellip;]<\/p>\n","protected":false},"author":3,"featured_media":0,"parent":0,"menu_order":0,"comment_status":"closed","ping_status":"closed","template":"","meta":{"_acf_changed":false,"_trash_the_other_posts":false,"editor_notices":[],"footnotes":""},"class_list":["post-1884","page","type-page","status-publish","hentry"],"acf":[],"yoast_head":"<!-- This site is optimized with the Yoast SEO plugin v26.6 - https:\/\/yoast.com\/wordpress\/plugins\/seo\/ -->\n<title>Nas\u0131l \u00e7al\u0131\u015f\u0131r? - Huisartsenpost Tilburg - T\u00fcrk\u00e7e<\/title>\n<meta name=\"robots\" content=\"index, follow, max-snippet:-1, max-image-preview:large, max-video-preview:-1\" \/>\n<link rel=\"canonical\" href=\"https:\/\/huisartsenposttilburg.nl\/tr\/nasil-calisir\/\" \/>\n<meta property=\"og:locale\" content=\"tr_TR\" \/>\n<meta property=\"og:type\" content=\"article\" \/>\n<meta property=\"og:title\" content=\"Nas\u0131l \u00e7al\u0131\u015f\u0131r? - Huisartsenpost Tilburg - T\u00fcrk\u00e7e\" \/>\n<meta property=\"og:description\" content=\"Sadece mesai saatleri d\u0131\u015f\u0131ndaki acil durumlar i\u00e7in Acil bak\u0131m merkezi (UCC) pratisyen hekim taraf\u0131ndan y\u00f6netilir ve yaln\u0131zca geceleri, hafta sonlar\u0131 ve resmi tatillerde meydana gelen acil durumlar i\u00e7in tasarlanm\u0131\u015ft\u0131r. Her zaman \u00f6nce arad\u0131\u011f\u0131n\u0131zdan emin olun Sadece UCC&#8217;yi ziyaret edemezsiniz. \u0130htiyac\u0131n\u0131z olan yard\u0131m\u0131 h\u0131zl\u0131 bir \u015fekilde ald\u0131\u011f\u0131n\u0131zdan emin olmak i\u00e7in \u00f6nceden araman\u0131z gerekir. UCC&#8217;nin numaras\u0131n\u0131 \u00e7evirdi\u011finizde, [&hellip;]\" \/>\n<meta property=\"og:url\" content=\"https:\/\/huisartsenposttilburg.nl\/tr\/nasil-calisir\/\" \/>\n<meta property=\"og:site_name\" content=\"Huisartsenpost Tilburg - T\u00fcrk\u00e7e\" \/>\n<meta property=\"article:modified_time\" content=\"2024-12-23T14:03:27+00:00\" \/>\n<meta name=\"twitter:card\" content=\"summary_large_image\" \/>\n<meta name=\"twitter:label1\" content=\"Tahmini okuma s\u00fcresi\" \/>\n\t<meta name=\"twitter:data1\" content=\"2 dakika\" \/>\n<script type=\"application\/ld+json\" class=\"yoast-schema-graph\">{\"@context\":\"https:\/\/schema.org\",\"@graph\":[{\"@type\":\"WebPage\",\"@id\":\"https:\/\/huisartsenposttilburg.nl\/tr\/nasil-calisir\/\",\"url\":\"https:\/\/huisartsenposttilburg.nl\/tr\/nasil-calisir\/\",\"name\":\"Nas\u0131l \u00e7al\u0131\u015f\u0131r? - Huisartsenpost Tilburg - T\u00fcrk\u00e7e\",\"isPartOf\":{\"@id\":\"https:\/\/huisartsenposttilburg.nl\/tr\/#website\"},\"datePublished\":\"2023-03-09T12:31:17+00:00\",\"dateModified\":\"2024-12-23T14:03:27+00:00\",\"breadcrumb\":{\"@id\":\"https:\/\/huisartsenposttilburg.nl\/tr\/nasil-calisir\/#breadcrumb\"},\"inLanguage\":\"tr\",\"potentialAction\":[{\"@type\":\"ReadAction\",\"target\":[\"https:\/\/huisartsenposttilburg.nl\/tr\/nasil-calisir\/\"]}]},{\"@type\":\"BreadcrumbList\",\"@id\":\"https:\/\/huisartsenposttilburg.nl\/tr\/nasil-calisir\/#breadcrumb\",\"itemListElement\":[{\"@type\":\"ListItem\",\"position\":1,\"name\":\"Home\",\"item\":\"https:\/\/huisartsenposttilburg.nl\/tr\/\"},{\"@type\":\"ListItem\",\"position\":2,\"name\":\"Nas\u0131l \u00e7al\u0131\u015f\u0131r?\"}]},{\"@type\":\"WebSite\",\"@id\":\"https:\/\/huisartsenposttilburg.nl\/tr\/#website\",\"url\":\"https:\/\/huisartsenposttilburg.nl\/tr\/\",\"name\":\"Huisartsenpost Tilburg - T\u00fcrk\u00e7e\",\"description\":\"\",\"potentialAction\":[{\"@type\":\"SearchAction\",\"target\":{\"@type\":\"EntryPoint\",\"urlTemplate\":\"https:\/\/huisartsenposttilburg.nl\/tr\/?s={search_term_string}\"},\"query-input\":{\"@type\":\"PropertyValueSpecification\",\"valueRequired\":true,\"valueName\":\"search_term_string\"}}],\"inLanguage\":\"tr\"}]}<\/script>\n<!-- \/ Yoast SEO plugin. -->","yoast_head_json":{"title":"Nas\u0131l \u00e7al\u0131\u015f\u0131r? - Huisartsenpost Tilburg - T\u00fcrk\u00e7e","robots":{"index":"index","follow":"follow","max-snippet":"max-snippet:-1","max-image-preview":"max-image-preview:large","max-video-preview":"max-video-preview:-1"},"canonical":"https:\/\/huisartsenposttilburg.nl\/tr\/nasil-calisir\/","og_locale":"tr_TR","og_type":"article","og_title":"Nas\u0131l \u00e7al\u0131\u015f\u0131r? - Huisartsenpost Tilburg - T\u00fcrk\u00e7e","og_description":"Sadece mesai saatleri d\u0131\u015f\u0131ndaki acil durumlar i\u00e7in Acil bak\u0131m merkezi (UCC) pratisyen hekim taraf\u0131ndan y\u00f6netilir ve yaln\u0131zca geceleri, hafta sonlar\u0131 ve resmi tatillerde meydana gelen acil durumlar i\u00e7in tasarlanm\u0131\u015ft\u0131r. Her zaman \u00f6nce arad\u0131\u011f\u0131n\u0131zdan emin olun Sadece UCC&#8217;yi ziyaret edemezsiniz. \u0130htiyac\u0131n\u0131z olan yard\u0131m\u0131 h\u0131zl\u0131 bir \u015fekilde ald\u0131\u011f\u0131n\u0131zdan emin olmak i\u00e7in \u00f6nceden araman\u0131z gerekir. UCC&#8217;nin numaras\u0131n\u0131 \u00e7evirdi\u011finizde, [&hellip;]","og_url":"https:\/\/huisartsenposttilburg.nl\/tr\/nasil-calisir\/","og_site_name":"Huisartsenpost Tilburg - T\u00fcrk\u00e7e","article_modified_time":"2024-12-23T14:03:27+00:00","twitter_card":"summary_large_image","twitter_misc":{"Tahmini okuma s\u00fcresi":"2 dakika"},"schema":{"@context":"https:\/\/schema.org","@graph":[{"@type":"WebPage","@id":"https:\/\/huisartsenposttilburg.nl\/tr\/nasil-calisir\/","url":"https:\/\/huisartsenposttilburg.nl\/tr\/nasil-calisir\/","name":"Nas\u0131l \u00e7al\u0131\u015f\u0131r? - Huisartsenpost Tilburg - T\u00fcrk\u00e7e","isPartOf":{"@id":"https:\/\/huisartsenposttilburg.nl\/tr\/#website"},"datePublished":"2023-03-09T12:31:17+00:00","dateModified":"2024-12-23T14:03:27+00:00","breadcrumb":{"@id":"https:\/\/huisartsenposttilburg.nl\/tr\/nasil-calisir\/#breadcrumb"},"inLanguage":"tr","potentialAction":[{"@type":"ReadAction","target":["https:\/\/huisartsenposttilburg.nl\/tr\/nasil-calisir\/"]}]},{"@type":"BreadcrumbList","@id":"https:\/\/huisartsenposttilburg.nl\/tr\/nasil-calisir\/#breadcrumb","itemListElement":[{"@type":"ListItem","position":1,"name":"Home","item":"https:\/\/huisartsenposttilburg.nl\/tr\/"},{"@type":"ListItem","position":2,"name":"Nas\u0131l \u00e7al\u0131\u015f\u0131r?"}]},{"@type":"WebSite","@id":"https:\/\/huisartsenposttilburg.nl\/tr\/#website","url":"https:\/\/huisartsenposttilburg.nl\/tr\/","name":"Huisartsenpost Tilburg - T\u00fcrk\u00e7e","description":"","potentialAction":[{"@type":"SearchAction","target":{"@type":"EntryPoint","urlTemplate":"https:\/\/huisartsenposttilburg.nl\/tr\/?s={search_term_string}"},"query-input":{"@type":"PropertyValueSpecification","valueRequired":true,"valueName":"search_term_string"}}],"inLanguage":"tr"}]}},"_links":{"self":[{"href":"https:\/\/huisartsenposttilburg.nl\/tr\/wp-json\/wp\/v2\/pages\/1884","targetHints":{"allow":["GET"]}}],"collection":[{"href":"https:\/\/huisartsenposttilburg.nl\/tr\/wp-json\/wp\/v2\/pages"}],"about":[{"href":"https:\/\/huisartsenposttilburg.nl\/tr\/wp-json\/wp\/v2\/types\/page"}],"author":[{"embeddable":true,"href":"https:\/\/huisartsenposttilburg.nl\/tr\/wp-json\/wp\/v2\/users\/3"}],"replies":[{"embeddable":true,"href":"https:\/\/huisartsenposttilburg.nl\/tr\/wp-json\/wp\/v2\/comments?post=1884"}],"version-history":[{"count":2,"href":"https:\/\/huisartsenposttilburg.nl\/tr\/wp-json\/wp\/v2\/pages\/1884\/revisions"}],"predecessor-version":[{"id":187387,"href":"https:\/\/huisartsenposttilburg.nl\/tr\/wp-json\/wp\/v2\/pages\/1884\/revisions\/187387"}],"wp:attachment":[{"href":"https:\/\/huisartsenposttilburg.nl\/tr\/wp-json\/wp\/v2\/media?parent=1884"}],"curies":[{"name":"wp","href":"https:\/\/api.w.org\/{rel}","templated":true}]}}