{"id":186904,"date":"2024-06-20T15:27:06","date_gmt":"2024-06-20T13:27:06","guid":{"rendered":"https:\/\/huisartsenposttilburg.nl\/?page_id=186904"},"modified":"2024-12-24T12:24:12","modified_gmt":"2024-12-24T11:24:12","slug":"benim-cocugum-veriyor","status":"publish","type":"page","link":"https:\/\/huisartsenposttilburg.nl\/tr\/benim-cocugum-veriyor\/","title":{"rendered":"\u00c7ocu\u011fum kusuyor"},"content":{"rendered":"\n<p>Kusma, kusma veya t\u00fck\u00fcrme ile ayn\u0131d\u0131r. Birdenbire midede olan her \u015fey tekrar a\u011f\u0131zdan \u00e7\u0131kar. \u00c7ocu\u011funuz genellikle ilk ba\u015fta mide bulant\u0131s\u0131 ya\u015far veya ishal ile birlikte kar\u0131n a\u011fr\u0131s\u0131 vard\u0131r. Mide gribi&nbsp;genellikle \u00e7ocuklarda bulant\u0131 ve kusma nedenidir. Mide gribine genellikle mide ve ba\u011f\u0131rsaklarda bulunan bir vir\u00fcs neden olur. <\/p>\n\n\n\n<p><a href=\"https:\/\/www.thuisarts.nl\/overgeven\/mijn-kind-geeft-over\">\u00c7ocuklarda kusma hakk\u0131nda g\u00fcvenilir bilgi<\/a> i\u00e7in \u00f6nce thuisarts.nl bak\u0131n.<\/p>\n\n\n\n<p>Ertesi g\u00fcne kadar bekleyemiyor musunuz? Ard\u0131ndan GP Acil Durum \u0130stasyonunu aray\u0131n.<\/p>\n","protected":false},"excerpt":{"rendered":"<p>Kusma, kusma veya t\u00fck\u00fcrme ile ayn\u0131d\u0131r. Birdenbire midede olan her \u015fey tekrar a\u011f\u0131zdan \u00e7\u0131kar. \u00c7ocu\u011funuz genellikle ilk ba\u015fta mide bulant\u0131s\u0131 ya\u015far veya ishal ile birlikte kar\u0131n a\u011fr\u0131s\u0131 vard\u0131r. Mide gribi&nbsp;genellikle \u00e7ocuklarda bulant\u0131 ve kusma nedenidir. Mide gribine genellikle mide ve ba\u011f\u0131rsaklarda bulunan bir vir\u00fcs neden olur. \u00c7ocuklarda kusma hakk\u0131nda g\u00fcvenilir bilgi i\u00e7in \u00f6nce thuisarts.nl bak\u0131n. [&hellip;]<\/p>\n","protected":false},"author":18,"featured_media":0,"parent":0,"menu_order":0,"comment_status":"closed","ping_status":"closed","template":"","meta":{"_acf_changed":false,"_trash_the_other_posts":false,"editor_notices":[],"footnotes":""},"class_list":["post-186904","page","type-page","status-publish","hentry"],"acf":[],"yoast_head":"<!-- This site is optimized with the Yoast SEO plugin v26.6 - https:\/\/yoast.com\/wordpress\/plugins\/seo\/ -->\n<title>\u00c7ocu\u011fum kusuyor - Huisartsenpost Tilburg - T\u00fcrk\u00e7e<\/title>\n<meta name=\"robots\" content=\"index, follow, max-snippet:-1, max-image-preview:large, max-video-preview:-1\" \/>\n<link rel=\"canonical\" href=\"https:\/\/huisartsenposttilburg.nl\/tr\/benim-cocugum-veriyor\/\" \/>\n<meta property=\"og:locale\" content=\"tr_TR\" \/>\n<meta property=\"og:type\" content=\"article\" \/>\n<meta property=\"og:title\" content=\"\u00c7ocu\u011fum kusuyor - Huisartsenpost Tilburg - T\u00fcrk\u00e7e\" \/>\n<meta property=\"og:description\" content=\"Kusma, kusma veya t\u00fck\u00fcrme ile ayn\u0131d\u0131r. Birdenbire midede olan her \u015fey tekrar a\u011f\u0131zdan \u00e7\u0131kar. \u00c7ocu\u011funuz genellikle ilk ba\u015fta mide bulant\u0131s\u0131 ya\u015far veya ishal ile birlikte kar\u0131n a\u011fr\u0131s\u0131 vard\u0131r. Mide gribi&nbsp;genellikle \u00e7ocuklarda bulant\u0131 ve kusma nedenidir. Mide gribine genellikle mide ve ba\u011f\u0131rsaklarda bulunan bir vir\u00fcs neden olur. \u00c7ocuklarda kusma hakk\u0131nda g\u00fcvenilir bilgi i\u00e7in \u00f6nce thuisarts.nl bak\u0131n. [&hellip;]\" \/>\n<meta property=\"og:url\" content=\"https:\/\/huisartsenposttilburg.nl\/tr\/benim-cocugum-veriyor\/\" \/>\n<meta property=\"og:site_name\" content=\"Huisartsenpost Tilburg - T\u00fcrk\u00e7e\" \/>\n<meta property=\"article:modified_time\" content=\"2024-12-24T11:24:12+00:00\" \/>\n<meta name=\"twitter:card\" content=\"summary_large_image\" \/>\n<meta name=\"twitter:label1\" content=\"Tahmini okuma s\u00fcresi\" \/>\n\t<meta name=\"twitter:data1\" content=\"1 dakika\" \/>\n<script type=\"application\/ld+json\" class=\"yoast-schema-graph\">{\"@context\":\"https:\/\/schema.org\",\"@graph\":[{\"@type\":\"WebPage\",\"@id\":\"https:\/\/huisartsenposttilburg.nl\/tr\/benim-cocugum-veriyor\/\",\"url\":\"https:\/\/huisartsenposttilburg.nl\/tr\/benim-cocugum-veriyor\/\",\"name\":\"\u00c7ocu\u011fum kusuyor - Huisartsenpost Tilburg - T\u00fcrk\u00e7e\",\"isPartOf\":{\"@id\":\"https:\/\/huisartsenposttilburg.nl\/tr\/#website\"},\"datePublished\":\"2024-06-20T13:27:06+00:00\",\"dateModified\":\"2024-12-24T11:24:12+00:00\",\"breadcrumb\":{\"@id\":\"https:\/\/huisartsenposttilburg.nl\/tr\/benim-cocugum-veriyor\/#breadcrumb\"},\"inLanguage\":\"tr\",\"potentialAction\":[{\"@type\":\"ReadAction\",\"target\":[\"https:\/\/huisartsenposttilburg.nl\/tr\/benim-cocugum-veriyor\/\"]}]},{\"@type\":\"BreadcrumbList\",\"@id\":\"https:\/\/huisartsenposttilburg.nl\/tr\/benim-cocugum-veriyor\/#breadcrumb\",\"itemListElement\":[{\"@type\":\"ListItem\",\"position\":1,\"name\":\"Home\",\"item\":\"https:\/\/huisartsenposttilburg.nl\/tr\/\"},{\"@type\":\"ListItem\",\"position\":2,\"name\":\"\u00c7ocu\u011fum kusuyor\"}]},{\"@type\":\"WebSite\",\"@id\":\"https:\/\/huisartsenposttilburg.nl\/tr\/#website\",\"url\":\"https:\/\/huisartsenposttilburg.nl\/tr\/\",\"name\":\"Huisartsenpost Tilburg - T\u00fcrk\u00e7e\",\"description\":\"\",\"potentialAction\":[{\"@type\":\"SearchAction\",\"target\":{\"@type\":\"EntryPoint\",\"urlTemplate\":\"https:\/\/huisartsenposttilburg.nl\/tr\/?s={search_term_string}\"},\"query-input\":{\"@type\":\"PropertyValueSpecification\",\"valueRequired\":true,\"valueName\":\"search_term_string\"}}],\"inLanguage\":\"tr\"}]}<\/script>\n<!-- \/ Yoast SEO plugin. -->","yoast_head_json":{"title":"\u00c7ocu\u011fum kusuyor - Huisartsenpost Tilburg - T\u00fcrk\u00e7e","robots":{"index":"index","follow":"follow","max-snippet":"max-snippet:-1","max-image-preview":"max-image-preview:large","max-video-preview":"max-video-preview:-1"},"canonical":"https:\/\/huisartsenposttilburg.nl\/tr\/benim-cocugum-veriyor\/","og_locale":"tr_TR","og_type":"article","og_title":"\u00c7ocu\u011fum kusuyor - Huisartsenpost Tilburg - T\u00fcrk\u00e7e","og_description":"Kusma, kusma veya t\u00fck\u00fcrme ile ayn\u0131d\u0131r. Birdenbire midede olan her \u015fey tekrar a\u011f\u0131zdan \u00e7\u0131kar. \u00c7ocu\u011funuz genellikle ilk ba\u015fta mide bulant\u0131s\u0131 ya\u015far veya ishal ile birlikte kar\u0131n a\u011fr\u0131s\u0131 vard\u0131r. Mide gribi&nbsp;genellikle \u00e7ocuklarda bulant\u0131 ve kusma nedenidir. Mide gribine genellikle mide ve ba\u011f\u0131rsaklarda bulunan bir vir\u00fcs neden olur. \u00c7ocuklarda kusma hakk\u0131nda g\u00fcvenilir bilgi i\u00e7in \u00f6nce thuisarts.nl bak\u0131n. [&hellip;]","og_url":"https:\/\/huisartsenposttilburg.nl\/tr\/benim-cocugum-veriyor\/","og_site_name":"Huisartsenpost Tilburg - T\u00fcrk\u00e7e","article_modified_time":"2024-12-24T11:24:12+00:00","twitter_card":"summary_large_image","twitter_misc":{"Tahmini okuma s\u00fcresi":"1 dakika"},"schema":{"@context":"https:\/\/schema.org","@graph":[{"@type":"WebPage","@id":"https:\/\/huisartsenposttilburg.nl\/tr\/benim-cocugum-veriyor\/","url":"https:\/\/huisartsenposttilburg.nl\/tr\/benim-cocugum-veriyor\/","name":"\u00c7ocu\u011fum kusuyor - Huisartsenpost Tilburg - T\u00fcrk\u00e7e","isPartOf":{"@id":"https:\/\/huisartsenposttilburg.nl\/tr\/#website"},"datePublished":"2024-06-20T13:27:06+00:00","dateModified":"2024-12-24T11:24:12+00:00","breadcrumb":{"@id":"https:\/\/huisartsenposttilburg.nl\/tr\/benim-cocugum-veriyor\/#breadcrumb"},"inLanguage":"tr","potentialAction":[{"@type":"ReadAction","target":["https:\/\/huisartsenposttilburg.nl\/tr\/benim-cocugum-veriyor\/"]}]},{"@type":"BreadcrumbList","@id":"https:\/\/huisartsenposttilburg.nl\/tr\/benim-cocugum-veriyor\/#breadcrumb","itemListElement":[{"@type":"ListItem","position":1,"name":"Home","item":"https:\/\/huisartsenposttilburg.nl\/tr\/"},{"@type":"ListItem","position":2,"name":"\u00c7ocu\u011fum kusuyor"}]},{"@type":"WebSite","@id":"https:\/\/huisartsenposttilburg.nl\/tr\/#website","url":"https:\/\/huisartsenposttilburg.nl\/tr\/","name":"Huisartsenpost Tilburg - T\u00fcrk\u00e7e","description":"","potentialAction":[{"@type":"SearchAction","target":{"@type":"EntryPoint","urlTemplate":"https:\/\/huisartsenposttilburg.nl\/tr\/?s={search_term_string}"},"query-input":{"@type":"PropertyValueSpecification","valueRequired":true,"valueName":"search_term_string"}}],"inLanguage":"tr"}]}},"_links":{"self":[{"href":"https:\/\/huisartsenposttilburg.nl\/tr\/wp-json\/wp\/v2\/pages\/186904","targetHints":{"allow":["GET"]}}],"collection":[{"href":"https:\/\/huisartsenposttilburg.nl\/tr\/wp-json\/wp\/v2\/pages"}],"about":[{"href":"https:\/\/huisartsenposttilburg.nl\/tr\/wp-json\/wp\/v2\/types\/page"}],"author":[{"embeddable":true,"href":"https:\/\/huisartsenposttilburg.nl\/tr\/wp-json\/wp\/v2\/users\/18"}],"replies":[{"embeddable":true,"href":"https:\/\/huisartsenposttilburg.nl\/tr\/wp-json\/wp\/v2\/comments?post=186904"}],"version-history":[{"count":7,"href":"https:\/\/huisartsenposttilburg.nl\/tr\/wp-json\/wp\/v2\/pages\/186904\/revisions"}],"predecessor-version":[{"id":187422,"href":"https:\/\/huisartsenposttilburg.nl\/tr\/wp-json\/wp\/v2\/pages\/186904\/revisions\/187422"}],"wp:attachment":[{"href":"https:\/\/huisartsenposttilburg.nl\/tr\/wp-json\/wp\/v2\/media?parent=186904"}],"curies":[{"name":"wp","href":"https:\/\/api.w.org\/{rel}","templated":true}]}}