{"id":186901,"date":"2024-06-20T15:34:16","date_gmt":"2024-06-20T13:34:16","guid":{"rendered":"https:\/\/huisartsenposttilburg.nl\/?page_id=186901"},"modified":"2024-12-24T12:26:20","modified_gmt":"2024-12-24T11:26:20","slug":"cocugumun-lekeleri-var","status":"publish","type":"page","link":"https:\/\/huisartsenposttilburg.nl\/tr\/cocugumun-lekeleri-var\/","title":{"rendered":"\u00c7ocu\u011fumda lekeler var"},"content":{"rendered":"\n<p>\u00c7ocu\u011funuz hastaysa ve lekeler al\u0131rsa, bu bir \u00e7ocukluk hastal\u0131\u011f\u0131 olabilir. \u00d6rne\u011fin, su\u00e7i\u00e7e\u011fi, be\u015finci hastal\u0131k, alt\u0131nc\u0131 hastal\u0131k ve k\u0131z\u0131l hastal\u0131\u011f\u0131. Lekeler ayr\u0131ca alerji veya egzama ile de ortaya \u00e7\u0131kar. \u00c7ocukluk \u00e7a\u011f\u0131 hastal\u0131klar\u0131na da s\u0131kl\u0131kla bir vir\u00fcs, bazen de bir bakteri neden olur. Genellikle bir \u00e7ocukluk hastal\u0131\u011f\u0131 kendi kendine ge\u00e7er. <\/p>\n\n\n\n<p><a href=\"https:\/\/www.thuisarts.nl\/kinderziekten-met-vlekjes\/mijn-kind-is-ziek-en-heeft-vlekjes\">\u00c7ocuklardaki lekeler hakk\u0131nda g\u00fcvenilir bilgi<\/a> i\u00e7in \u00f6nce thuisarts.nl kontrol edin.<\/p>\n\n\n\n<p>Ertesi g\u00fcne kadar bekleyemiyor musunuz? Ard\u0131ndan GP Acil Durum \u0130stasyonunu aray\u0131n.<\/p>\n","protected":false},"excerpt":{"rendered":"<p>\u00c7ocu\u011funuz hastaysa ve lekeler al\u0131rsa, bu bir \u00e7ocukluk hastal\u0131\u011f\u0131 olabilir. \u00d6rne\u011fin, su\u00e7i\u00e7e\u011fi, be\u015finci hastal\u0131k, alt\u0131nc\u0131 hastal\u0131k ve k\u0131z\u0131l hastal\u0131\u011f\u0131. Lekeler ayr\u0131ca alerji veya egzama ile de ortaya \u00e7\u0131kar. \u00c7ocukluk \u00e7a\u011f\u0131 hastal\u0131klar\u0131na da s\u0131kl\u0131kla bir vir\u00fcs, bazen de bir bakteri neden olur. Genellikle bir \u00e7ocukluk hastal\u0131\u011f\u0131 kendi kendine ge\u00e7er. \u00c7ocuklardaki lekeler hakk\u0131nda g\u00fcvenilir bilgi i\u00e7in \u00f6nce [&hellip;]<\/p>\n","protected":false},"author":18,"featured_media":0,"parent":0,"menu_order":0,"comment_status":"closed","ping_status":"closed","template":"","meta":{"_acf_changed":false,"_trash_the_other_posts":false,"editor_notices":[],"footnotes":""},"class_list":["post-186901","page","type-page","status-publish","hentry"],"acf":[],"yoast_head":"<!-- This site is optimized with the Yoast SEO plugin v26.6 - https:\/\/yoast.com\/wordpress\/plugins\/seo\/ -->\n<title>\u00c7ocu\u011fumda lekeler var - Huisartsenpost Tilburg - T\u00fcrk\u00e7e<\/title>\n<meta name=\"robots\" content=\"index, follow, max-snippet:-1, max-image-preview:large, max-video-preview:-1\" \/>\n<link rel=\"canonical\" href=\"https:\/\/huisartsenposttilburg.nl\/tr\/cocugumun-lekeleri-var\/\" \/>\n<meta property=\"og:locale\" content=\"tr_TR\" \/>\n<meta property=\"og:type\" content=\"article\" \/>\n<meta property=\"og:title\" content=\"\u00c7ocu\u011fumda lekeler var - Huisartsenpost Tilburg - T\u00fcrk\u00e7e\" \/>\n<meta property=\"og:description\" content=\"\u00c7ocu\u011funuz hastaysa ve lekeler al\u0131rsa, bu bir \u00e7ocukluk hastal\u0131\u011f\u0131 olabilir. \u00d6rne\u011fin, su\u00e7i\u00e7e\u011fi, be\u015finci hastal\u0131k, alt\u0131nc\u0131 hastal\u0131k ve k\u0131z\u0131l hastal\u0131\u011f\u0131. Lekeler ayr\u0131ca alerji veya egzama ile de ortaya \u00e7\u0131kar. \u00c7ocukluk \u00e7a\u011f\u0131 hastal\u0131klar\u0131na da s\u0131kl\u0131kla bir vir\u00fcs, bazen de bir bakteri neden olur. Genellikle bir \u00e7ocukluk hastal\u0131\u011f\u0131 kendi kendine ge\u00e7er. \u00c7ocuklardaki lekeler hakk\u0131nda g\u00fcvenilir bilgi i\u00e7in \u00f6nce [&hellip;]\" \/>\n<meta property=\"og:url\" content=\"https:\/\/huisartsenposttilburg.nl\/tr\/cocugumun-lekeleri-var\/\" \/>\n<meta property=\"og:site_name\" content=\"Huisartsenpost Tilburg - T\u00fcrk\u00e7e\" \/>\n<meta property=\"article:modified_time\" content=\"2024-12-24T11:26:20+00:00\" \/>\n<meta name=\"twitter:card\" content=\"summary_large_image\" \/>\n<meta name=\"twitter:label1\" content=\"Tahmini okuma s\u00fcresi\" \/>\n\t<meta name=\"twitter:data1\" content=\"1 dakika\" \/>\n<script type=\"application\/ld+json\" class=\"yoast-schema-graph\">{\"@context\":\"https:\/\/schema.org\",\"@graph\":[{\"@type\":\"WebPage\",\"@id\":\"https:\/\/huisartsenposttilburg.nl\/tr\/cocugumun-lekeleri-var\/\",\"url\":\"https:\/\/huisartsenposttilburg.nl\/tr\/cocugumun-lekeleri-var\/\",\"name\":\"\u00c7ocu\u011fumda lekeler var - Huisartsenpost Tilburg - T\u00fcrk\u00e7e\",\"isPartOf\":{\"@id\":\"https:\/\/huisartsenposttilburg.nl\/tr\/#website\"},\"datePublished\":\"2024-06-20T13:34:16+00:00\",\"dateModified\":\"2024-12-24T11:26:20+00:00\",\"breadcrumb\":{\"@id\":\"https:\/\/huisartsenposttilburg.nl\/tr\/cocugumun-lekeleri-var\/#breadcrumb\"},\"inLanguage\":\"tr\",\"potentialAction\":[{\"@type\":\"ReadAction\",\"target\":[\"https:\/\/huisartsenposttilburg.nl\/tr\/cocugumun-lekeleri-var\/\"]}]},{\"@type\":\"BreadcrumbList\",\"@id\":\"https:\/\/huisartsenposttilburg.nl\/tr\/cocugumun-lekeleri-var\/#breadcrumb\",\"itemListElement\":[{\"@type\":\"ListItem\",\"position\":1,\"name\":\"Home\",\"item\":\"https:\/\/huisartsenposttilburg.nl\/tr\/\"},{\"@type\":\"ListItem\",\"position\":2,\"name\":\"\u00c7ocu\u011fumda lekeler var\"}]},{\"@type\":\"WebSite\",\"@id\":\"https:\/\/huisartsenposttilburg.nl\/tr\/#website\",\"url\":\"https:\/\/huisartsenposttilburg.nl\/tr\/\",\"name\":\"Huisartsenpost Tilburg - T\u00fcrk\u00e7e\",\"description\":\"\",\"potentialAction\":[{\"@type\":\"SearchAction\",\"target\":{\"@type\":\"EntryPoint\",\"urlTemplate\":\"https:\/\/huisartsenposttilburg.nl\/tr\/?s={search_term_string}\"},\"query-input\":{\"@type\":\"PropertyValueSpecification\",\"valueRequired\":true,\"valueName\":\"search_term_string\"}}],\"inLanguage\":\"tr\"}]}<\/script>\n<!-- \/ Yoast SEO plugin. -->","yoast_head_json":{"title":"\u00c7ocu\u011fumda lekeler var - Huisartsenpost Tilburg - T\u00fcrk\u00e7e","robots":{"index":"index","follow":"follow","max-snippet":"max-snippet:-1","max-image-preview":"max-image-preview:large","max-video-preview":"max-video-preview:-1"},"canonical":"https:\/\/huisartsenposttilburg.nl\/tr\/cocugumun-lekeleri-var\/","og_locale":"tr_TR","og_type":"article","og_title":"\u00c7ocu\u011fumda lekeler var - Huisartsenpost Tilburg - T\u00fcrk\u00e7e","og_description":"\u00c7ocu\u011funuz hastaysa ve lekeler al\u0131rsa, bu bir \u00e7ocukluk hastal\u0131\u011f\u0131 olabilir. \u00d6rne\u011fin, su\u00e7i\u00e7e\u011fi, be\u015finci hastal\u0131k, alt\u0131nc\u0131 hastal\u0131k ve k\u0131z\u0131l hastal\u0131\u011f\u0131. Lekeler ayr\u0131ca alerji veya egzama ile de ortaya \u00e7\u0131kar. \u00c7ocukluk \u00e7a\u011f\u0131 hastal\u0131klar\u0131na da s\u0131kl\u0131kla bir vir\u00fcs, bazen de bir bakteri neden olur. Genellikle bir \u00e7ocukluk hastal\u0131\u011f\u0131 kendi kendine ge\u00e7er. \u00c7ocuklardaki lekeler hakk\u0131nda g\u00fcvenilir bilgi i\u00e7in \u00f6nce [&hellip;]","og_url":"https:\/\/huisartsenposttilburg.nl\/tr\/cocugumun-lekeleri-var\/","og_site_name":"Huisartsenpost Tilburg - T\u00fcrk\u00e7e","article_modified_time":"2024-12-24T11:26:20+00:00","twitter_card":"summary_large_image","twitter_misc":{"Tahmini okuma s\u00fcresi":"1 dakika"},"schema":{"@context":"https:\/\/schema.org","@graph":[{"@type":"WebPage","@id":"https:\/\/huisartsenposttilburg.nl\/tr\/cocugumun-lekeleri-var\/","url":"https:\/\/huisartsenposttilburg.nl\/tr\/cocugumun-lekeleri-var\/","name":"\u00c7ocu\u011fumda lekeler var - Huisartsenpost Tilburg - T\u00fcrk\u00e7e","isPartOf":{"@id":"https:\/\/huisartsenposttilburg.nl\/tr\/#website"},"datePublished":"2024-06-20T13:34:16+00:00","dateModified":"2024-12-24T11:26:20+00:00","breadcrumb":{"@id":"https:\/\/huisartsenposttilburg.nl\/tr\/cocugumun-lekeleri-var\/#breadcrumb"},"inLanguage":"tr","potentialAction":[{"@type":"ReadAction","target":["https:\/\/huisartsenposttilburg.nl\/tr\/cocugumun-lekeleri-var\/"]}]},{"@type":"BreadcrumbList","@id":"https:\/\/huisartsenposttilburg.nl\/tr\/cocugumun-lekeleri-var\/#breadcrumb","itemListElement":[{"@type":"ListItem","position":1,"name":"Home","item":"https:\/\/huisartsenposttilburg.nl\/tr\/"},{"@type":"ListItem","position":2,"name":"\u00c7ocu\u011fumda lekeler var"}]},{"@type":"WebSite","@id":"https:\/\/huisartsenposttilburg.nl\/tr\/#website","url":"https:\/\/huisartsenposttilburg.nl\/tr\/","name":"Huisartsenpost Tilburg - T\u00fcrk\u00e7e","description":"","potentialAction":[{"@type":"SearchAction","target":{"@type":"EntryPoint","urlTemplate":"https:\/\/huisartsenposttilburg.nl\/tr\/?s={search_term_string}"},"query-input":{"@type":"PropertyValueSpecification","valueRequired":true,"valueName":"search_term_string"}}],"inLanguage":"tr"}]}},"_links":{"self":[{"href":"https:\/\/huisartsenposttilburg.nl\/tr\/wp-json\/wp\/v2\/pages\/186901","targetHints":{"allow":["GET"]}}],"collection":[{"href":"https:\/\/huisartsenposttilburg.nl\/tr\/wp-json\/wp\/v2\/pages"}],"about":[{"href":"https:\/\/huisartsenposttilburg.nl\/tr\/wp-json\/wp\/v2\/types\/page"}],"author":[{"embeddable":true,"href":"https:\/\/huisartsenposttilburg.nl\/tr\/wp-json\/wp\/v2\/users\/18"}],"replies":[{"embeddable":true,"href":"https:\/\/huisartsenposttilburg.nl\/tr\/wp-json\/wp\/v2\/comments?post=186901"}],"version-history":[{"count":7,"href":"https:\/\/huisartsenposttilburg.nl\/tr\/wp-json\/wp\/v2\/pages\/186901\/revisions"}],"predecessor-version":[{"id":187423,"href":"https:\/\/huisartsenposttilburg.nl\/tr\/wp-json\/wp\/v2\/pages\/186901\/revisions\/187423"}],"wp:attachment":[{"href":"https:\/\/huisartsenposttilburg.nl\/tr\/wp-json\/wp\/v2\/media?parent=186901"}],"curies":[{"name":"wp","href":"https:\/\/api.w.org\/{rel}","templated":true}]}}