{"id":186899,"date":"2024-06-20T15:22:59","date_gmt":"2024-06-20T13:22:59","guid":{"rendered":"https:\/\/huisartsenposttilburg.nl\/?page_id=186899"},"modified":"2024-12-24T12:33:44","modified_gmt":"2024-12-24T11:33:44","slug":"cocugumun-sik-sik-oksurmesi-gerekiyor","status":"publish","type":"page","link":"https:\/\/huisartsenposttilburg.nl\/tr\/cocugumun-sik-sik-oksurmesi-gerekiyor\/","title":{"rendered":"\u00c7ocu\u011fum s\u0131k s\u0131k \u00f6ks\u00fcrmek zorunda"},"content":{"rendered":"\n<p>Ara s\u0131ra \u00f6ks\u00fcr\u00fck normaldir. Bo\u011faz, soluk borusu ve akci\u011ferleri temizlemek i\u00e7in v\u00fccudun do\u011fal bir yoludur. \u00c7ocu\u011funuz \u00f6ks\u00fcrerek mukusu, tozu ve kiri temizler. \u00d6rne\u011fin bir vir\u00fcs veya duman nedeniyle mukoza zar\u0131nda yaralar olu\u015fabilir. Bu, \u00e7ocu\u011funuzun bir uyaran hissetmesine ve \u00f6ks\u00fcrmeye ba\u015flamas\u0131na neden olur. Mukoza zar\u0131 da s\u0131kl\u0131kla daha fazla mukus yapmaya ba\u015flar. Sonu\u00e7 olarak, \u00e7ocu\u011funuz daha s\u0131k \u00f6ks\u00fcr\u00fcr. \u00d6ks\u00fcr\u00fc\u011fe genellikle so\u011fuk alg\u0131nl\u0131\u011f\u0131&nbsp;veya grip gibi bir vir\u00fcs neden olur. <\/p>\n\n\n\n<p><a href=\"https:\/\/www.thuisarts.nl\/hoesten\/mijn-kind-moet-vaak-hoesten\"> \u00c7ocuklarda \u00f6ks\u00fcr\u00fck hakk\u0131nda g\u00fcvenilir bilgi<\/a> i\u00e7in \u00f6nce thuisarts.nl kontrol edin.<\/p>\n\n\n\n<p>Ertesi g\u00fcne kadar bekleyemiyor musunuz? Ard\u0131ndan GP Acil Durum \u0130stasyonunu aray\u0131n.<\/p>\n","protected":false},"excerpt":{"rendered":"<p>Ara s\u0131ra \u00f6ks\u00fcr\u00fck normaldir. Bo\u011faz, soluk borusu ve akci\u011ferleri temizlemek i\u00e7in v\u00fccudun do\u011fal bir yoludur. \u00c7ocu\u011funuz \u00f6ks\u00fcrerek mukusu, tozu ve kiri temizler. \u00d6rne\u011fin bir vir\u00fcs veya duman nedeniyle mukoza zar\u0131nda yaralar olu\u015fabilir. Bu, \u00e7ocu\u011funuzun bir uyaran hissetmesine ve \u00f6ks\u00fcrmeye ba\u015flamas\u0131na neden olur. Mukoza zar\u0131 da s\u0131kl\u0131kla daha fazla mukus yapmaya ba\u015flar. Sonu\u00e7 olarak, \u00e7ocu\u011funuz daha [&hellip;]<\/p>\n","protected":false},"author":18,"featured_media":0,"parent":0,"menu_order":0,"comment_status":"closed","ping_status":"closed","template":"","meta":{"_acf_changed":false,"_trash_the_other_posts":false,"editor_notices":[],"footnotes":""},"class_list":["post-186899","page","type-page","status-publish","hentry"],"acf":[],"yoast_head":"<!-- This site is optimized with the Yoast SEO plugin v26.6 - https:\/\/yoast.com\/wordpress\/plugins\/seo\/ -->\n<title>\u00c7ocu\u011fum s\u0131k s\u0131k \u00f6ks\u00fcrmek zorunda - Huisartsenpost Tilburg - T\u00fcrk\u00e7e<\/title>\n<meta name=\"robots\" content=\"index, follow, max-snippet:-1, max-image-preview:large, max-video-preview:-1\" \/>\n<link rel=\"canonical\" href=\"https:\/\/huisartsenposttilburg.nl\/tr\/cocugumun-sik-sik-oksurmesi-gerekiyor\/\" \/>\n<meta property=\"og:locale\" content=\"tr_TR\" \/>\n<meta property=\"og:type\" content=\"article\" \/>\n<meta property=\"og:title\" content=\"\u00c7ocu\u011fum s\u0131k s\u0131k \u00f6ks\u00fcrmek zorunda - Huisartsenpost Tilburg - T\u00fcrk\u00e7e\" \/>\n<meta property=\"og:description\" content=\"Ara s\u0131ra \u00f6ks\u00fcr\u00fck normaldir. Bo\u011faz, soluk borusu ve akci\u011ferleri temizlemek i\u00e7in v\u00fccudun do\u011fal bir yoludur. \u00c7ocu\u011funuz \u00f6ks\u00fcrerek mukusu, tozu ve kiri temizler. \u00d6rne\u011fin bir vir\u00fcs veya duman nedeniyle mukoza zar\u0131nda yaralar olu\u015fabilir. Bu, \u00e7ocu\u011funuzun bir uyaran hissetmesine ve \u00f6ks\u00fcrmeye ba\u015flamas\u0131na neden olur. Mukoza zar\u0131 da s\u0131kl\u0131kla daha fazla mukus yapmaya ba\u015flar. Sonu\u00e7 olarak, \u00e7ocu\u011funuz daha [&hellip;]\" \/>\n<meta property=\"og:url\" content=\"https:\/\/huisartsenposttilburg.nl\/tr\/cocugumun-sik-sik-oksurmesi-gerekiyor\/\" \/>\n<meta property=\"og:site_name\" content=\"Huisartsenpost Tilburg - T\u00fcrk\u00e7e\" \/>\n<meta property=\"article:modified_time\" content=\"2024-12-24T11:33:44+00:00\" \/>\n<meta name=\"twitter:card\" content=\"summary_large_image\" \/>\n<meta name=\"twitter:label1\" content=\"Tahmini okuma s\u00fcresi\" \/>\n\t<meta name=\"twitter:data1\" content=\"1 dakika\" \/>\n<script type=\"application\/ld+json\" class=\"yoast-schema-graph\">{\"@context\":\"https:\/\/schema.org\",\"@graph\":[{\"@type\":\"WebPage\",\"@id\":\"https:\/\/huisartsenposttilburg.nl\/tr\/cocugumun-sik-sik-oksurmesi-gerekiyor\/\",\"url\":\"https:\/\/huisartsenposttilburg.nl\/tr\/cocugumun-sik-sik-oksurmesi-gerekiyor\/\",\"name\":\"\u00c7ocu\u011fum s\u0131k s\u0131k \u00f6ks\u00fcrmek zorunda - Huisartsenpost Tilburg - T\u00fcrk\u00e7e\",\"isPartOf\":{\"@id\":\"https:\/\/huisartsenposttilburg.nl\/tr\/#website\"},\"datePublished\":\"2024-06-20T13:22:59+00:00\",\"dateModified\":\"2024-12-24T11:33:44+00:00\",\"breadcrumb\":{\"@id\":\"https:\/\/huisartsenposttilburg.nl\/tr\/cocugumun-sik-sik-oksurmesi-gerekiyor\/#breadcrumb\"},\"inLanguage\":\"tr\",\"potentialAction\":[{\"@type\":\"ReadAction\",\"target\":[\"https:\/\/huisartsenposttilburg.nl\/tr\/cocugumun-sik-sik-oksurmesi-gerekiyor\/\"]}]},{\"@type\":\"BreadcrumbList\",\"@id\":\"https:\/\/huisartsenposttilburg.nl\/tr\/cocugumun-sik-sik-oksurmesi-gerekiyor\/#breadcrumb\",\"itemListElement\":[{\"@type\":\"ListItem\",\"position\":1,\"name\":\"Home\",\"item\":\"https:\/\/huisartsenposttilburg.nl\/tr\/\"},{\"@type\":\"ListItem\",\"position\":2,\"name\":\"\u00c7ocu\u011fum s\u0131k s\u0131k \u00f6ks\u00fcrmek zorunda\"}]},{\"@type\":\"WebSite\",\"@id\":\"https:\/\/huisartsenposttilburg.nl\/tr\/#website\",\"url\":\"https:\/\/huisartsenposttilburg.nl\/tr\/\",\"name\":\"Huisartsenpost Tilburg - T\u00fcrk\u00e7e\",\"description\":\"\",\"potentialAction\":[{\"@type\":\"SearchAction\",\"target\":{\"@type\":\"EntryPoint\",\"urlTemplate\":\"https:\/\/huisartsenposttilburg.nl\/tr\/?s={search_term_string}\"},\"query-input\":{\"@type\":\"PropertyValueSpecification\",\"valueRequired\":true,\"valueName\":\"search_term_string\"}}],\"inLanguage\":\"tr\"}]}<\/script>\n<!-- \/ Yoast SEO plugin. -->","yoast_head_json":{"title":"\u00c7ocu\u011fum s\u0131k s\u0131k \u00f6ks\u00fcrmek zorunda - Huisartsenpost Tilburg - T\u00fcrk\u00e7e","robots":{"index":"index","follow":"follow","max-snippet":"max-snippet:-1","max-image-preview":"max-image-preview:large","max-video-preview":"max-video-preview:-1"},"canonical":"https:\/\/huisartsenposttilburg.nl\/tr\/cocugumun-sik-sik-oksurmesi-gerekiyor\/","og_locale":"tr_TR","og_type":"article","og_title":"\u00c7ocu\u011fum s\u0131k s\u0131k \u00f6ks\u00fcrmek zorunda - Huisartsenpost Tilburg - T\u00fcrk\u00e7e","og_description":"Ara s\u0131ra \u00f6ks\u00fcr\u00fck normaldir. Bo\u011faz, soluk borusu ve akci\u011ferleri temizlemek i\u00e7in v\u00fccudun do\u011fal bir yoludur. \u00c7ocu\u011funuz \u00f6ks\u00fcrerek mukusu, tozu ve kiri temizler. \u00d6rne\u011fin bir vir\u00fcs veya duman nedeniyle mukoza zar\u0131nda yaralar olu\u015fabilir. Bu, \u00e7ocu\u011funuzun bir uyaran hissetmesine ve \u00f6ks\u00fcrmeye ba\u015flamas\u0131na neden olur. Mukoza zar\u0131 da s\u0131kl\u0131kla daha fazla mukus yapmaya ba\u015flar. Sonu\u00e7 olarak, \u00e7ocu\u011funuz daha [&hellip;]","og_url":"https:\/\/huisartsenposttilburg.nl\/tr\/cocugumun-sik-sik-oksurmesi-gerekiyor\/","og_site_name":"Huisartsenpost Tilburg - T\u00fcrk\u00e7e","article_modified_time":"2024-12-24T11:33:44+00:00","twitter_card":"summary_large_image","twitter_misc":{"Tahmini okuma s\u00fcresi":"1 dakika"},"schema":{"@context":"https:\/\/schema.org","@graph":[{"@type":"WebPage","@id":"https:\/\/huisartsenposttilburg.nl\/tr\/cocugumun-sik-sik-oksurmesi-gerekiyor\/","url":"https:\/\/huisartsenposttilburg.nl\/tr\/cocugumun-sik-sik-oksurmesi-gerekiyor\/","name":"\u00c7ocu\u011fum s\u0131k s\u0131k \u00f6ks\u00fcrmek zorunda - Huisartsenpost Tilburg - T\u00fcrk\u00e7e","isPartOf":{"@id":"https:\/\/huisartsenposttilburg.nl\/tr\/#website"},"datePublished":"2024-06-20T13:22:59+00:00","dateModified":"2024-12-24T11:33:44+00:00","breadcrumb":{"@id":"https:\/\/huisartsenposttilburg.nl\/tr\/cocugumun-sik-sik-oksurmesi-gerekiyor\/#breadcrumb"},"inLanguage":"tr","potentialAction":[{"@type":"ReadAction","target":["https:\/\/huisartsenposttilburg.nl\/tr\/cocugumun-sik-sik-oksurmesi-gerekiyor\/"]}]},{"@type":"BreadcrumbList","@id":"https:\/\/huisartsenposttilburg.nl\/tr\/cocugumun-sik-sik-oksurmesi-gerekiyor\/#breadcrumb","itemListElement":[{"@type":"ListItem","position":1,"name":"Home","item":"https:\/\/huisartsenposttilburg.nl\/tr\/"},{"@type":"ListItem","position":2,"name":"\u00c7ocu\u011fum s\u0131k s\u0131k \u00f6ks\u00fcrmek zorunda"}]},{"@type":"WebSite","@id":"https:\/\/huisartsenposttilburg.nl\/tr\/#website","url":"https:\/\/huisartsenposttilburg.nl\/tr\/","name":"Huisartsenpost Tilburg - T\u00fcrk\u00e7e","description":"","potentialAction":[{"@type":"SearchAction","target":{"@type":"EntryPoint","urlTemplate":"https:\/\/huisartsenposttilburg.nl\/tr\/?s={search_term_string}"},"query-input":{"@type":"PropertyValueSpecification","valueRequired":true,"valueName":"search_term_string"}}],"inLanguage":"tr"}]}},"_links":{"self":[{"href":"https:\/\/huisartsenposttilburg.nl\/tr\/wp-json\/wp\/v2\/pages\/186899","targetHints":{"allow":["GET"]}}],"collection":[{"href":"https:\/\/huisartsenposttilburg.nl\/tr\/wp-json\/wp\/v2\/pages"}],"about":[{"href":"https:\/\/huisartsenposttilburg.nl\/tr\/wp-json\/wp\/v2\/types\/page"}],"author":[{"embeddable":true,"href":"https:\/\/huisartsenposttilburg.nl\/tr\/wp-json\/wp\/v2\/users\/18"}],"replies":[{"embeddable":true,"href":"https:\/\/huisartsenposttilburg.nl\/tr\/wp-json\/wp\/v2\/comments?post=186899"}],"version-history":[{"count":7,"href":"https:\/\/huisartsenposttilburg.nl\/tr\/wp-json\/wp\/v2\/pages\/186899\/revisions"}],"predecessor-version":[{"id":187426,"href":"https:\/\/huisartsenposttilburg.nl\/tr\/wp-json\/wp\/v2\/pages\/186899\/revisions\/187426"}],"wp:attachment":[{"href":"https:\/\/huisartsenposttilburg.nl\/tr\/wp-json\/wp\/v2\/media?parent=186899"}],"curies":[{"name":"wp","href":"https:\/\/api.w.org\/{rel}","templated":true}]}}