{"id":186880,"date":"2024-06-18T13:21:19","date_gmt":"2024-06-18T11:21:19","guid":{"rendered":"https:\/\/huisartsenposttilburg.nl\/?page_id=186880"},"modified":"2024-12-24T12:21:42","modified_gmt":"2024-12-24T11:21:42","slug":"cocugum-bir-bocek-tarafindan-sokuldu","status":"publish","type":"page","link":"https:\/\/huisartsenposttilburg.nl\/tr\/cocugum-bir-bocek-tarafindan-sokuldu\/","title":{"rendered":"\u00c7ocu\u011fum bir b\u00f6cek taraf\u0131ndan sokuldu"},"content":{"rendered":"\n<p>Bir b\u00f6cek taraf\u0131ndan sokulmak can s\u0131k\u0131c\u0131 olabilir. Ancak ka\u015f\u0131nt\u0131, \u015fi\u015flik ve\/veya a\u011fr\u0131 kendi kendine ge\u00e7ecektir. Is\u0131ran veya sokan b\u00f6cekler var. \u00c7ocu\u011funuzun yaz aylar\u0131nda \u0131s\u0131r\u0131lmas\u0131 veya sokulmas\u0131 muhtemeldir. Bu \u00f6zellikle sivrisinekler, ar\u0131lar, yaban ar\u0131lar\u0131, bombus ar\u0131lar\u0131, e\u015fek ar\u0131lar\u0131, keneler, kar\u0131ncalar veya sinekler i\u00e7in ge\u00e7erlidir. Di\u011fer b\u00f6ceklerle, t\u00fcm y\u0131l boyunca bir \u0131s\u0131r\u0131k veya sokma olas\u0131l\u0131\u011f\u0131 vard\u0131r. \u00d6rne\u011fin, yatak b\u00f6cekleri veya pireler.<\/p>\n\n\n\n<p><a href=\"https:\/\/www.thuisarts.nl\/insectenbeet\/ik-heb-last-van-insectenbeet\">B\u00f6cek \u0131s\u0131r\u0131\u011f\u0131 olan \u00e7ocuklar hakk\u0131nda g\u00fcvenilir bilgi<\/a> i\u00e7in \u00f6nce thuisarts.nl kontrol edin.<br><br>Ertesi g\u00fcne kadar bekleyemiyor musunuz? Ard\u0131ndan GP Acil Durum \u0130stasyonunu aray\u0131n.<\/p>\n","protected":false},"excerpt":{"rendered":"<p>Bir b\u00f6cek taraf\u0131ndan sokulmak can s\u0131k\u0131c\u0131 olabilir. Ancak ka\u015f\u0131nt\u0131, \u015fi\u015flik ve\/veya a\u011fr\u0131 kendi kendine ge\u00e7ecektir. Is\u0131ran veya sokan b\u00f6cekler var. \u00c7ocu\u011funuzun yaz aylar\u0131nda \u0131s\u0131r\u0131lmas\u0131 veya sokulmas\u0131 muhtemeldir. Bu \u00f6zellikle sivrisinekler, ar\u0131lar, yaban ar\u0131lar\u0131, bombus ar\u0131lar\u0131, e\u015fek ar\u0131lar\u0131, keneler, kar\u0131ncalar veya sinekler i\u00e7in ge\u00e7erlidir. Di\u011fer b\u00f6ceklerle, t\u00fcm y\u0131l boyunca bir \u0131s\u0131r\u0131k veya sokma olas\u0131l\u0131\u011f\u0131 vard\u0131r. \u00d6rne\u011fin, [&hellip;]<\/p>\n","protected":false},"author":18,"featured_media":0,"parent":0,"menu_order":0,"comment_status":"closed","ping_status":"closed","template":"","meta":{"_acf_changed":false,"_trash_the_other_posts":false,"editor_notices":[],"footnotes":""},"class_list":["post-186880","page","type-page","status-publish","hentry"],"acf":[],"yoast_head":"<!-- This site is optimized with the Yoast SEO plugin v26.6 - https:\/\/yoast.com\/wordpress\/plugins\/seo\/ -->\n<title>\u00c7ocu\u011fum bir b\u00f6cek taraf\u0131ndan sokuldu - Huisartsenpost Tilburg - T\u00fcrk\u00e7e<\/title>\n<meta name=\"robots\" content=\"index, follow, max-snippet:-1, max-image-preview:large, max-video-preview:-1\" \/>\n<link rel=\"canonical\" href=\"https:\/\/huisartsenposttilburg.nl\/tr\/cocugum-bir-bocek-tarafindan-sokuldu\/\" \/>\n<meta property=\"og:locale\" content=\"tr_TR\" \/>\n<meta property=\"og:type\" content=\"article\" \/>\n<meta property=\"og:title\" content=\"\u00c7ocu\u011fum bir b\u00f6cek taraf\u0131ndan sokuldu - Huisartsenpost Tilburg - T\u00fcrk\u00e7e\" \/>\n<meta property=\"og:description\" content=\"Bir b\u00f6cek taraf\u0131ndan sokulmak can s\u0131k\u0131c\u0131 olabilir. Ancak ka\u015f\u0131nt\u0131, \u015fi\u015flik ve\/veya a\u011fr\u0131 kendi kendine ge\u00e7ecektir. Is\u0131ran veya sokan b\u00f6cekler var. \u00c7ocu\u011funuzun yaz aylar\u0131nda \u0131s\u0131r\u0131lmas\u0131 veya sokulmas\u0131 muhtemeldir. Bu \u00f6zellikle sivrisinekler, ar\u0131lar, yaban ar\u0131lar\u0131, bombus ar\u0131lar\u0131, e\u015fek ar\u0131lar\u0131, keneler, kar\u0131ncalar veya sinekler i\u00e7in ge\u00e7erlidir. Di\u011fer b\u00f6ceklerle, t\u00fcm y\u0131l boyunca bir \u0131s\u0131r\u0131k veya sokma olas\u0131l\u0131\u011f\u0131 vard\u0131r. \u00d6rne\u011fin, [&hellip;]\" \/>\n<meta property=\"og:url\" content=\"https:\/\/huisartsenposttilburg.nl\/tr\/cocugum-bir-bocek-tarafindan-sokuldu\/\" \/>\n<meta property=\"og:site_name\" content=\"Huisartsenpost Tilburg - T\u00fcrk\u00e7e\" \/>\n<meta property=\"article:modified_time\" content=\"2024-12-24T11:21:42+00:00\" \/>\n<meta name=\"twitter:card\" content=\"summary_large_image\" \/>\n<meta name=\"twitter:label1\" content=\"Tahmini okuma s\u00fcresi\" \/>\n\t<meta name=\"twitter:data1\" content=\"1 dakika\" \/>\n<script type=\"application\/ld+json\" class=\"yoast-schema-graph\">{\"@context\":\"https:\/\/schema.org\",\"@graph\":[{\"@type\":\"WebPage\",\"@id\":\"https:\/\/huisartsenposttilburg.nl\/tr\/cocugum-bir-bocek-tarafindan-sokuldu\/\",\"url\":\"https:\/\/huisartsenposttilburg.nl\/tr\/cocugum-bir-bocek-tarafindan-sokuldu\/\",\"name\":\"\u00c7ocu\u011fum bir b\u00f6cek taraf\u0131ndan sokuldu - Huisartsenpost Tilburg - T\u00fcrk\u00e7e\",\"isPartOf\":{\"@id\":\"https:\/\/huisartsenposttilburg.nl\/tr\/#website\"},\"datePublished\":\"2024-06-18T11:21:19+00:00\",\"dateModified\":\"2024-12-24T11:21:42+00:00\",\"breadcrumb\":{\"@id\":\"https:\/\/huisartsenposttilburg.nl\/tr\/cocugum-bir-bocek-tarafindan-sokuldu\/#breadcrumb\"},\"inLanguage\":\"tr\",\"potentialAction\":[{\"@type\":\"ReadAction\",\"target\":[\"https:\/\/huisartsenposttilburg.nl\/tr\/cocugum-bir-bocek-tarafindan-sokuldu\/\"]}]},{\"@type\":\"BreadcrumbList\",\"@id\":\"https:\/\/huisartsenposttilburg.nl\/tr\/cocugum-bir-bocek-tarafindan-sokuldu\/#breadcrumb\",\"itemListElement\":[{\"@type\":\"ListItem\",\"position\":1,\"name\":\"Home\",\"item\":\"https:\/\/huisartsenposttilburg.nl\/tr\/\"},{\"@type\":\"ListItem\",\"position\":2,\"name\":\"\u00c7ocu\u011fum bir b\u00f6cek taraf\u0131ndan sokuldu\"}]},{\"@type\":\"WebSite\",\"@id\":\"https:\/\/huisartsenposttilburg.nl\/tr\/#website\",\"url\":\"https:\/\/huisartsenposttilburg.nl\/tr\/\",\"name\":\"Huisartsenpost Tilburg - T\u00fcrk\u00e7e\",\"description\":\"\",\"potentialAction\":[{\"@type\":\"SearchAction\",\"target\":{\"@type\":\"EntryPoint\",\"urlTemplate\":\"https:\/\/huisartsenposttilburg.nl\/tr\/?s={search_term_string}\"},\"query-input\":{\"@type\":\"PropertyValueSpecification\",\"valueRequired\":true,\"valueName\":\"search_term_string\"}}],\"inLanguage\":\"tr\"}]}<\/script>\n<!-- \/ Yoast SEO plugin. -->","yoast_head_json":{"title":"\u00c7ocu\u011fum bir b\u00f6cek taraf\u0131ndan sokuldu - Huisartsenpost Tilburg - T\u00fcrk\u00e7e","robots":{"index":"index","follow":"follow","max-snippet":"max-snippet:-1","max-image-preview":"max-image-preview:large","max-video-preview":"max-video-preview:-1"},"canonical":"https:\/\/huisartsenposttilburg.nl\/tr\/cocugum-bir-bocek-tarafindan-sokuldu\/","og_locale":"tr_TR","og_type":"article","og_title":"\u00c7ocu\u011fum bir b\u00f6cek taraf\u0131ndan sokuldu - Huisartsenpost Tilburg - T\u00fcrk\u00e7e","og_description":"Bir b\u00f6cek taraf\u0131ndan sokulmak can s\u0131k\u0131c\u0131 olabilir. Ancak ka\u015f\u0131nt\u0131, \u015fi\u015flik ve\/veya a\u011fr\u0131 kendi kendine ge\u00e7ecektir. Is\u0131ran veya sokan b\u00f6cekler var. \u00c7ocu\u011funuzun yaz aylar\u0131nda \u0131s\u0131r\u0131lmas\u0131 veya sokulmas\u0131 muhtemeldir. Bu \u00f6zellikle sivrisinekler, ar\u0131lar, yaban ar\u0131lar\u0131, bombus ar\u0131lar\u0131, e\u015fek ar\u0131lar\u0131, keneler, kar\u0131ncalar veya sinekler i\u00e7in ge\u00e7erlidir. Di\u011fer b\u00f6ceklerle, t\u00fcm y\u0131l boyunca bir \u0131s\u0131r\u0131k veya sokma olas\u0131l\u0131\u011f\u0131 vard\u0131r. \u00d6rne\u011fin, [&hellip;]","og_url":"https:\/\/huisartsenposttilburg.nl\/tr\/cocugum-bir-bocek-tarafindan-sokuldu\/","og_site_name":"Huisartsenpost Tilburg - T\u00fcrk\u00e7e","article_modified_time":"2024-12-24T11:21:42+00:00","twitter_card":"summary_large_image","twitter_misc":{"Tahmini okuma s\u00fcresi":"1 dakika"},"schema":{"@context":"https:\/\/schema.org","@graph":[{"@type":"WebPage","@id":"https:\/\/huisartsenposttilburg.nl\/tr\/cocugum-bir-bocek-tarafindan-sokuldu\/","url":"https:\/\/huisartsenposttilburg.nl\/tr\/cocugum-bir-bocek-tarafindan-sokuldu\/","name":"\u00c7ocu\u011fum bir b\u00f6cek taraf\u0131ndan sokuldu - Huisartsenpost Tilburg - T\u00fcrk\u00e7e","isPartOf":{"@id":"https:\/\/huisartsenposttilburg.nl\/tr\/#website"},"datePublished":"2024-06-18T11:21:19+00:00","dateModified":"2024-12-24T11:21:42+00:00","breadcrumb":{"@id":"https:\/\/huisartsenposttilburg.nl\/tr\/cocugum-bir-bocek-tarafindan-sokuldu\/#breadcrumb"},"inLanguage":"tr","potentialAction":[{"@type":"ReadAction","target":["https:\/\/huisartsenposttilburg.nl\/tr\/cocugum-bir-bocek-tarafindan-sokuldu\/"]}]},{"@type":"BreadcrumbList","@id":"https:\/\/huisartsenposttilburg.nl\/tr\/cocugum-bir-bocek-tarafindan-sokuldu\/#breadcrumb","itemListElement":[{"@type":"ListItem","position":1,"name":"Home","item":"https:\/\/huisartsenposttilburg.nl\/tr\/"},{"@type":"ListItem","position":2,"name":"\u00c7ocu\u011fum bir b\u00f6cek taraf\u0131ndan sokuldu"}]},{"@type":"WebSite","@id":"https:\/\/huisartsenposttilburg.nl\/tr\/#website","url":"https:\/\/huisartsenposttilburg.nl\/tr\/","name":"Huisartsenpost Tilburg - T\u00fcrk\u00e7e","description":"","potentialAction":[{"@type":"SearchAction","target":{"@type":"EntryPoint","urlTemplate":"https:\/\/huisartsenposttilburg.nl\/tr\/?s={search_term_string}"},"query-input":{"@type":"PropertyValueSpecification","valueRequired":true,"valueName":"search_term_string"}}],"inLanguage":"tr"}]}},"_links":{"self":[{"href":"https:\/\/huisartsenposttilburg.nl\/tr\/wp-json\/wp\/v2\/pages\/186880","targetHints":{"allow":["GET"]}}],"collection":[{"href":"https:\/\/huisartsenposttilburg.nl\/tr\/wp-json\/wp\/v2\/pages"}],"about":[{"href":"https:\/\/huisartsenposttilburg.nl\/tr\/wp-json\/wp\/v2\/types\/page"}],"author":[{"embeddable":true,"href":"https:\/\/huisartsenposttilburg.nl\/tr\/wp-json\/wp\/v2\/users\/18"}],"replies":[{"embeddable":true,"href":"https:\/\/huisartsenposttilburg.nl\/tr\/wp-json\/wp\/v2\/comments?post=186880"}],"version-history":[{"count":8,"href":"https:\/\/huisartsenposttilburg.nl\/tr\/wp-json\/wp\/v2\/pages\/186880\/revisions"}],"predecessor-version":[{"id":187421,"href":"https:\/\/huisartsenposttilburg.nl\/tr\/wp-json\/wp\/v2\/pages\/186880\/revisions\/187421"}],"wp:attachment":[{"href":"https:\/\/huisartsenposttilburg.nl\/tr\/wp-json\/wp\/v2\/media?parent=186880"}],"curies":[{"name":"wp","href":"https:\/\/api.w.org\/{rel}","templated":true}]}}