{"id":186861,"date":"2024-06-20T15:17:43","date_gmt":"2024-06-20T13:17:43","guid":{"rendered":"https:\/\/huisartsenposttilburg.nl\/?page_id=186861"},"modified":"2024-12-24T12:30:46","modified_gmt":"2024-12-24T11:30:46","slug":"cocugumun-gozleri-iltihapli","status":"publish","type":"page","link":"https:\/\/huisartsenposttilburg.nl\/tr\/cocugumun-gozleri-iltihapli\/","title":{"rendered":"\u00c7ocu\u011fumun g\u00f6zleri iltihapland\u0131"},"content":{"rendered":"\n<p>G\u00f6z enfeksiyonu ile g\u00f6zlerin beyazlar\u0131 k\u0131rm\u0131z\u0131d\u0131r. G\u00f6zdeki zar iltihapl\u0131d\u0131r. G\u00f6zde mukus da olabilir. Genellikle bu bir sorun de\u011fildir. Tedavi genellikle gerekli de\u011fildir. G\u00f6z enfeksiyonu neredeyse her zaman 1 ila 2 hafta i\u00e7inde kendi kendine ge\u00e7er.<\/p>\n\n\n\n<p>\u00c7ocuklarda&nbsp;<a href=\"https:\/\/www.thuisarts.nl\/rood-oog\/mijn-baby-heeft-oogontsteking\" target=\"_blank\" rel=\"noreferrer noopener\">g\u00f6z enfeksiyonu hakk\u0131nda g\u00fcvenilir bilgi<\/a> i\u00e7in&nbsp;\u00f6nce thuisarts.nl kontrol edin.<\/p>\n\n\n\n<p>Ertesi g\u00fcne kadar bekleyemiyor musunuz? Ard\u0131ndan GP Acil Durum \u0130stasyonunu aray\u0131n.<\/p>\n","protected":false},"excerpt":{"rendered":"<p>G\u00f6z enfeksiyonu ile g\u00f6zlerin beyazlar\u0131 k\u0131rm\u0131z\u0131d\u0131r. G\u00f6zdeki zar iltihapl\u0131d\u0131r. G\u00f6zde mukus da olabilir. Genellikle bu bir sorun de\u011fildir. Tedavi genellikle gerekli de\u011fildir. G\u00f6z enfeksiyonu neredeyse her zaman 1 ila 2 hafta i\u00e7inde kendi kendine ge\u00e7er. \u00c7ocuklarda&nbsp;g\u00f6z enfeksiyonu hakk\u0131nda g\u00fcvenilir bilgi i\u00e7in&nbsp;\u00f6nce thuisarts.nl kontrol edin. Ertesi g\u00fcne kadar bekleyemiyor musunuz? Ard\u0131ndan GP Acil Durum \u0130stasyonunu aray\u0131n.<\/p>\n","protected":false},"author":18,"featured_media":0,"parent":0,"menu_order":0,"comment_status":"closed","ping_status":"closed","template":"","meta":{"_acf_changed":false,"_trash_the_other_posts":false,"editor_notices":[],"footnotes":""},"class_list":["post-186861","page","type-page","status-publish","hentry"],"acf":[],"yoast_head":"<!-- This site is optimized with the Yoast SEO plugin v26.6 - https:\/\/yoast.com\/wordpress\/plugins\/seo\/ -->\n<title>\u00c7ocu\u011fumun g\u00f6zleri iltihapland\u0131 - Huisartsenpost Tilburg - T\u00fcrk\u00e7e<\/title>\n<meta name=\"robots\" content=\"index, follow, max-snippet:-1, max-image-preview:large, max-video-preview:-1\" \/>\n<link rel=\"canonical\" href=\"https:\/\/huisartsenposttilburg.nl\/tr\/cocugumun-gozleri-iltihapli\/\" \/>\n<meta property=\"og:locale\" content=\"tr_TR\" \/>\n<meta property=\"og:type\" content=\"article\" \/>\n<meta property=\"og:title\" content=\"\u00c7ocu\u011fumun g\u00f6zleri iltihapland\u0131 - Huisartsenpost Tilburg - T\u00fcrk\u00e7e\" \/>\n<meta property=\"og:description\" content=\"G\u00f6z enfeksiyonu ile g\u00f6zlerin beyazlar\u0131 k\u0131rm\u0131z\u0131d\u0131r. G\u00f6zdeki zar iltihapl\u0131d\u0131r. G\u00f6zde mukus da olabilir. Genellikle bu bir sorun de\u011fildir. Tedavi genellikle gerekli de\u011fildir. G\u00f6z enfeksiyonu neredeyse her zaman 1 ila 2 hafta i\u00e7inde kendi kendine ge\u00e7er. \u00c7ocuklarda&nbsp;g\u00f6z enfeksiyonu hakk\u0131nda g\u00fcvenilir bilgi i\u00e7in&nbsp;\u00f6nce thuisarts.nl kontrol edin. Ertesi g\u00fcne kadar bekleyemiyor musunuz? Ard\u0131ndan GP Acil Durum \u0130stasyonunu aray\u0131n.\" \/>\n<meta property=\"og:url\" content=\"https:\/\/huisartsenposttilburg.nl\/tr\/cocugumun-gozleri-iltihapli\/\" \/>\n<meta property=\"og:site_name\" content=\"Huisartsenpost Tilburg - T\u00fcrk\u00e7e\" \/>\n<meta property=\"article:modified_time\" content=\"2024-12-24T11:30:46+00:00\" \/>\n<meta name=\"twitter:card\" content=\"summary_large_image\" \/>\n<script type=\"application\/ld+json\" class=\"yoast-schema-graph\">{\"@context\":\"https:\/\/schema.org\",\"@graph\":[{\"@type\":\"WebPage\",\"@id\":\"https:\/\/huisartsenposttilburg.nl\/tr\/cocugumun-gozleri-iltihapli\/\",\"url\":\"https:\/\/huisartsenposttilburg.nl\/tr\/cocugumun-gozleri-iltihapli\/\",\"name\":\"\u00c7ocu\u011fumun g\u00f6zleri iltihapland\u0131 - Huisartsenpost Tilburg - T\u00fcrk\u00e7e\",\"isPartOf\":{\"@id\":\"https:\/\/huisartsenposttilburg.nl\/tr\/#website\"},\"datePublished\":\"2024-06-20T13:17:43+00:00\",\"dateModified\":\"2024-12-24T11:30:46+00:00\",\"breadcrumb\":{\"@id\":\"https:\/\/huisartsenposttilburg.nl\/tr\/cocugumun-gozleri-iltihapli\/#breadcrumb\"},\"inLanguage\":\"tr\",\"potentialAction\":[{\"@type\":\"ReadAction\",\"target\":[\"https:\/\/huisartsenposttilburg.nl\/tr\/cocugumun-gozleri-iltihapli\/\"]}]},{\"@type\":\"BreadcrumbList\",\"@id\":\"https:\/\/huisartsenposttilburg.nl\/tr\/cocugumun-gozleri-iltihapli\/#breadcrumb\",\"itemListElement\":[{\"@type\":\"ListItem\",\"position\":1,\"name\":\"Home\",\"item\":\"https:\/\/huisartsenposttilburg.nl\/tr\/\"},{\"@type\":\"ListItem\",\"position\":2,\"name\":\"\u00c7ocu\u011fumun g\u00f6zleri iltihapland\u0131\"}]},{\"@type\":\"WebSite\",\"@id\":\"https:\/\/huisartsenposttilburg.nl\/tr\/#website\",\"url\":\"https:\/\/huisartsenposttilburg.nl\/tr\/\",\"name\":\"Huisartsenpost Tilburg - T\u00fcrk\u00e7e\",\"description\":\"\",\"potentialAction\":[{\"@type\":\"SearchAction\",\"target\":{\"@type\":\"EntryPoint\",\"urlTemplate\":\"https:\/\/huisartsenposttilburg.nl\/tr\/?s={search_term_string}\"},\"query-input\":{\"@type\":\"PropertyValueSpecification\",\"valueRequired\":true,\"valueName\":\"search_term_string\"}}],\"inLanguage\":\"tr\"}]}<\/script>\n<!-- \/ Yoast SEO plugin. -->","yoast_head_json":{"title":"\u00c7ocu\u011fumun g\u00f6zleri iltihapland\u0131 - Huisartsenpost Tilburg - T\u00fcrk\u00e7e","robots":{"index":"index","follow":"follow","max-snippet":"max-snippet:-1","max-image-preview":"max-image-preview:large","max-video-preview":"max-video-preview:-1"},"canonical":"https:\/\/huisartsenposttilburg.nl\/tr\/cocugumun-gozleri-iltihapli\/","og_locale":"tr_TR","og_type":"article","og_title":"\u00c7ocu\u011fumun g\u00f6zleri iltihapland\u0131 - Huisartsenpost Tilburg - T\u00fcrk\u00e7e","og_description":"G\u00f6z enfeksiyonu ile g\u00f6zlerin beyazlar\u0131 k\u0131rm\u0131z\u0131d\u0131r. G\u00f6zdeki zar iltihapl\u0131d\u0131r. G\u00f6zde mukus da olabilir. Genellikle bu bir sorun de\u011fildir. Tedavi genellikle gerekli de\u011fildir. G\u00f6z enfeksiyonu neredeyse her zaman 1 ila 2 hafta i\u00e7inde kendi kendine ge\u00e7er. \u00c7ocuklarda&nbsp;g\u00f6z enfeksiyonu hakk\u0131nda g\u00fcvenilir bilgi i\u00e7in&nbsp;\u00f6nce thuisarts.nl kontrol edin. Ertesi g\u00fcne kadar bekleyemiyor musunuz? Ard\u0131ndan GP Acil Durum \u0130stasyonunu aray\u0131n.","og_url":"https:\/\/huisartsenposttilburg.nl\/tr\/cocugumun-gozleri-iltihapli\/","og_site_name":"Huisartsenpost Tilburg - T\u00fcrk\u00e7e","article_modified_time":"2024-12-24T11:30:46+00:00","twitter_card":"summary_large_image","schema":{"@context":"https:\/\/schema.org","@graph":[{"@type":"WebPage","@id":"https:\/\/huisartsenposttilburg.nl\/tr\/cocugumun-gozleri-iltihapli\/","url":"https:\/\/huisartsenposttilburg.nl\/tr\/cocugumun-gozleri-iltihapli\/","name":"\u00c7ocu\u011fumun g\u00f6zleri iltihapland\u0131 - Huisartsenpost Tilburg - T\u00fcrk\u00e7e","isPartOf":{"@id":"https:\/\/huisartsenposttilburg.nl\/tr\/#website"},"datePublished":"2024-06-20T13:17:43+00:00","dateModified":"2024-12-24T11:30:46+00:00","breadcrumb":{"@id":"https:\/\/huisartsenposttilburg.nl\/tr\/cocugumun-gozleri-iltihapli\/#breadcrumb"},"inLanguage":"tr","potentialAction":[{"@type":"ReadAction","target":["https:\/\/huisartsenposttilburg.nl\/tr\/cocugumun-gozleri-iltihapli\/"]}]},{"@type":"BreadcrumbList","@id":"https:\/\/huisartsenposttilburg.nl\/tr\/cocugumun-gozleri-iltihapli\/#breadcrumb","itemListElement":[{"@type":"ListItem","position":1,"name":"Home","item":"https:\/\/huisartsenposttilburg.nl\/tr\/"},{"@type":"ListItem","position":2,"name":"\u00c7ocu\u011fumun g\u00f6zleri iltihapland\u0131"}]},{"@type":"WebSite","@id":"https:\/\/huisartsenposttilburg.nl\/tr\/#website","url":"https:\/\/huisartsenposttilburg.nl\/tr\/","name":"Huisartsenpost Tilburg - T\u00fcrk\u00e7e","description":"","potentialAction":[{"@type":"SearchAction","target":{"@type":"EntryPoint","urlTemplate":"https:\/\/huisartsenposttilburg.nl\/tr\/?s={search_term_string}"},"query-input":{"@type":"PropertyValueSpecification","valueRequired":true,"valueName":"search_term_string"}}],"inLanguage":"tr"}]}},"_links":{"self":[{"href":"https:\/\/huisartsenposttilburg.nl\/tr\/wp-json\/wp\/v2\/pages\/186861","targetHints":{"allow":["GET"]}}],"collection":[{"href":"https:\/\/huisartsenposttilburg.nl\/tr\/wp-json\/wp\/v2\/pages"}],"about":[{"href":"https:\/\/huisartsenposttilburg.nl\/tr\/wp-json\/wp\/v2\/types\/page"}],"author":[{"embeddable":true,"href":"https:\/\/huisartsenposttilburg.nl\/tr\/wp-json\/wp\/v2\/users\/18"}],"replies":[{"embeddable":true,"href":"https:\/\/huisartsenposttilburg.nl\/tr\/wp-json\/wp\/v2\/comments?post=186861"}],"version-history":[{"count":8,"href":"https:\/\/huisartsenposttilburg.nl\/tr\/wp-json\/wp\/v2\/pages\/186861\/revisions"}],"predecessor-version":[{"id":187425,"href":"https:\/\/huisartsenposttilburg.nl\/tr\/wp-json\/wp\/v2\/pages\/186861\/revisions\/187425"}],"wp:attachment":[{"href":"https:\/\/huisartsenposttilburg.nl\/tr\/wp-json\/wp\/v2\/media?parent=186861"}],"curies":[{"name":"wp","href":"https:\/\/api.w.org\/{rel}","templated":true}]}}