{"id":186858,"date":"2024-06-18T13:07:11","date_gmt":"2024-06-18T11:07:11","guid":{"rendered":"https:\/\/huisartsenposttilburg.nl\/?page_id=186858"},"modified":"2024-12-24T12:19:39","modified_gmt":"2024-12-24T11:19:39","slug":"cocugumun-bas-agrisi-var","status":"publish","type":"page","link":"https:\/\/huisartsenposttilburg.nl\/tr\/cocugumun-bas-agrisi-var\/","title":{"rendered":"\u00c7ocu\u011fumun ba\u015f\u0131 a\u011fr\u0131yor"},"content":{"rendered":"\n<p>T\u00fcm \u00e7ocuklar\u0131n yar\u0131s\u0131nda zaman zaman ba\u015f a\u011fr\u0131s\u0131 olur. Genellikle 6 ya\u015f ve \u00fczeri \u00e7ocuklarda g\u00f6r\u00fcl\u00fcr. Bir \u00e7ocu\u011fun ba\u015f a\u011fr\u0131s\u0131 varsa, genellikle gerilim tipi ba\u015f a\u011fr\u0131s\u0131 veya migrendir. \u00c7ocu\u011funuz so\u011fuk alg\u0131nl\u0131\u011f\u0131 ile birlikte ba\u015f a\u011fr\u0131s\u0131 da ya\u015fayabilir. \u00c7ocuklarda ba\u015f a\u011fr\u0131s\u0131 genellikle k\u0131sa bir s\u00fcre, birka\u00e7 saat s\u00fcrer. Ba\u015f a\u011fr\u0131s\u0131 can s\u0131k\u0131c\u0131d\u0131r, ancak genellikle zarar vermez.<\/p>\n\n\n\n<p><a href=\"https:\/\/www.thuisarts.nl\/hoofdpijn\/mijn-kind-heeft-hoofdpijn\">Ba\u015f a\u011fr\u0131s\u0131 olan \u00e7ocuklar hakk\u0131nda g\u00fcvenilir bilgi<\/a> i\u00e7in \u00f6nce thuisarts.nl kontrol edin.<br><\/p>\n\n\n\n<p>Ertesi g\u00fcne kadar bekleyemiyor musunuz? Ard\u0131ndan GP Acil Durum \u0130stasyonunu aray\u0131n.<\/p>\n","protected":false},"excerpt":{"rendered":"<p>T\u00fcm \u00e7ocuklar\u0131n yar\u0131s\u0131nda zaman zaman ba\u015f a\u011fr\u0131s\u0131 olur. Genellikle 6 ya\u015f ve \u00fczeri \u00e7ocuklarda g\u00f6r\u00fcl\u00fcr. Bir \u00e7ocu\u011fun ba\u015f a\u011fr\u0131s\u0131 varsa, genellikle gerilim tipi ba\u015f a\u011fr\u0131s\u0131 veya migrendir. \u00c7ocu\u011funuz so\u011fuk alg\u0131nl\u0131\u011f\u0131 ile birlikte ba\u015f a\u011fr\u0131s\u0131 da ya\u015fayabilir. \u00c7ocuklarda ba\u015f a\u011fr\u0131s\u0131 genellikle k\u0131sa bir s\u00fcre, birka\u00e7 saat s\u00fcrer. Ba\u015f a\u011fr\u0131s\u0131 can s\u0131k\u0131c\u0131d\u0131r, ancak genellikle zarar vermez. Ba\u015f [&hellip;]<\/p>\n","protected":false},"author":18,"featured_media":0,"parent":0,"menu_order":0,"comment_status":"closed","ping_status":"closed","template":"","meta":{"_acf_changed":false,"_trash_the_other_posts":false,"editor_notices":[],"footnotes":""},"class_list":["post-186858","page","type-page","status-publish","hentry"],"acf":[],"yoast_head":"<!-- This site is optimized with the Yoast SEO plugin v26.6 - https:\/\/yoast.com\/wordpress\/plugins\/seo\/ -->\n<title>\u00c7ocu\u011fumun ba\u015f\u0131 a\u011fr\u0131yor - Huisartsenpost Tilburg - T\u00fcrk\u00e7e<\/title>\n<meta name=\"robots\" content=\"index, follow, max-snippet:-1, max-image-preview:large, max-video-preview:-1\" \/>\n<link rel=\"canonical\" href=\"https:\/\/huisartsenposttilburg.nl\/tr\/cocugumun-bas-agrisi-var\/\" \/>\n<meta property=\"og:locale\" content=\"tr_TR\" \/>\n<meta property=\"og:type\" content=\"article\" \/>\n<meta property=\"og:title\" content=\"\u00c7ocu\u011fumun ba\u015f\u0131 a\u011fr\u0131yor - Huisartsenpost Tilburg - T\u00fcrk\u00e7e\" \/>\n<meta property=\"og:description\" content=\"T\u00fcm \u00e7ocuklar\u0131n yar\u0131s\u0131nda zaman zaman ba\u015f a\u011fr\u0131s\u0131 olur. Genellikle 6 ya\u015f ve \u00fczeri \u00e7ocuklarda g\u00f6r\u00fcl\u00fcr. Bir \u00e7ocu\u011fun ba\u015f a\u011fr\u0131s\u0131 varsa, genellikle gerilim tipi ba\u015f a\u011fr\u0131s\u0131 veya migrendir. \u00c7ocu\u011funuz so\u011fuk alg\u0131nl\u0131\u011f\u0131 ile birlikte ba\u015f a\u011fr\u0131s\u0131 da ya\u015fayabilir. \u00c7ocuklarda ba\u015f a\u011fr\u0131s\u0131 genellikle k\u0131sa bir s\u00fcre, birka\u00e7 saat s\u00fcrer. Ba\u015f a\u011fr\u0131s\u0131 can s\u0131k\u0131c\u0131d\u0131r, ancak genellikle zarar vermez. Ba\u015f [&hellip;]\" \/>\n<meta property=\"og:url\" content=\"https:\/\/huisartsenposttilburg.nl\/tr\/cocugumun-bas-agrisi-var\/\" \/>\n<meta property=\"og:site_name\" content=\"Huisartsenpost Tilburg - T\u00fcrk\u00e7e\" \/>\n<meta property=\"article:modified_time\" content=\"2024-12-24T11:19:39+00:00\" \/>\n<meta name=\"twitter:card\" content=\"summary_large_image\" \/>\n<meta name=\"twitter:label1\" content=\"Tahmini okuma s\u00fcresi\" \/>\n\t<meta name=\"twitter:data1\" content=\"1 dakika\" \/>\n<script type=\"application\/ld+json\" class=\"yoast-schema-graph\">{\"@context\":\"https:\/\/schema.org\",\"@graph\":[{\"@type\":\"WebPage\",\"@id\":\"https:\/\/huisartsenposttilburg.nl\/tr\/cocugumun-bas-agrisi-var\/\",\"url\":\"https:\/\/huisartsenposttilburg.nl\/tr\/cocugumun-bas-agrisi-var\/\",\"name\":\"\u00c7ocu\u011fumun ba\u015f\u0131 a\u011fr\u0131yor - Huisartsenpost Tilburg - T\u00fcrk\u00e7e\",\"isPartOf\":{\"@id\":\"https:\/\/huisartsenposttilburg.nl\/tr\/#website\"},\"datePublished\":\"2024-06-18T11:07:11+00:00\",\"dateModified\":\"2024-12-24T11:19:39+00:00\",\"breadcrumb\":{\"@id\":\"https:\/\/huisartsenposttilburg.nl\/tr\/cocugumun-bas-agrisi-var\/#breadcrumb\"},\"inLanguage\":\"tr\",\"potentialAction\":[{\"@type\":\"ReadAction\",\"target\":[\"https:\/\/huisartsenposttilburg.nl\/tr\/cocugumun-bas-agrisi-var\/\"]}]},{\"@type\":\"BreadcrumbList\",\"@id\":\"https:\/\/huisartsenposttilburg.nl\/tr\/cocugumun-bas-agrisi-var\/#breadcrumb\",\"itemListElement\":[{\"@type\":\"ListItem\",\"position\":1,\"name\":\"Home\",\"item\":\"https:\/\/huisartsenposttilburg.nl\/tr\/\"},{\"@type\":\"ListItem\",\"position\":2,\"name\":\"\u00c7ocu\u011fumun ba\u015f\u0131 a\u011fr\u0131yor\"}]},{\"@type\":\"WebSite\",\"@id\":\"https:\/\/huisartsenposttilburg.nl\/tr\/#website\",\"url\":\"https:\/\/huisartsenposttilburg.nl\/tr\/\",\"name\":\"Huisartsenpost Tilburg - T\u00fcrk\u00e7e\",\"description\":\"\",\"potentialAction\":[{\"@type\":\"SearchAction\",\"target\":{\"@type\":\"EntryPoint\",\"urlTemplate\":\"https:\/\/huisartsenposttilburg.nl\/tr\/?s={search_term_string}\"},\"query-input\":{\"@type\":\"PropertyValueSpecification\",\"valueRequired\":true,\"valueName\":\"search_term_string\"}}],\"inLanguage\":\"tr\"}]}<\/script>\n<!-- \/ Yoast SEO plugin. -->","yoast_head_json":{"title":"\u00c7ocu\u011fumun ba\u015f\u0131 a\u011fr\u0131yor - Huisartsenpost Tilburg - T\u00fcrk\u00e7e","robots":{"index":"index","follow":"follow","max-snippet":"max-snippet:-1","max-image-preview":"max-image-preview:large","max-video-preview":"max-video-preview:-1"},"canonical":"https:\/\/huisartsenposttilburg.nl\/tr\/cocugumun-bas-agrisi-var\/","og_locale":"tr_TR","og_type":"article","og_title":"\u00c7ocu\u011fumun ba\u015f\u0131 a\u011fr\u0131yor - Huisartsenpost Tilburg - T\u00fcrk\u00e7e","og_description":"T\u00fcm \u00e7ocuklar\u0131n yar\u0131s\u0131nda zaman zaman ba\u015f a\u011fr\u0131s\u0131 olur. Genellikle 6 ya\u015f ve \u00fczeri \u00e7ocuklarda g\u00f6r\u00fcl\u00fcr. Bir \u00e7ocu\u011fun ba\u015f a\u011fr\u0131s\u0131 varsa, genellikle gerilim tipi ba\u015f a\u011fr\u0131s\u0131 veya migrendir. \u00c7ocu\u011funuz so\u011fuk alg\u0131nl\u0131\u011f\u0131 ile birlikte ba\u015f a\u011fr\u0131s\u0131 da ya\u015fayabilir. \u00c7ocuklarda ba\u015f a\u011fr\u0131s\u0131 genellikle k\u0131sa bir s\u00fcre, birka\u00e7 saat s\u00fcrer. Ba\u015f a\u011fr\u0131s\u0131 can s\u0131k\u0131c\u0131d\u0131r, ancak genellikle zarar vermez. Ba\u015f [&hellip;]","og_url":"https:\/\/huisartsenposttilburg.nl\/tr\/cocugumun-bas-agrisi-var\/","og_site_name":"Huisartsenpost Tilburg - T\u00fcrk\u00e7e","article_modified_time":"2024-12-24T11:19:39+00:00","twitter_card":"summary_large_image","twitter_misc":{"Tahmini okuma s\u00fcresi":"1 dakika"},"schema":{"@context":"https:\/\/schema.org","@graph":[{"@type":"WebPage","@id":"https:\/\/huisartsenposttilburg.nl\/tr\/cocugumun-bas-agrisi-var\/","url":"https:\/\/huisartsenposttilburg.nl\/tr\/cocugumun-bas-agrisi-var\/","name":"\u00c7ocu\u011fumun ba\u015f\u0131 a\u011fr\u0131yor - Huisartsenpost Tilburg - T\u00fcrk\u00e7e","isPartOf":{"@id":"https:\/\/huisartsenposttilburg.nl\/tr\/#website"},"datePublished":"2024-06-18T11:07:11+00:00","dateModified":"2024-12-24T11:19:39+00:00","breadcrumb":{"@id":"https:\/\/huisartsenposttilburg.nl\/tr\/cocugumun-bas-agrisi-var\/#breadcrumb"},"inLanguage":"tr","potentialAction":[{"@type":"ReadAction","target":["https:\/\/huisartsenposttilburg.nl\/tr\/cocugumun-bas-agrisi-var\/"]}]},{"@type":"BreadcrumbList","@id":"https:\/\/huisartsenposttilburg.nl\/tr\/cocugumun-bas-agrisi-var\/#breadcrumb","itemListElement":[{"@type":"ListItem","position":1,"name":"Home","item":"https:\/\/huisartsenposttilburg.nl\/tr\/"},{"@type":"ListItem","position":2,"name":"\u00c7ocu\u011fumun ba\u015f\u0131 a\u011fr\u0131yor"}]},{"@type":"WebSite","@id":"https:\/\/huisartsenposttilburg.nl\/tr\/#website","url":"https:\/\/huisartsenposttilburg.nl\/tr\/","name":"Huisartsenpost Tilburg - T\u00fcrk\u00e7e","description":"","potentialAction":[{"@type":"SearchAction","target":{"@type":"EntryPoint","urlTemplate":"https:\/\/huisartsenposttilburg.nl\/tr\/?s={search_term_string}"},"query-input":{"@type":"PropertyValueSpecification","valueRequired":true,"valueName":"search_term_string"}}],"inLanguage":"tr"}]}},"_links":{"self":[{"href":"https:\/\/huisartsenposttilburg.nl\/tr\/wp-json\/wp\/v2\/pages\/186858","targetHints":{"allow":["GET"]}}],"collection":[{"href":"https:\/\/huisartsenposttilburg.nl\/tr\/wp-json\/wp\/v2\/pages"}],"about":[{"href":"https:\/\/huisartsenposttilburg.nl\/tr\/wp-json\/wp\/v2\/types\/page"}],"author":[{"embeddable":true,"href":"https:\/\/huisartsenposttilburg.nl\/tr\/wp-json\/wp\/v2\/users\/18"}],"replies":[{"embeddable":true,"href":"https:\/\/huisartsenposttilburg.nl\/tr\/wp-json\/wp\/v2\/comments?post=186858"}],"version-history":[{"count":10,"href":"https:\/\/huisartsenposttilburg.nl\/tr\/wp-json\/wp\/v2\/pages\/186858\/revisions"}],"predecessor-version":[{"id":187420,"href":"https:\/\/huisartsenposttilburg.nl\/tr\/wp-json\/wp\/v2\/pages\/186858\/revisions\/187420"}],"wp:attachment":[{"href":"https:\/\/huisartsenposttilburg.nl\/tr\/wp-json\/wp\/v2\/media?parent=186858"}],"curies":[{"name":"wp","href":"https:\/\/api.w.org\/{rel}","templated":true}]}}