{"id":186844,"date":"2024-06-18T10:00:19","date_gmt":"2024-06-18T08:00:19","guid":{"rendered":"https:\/\/huisartsenposttilburg.nl\/?page_id=186844"},"modified":"2024-12-24T12:15:48","modified_gmt":"2024-12-24T11:15:48","slug":"cocugumun-karin-agrisi-var","status":"publish","type":"page","link":"https:\/\/huisartsenposttilburg.nl\/tr\/cocugumun-karin-agrisi-var\/","title":{"rendered":"\u00c7ocu\u011fumun karn\u0131 a\u011fr\u0131yor"},"content":{"rendered":"\n<p>K\u00fc\u00e7\u00fck \u00e7ocuklarda kar\u0131n a\u011fr\u0131s\u0131 bir\u00e7ok farkl\u0131 \u015feyden kaynaklanabilir. \u00d6rne\u011fin, baz\u0131 yiyecekler, iltihaplanma, kab\u0131zl\u0131k, alerji, gerginlik veya kayg\u0131 nedeniyle.<br>Her 10 \u00e7ocuktan yakla\u015f\u0131k 1&#8217;i d\u00fczenli olarak kar\u0131n a\u011fr\u0131s\u0131 \u00e7ekmektedir. K\u0131zlar erkeklerden daha s\u0131k. Kar\u0131n a\u011fr\u0131s\u0131 olan \u00e7ocuklar\u0131n yar\u0131s\u0131ndan fazlas\u0131nda fizik muayene \u015fikayetleri a\u00e7\u0131klayan belirgin bir anormallik olmad\u0131\u011f\u0131n\u0131 g\u00f6stermektedir. B\u00f6ylece di\u011fer \u00e7ocuklarla bir neden bulunabilir.<\/p>\n\n\n\n<p>Aramak<a href=\"https:\/\/www.thuisarts.nl\/buikpijn-bij-kinderen\">Kar\u0131n \u00fcst\u00fc \u00e7ocuklar hakk\u0131nda g\u00fcvenilir bilgi<\/a><a href=\"https:\/\/www.thuisarts.nl\/buikpijn-bij-kinderen\" target=\"_blank\" rel=\"noreferrer noopener\">Ijn<\/a>\u0130lk olarak thuisarts.nl.<br><\/p>\n\n\n\n<p>Ertesi g\u00fcne kadar bekleyemiyor musunuz? Ard\u0131ndan GP Acil Durum \u0130stasyonunu aray\u0131n.<\/p>\n","protected":false},"excerpt":{"rendered":"<p>K\u00fc\u00e7\u00fck \u00e7ocuklarda kar\u0131n a\u011fr\u0131s\u0131 bir\u00e7ok farkl\u0131 \u015feyden kaynaklanabilir. \u00d6rne\u011fin, baz\u0131 yiyecekler, iltihaplanma, kab\u0131zl\u0131k, alerji, gerginlik veya kayg\u0131 nedeniyle.Her 10 \u00e7ocuktan yakla\u015f\u0131k 1&#8217;i d\u00fczenli olarak kar\u0131n a\u011fr\u0131s\u0131 \u00e7ekmektedir. K\u0131zlar erkeklerden daha s\u0131k. Kar\u0131n a\u011fr\u0131s\u0131 olan \u00e7ocuklar\u0131n yar\u0131s\u0131ndan fazlas\u0131nda fizik muayene \u015fikayetleri a\u00e7\u0131klayan belirgin bir anormallik olmad\u0131\u011f\u0131n\u0131 g\u00f6stermektedir. B\u00f6ylece di\u011fer \u00e7ocuklarla bir neden bulunabilir. AramakKar\u0131n \u00fcst\u00fc \u00e7ocuklar [&hellip;]<\/p>\n","protected":false},"author":18,"featured_media":0,"parent":0,"menu_order":0,"comment_status":"closed","ping_status":"closed","template":"","meta":{"_acf_changed":false,"_trash_the_other_posts":false,"editor_notices":[],"footnotes":""},"class_list":["post-186844","page","type-page","status-publish","hentry"],"acf":[],"yoast_head":"<!-- This site is optimized with the Yoast SEO plugin v26.6 - https:\/\/yoast.com\/wordpress\/plugins\/seo\/ -->\n<title>\u00c7ocu\u011fumun karn\u0131 a\u011fr\u0131yor - Huisartsenpost Tilburg - T\u00fcrk\u00e7e<\/title>\n<meta name=\"robots\" content=\"index, follow, max-snippet:-1, max-image-preview:large, max-video-preview:-1\" \/>\n<link rel=\"canonical\" href=\"https:\/\/huisartsenposttilburg.nl\/tr\/cocugumun-karin-agrisi-var\/\" \/>\n<meta property=\"og:locale\" content=\"tr_TR\" \/>\n<meta property=\"og:type\" content=\"article\" \/>\n<meta property=\"og:title\" content=\"\u00c7ocu\u011fumun karn\u0131 a\u011fr\u0131yor - Huisartsenpost Tilburg - T\u00fcrk\u00e7e\" \/>\n<meta property=\"og:description\" content=\"K\u00fc\u00e7\u00fck \u00e7ocuklarda kar\u0131n a\u011fr\u0131s\u0131 bir\u00e7ok farkl\u0131 \u015feyden kaynaklanabilir. \u00d6rne\u011fin, baz\u0131 yiyecekler, iltihaplanma, kab\u0131zl\u0131k, alerji, gerginlik veya kayg\u0131 nedeniyle.Her 10 \u00e7ocuktan yakla\u015f\u0131k 1&#8217;i d\u00fczenli olarak kar\u0131n a\u011fr\u0131s\u0131 \u00e7ekmektedir. K\u0131zlar erkeklerden daha s\u0131k. Kar\u0131n a\u011fr\u0131s\u0131 olan \u00e7ocuklar\u0131n yar\u0131s\u0131ndan fazlas\u0131nda fizik muayene \u015fikayetleri a\u00e7\u0131klayan belirgin bir anormallik olmad\u0131\u011f\u0131n\u0131 g\u00f6stermektedir. B\u00f6ylece di\u011fer \u00e7ocuklarla bir neden bulunabilir. AramakKar\u0131n \u00fcst\u00fc \u00e7ocuklar [&hellip;]\" \/>\n<meta property=\"og:url\" content=\"https:\/\/huisartsenposttilburg.nl\/tr\/cocugumun-karin-agrisi-var\/\" \/>\n<meta property=\"og:site_name\" content=\"Huisartsenpost Tilburg - T\u00fcrk\u00e7e\" \/>\n<meta property=\"article:modified_time\" content=\"2024-12-24T11:15:48+00:00\" \/>\n<meta name=\"twitter:card\" content=\"summary_large_image\" \/>\n<meta name=\"twitter:label1\" content=\"Tahmini okuma s\u00fcresi\" \/>\n\t<meta name=\"twitter:data1\" content=\"1 dakika\" \/>\n<script type=\"application\/ld+json\" class=\"yoast-schema-graph\">{\"@context\":\"https:\/\/schema.org\",\"@graph\":[{\"@type\":\"WebPage\",\"@id\":\"https:\/\/huisartsenposttilburg.nl\/tr\/cocugumun-karin-agrisi-var\/\",\"url\":\"https:\/\/huisartsenposttilburg.nl\/tr\/cocugumun-karin-agrisi-var\/\",\"name\":\"\u00c7ocu\u011fumun karn\u0131 a\u011fr\u0131yor - Huisartsenpost Tilburg - T\u00fcrk\u00e7e\",\"isPartOf\":{\"@id\":\"https:\/\/huisartsenposttilburg.nl\/tr\/#website\"},\"datePublished\":\"2024-06-18T08:00:19+00:00\",\"dateModified\":\"2024-12-24T11:15:48+00:00\",\"breadcrumb\":{\"@id\":\"https:\/\/huisartsenposttilburg.nl\/tr\/cocugumun-karin-agrisi-var\/#breadcrumb\"},\"inLanguage\":\"tr\",\"potentialAction\":[{\"@type\":\"ReadAction\",\"target\":[\"https:\/\/huisartsenposttilburg.nl\/tr\/cocugumun-karin-agrisi-var\/\"]}]},{\"@type\":\"BreadcrumbList\",\"@id\":\"https:\/\/huisartsenposttilburg.nl\/tr\/cocugumun-karin-agrisi-var\/#breadcrumb\",\"itemListElement\":[{\"@type\":\"ListItem\",\"position\":1,\"name\":\"Home\",\"item\":\"https:\/\/huisartsenposttilburg.nl\/tr\/\"},{\"@type\":\"ListItem\",\"position\":2,\"name\":\"\u00c7ocu\u011fumun karn\u0131 a\u011fr\u0131yor\"}]},{\"@type\":\"WebSite\",\"@id\":\"https:\/\/huisartsenposttilburg.nl\/tr\/#website\",\"url\":\"https:\/\/huisartsenposttilburg.nl\/tr\/\",\"name\":\"Huisartsenpost Tilburg - T\u00fcrk\u00e7e\",\"description\":\"\",\"potentialAction\":[{\"@type\":\"SearchAction\",\"target\":{\"@type\":\"EntryPoint\",\"urlTemplate\":\"https:\/\/huisartsenposttilburg.nl\/tr\/?s={search_term_string}\"},\"query-input\":{\"@type\":\"PropertyValueSpecification\",\"valueRequired\":true,\"valueName\":\"search_term_string\"}}],\"inLanguage\":\"tr\"}]}<\/script>\n<!-- \/ Yoast SEO plugin. -->","yoast_head_json":{"title":"\u00c7ocu\u011fumun karn\u0131 a\u011fr\u0131yor - Huisartsenpost Tilburg - T\u00fcrk\u00e7e","robots":{"index":"index","follow":"follow","max-snippet":"max-snippet:-1","max-image-preview":"max-image-preview:large","max-video-preview":"max-video-preview:-1"},"canonical":"https:\/\/huisartsenposttilburg.nl\/tr\/cocugumun-karin-agrisi-var\/","og_locale":"tr_TR","og_type":"article","og_title":"\u00c7ocu\u011fumun karn\u0131 a\u011fr\u0131yor - Huisartsenpost Tilburg - T\u00fcrk\u00e7e","og_description":"K\u00fc\u00e7\u00fck \u00e7ocuklarda kar\u0131n a\u011fr\u0131s\u0131 bir\u00e7ok farkl\u0131 \u015feyden kaynaklanabilir. \u00d6rne\u011fin, baz\u0131 yiyecekler, iltihaplanma, kab\u0131zl\u0131k, alerji, gerginlik veya kayg\u0131 nedeniyle.Her 10 \u00e7ocuktan yakla\u015f\u0131k 1&#8217;i d\u00fczenli olarak kar\u0131n a\u011fr\u0131s\u0131 \u00e7ekmektedir. K\u0131zlar erkeklerden daha s\u0131k. Kar\u0131n a\u011fr\u0131s\u0131 olan \u00e7ocuklar\u0131n yar\u0131s\u0131ndan fazlas\u0131nda fizik muayene \u015fikayetleri a\u00e7\u0131klayan belirgin bir anormallik olmad\u0131\u011f\u0131n\u0131 g\u00f6stermektedir. B\u00f6ylece di\u011fer \u00e7ocuklarla bir neden bulunabilir. AramakKar\u0131n \u00fcst\u00fc \u00e7ocuklar [&hellip;]","og_url":"https:\/\/huisartsenposttilburg.nl\/tr\/cocugumun-karin-agrisi-var\/","og_site_name":"Huisartsenpost Tilburg - T\u00fcrk\u00e7e","article_modified_time":"2024-12-24T11:15:48+00:00","twitter_card":"summary_large_image","twitter_misc":{"Tahmini okuma s\u00fcresi":"1 dakika"},"schema":{"@context":"https:\/\/schema.org","@graph":[{"@type":"WebPage","@id":"https:\/\/huisartsenposttilburg.nl\/tr\/cocugumun-karin-agrisi-var\/","url":"https:\/\/huisartsenposttilburg.nl\/tr\/cocugumun-karin-agrisi-var\/","name":"\u00c7ocu\u011fumun karn\u0131 a\u011fr\u0131yor - Huisartsenpost Tilburg - T\u00fcrk\u00e7e","isPartOf":{"@id":"https:\/\/huisartsenposttilburg.nl\/tr\/#website"},"datePublished":"2024-06-18T08:00:19+00:00","dateModified":"2024-12-24T11:15:48+00:00","breadcrumb":{"@id":"https:\/\/huisartsenposttilburg.nl\/tr\/cocugumun-karin-agrisi-var\/#breadcrumb"},"inLanguage":"tr","potentialAction":[{"@type":"ReadAction","target":["https:\/\/huisartsenposttilburg.nl\/tr\/cocugumun-karin-agrisi-var\/"]}]},{"@type":"BreadcrumbList","@id":"https:\/\/huisartsenposttilburg.nl\/tr\/cocugumun-karin-agrisi-var\/#breadcrumb","itemListElement":[{"@type":"ListItem","position":1,"name":"Home","item":"https:\/\/huisartsenposttilburg.nl\/tr\/"},{"@type":"ListItem","position":2,"name":"\u00c7ocu\u011fumun karn\u0131 a\u011fr\u0131yor"}]},{"@type":"WebSite","@id":"https:\/\/huisartsenposttilburg.nl\/tr\/#website","url":"https:\/\/huisartsenposttilburg.nl\/tr\/","name":"Huisartsenpost Tilburg - T\u00fcrk\u00e7e","description":"","potentialAction":[{"@type":"SearchAction","target":{"@type":"EntryPoint","urlTemplate":"https:\/\/huisartsenposttilburg.nl\/tr\/?s={search_term_string}"},"query-input":{"@type":"PropertyValueSpecification","valueRequired":true,"valueName":"search_term_string"}}],"inLanguage":"tr"}]}},"_links":{"self":[{"href":"https:\/\/huisartsenposttilburg.nl\/tr\/wp-json\/wp\/v2\/pages\/186844","targetHints":{"allow":["GET"]}}],"collection":[{"href":"https:\/\/huisartsenposttilburg.nl\/tr\/wp-json\/wp\/v2\/pages"}],"about":[{"href":"https:\/\/huisartsenposttilburg.nl\/tr\/wp-json\/wp\/v2\/types\/page"}],"author":[{"embeddable":true,"href":"https:\/\/huisartsenposttilburg.nl\/tr\/wp-json\/wp\/v2\/users\/18"}],"replies":[{"embeddable":true,"href":"https:\/\/huisartsenposttilburg.nl\/tr\/wp-json\/wp\/v2\/comments?post=186844"}],"version-history":[{"count":10,"href":"https:\/\/huisartsenposttilburg.nl\/tr\/wp-json\/wp\/v2\/pages\/186844\/revisions"}],"predecessor-version":[{"id":187418,"href":"https:\/\/huisartsenposttilburg.nl\/tr\/wp-json\/wp\/v2\/pages\/186844\/revisions\/187418"}],"wp:attachment":[{"href":"https:\/\/huisartsenposttilburg.nl\/tr\/wp-json\/wp\/v2\/media?parent=186844"}],"curies":[{"name":"wp","href":"https:\/\/api.w.org\/{rel}","templated":true}]}}