{"id":186839,"date":"2024-06-18T09:50:46","date_gmt":"2024-06-18T07:50:46","guid":{"rendered":"https:\/\/huisartsenposttilburg.nl\/?page_id=186839"},"modified":"2024-12-24T12:13:47","modified_gmt":"2024-12-24T11:13:47","slug":"cocugumun-atesi-var","status":"publish","type":"page","link":"https:\/\/huisartsenposttilburg.nl\/tr\/cocugumun-atesi-var\/","title":{"rendered":"\u00c7ocu\u011fumun ate\u015fi var"},"content":{"rendered":"\n<p>Bir ebeveyn olarak, \u00e7ocu\u011funuz hasta oldu\u011funda bunu fark edersiniz. \u00c7ocu\u011funuz oynamak, az yemek yemek ya da hi\u00e7 yemek istemiyor ve kanepede ya da yatakta yatmay\u0131 tercih ediyor. Belki de endi\u015felisin. \u00dczerinde&nbsp;<a href=\"https:\/\/www.thuisarts.nl\/koorts-bij-kinderen\">Per\u015fembe web sitesi<\/a><a href=\"https:\/\/www.thuisarts.nl\/koorts-bij-kinderen\" target=\"_blank\" rel=\"noreferrer noopener\">Sanat<\/a>&nbsp;Hangi \u015fikayetler i\u00e7in bir doktora g\u00f6r\u00fcnmeniz gerekti\u011fini veya kendi ba\u015f\u0131n\u0131za neler yapabilece\u011finizi net bir \u015fekilde tan\u0131mlar.<br>Pratisyen hekimler, ate\u015fli \u00e7ocuklar hakk\u0131nda bilgi i\u00e7eren iyi bir kitap\u00e7\u0131k haz\u0131rlad\u0131lar.<\/p>\n\n\n\n<div class=\"wp-block-buttons is-layout-flex wp-block-buttons-is-layout-flex\">\n<div class=\"wp-block-button\"><a class=\"wp-block-button__link wp-element-button\" href=\"https:\/\/www.primacura.nl\/admin_assets\/content\/content_files\/public\/documenten\/Mijn_kind_heeft_koorts.pdf\">Kitap\u00e7\u0131\u011f\u0131 indirin<\/a><\/div>\n<\/div>\n\n\n\n<p>\n","protected":false},"excerpt":{"rendered":"<p>Bir ebeveyn olarak, \u00e7ocu\u011funuz hasta oldu\u011funda bunu fark edersiniz. \u00c7ocu\u011funuz oynamak, az yemek yemek ya da hi\u00e7 yemek istemiyor ve kanepede ya da yatakta yatmay\u0131 tercih ediyor. Belki de endi\u015felisin. \u00dczerinde&nbsp;Per\u015fembe web sitesiSanat&nbsp;Hangi \u015fikayetler i\u00e7in bir doktora g\u00f6r\u00fcnmeniz gerekti\u011fini veya kendi ba\u015f\u0131n\u0131za neler yapabilece\u011finizi net bir \u015fekilde tan\u0131mlar.Pratisyen hekimler, ate\u015fli \u00e7ocuklar hakk\u0131nda bilgi i\u00e7eren iyi [&hellip;]<\/p>\n","protected":false},"author":18,"featured_media":0,"parent":0,"menu_order":0,"comment_status":"closed","ping_status":"closed","template":"","meta":{"_acf_changed":false,"_trash_the_other_posts":false,"editor_notices":[],"footnotes":""},"class_list":["post-186839","page","type-page","status-publish","hentry"],"acf":[],"yoast_head":"<!-- This site is optimized with the Yoast SEO plugin v26.6 - https:\/\/yoast.com\/wordpress\/plugins\/seo\/ -->\n<title>\u00c7ocu\u011fumun ate\u015fi var - Huisartsenpost Tilburg - T\u00fcrk\u00e7e<\/title>\n<meta name=\"robots\" content=\"index, follow, max-snippet:-1, max-image-preview:large, max-video-preview:-1\" \/>\n<link rel=\"canonical\" href=\"https:\/\/huisartsenposttilburg.nl\/tr\/cocugumun-atesi-var\/\" \/>\n<meta property=\"og:locale\" content=\"tr_TR\" \/>\n<meta property=\"og:type\" content=\"article\" \/>\n<meta property=\"og:title\" content=\"\u00c7ocu\u011fumun ate\u015fi var - Huisartsenpost Tilburg - T\u00fcrk\u00e7e\" \/>\n<meta property=\"og:description\" content=\"Bir ebeveyn olarak, \u00e7ocu\u011funuz hasta oldu\u011funda bunu fark edersiniz. \u00c7ocu\u011funuz oynamak, az yemek yemek ya da hi\u00e7 yemek istemiyor ve kanepede ya da yatakta yatmay\u0131 tercih ediyor. Belki de endi\u015felisin. \u00dczerinde&nbsp;Per\u015fembe web sitesiSanat&nbsp;Hangi \u015fikayetler i\u00e7in bir doktora g\u00f6r\u00fcnmeniz gerekti\u011fini veya kendi ba\u015f\u0131n\u0131za neler yapabilece\u011finizi net bir \u015fekilde tan\u0131mlar.Pratisyen hekimler, ate\u015fli \u00e7ocuklar hakk\u0131nda bilgi i\u00e7eren iyi [&hellip;]\" \/>\n<meta property=\"og:url\" content=\"https:\/\/huisartsenposttilburg.nl\/tr\/cocugumun-atesi-var\/\" \/>\n<meta property=\"og:site_name\" content=\"Huisartsenpost Tilburg - T\u00fcrk\u00e7e\" \/>\n<meta property=\"article:modified_time\" content=\"2024-12-24T11:13:47+00:00\" \/>\n<meta name=\"twitter:card\" content=\"summary_large_image\" \/>\n<meta name=\"twitter:label1\" content=\"Tahmini okuma s\u00fcresi\" \/>\n\t<meta name=\"twitter:data1\" content=\"1 dakika\" \/>\n<script type=\"application\/ld+json\" class=\"yoast-schema-graph\">{\"@context\":\"https:\/\/schema.org\",\"@graph\":[{\"@type\":\"WebPage\",\"@id\":\"https:\/\/huisartsenposttilburg.nl\/tr\/cocugumun-atesi-var\/\",\"url\":\"https:\/\/huisartsenposttilburg.nl\/tr\/cocugumun-atesi-var\/\",\"name\":\"\u00c7ocu\u011fumun ate\u015fi var - Huisartsenpost Tilburg - T\u00fcrk\u00e7e\",\"isPartOf\":{\"@id\":\"https:\/\/huisartsenposttilburg.nl\/tr\/#website\"},\"datePublished\":\"2024-06-18T07:50:46+00:00\",\"dateModified\":\"2024-12-24T11:13:47+00:00\",\"breadcrumb\":{\"@id\":\"https:\/\/huisartsenposttilburg.nl\/tr\/cocugumun-atesi-var\/#breadcrumb\"},\"inLanguage\":\"tr\",\"potentialAction\":[{\"@type\":\"ReadAction\",\"target\":[\"https:\/\/huisartsenposttilburg.nl\/tr\/cocugumun-atesi-var\/\"]}]},{\"@type\":\"BreadcrumbList\",\"@id\":\"https:\/\/huisartsenposttilburg.nl\/tr\/cocugumun-atesi-var\/#breadcrumb\",\"itemListElement\":[{\"@type\":\"ListItem\",\"position\":1,\"name\":\"Home\",\"item\":\"https:\/\/huisartsenposttilburg.nl\/tr\/\"},{\"@type\":\"ListItem\",\"position\":2,\"name\":\"\u00c7ocu\u011fumun ate\u015fi var\"}]},{\"@type\":\"WebSite\",\"@id\":\"https:\/\/huisartsenposttilburg.nl\/tr\/#website\",\"url\":\"https:\/\/huisartsenposttilburg.nl\/tr\/\",\"name\":\"Huisartsenpost Tilburg - T\u00fcrk\u00e7e\",\"description\":\"\",\"potentialAction\":[{\"@type\":\"SearchAction\",\"target\":{\"@type\":\"EntryPoint\",\"urlTemplate\":\"https:\/\/huisartsenposttilburg.nl\/tr\/?s={search_term_string}\"},\"query-input\":{\"@type\":\"PropertyValueSpecification\",\"valueRequired\":true,\"valueName\":\"search_term_string\"}}],\"inLanguage\":\"tr\"}]}<\/script>\n<!-- \/ Yoast SEO plugin. -->","yoast_head_json":{"title":"\u00c7ocu\u011fumun ate\u015fi var - Huisartsenpost Tilburg - T\u00fcrk\u00e7e","robots":{"index":"index","follow":"follow","max-snippet":"max-snippet:-1","max-image-preview":"max-image-preview:large","max-video-preview":"max-video-preview:-1"},"canonical":"https:\/\/huisartsenposttilburg.nl\/tr\/cocugumun-atesi-var\/","og_locale":"tr_TR","og_type":"article","og_title":"\u00c7ocu\u011fumun ate\u015fi var - Huisartsenpost Tilburg - T\u00fcrk\u00e7e","og_description":"Bir ebeveyn olarak, \u00e7ocu\u011funuz hasta oldu\u011funda bunu fark edersiniz. \u00c7ocu\u011funuz oynamak, az yemek yemek ya da hi\u00e7 yemek istemiyor ve kanepede ya da yatakta yatmay\u0131 tercih ediyor. Belki de endi\u015felisin. \u00dczerinde&nbsp;Per\u015fembe web sitesiSanat&nbsp;Hangi \u015fikayetler i\u00e7in bir doktora g\u00f6r\u00fcnmeniz gerekti\u011fini veya kendi ba\u015f\u0131n\u0131za neler yapabilece\u011finizi net bir \u015fekilde tan\u0131mlar.Pratisyen hekimler, ate\u015fli \u00e7ocuklar hakk\u0131nda bilgi i\u00e7eren iyi [&hellip;]","og_url":"https:\/\/huisartsenposttilburg.nl\/tr\/cocugumun-atesi-var\/","og_site_name":"Huisartsenpost Tilburg - T\u00fcrk\u00e7e","article_modified_time":"2024-12-24T11:13:47+00:00","twitter_card":"summary_large_image","twitter_misc":{"Tahmini okuma s\u00fcresi":"1 dakika"},"schema":{"@context":"https:\/\/schema.org","@graph":[{"@type":"WebPage","@id":"https:\/\/huisartsenposttilburg.nl\/tr\/cocugumun-atesi-var\/","url":"https:\/\/huisartsenposttilburg.nl\/tr\/cocugumun-atesi-var\/","name":"\u00c7ocu\u011fumun ate\u015fi var - Huisartsenpost Tilburg - T\u00fcrk\u00e7e","isPartOf":{"@id":"https:\/\/huisartsenposttilburg.nl\/tr\/#website"},"datePublished":"2024-06-18T07:50:46+00:00","dateModified":"2024-12-24T11:13:47+00:00","breadcrumb":{"@id":"https:\/\/huisartsenposttilburg.nl\/tr\/cocugumun-atesi-var\/#breadcrumb"},"inLanguage":"tr","potentialAction":[{"@type":"ReadAction","target":["https:\/\/huisartsenposttilburg.nl\/tr\/cocugumun-atesi-var\/"]}]},{"@type":"BreadcrumbList","@id":"https:\/\/huisartsenposttilburg.nl\/tr\/cocugumun-atesi-var\/#breadcrumb","itemListElement":[{"@type":"ListItem","position":1,"name":"Home","item":"https:\/\/huisartsenposttilburg.nl\/tr\/"},{"@type":"ListItem","position":2,"name":"\u00c7ocu\u011fumun ate\u015fi var"}]},{"@type":"WebSite","@id":"https:\/\/huisartsenposttilburg.nl\/tr\/#website","url":"https:\/\/huisartsenposttilburg.nl\/tr\/","name":"Huisartsenpost Tilburg - T\u00fcrk\u00e7e","description":"","potentialAction":[{"@type":"SearchAction","target":{"@type":"EntryPoint","urlTemplate":"https:\/\/huisartsenposttilburg.nl\/tr\/?s={search_term_string}"},"query-input":{"@type":"PropertyValueSpecification","valueRequired":true,"valueName":"search_term_string"}}],"inLanguage":"tr"}]}},"_links":{"self":[{"href":"https:\/\/huisartsenposttilburg.nl\/tr\/wp-json\/wp\/v2\/pages\/186839","targetHints":{"allow":["GET"]}}],"collection":[{"href":"https:\/\/huisartsenposttilburg.nl\/tr\/wp-json\/wp\/v2\/pages"}],"about":[{"href":"https:\/\/huisartsenposttilburg.nl\/tr\/wp-json\/wp\/v2\/types\/page"}],"author":[{"embeddable":true,"href":"https:\/\/huisartsenposttilburg.nl\/tr\/wp-json\/wp\/v2\/users\/18"}],"replies":[{"embeddable":true,"href":"https:\/\/huisartsenposttilburg.nl\/tr\/wp-json\/wp\/v2\/comments?post=186839"}],"version-history":[{"count":7,"href":"https:\/\/huisartsenposttilburg.nl\/tr\/wp-json\/wp\/v2\/pages\/186839\/revisions"}],"predecessor-version":[{"id":187417,"href":"https:\/\/huisartsenposttilburg.nl\/tr\/wp-json\/wp\/v2\/pages\/186839\/revisions\/187417"}],"wp:attachment":[{"href":"https:\/\/huisartsenposttilburg.nl\/tr\/wp-json\/wp\/v2\/media?parent=186839"}],"curies":[{"name":"wp","href":"https:\/\/api.w.org\/{rel}","templated":true}]}}