{"id":133528,"date":"2023-11-13T11:04:24","date_gmt":"2023-11-13T10:04:24","guid":{"rendered":"https:\/\/huisartsenposttilburg.nl\/?page_id=133528"},"modified":"2024-12-23T15:01:59","modified_gmt":"2024-12-23T14:01:59","slug":"genc-cocuklarin-ebeveynleri","status":"publish","type":"page","link":"https:\/\/huisartsenposttilburg.nl\/tr\/genc-cocuklarin-ebeveynleri\/","title":{"rendered":"K\u00fc\u00e7\u00fck \u00e7ocuklar\u0131n ebeveynleri"},"content":{"rendered":"\n\n\n<figure class=\"wp-block-image size-large is-resized\"><img decoding=\"async\" width=\"1024\" height=\"257\" src=\"https:\/\/huisartsenposttilburg.nl\/content\/uploads\/2023\/11\/webbaner-algemeen-kersenrood-1024x257.webp\" alt=\"\" class=\"wp-image-133594\" style=\"aspect-ratio:3.9844357976653697;width:793px;height:auto\" srcset=\"https:\/\/huisartsenposttilburg.nl\/tr\/wp-content\/uploads\/sites\/164\/2023\/11\/webbaner-algemeen-kersenrood-1024x257.webp 1024w, https:\/\/huisartsenposttilburg.nl\/tr\/wp-content\/uploads\/sites\/164\/2023\/11\/webbaner-algemeen-kersenrood-300x75.webp 300w, https:\/\/huisartsenposttilburg.nl\/tr\/wp-content\/uploads\/sites\/164\/2023\/11\/webbaner-algemeen-kersenrood-768x193.webp 768w, https:\/\/huisartsenposttilburg.nl\/tr\/wp-content\/uploads\/sites\/164\/2023\/11\/webbaner-algemeen-kersenrood.webp 1200w\" sizes=\"(max-width: 1024px) 100vw, 1024px\" \/><\/figure>\n\n\n\n<p>Hepimiz bunu ebeveynler olarak tan\u0131r\u0131z: ani y\u00fcksek ate\u015f, kulak a\u011fr\u0131s\u0131, kusma, yara veya d\u00fc\u015fme&#8230; K\u00fc\u00e7\u00fck bir \u00e7ocu\u011fun ebeveyni olarak aniden u\u011fra\u015fmak zorunda kalabilece\u011finiz her \u015fey. Ancak bu hafta sonlar\u0131 veya ak\u015famlar\u0131 olursa ve kendi doktorunuz art\u0131k m\u00fcsait olmad\u0131\u011f\u0131nda ne yapars\u0131n\u0131z? GP acil durum istasyonunu ne zaman arars\u0131n\u0131z ve kendiniz ne yapabilirsiniz?<\/p>\n\n\n\n<p>K\u00fc\u00e7\u00fck \u00e7ocuklar\u0131n (0-4 ya\u015f) ebeveynleri genellikle t\u0131bbi olarak acil \u015fikayetleri olmayan GP Acil Durum Postas\u0131n\u0131 ararlar. Bir ebeveyn olarak size daha fazla destek ve g\u00fcvenilir bilgi sunmak i\u00e7in Acil Durum Postas\u0131 bir kampanya ba\u015flatt\u0131. Acil durum ne zaman ger\u00e7ekten acildir ve \u00e7ocu\u011funuz hastaysa kendiniz ne yapabilirsiniz?<\/p>\n\n\n\n<p>\u00c7ocuklardaki \u00e7e\u015fitli \u015fikayetler ve kendi ba\u015f\u0131n\u0131za neler yapabilece\u011finiz hakk\u0131nda daha fazla bilgi edinin:<\/p>\n\n\n\n<ul class=\"wp-block-list\">\n<li><a href=\"https:\/\/huisartsenposttilburg.nl\/mijn-kind-heeft-koorts\/\">Ate\u015f<\/a><\/li>\n\n\n\n<li><a href=\"https:\/\/huisartsenposttilburg.nl\/mijn-kind-heeft-buikpijn\/\">G\u00f6bek a\u011fr\u0131s\u0131<\/a><\/li>\n\n\n\n<li><a href=\"https:\/\/huisartsenposttilburg.nl\/mijn-kind-heeft-oorpijn\/\">Kulak a\u011fr\u0131s\u0131<\/a><\/li>\n\n\n\n<li><a href=\"https:\/\/huisartsenposttilburg.nl\/mijn-kind-heeft-een-snijwond\/\">Kesik yara<\/a><\/li>\n\n\n\n<li><a href=\"https:\/\/huisartsenposttilburg.nl\/mijn-kind-moet-vaak-hoesten\/\">\u00d6ks\u00fcr\u00fck<\/a><\/li>\n\n\n\n<li><a href=\"https:\/\/huisartsenposttilburg.nl\/mijn-kind-heeft-hoofdpijn\/\">Ba\u015f a\u011fr\u0131s\u0131<\/a><\/li>\n\n\n\n<li><a href=\"https:\/\/huisartsenposttilburg.nl\/mijn-kind-is-gestoken-door-een-insect\/\">Soktu<\/a><\/li>\n\n\n\n<li><a href=\"https:\/\/huisartsenposttilburg.nl\/mijn-kind-heeft-ontstoken-ogen\/\">\u0130ltihapl\u0131 g\u00f6zler<\/a><\/li>\n\n\n\n<li><a href=\"https:\/\/huisartsenposttilburg.nl\/mijn-kind-geeft-over\/\">Kusmak<\/a><\/li>\n\n\n\n<li><a href=\"https:\/\/huisartsenposttilburg.nl\/mijn-kind-heeft-vlekjes\/\">Deri d\u00f6k\u00fcnt\u00fcleri\/lekeleri<\/a><\/li>\n<\/ul>\n\n\n\n<h2 class=\"wp-block-heading\"><br><\/h2>\n","protected":false},"excerpt":{"rendered":"<p>Hepimiz bunu ebeveynler olarak tan\u0131r\u0131z: ani y\u00fcksek ate\u015f, kulak a\u011fr\u0131s\u0131, kusma, yara veya d\u00fc\u015fme&#8230; K\u00fc\u00e7\u00fck bir \u00e7ocu\u011fun ebeveyni olarak aniden u\u011fra\u015fmak zorunda kalabilece\u011finiz her \u015fey. Ancak bu hafta sonlar\u0131 veya ak\u015famlar\u0131 olursa ve kendi doktorunuz art\u0131k m\u00fcsait olmad\u0131\u011f\u0131nda ne yapars\u0131n\u0131z? GP acil durum istasyonunu ne zaman arars\u0131n\u0131z ve kendiniz ne yapabilirsiniz? K\u00fc\u00e7\u00fck \u00e7ocuklar\u0131n (0-4 ya\u015f) [&hellip;]<\/p>\n","protected":false},"author":19,"featured_media":0,"parent":0,"menu_order":0,"comment_status":"closed","ping_status":"closed","template":"","meta":{"_acf_changed":false,"_trash_the_other_posts":false,"editor_notices":[],"footnotes":""},"class_list":["post-133528","page","type-page","status-publish","hentry"],"acf":[],"yoast_head":"<!-- This site is optimized with the Yoast SEO plugin v26.6 - https:\/\/yoast.com\/wordpress\/plugins\/seo\/ -->\n<title>K\u00fc\u00e7\u00fck \u00e7ocuklar\u0131n ebeveynleri - Huisartsenpost Tilburg - T\u00fcrk\u00e7e<\/title>\n<meta name=\"description\" content=\"Pratisyen Hekimler Acil Durum Postas\u0131 Tilburg, \u00f6zellikle k\u00fc\u00e7\u00fck \u00e7ocuklu ebeveynler i\u00e7in bilgi derledi. En yayg\u0131n 10 ko\u015ful ve b\u00f6yle bir durumda kendi ba\u015f\u0131n\u0131za neler yapabilece\u011finize dair ipu\u00e7lar\u0131.\" \/>\n<meta name=\"robots\" content=\"index, follow, max-snippet:-1, max-image-preview:large, max-video-preview:-1\" \/>\n<link rel=\"canonical\" href=\"https:\/\/huisartsenposttilburg.nl\/tr\/genc-cocuklarin-ebeveynleri\/\" \/>\n<meta property=\"og:locale\" content=\"tr_TR\" \/>\n<meta property=\"og:type\" content=\"article\" \/>\n<meta property=\"og:title\" content=\"K\u00fc\u00e7\u00fck \u00e7ocuklar\u0131n ebeveynleri - Huisartsenpost Tilburg - T\u00fcrk\u00e7e\" \/>\n<meta property=\"og:description\" content=\"Pratisyen Hekimler Acil Durum Postas\u0131 Tilburg, \u00f6zellikle k\u00fc\u00e7\u00fck \u00e7ocuklu ebeveynler i\u00e7in bilgi derledi. En yayg\u0131n 10 ko\u015ful ve b\u00f6yle bir durumda kendi ba\u015f\u0131n\u0131za neler yapabilece\u011finize dair ipu\u00e7lar\u0131.\" \/>\n<meta property=\"og:url\" content=\"https:\/\/huisartsenposttilburg.nl\/tr\/genc-cocuklarin-ebeveynleri\/\" \/>\n<meta property=\"og:site_name\" content=\"Huisartsenpost Tilburg - T\u00fcrk\u00e7e\" \/>\n<meta property=\"article:modified_time\" content=\"2024-12-23T14:01:59+00:00\" \/>\n<meta property=\"og:image\" content=\"https:\/\/huisartsenposttilburg.nl\/content\/uploads\/2023\/11\/webbaner-algemeen-kersenrood-1024x257.webp\" \/>\n<meta name=\"twitter:card\" content=\"summary_large_image\" \/>\n<meta name=\"twitter:label1\" content=\"Tahmini okuma s\u00fcresi\" \/>\n\t<meta name=\"twitter:data1\" content=\"1 dakika\" \/>\n<script type=\"application\/ld+json\" class=\"yoast-schema-graph\">{\"@context\":\"https:\/\/schema.org\",\"@graph\":[{\"@type\":\"WebPage\",\"@id\":\"https:\/\/huisartsenposttilburg.nl\/tr\/genc-cocuklarin-ebeveynleri\/\",\"url\":\"https:\/\/huisartsenposttilburg.nl\/tr\/genc-cocuklarin-ebeveynleri\/\",\"name\":\"K\u00fc\u00e7\u00fck \u00e7ocuklar\u0131n ebeveynleri - Huisartsenpost Tilburg - T\u00fcrk\u00e7e\",\"isPartOf\":{\"@id\":\"https:\/\/huisartsenposttilburg.nl\/tr\/#website\"},\"primaryImageOfPage\":{\"@id\":\"https:\/\/huisartsenposttilburg.nl\/tr\/genc-cocuklarin-ebeveynleri\/#primaryimage\"},\"image\":{\"@id\":\"https:\/\/huisartsenposttilburg.nl\/tr\/genc-cocuklarin-ebeveynleri\/#primaryimage\"},\"thumbnailUrl\":\"https:\/\/huisartsenposttilburg.nl\/content\/uploads\/2023\/11\/webbaner-algemeen-kersenrood-1024x257.webp\",\"datePublished\":\"2023-11-13T10:04:24+00:00\",\"dateModified\":\"2024-12-23T14:01:59+00:00\",\"description\":\"Pratisyen Hekimler Acil Durum Postas\u0131 Tilburg, \u00f6zellikle k\u00fc\u00e7\u00fck \u00e7ocuklu ebeveynler i\u00e7in bilgi derledi. En yayg\u0131n 10 ko\u015ful ve b\u00f6yle bir durumda kendi ba\u015f\u0131n\u0131za neler yapabilece\u011finize dair ipu\u00e7lar\u0131.\",\"breadcrumb\":{\"@id\":\"https:\/\/huisartsenposttilburg.nl\/tr\/genc-cocuklarin-ebeveynleri\/#breadcrumb\"},\"inLanguage\":\"tr\",\"potentialAction\":[{\"@type\":\"ReadAction\",\"target\":[\"https:\/\/huisartsenposttilburg.nl\/tr\/genc-cocuklarin-ebeveynleri\/\"]}]},{\"@type\":\"ImageObject\",\"inLanguage\":\"tr\",\"@id\":\"https:\/\/huisartsenposttilburg.nl\/tr\/genc-cocuklarin-ebeveynleri\/#primaryimage\",\"url\":\"https:\/\/huisartsenposttilburg.nl\/content\/uploads\/2023\/11\/webbaner-algemeen-kersenrood-1024x257.webp\",\"contentUrl\":\"https:\/\/huisartsenposttilburg.nl\/content\/uploads\/2023\/11\/webbaner-algemeen-kersenrood-1024x257.webp\"},{\"@type\":\"BreadcrumbList\",\"@id\":\"https:\/\/huisartsenposttilburg.nl\/tr\/genc-cocuklarin-ebeveynleri\/#breadcrumb\",\"itemListElement\":[{\"@type\":\"ListItem\",\"position\":1,\"name\":\"Home\",\"item\":\"https:\/\/huisartsenposttilburg.nl\/tr\/\"},{\"@type\":\"ListItem\",\"position\":2,\"name\":\"K\u00fc\u00e7\u00fck \u00e7ocuklar\u0131n ebeveynleri\"}]},{\"@type\":\"WebSite\",\"@id\":\"https:\/\/huisartsenposttilburg.nl\/tr\/#website\",\"url\":\"https:\/\/huisartsenposttilburg.nl\/tr\/\",\"name\":\"Huisartsenpost Tilburg - T\u00fcrk\u00e7e\",\"description\":\"\",\"potentialAction\":[{\"@type\":\"SearchAction\",\"target\":{\"@type\":\"EntryPoint\",\"urlTemplate\":\"https:\/\/huisartsenposttilburg.nl\/tr\/?s={search_term_string}\"},\"query-input\":{\"@type\":\"PropertyValueSpecification\",\"valueRequired\":true,\"valueName\":\"search_term_string\"}}],\"inLanguage\":\"tr\"}]}<\/script>\n<!-- \/ Yoast SEO plugin. -->","yoast_head_json":{"title":"K\u00fc\u00e7\u00fck \u00e7ocuklar\u0131n ebeveynleri - Huisartsenpost Tilburg - T\u00fcrk\u00e7e","description":"Pratisyen Hekimler Acil Durum Postas\u0131 Tilburg, \u00f6zellikle k\u00fc\u00e7\u00fck \u00e7ocuklu ebeveynler i\u00e7in bilgi derledi. En yayg\u0131n 10 ko\u015ful ve b\u00f6yle bir durumda kendi ba\u015f\u0131n\u0131za neler yapabilece\u011finize dair ipu\u00e7lar\u0131.","robots":{"index":"index","follow":"follow","max-snippet":"max-snippet:-1","max-image-preview":"max-image-preview:large","max-video-preview":"max-video-preview:-1"},"canonical":"https:\/\/huisartsenposttilburg.nl\/tr\/genc-cocuklarin-ebeveynleri\/","og_locale":"tr_TR","og_type":"article","og_title":"K\u00fc\u00e7\u00fck \u00e7ocuklar\u0131n ebeveynleri - Huisartsenpost Tilburg - T\u00fcrk\u00e7e","og_description":"Pratisyen Hekimler Acil Durum Postas\u0131 Tilburg, \u00f6zellikle k\u00fc\u00e7\u00fck \u00e7ocuklu ebeveynler i\u00e7in bilgi derledi. En yayg\u0131n 10 ko\u015ful ve b\u00f6yle bir durumda kendi ba\u015f\u0131n\u0131za neler yapabilece\u011finize dair ipu\u00e7lar\u0131.","og_url":"https:\/\/huisartsenposttilburg.nl\/tr\/genc-cocuklarin-ebeveynleri\/","og_site_name":"Huisartsenpost Tilburg - T\u00fcrk\u00e7e","article_modified_time":"2024-12-23T14:01:59+00:00","og_image":[{"url":"https:\/\/huisartsenposttilburg.nl\/content\/uploads\/2023\/11\/webbaner-algemeen-kersenrood-1024x257.webp","type":"","width":"","height":""}],"twitter_card":"summary_large_image","twitter_misc":{"Tahmini okuma s\u00fcresi":"1 dakika"},"schema":{"@context":"https:\/\/schema.org","@graph":[{"@type":"WebPage","@id":"https:\/\/huisartsenposttilburg.nl\/tr\/genc-cocuklarin-ebeveynleri\/","url":"https:\/\/huisartsenposttilburg.nl\/tr\/genc-cocuklarin-ebeveynleri\/","name":"K\u00fc\u00e7\u00fck \u00e7ocuklar\u0131n ebeveynleri - Huisartsenpost Tilburg - T\u00fcrk\u00e7e","isPartOf":{"@id":"https:\/\/huisartsenposttilburg.nl\/tr\/#website"},"primaryImageOfPage":{"@id":"https:\/\/huisartsenposttilburg.nl\/tr\/genc-cocuklarin-ebeveynleri\/#primaryimage"},"image":{"@id":"https:\/\/huisartsenposttilburg.nl\/tr\/genc-cocuklarin-ebeveynleri\/#primaryimage"},"thumbnailUrl":"https:\/\/huisartsenposttilburg.nl\/content\/uploads\/2023\/11\/webbaner-algemeen-kersenrood-1024x257.webp","datePublished":"2023-11-13T10:04:24+00:00","dateModified":"2024-12-23T14:01:59+00:00","description":"Pratisyen Hekimler Acil Durum Postas\u0131 Tilburg, \u00f6zellikle k\u00fc\u00e7\u00fck \u00e7ocuklu ebeveynler i\u00e7in bilgi derledi. En yayg\u0131n 10 ko\u015ful ve b\u00f6yle bir durumda kendi ba\u015f\u0131n\u0131za neler yapabilece\u011finize dair ipu\u00e7lar\u0131.","breadcrumb":{"@id":"https:\/\/huisartsenposttilburg.nl\/tr\/genc-cocuklarin-ebeveynleri\/#breadcrumb"},"inLanguage":"tr","potentialAction":[{"@type":"ReadAction","target":["https:\/\/huisartsenposttilburg.nl\/tr\/genc-cocuklarin-ebeveynleri\/"]}]},{"@type":"ImageObject","inLanguage":"tr","@id":"https:\/\/huisartsenposttilburg.nl\/tr\/genc-cocuklarin-ebeveynleri\/#primaryimage","url":"https:\/\/huisartsenposttilburg.nl\/content\/uploads\/2023\/11\/webbaner-algemeen-kersenrood-1024x257.webp","contentUrl":"https:\/\/huisartsenposttilburg.nl\/content\/uploads\/2023\/11\/webbaner-algemeen-kersenrood-1024x257.webp"},{"@type":"BreadcrumbList","@id":"https:\/\/huisartsenposttilburg.nl\/tr\/genc-cocuklarin-ebeveynleri\/#breadcrumb","itemListElement":[{"@type":"ListItem","position":1,"name":"Home","item":"https:\/\/huisartsenposttilburg.nl\/tr\/"},{"@type":"ListItem","position":2,"name":"K\u00fc\u00e7\u00fck \u00e7ocuklar\u0131n ebeveynleri"}]},{"@type":"WebSite","@id":"https:\/\/huisartsenposttilburg.nl\/tr\/#website","url":"https:\/\/huisartsenposttilburg.nl\/tr\/","name":"Huisartsenpost Tilburg - T\u00fcrk\u00e7e","description":"","potentialAction":[{"@type":"SearchAction","target":{"@type":"EntryPoint","urlTemplate":"https:\/\/huisartsenposttilburg.nl\/tr\/?s={search_term_string}"},"query-input":{"@type":"PropertyValueSpecification","valueRequired":true,"valueName":"search_term_string"}}],"inLanguage":"tr"}]}},"_links":{"self":[{"href":"https:\/\/huisartsenposttilburg.nl\/tr\/wp-json\/wp\/v2\/pages\/133528","targetHints":{"allow":["GET"]}}],"collection":[{"href":"https:\/\/huisartsenposttilburg.nl\/tr\/wp-json\/wp\/v2\/pages"}],"about":[{"href":"https:\/\/huisartsenposttilburg.nl\/tr\/wp-json\/wp\/v2\/types\/page"}],"author":[{"embeddable":true,"href":"https:\/\/huisartsenposttilburg.nl\/tr\/wp-json\/wp\/v2\/users\/19"}],"replies":[{"embeddable":true,"href":"https:\/\/huisartsenposttilburg.nl\/tr\/wp-json\/wp\/v2\/comments?post=133528"}],"version-history":[{"count":7,"href":"https:\/\/huisartsenposttilburg.nl\/tr\/wp-json\/wp\/v2\/pages\/133528\/revisions"}],"predecessor-version":[{"id":187347,"href":"https:\/\/huisartsenposttilburg.nl\/tr\/wp-json\/wp\/v2\/pages\/133528\/revisions\/187347"}],"wp:attachment":[{"href":"https:\/\/huisartsenposttilburg.nl\/tr\/wp-json\/wp\/v2\/media?parent=133528"}],"curies":[{"name":"wp","href":"https:\/\/api.w.org\/{rel}","templated":true}]}}