{"id":6,"date":"2022-08-09T13:57:18","date_gmt":"2022-08-09T11:57:18","guid":{"rendered":"https:\/\/huisartsenspoedpost-zeist.mindd.dev\/?page_id=6"},"modified":"2025-05-14T11:14:42","modified_gmt":"2025-05-14T09:14:42","slug":"dom","status":"publish","type":"page","link":"https:\/\/huisartsenposttilburg.nl\/pl\/","title":{"rendered":"Dom"},"content":{"rendered":"","protected":false},"excerpt":{"rendered":"","protected":false},"author":3,"featured_media":0,"parent":0,"menu_order":0,"comment_status":"closed","ping_status":"closed","template":"","meta":{"_acf_changed":false,"_trash_the_other_posts":false,"editor_notices":[],"footnotes":""},"class_list":["post-6","page","type-page","status-publish","hentry"],"acf":[],"yoast_head":"<!-- This site is optimized with the Yoast SEO plugin v26.6 - https:\/\/yoast.com\/wordpress\/plugins\/seo\/ -->\n<title>Dom - Huisartsenpost Tilburg - Polski<\/title>\n<meta name=\"description\" content=\"Mo\u017cesz uda\u0107 si\u0119 do Huisartsenpost Tilburg, Primacura w celu uzyskania pomocy w nag\u0142ych wypadkach, kt\u00f3ra nie mo\u017ce czeka\u0107 do nast\u0119pnego dnia roboczego.\" \/>\n<meta name=\"robots\" content=\"index, follow, max-snippet:-1, max-image-preview:large, max-video-preview:-1\" \/>\n<link rel=\"canonical\" href=\"https:\/\/huisartsenposttilburg.nl\/pl\/\" \/>\n<meta property=\"og:locale\" content=\"pl_PL\" \/>\n<meta property=\"og:type\" content=\"article\" \/>\n<meta property=\"og:title\" content=\"Dom - Huisartsenpost Tilburg - Polski\" \/>\n<meta property=\"og:description\" content=\"Mo\u017cesz uda\u0107 si\u0119 do Huisartsenpost Tilburg, Primacura w celu uzyskania pomocy w nag\u0142ych wypadkach, kt\u00f3ra nie mo\u017ce czeka\u0107 do nast\u0119pnego dnia roboczego.\" \/>\n<meta property=\"og:url\" content=\"https:\/\/huisartsenposttilburg.nl\/pl\/\" \/>\n<meta property=\"og:site_name\" content=\"Huisartsenpost Tilburg - Polski\" \/>\n<meta property=\"article:modified_time\" content=\"2025-05-14T09:14:42+00:00\" \/>\n<meta name=\"twitter:card\" content=\"summary_large_image\" \/>\n<script type=\"application\/ld+json\" class=\"yoast-schema-graph\">{\"@context\":\"https:\/\/schema.org\",\"@graph\":[{\"@type\":\"WebPage\",\"@id\":\"https:\/\/huisartsenposttilburg.nl\/pl\/\",\"url\":\"https:\/\/huisartsenposttilburg.nl\/pl\/\",\"name\":\"Dom - Huisartsenpost Tilburg - Polski\",\"isPartOf\":{\"@id\":\"https:\/\/huisartsenposttilburg.nl\/pl\/#website\"},\"datePublished\":\"2022-08-09T11:57:18+00:00\",\"dateModified\":\"2025-05-14T09:14:42+00:00\",\"description\":\"Mo\u017cesz uda\u0107 si\u0119 do Huisartsenpost Tilburg, Primacura w celu uzyskania pomocy w nag\u0142ych wypadkach, kt\u00f3ra nie mo\u017ce czeka\u0107 do nast\u0119pnego dnia roboczego.\",\"breadcrumb\":{\"@id\":\"https:\/\/huisartsenposttilburg.nl\/pl\/#breadcrumb\"},\"inLanguage\":\"pl-PL\",\"potentialAction\":[{\"@type\":\"ReadAction\",\"target\":[\"https:\/\/huisartsenposttilburg.nl\/pl\/\"]}]},{\"@type\":\"BreadcrumbList\",\"@id\":\"https:\/\/huisartsenposttilburg.nl\/pl\/#breadcrumb\",\"itemListElement\":[{\"@type\":\"ListItem\",\"position\":1,\"name\":\"Home\",\"item\":\"https:\/\/huisartsenposttilburg.nl\/pl\/\"},{\"@type\":\"ListItem\",\"position\":2,\"name\":\"Dom\"}]},{\"@type\":\"WebSite\",\"@id\":\"https:\/\/huisartsenposttilburg.nl\/pl\/#website\",\"url\":\"https:\/\/huisartsenposttilburg.nl\/pl\/\",\"name\":\"Huisartsenpost Tilburg - Polski\",\"description\":\"\",\"potentialAction\":[{\"@type\":\"SearchAction\",\"target\":{\"@type\":\"EntryPoint\",\"urlTemplate\":\"https:\/\/huisartsenposttilburg.nl\/pl\/?s={search_term_string}\"},\"query-input\":{\"@type\":\"PropertyValueSpecification\",\"valueRequired\":true,\"valueName\":\"search_term_string\"}}],\"inLanguage\":\"pl-PL\"}]}<\/script>\n<!-- \/ Yoast SEO plugin. -->","yoast_head_json":{"title":"Dom - Huisartsenpost Tilburg - Polski","description":"Mo\u017cesz uda\u0107 si\u0119 do Huisartsenpost Tilburg, Primacura w celu uzyskania pomocy w nag\u0142ych wypadkach, kt\u00f3ra nie mo\u017ce czeka\u0107 do nast\u0119pnego dnia roboczego.","robots":{"index":"index","follow":"follow","max-snippet":"max-snippet:-1","max-image-preview":"max-image-preview:large","max-video-preview":"max-video-preview:-1"},"canonical":"https:\/\/huisartsenposttilburg.nl\/pl\/","og_locale":"pl_PL","og_type":"article","og_title":"Dom - Huisartsenpost Tilburg - Polski","og_description":"Mo\u017cesz uda\u0107 si\u0119 do Huisartsenpost Tilburg, Primacura w celu uzyskania pomocy w nag\u0142ych wypadkach, kt\u00f3ra nie mo\u017ce czeka\u0107 do nast\u0119pnego dnia roboczego.","og_url":"https:\/\/huisartsenposttilburg.nl\/pl\/","og_site_name":"Huisartsenpost Tilburg - Polski","article_modified_time":"2025-05-14T09:14:42+00:00","twitter_card":"summary_large_image","schema":{"@context":"https:\/\/schema.org","@graph":[{"@type":"WebPage","@id":"https:\/\/huisartsenposttilburg.nl\/pl\/","url":"https:\/\/huisartsenposttilburg.nl\/pl\/","name":"Dom - Huisartsenpost Tilburg - Polski","isPartOf":{"@id":"https:\/\/huisartsenposttilburg.nl\/pl\/#website"},"datePublished":"2022-08-09T11:57:18+00:00","dateModified":"2025-05-14T09:14:42+00:00","description":"Mo\u017cesz uda\u0107 si\u0119 do Huisartsenpost Tilburg, Primacura w celu uzyskania pomocy w nag\u0142ych wypadkach, kt\u00f3ra nie mo\u017ce czeka\u0107 do nast\u0119pnego dnia roboczego.","breadcrumb":{"@id":"https:\/\/huisartsenposttilburg.nl\/pl\/#breadcrumb"},"inLanguage":"pl-PL","potentialAction":[{"@type":"ReadAction","target":["https:\/\/huisartsenposttilburg.nl\/pl\/"]}]},{"@type":"BreadcrumbList","@id":"https:\/\/huisartsenposttilburg.nl\/pl\/#breadcrumb","itemListElement":[{"@type":"ListItem","position":1,"name":"Home","item":"https:\/\/huisartsenposttilburg.nl\/pl\/"},{"@type":"ListItem","position":2,"name":"Dom"}]},{"@type":"WebSite","@id":"https:\/\/huisartsenposttilburg.nl\/pl\/#website","url":"https:\/\/huisartsenposttilburg.nl\/pl\/","name":"Huisartsenpost Tilburg - Polski","description":"","potentialAction":[{"@type":"SearchAction","target":{"@type":"EntryPoint","urlTemplate":"https:\/\/huisartsenposttilburg.nl\/pl\/?s={search_term_string}"},"query-input":{"@type":"PropertyValueSpecification","valueRequired":true,"valueName":"search_term_string"}}],"inLanguage":"pl-PL"}]}},"_links":{"self":[{"href":"https:\/\/huisartsenposttilburg.nl\/pl\/wp-json\/wp\/v2\/pages\/6","targetHints":{"allow":["GET"]}}],"collection":[{"href":"https:\/\/huisartsenposttilburg.nl\/pl\/wp-json\/wp\/v2\/pages"}],"about":[{"href":"https:\/\/huisartsenposttilburg.nl\/pl\/wp-json\/wp\/v2\/types\/page"}],"author":[{"embeddable":true,"href":"https:\/\/huisartsenposttilburg.nl\/pl\/wp-json\/wp\/v2\/users\/3"}],"replies":[{"embeddable":true,"href":"https:\/\/huisartsenposttilburg.nl\/pl\/wp-json\/wp\/v2\/comments?post=6"}],"version-history":[{"count":5,"href":"https:\/\/huisartsenposttilburg.nl\/pl\/wp-json\/wp\/v2\/pages\/6\/revisions"}],"predecessor-version":[{"id":187423,"href":"https:\/\/huisartsenposttilburg.nl\/pl\/wp-json\/wp\/v2\/pages\/6\/revisions\/187423"}],"wp:attachment":[{"href":"https:\/\/huisartsenposttilburg.nl\/pl\/wp-json\/wp\/v2\/media?parent=6"}],"curies":[{"name":"wp","href":"https:\/\/api.w.org\/{rel}","templated":true}]}}