{"id":2073,"date":"2023-04-27T09:30:39","date_gmt":"2023-04-27T07:30:39","guid":{"rendered":"https:\/\/huisartsenposttilburg.nl\/?page_id=2073"},"modified":"2024-12-23T15:03:13","modified_gmt":"2024-12-23T14:03:13","slug":"scena","status":"publish","type":"page","link":"https:\/\/huisartsenposttilburg.nl\/pl\/scena\/","title":{"rendered":"Scena"},"content":{"rendered":"\n\n\n<p>W punkcie medycznym lekarza rodzinnego w Tilburgu i Waalwijk lekarze rodzinni i pracownicy oferuj\u0105 opiek\u0119 lekarza rodzinnego w nag\u0142ych wypadkach, jest to opieka, kt\u00f3ra nie mo\u017ce czeka\u0107 do nast\u0119pnego dnia roboczego. Robimy to dla ponad 400 000 mieszka\u0144c\u00f3w regionu Brabancji \u015arodkowej.<\/p>\n\n\n\n<p>Obszar roboczy stacji ratunkowych lekarzy rodzinnych PrimaCura:<\/p>\n\n\n\n<h2 class=\"wp-block-heading has-medium-font-size\">gmina Alphen Chaam<\/h2>\n\n\n\n<p>Dobroczynny<\/p>\n\n\n\n<h2 class=\"wp-block-heading has-medium-font-size\">gmina Gilze en Rijen<\/h2>\n\n\n\n<p>Gilze Gilze (Gilze)<\/p>\n\n\n\n<h2 class=\"wp-block-heading has-medium-font-size\">gmina Goirle<\/h2>\n\n\n\n<p>Goirle | Riel<\/p>\n\n\n\n<h2 class=\"wp-block-heading has-medium-font-size\">gmina Heusden<\/h2>\n\n\n\n<p>Drunen | Elshout powiedzia\u0142:<\/p>\n\n\n\n<h2 class=\"wp-block-heading has-medium-font-size\">gmina Hilvarenbeek<\/h2>\n\n\n\n<p>Baarschot | Colostrum Houtakker | Diessen | Esbeek | Haghorst | Hilvarenbeek<\/p>\n\n\n\n<h2 class=\"wp-block-heading has-medium-font-size\">gmina Loon op Zand<\/h2>\n\n\n\n<p>Orzech | Kaatsheuvel | Loon op Zand<\/p>\n\n\n\n<h2 class=\"wp-block-heading has-medium-font-size\">gmina Oisterwijk<\/h2>\n\n\n\n<p>Haaren | Heukelom | Moergestel | Oisterwijk<\/p>\n\n\n\n<h2 class=\"wp-block-heading has-medium-font-size\">gmina Tilburg<\/h2>\n\n\n\n<p>Berkel-Enschot | Zaprawa szuwarowa | Tilburg | Udenhout powiedzia\u0142:<\/p>\n\n\n\n<h2 class=\"wp-block-heading has-medium-font-size\">gmina Waalwijk<\/h2>\n\n\n\n<p>Sprang-Capelle | Waalwijk | Waspik powiedzia\u0142:<\/p>\n","protected":false},"excerpt":{"rendered":"<p>W punkcie medycznym lekarza rodzinnego w Tilburgu i Waalwijk lekarze rodzinni i pracownicy oferuj\u0105 opiek\u0119 lekarza rodzinnego w nag\u0142ych wypadkach, jest to opieka, kt\u00f3ra nie mo\u017ce czeka\u0107 do nast\u0119pnego dnia roboczego. Robimy to dla ponad 400 000 mieszka\u0144c\u00f3w regionu Brabancji \u015arodkowej. Obszar roboczy stacji ratunkowych lekarzy rodzinnych PrimaCura: gmina Alphen Chaam Dobroczynny gmina Gilze en [&hellip;]<\/p>\n","protected":false},"author":3,"featured_media":0,"parent":0,"menu_order":0,"comment_status":"closed","ping_status":"closed","template":"","meta":{"_acf_changed":false,"_trash_the_other_posts":false,"editor_notices":[],"footnotes":""},"class_list":["post-2073","page","type-page","status-publish","hentry"],"acf":[],"yoast_head":"<!-- This site is optimized with the Yoast SEO plugin v26.6 - https:\/\/yoast.com\/wordpress\/plugins\/seo\/ -->\n<title>Scena - Huisartsenpost Tilburg - Polski<\/title>\n<meta name=\"robots\" content=\"index, follow, max-snippet:-1, max-image-preview:large, max-video-preview:-1\" \/>\n<link rel=\"canonical\" href=\"https:\/\/huisartsenposttilburg.nl\/pl\/scena\/\" \/>\n<meta property=\"og:locale\" content=\"pl_PL\" \/>\n<meta property=\"og:type\" content=\"article\" \/>\n<meta property=\"og:title\" content=\"Scena - Huisartsenpost Tilburg - Polski\" \/>\n<meta property=\"og:description\" content=\"W punkcie medycznym lekarza rodzinnego w Tilburgu i Waalwijk lekarze rodzinni i pracownicy oferuj\u0105 opiek\u0119 lekarza rodzinnego w nag\u0142ych wypadkach, jest to opieka, kt\u00f3ra nie mo\u017ce czeka\u0107 do nast\u0119pnego dnia roboczego. Robimy to dla ponad 400 000 mieszka\u0144c\u00f3w regionu Brabancji \u015arodkowej. Obszar roboczy stacji ratunkowych lekarzy rodzinnych PrimaCura: gmina Alphen Chaam Dobroczynny gmina Gilze en [&hellip;]\" \/>\n<meta property=\"og:url\" content=\"https:\/\/huisartsenposttilburg.nl\/pl\/scena\/\" \/>\n<meta property=\"og:site_name\" content=\"Huisartsenpost Tilburg - Polski\" \/>\n<meta property=\"article:modified_time\" content=\"2024-12-23T14:03:13+00:00\" \/>\n<meta name=\"twitter:card\" content=\"summary_large_image\" \/>\n<meta name=\"twitter:label1\" content=\"Szacowany czas czytania\" \/>\n\t<meta name=\"twitter:data1\" content=\"1 minuta\" \/>\n<script type=\"application\/ld+json\" class=\"yoast-schema-graph\">{\"@context\":\"https:\/\/schema.org\",\"@graph\":[{\"@type\":\"WebPage\",\"@id\":\"https:\/\/huisartsenposttilburg.nl\/pl\/scena\/\",\"url\":\"https:\/\/huisartsenposttilburg.nl\/pl\/scena\/\",\"name\":\"Scena - Huisartsenpost Tilburg - Polski\",\"isPartOf\":{\"@id\":\"https:\/\/huisartsenposttilburg.nl\/pl\/#website\"},\"datePublished\":\"2023-04-27T07:30:39+00:00\",\"dateModified\":\"2024-12-23T14:03:13+00:00\",\"breadcrumb\":{\"@id\":\"https:\/\/huisartsenposttilburg.nl\/pl\/scena\/#breadcrumb\"},\"inLanguage\":\"pl-PL\",\"potentialAction\":[{\"@type\":\"ReadAction\",\"target\":[\"https:\/\/huisartsenposttilburg.nl\/pl\/scena\/\"]}]},{\"@type\":\"BreadcrumbList\",\"@id\":\"https:\/\/huisartsenposttilburg.nl\/pl\/scena\/#breadcrumb\",\"itemListElement\":[{\"@type\":\"ListItem\",\"position\":1,\"name\":\"Home\",\"item\":\"https:\/\/huisartsenposttilburg.nl\/pl\/\"},{\"@type\":\"ListItem\",\"position\":2,\"name\":\"Scena\"}]},{\"@type\":\"WebSite\",\"@id\":\"https:\/\/huisartsenposttilburg.nl\/pl\/#website\",\"url\":\"https:\/\/huisartsenposttilburg.nl\/pl\/\",\"name\":\"Huisartsenpost Tilburg - Polski\",\"description\":\"\",\"potentialAction\":[{\"@type\":\"SearchAction\",\"target\":{\"@type\":\"EntryPoint\",\"urlTemplate\":\"https:\/\/huisartsenposttilburg.nl\/pl\/?s={search_term_string}\"},\"query-input\":{\"@type\":\"PropertyValueSpecification\",\"valueRequired\":true,\"valueName\":\"search_term_string\"}}],\"inLanguage\":\"pl-PL\"}]}<\/script>\n<!-- \/ Yoast SEO plugin. -->","yoast_head_json":{"title":"Scena - Huisartsenpost Tilburg - Polski","robots":{"index":"index","follow":"follow","max-snippet":"max-snippet:-1","max-image-preview":"max-image-preview:large","max-video-preview":"max-video-preview:-1"},"canonical":"https:\/\/huisartsenposttilburg.nl\/pl\/scena\/","og_locale":"pl_PL","og_type":"article","og_title":"Scena - Huisartsenpost Tilburg - Polski","og_description":"W punkcie medycznym lekarza rodzinnego w Tilburgu i Waalwijk lekarze rodzinni i pracownicy oferuj\u0105 opiek\u0119 lekarza rodzinnego w nag\u0142ych wypadkach, jest to opieka, kt\u00f3ra nie mo\u017ce czeka\u0107 do nast\u0119pnego dnia roboczego. Robimy to dla ponad 400 000 mieszka\u0144c\u00f3w regionu Brabancji \u015arodkowej. Obszar roboczy stacji ratunkowych lekarzy rodzinnych PrimaCura: gmina Alphen Chaam Dobroczynny gmina Gilze en [&hellip;]","og_url":"https:\/\/huisartsenposttilburg.nl\/pl\/scena\/","og_site_name":"Huisartsenpost Tilburg - Polski","article_modified_time":"2024-12-23T14:03:13+00:00","twitter_card":"summary_large_image","twitter_misc":{"Szacowany czas czytania":"1 minuta"},"schema":{"@context":"https:\/\/schema.org","@graph":[{"@type":"WebPage","@id":"https:\/\/huisartsenposttilburg.nl\/pl\/scena\/","url":"https:\/\/huisartsenposttilburg.nl\/pl\/scena\/","name":"Scena - Huisartsenpost Tilburg - Polski","isPartOf":{"@id":"https:\/\/huisartsenposttilburg.nl\/pl\/#website"},"datePublished":"2023-04-27T07:30:39+00:00","dateModified":"2024-12-23T14:03:13+00:00","breadcrumb":{"@id":"https:\/\/huisartsenposttilburg.nl\/pl\/scena\/#breadcrumb"},"inLanguage":"pl-PL","potentialAction":[{"@type":"ReadAction","target":["https:\/\/huisartsenposttilburg.nl\/pl\/scena\/"]}]},{"@type":"BreadcrumbList","@id":"https:\/\/huisartsenposttilburg.nl\/pl\/scena\/#breadcrumb","itemListElement":[{"@type":"ListItem","position":1,"name":"Home","item":"https:\/\/huisartsenposttilburg.nl\/pl\/"},{"@type":"ListItem","position":2,"name":"Scena"}]},{"@type":"WebSite","@id":"https:\/\/huisartsenposttilburg.nl\/pl\/#website","url":"https:\/\/huisartsenposttilburg.nl\/pl\/","name":"Huisartsenpost Tilburg - Polski","description":"","potentialAction":[{"@type":"SearchAction","target":{"@type":"EntryPoint","urlTemplate":"https:\/\/huisartsenposttilburg.nl\/pl\/?s={search_term_string}"},"query-input":{"@type":"PropertyValueSpecification","valueRequired":true,"valueName":"search_term_string"}}],"inLanguage":"pl-PL"}]}},"_links":{"self":[{"href":"https:\/\/huisartsenposttilburg.nl\/pl\/wp-json\/wp\/v2\/pages\/2073","targetHints":{"allow":["GET"]}}],"collection":[{"href":"https:\/\/huisartsenposttilburg.nl\/pl\/wp-json\/wp\/v2\/pages"}],"about":[{"href":"https:\/\/huisartsenposttilburg.nl\/pl\/wp-json\/wp\/v2\/types\/page"}],"author":[{"embeddable":true,"href":"https:\/\/huisartsenposttilburg.nl\/pl\/wp-json\/wp\/v2\/users\/3"}],"replies":[{"embeddable":true,"href":"https:\/\/huisartsenposttilburg.nl\/pl\/wp-json\/wp\/v2\/comments?post=2073"}],"version-history":[{"count":2,"href":"https:\/\/huisartsenposttilburg.nl\/pl\/wp-json\/wp\/v2\/pages\/2073\/revisions"}],"predecessor-version":[{"id":187401,"href":"https:\/\/huisartsenposttilburg.nl\/pl\/wp-json\/wp\/v2\/pages\/2073\/revisions\/187401"}],"wp:attachment":[{"href":"https:\/\/huisartsenposttilburg.nl\/pl\/wp-json\/wp\/v2\/media?parent=2073"}],"curies":[{"name":"wp","href":"https:\/\/api.w.org\/{rel}","templated":true}]}}