{"id":2070,"date":"2023-04-27T09:24:36","date_gmt":"2023-04-27T07:24:36","guid":{"rendered":"https:\/\/huisartsenposttilburg.nl\/?page_id=2070"},"modified":"2026-01-02T09:19:59","modified_gmt":"2026-01-02T08:19:59","slug":"stawki","status":"publish","type":"page","link":"https:\/\/huisartsenposttilburg.nl\/pl\/stawki\/","title":{"rendered":"Ceny"},"content":{"rendered":"\n\n\n<h2 class=\"wp-block-heading\">Ile kosztuje wizyta w stacji medycznej?<\/h2>\n\n\n\n<p>Ka\u017cdy kontakt z przychodni\u0105 lekarsk\u0105 w Tilburg\/Waalwijk kosztuje pieni\u0105dze. Musimy te\u017c pobiera\u0107 op\u0142at\u0119 za konsultacj\u0119 telefoniczn\u0105. Podstawowe ubezpieczenie pokrywa koszty leczenia lekarza rodzinnego oraz kontaktu z punktem medycznym. Nie odlicza si\u0119 od udzia\u0142u w\u0142asnego.<\/p>\n\n\n\n<p>Czy jeste\u015b ubezpieczony? Wtedy rachunek trafia bezpo\u015brednio do Twojego ubezpieczyciela zdrowotnego.<\/p>\n\n\n\n<p>Czy nie jeste\u015b ubezpieczony lub nie mo\u017cesz si\u0119 zidentyfikowa\u0107? Nast\u0119pnie bezpo\u015brednio pokrywa si\u0119 koszty konsultacji podczas wizyty w przychodni lekarza rodzinnego w Tilburg lub Waalwijk. Mo\u017cesz zap\u0142aci\u0107 tylko na podstawie kodu i p\u0142atno\u015b\u0107 musi zosta\u0107 dokonana przed konsultacj\u0105. Nast\u0119pnie otrzymasz potwierdzenie p\u0142atno\u015bci. Mo\u017cesz samodzielnie zg\u0142osi\u0107 to do swojego ubezpieczyciela zdrowotnego.<\/p>\n\n\n\n\n\n\n\n<p>Stawki od <strong>1 stycznia 2026<\/strong> roku przedstawiaj\u0105 si\u0119:<\/p>\n\n\n\n<ul class=\"wp-block-list\">\n<li>Konsultacja telefoniczna: 35,00 \u20ac<\/li>\n\n\n\n<li>Konsultacja w stacji medycznej: 198,43 \u20ac<\/li>\n\n\n\n<li>Wizyta w kraju: \u20ac297,65<\/li>\n\n\n\n<li>(Powtarzaj) przepis: \u20ac35,00<\/li>\n<\/ul>\n\n\n\n<p>Kwoty te zosta\u0142y ustalone przez Holenderski Urz\u0105d Opieki Zdrowotnej.<\/p>\n","protected":false},"excerpt":{"rendered":"<p>Ile kosztuje wizyta w stacji medycznej? Ka\u017cdy kontakt z przychodni\u0105 lekarsk\u0105 w Tilburg\/Waalwijk kosztuje pieni\u0105dze. Musimy te\u017c pobiera\u0107 op\u0142at\u0119 za konsultacj\u0119 telefoniczn\u0105. Podstawowe ubezpieczenie pokrywa koszty leczenia lekarza rodzinnego oraz kontaktu z punktem medycznym. Nie odlicza si\u0119 od udzia\u0142u w\u0142asnego. Czy jeste\u015b ubezpieczony? Wtedy rachunek trafia bezpo\u015brednio do Twojego ubezpieczyciela zdrowotnego. Czy nie jeste\u015b ubezpieczony [&hellip;]<\/p>\n","protected":false},"author":3,"featured_media":0,"parent":0,"menu_order":0,"comment_status":"closed","ping_status":"closed","template":"","meta":{"_acf_changed":false,"_trash_the_other_posts":false,"editor_notices":[],"footnotes":""},"class_list":["post-2070","page","type-page","status-publish","hentry"],"acf":[],"yoast_head":"<!-- This site is optimized with the Yoast SEO plugin v26.6 - https:\/\/yoast.com\/wordpress\/plugins\/seo\/ -->\n<title>Ceny - Huisartsenpost Tilburg - Polski<\/title>\n<meta name=\"description\" content=\"W punkcie lekarza rodzinnego obowi\u0105zuj\u0105 r\u00f3\u017cne stawki za tria\u017c, konsultacje i wizyty. Mo\u017cesz je zobaczy\u0107 na tej stronie.\" \/>\n<meta name=\"robots\" content=\"index, follow, max-snippet:-1, max-image-preview:large, max-video-preview:-1\" \/>\n<link rel=\"canonical\" href=\"https:\/\/huisartsenposttilburg.nl\/pl\/stawki\/\" \/>\n<meta property=\"og:locale\" content=\"pl_PL\" \/>\n<meta property=\"og:type\" content=\"article\" \/>\n<meta property=\"og:title\" content=\"Ceny - Huisartsenpost Tilburg - Polski\" \/>\n<meta property=\"og:description\" content=\"W punkcie lekarza rodzinnego obowi\u0105zuj\u0105 r\u00f3\u017cne stawki za tria\u017c, konsultacje i wizyty. Mo\u017cesz je zobaczy\u0107 na tej stronie.\" \/>\n<meta property=\"og:url\" content=\"https:\/\/huisartsenposttilburg.nl\/pl\/stawki\/\" \/>\n<meta property=\"og:site_name\" content=\"Huisartsenpost Tilburg - Polski\" \/>\n<meta property=\"article:modified_time\" content=\"2026-01-02T08:19:59+00:00\" \/>\n<meta name=\"twitter:card\" content=\"summary_large_image\" \/>\n<meta name=\"twitter:label1\" content=\"Szacowany czas czytania\" \/>\n\t<meta name=\"twitter:data1\" content=\"1 minuta\" \/>\n<script type=\"application\/ld+json\" class=\"yoast-schema-graph\">{\"@context\":\"https:\/\/schema.org\",\"@graph\":[{\"@type\":\"WebPage\",\"@id\":\"https:\/\/huisartsenposttilburg.nl\/pl\/stawki\/\",\"url\":\"https:\/\/huisartsenposttilburg.nl\/pl\/stawki\/\",\"name\":\"Ceny - Huisartsenpost Tilburg - Polski\",\"isPartOf\":{\"@id\":\"https:\/\/huisartsenposttilburg.nl\/pl\/#website\"},\"datePublished\":\"2023-04-27T07:24:36+00:00\",\"dateModified\":\"2026-01-02T08:19:59+00:00\",\"description\":\"W punkcie lekarza rodzinnego obowi\u0105zuj\u0105 r\u00f3\u017cne stawki za tria\u017c, konsultacje i wizyty. Mo\u017cesz je zobaczy\u0107 na tej stronie.\",\"breadcrumb\":{\"@id\":\"https:\/\/huisartsenposttilburg.nl\/pl\/stawki\/#breadcrumb\"},\"inLanguage\":\"pl-PL\",\"potentialAction\":[{\"@type\":\"ReadAction\",\"target\":[\"https:\/\/huisartsenposttilburg.nl\/pl\/stawki\/\"]}]},{\"@type\":\"BreadcrumbList\",\"@id\":\"https:\/\/huisartsenposttilburg.nl\/pl\/stawki\/#breadcrumb\",\"itemListElement\":[{\"@type\":\"ListItem\",\"position\":1,\"name\":\"Home\",\"item\":\"https:\/\/huisartsenposttilburg.nl\/pl\/\"},{\"@type\":\"ListItem\",\"position\":2,\"name\":\"Stawki\"}]},{\"@type\":\"WebSite\",\"@id\":\"https:\/\/huisartsenposttilburg.nl\/pl\/#website\",\"url\":\"https:\/\/huisartsenposttilburg.nl\/pl\/\",\"name\":\"Huisartsenpost Tilburg - Polski\",\"description\":\"\",\"potentialAction\":[{\"@type\":\"SearchAction\",\"target\":{\"@type\":\"EntryPoint\",\"urlTemplate\":\"https:\/\/huisartsenposttilburg.nl\/pl\/?s={search_term_string}\"},\"query-input\":{\"@type\":\"PropertyValueSpecification\",\"valueRequired\":true,\"valueName\":\"search_term_string\"}}],\"inLanguage\":\"pl-PL\"}]}<\/script>\n<!-- \/ Yoast SEO plugin. -->","yoast_head_json":{"title":"Ceny - Huisartsenpost Tilburg - Polski","description":"W punkcie lekarza rodzinnego obowi\u0105zuj\u0105 r\u00f3\u017cne stawki za tria\u017c, konsultacje i wizyty. Mo\u017cesz je zobaczy\u0107 na tej stronie.","robots":{"index":"index","follow":"follow","max-snippet":"max-snippet:-1","max-image-preview":"max-image-preview:large","max-video-preview":"max-video-preview:-1"},"canonical":"https:\/\/huisartsenposttilburg.nl\/pl\/stawki\/","og_locale":"pl_PL","og_type":"article","og_title":"Ceny - Huisartsenpost Tilburg - Polski","og_description":"W punkcie lekarza rodzinnego obowi\u0105zuj\u0105 r\u00f3\u017cne stawki za tria\u017c, konsultacje i wizyty. Mo\u017cesz je zobaczy\u0107 na tej stronie.","og_url":"https:\/\/huisartsenposttilburg.nl\/pl\/stawki\/","og_site_name":"Huisartsenpost Tilburg - Polski","article_modified_time":"2026-01-02T08:19:59+00:00","twitter_card":"summary_large_image","twitter_misc":{"Szacowany czas czytania":"1 minuta"},"schema":{"@context":"https:\/\/schema.org","@graph":[{"@type":"WebPage","@id":"https:\/\/huisartsenposttilburg.nl\/pl\/stawki\/","url":"https:\/\/huisartsenposttilburg.nl\/pl\/stawki\/","name":"Ceny - Huisartsenpost Tilburg - Polski","isPartOf":{"@id":"https:\/\/huisartsenposttilburg.nl\/pl\/#website"},"datePublished":"2023-04-27T07:24:36+00:00","dateModified":"2026-01-02T08:19:59+00:00","description":"W punkcie lekarza rodzinnego obowi\u0105zuj\u0105 r\u00f3\u017cne stawki za tria\u017c, konsultacje i wizyty. Mo\u017cesz je zobaczy\u0107 na tej stronie.","breadcrumb":{"@id":"https:\/\/huisartsenposttilburg.nl\/pl\/stawki\/#breadcrumb"},"inLanguage":"pl-PL","potentialAction":[{"@type":"ReadAction","target":["https:\/\/huisartsenposttilburg.nl\/pl\/stawki\/"]}]},{"@type":"BreadcrumbList","@id":"https:\/\/huisartsenposttilburg.nl\/pl\/stawki\/#breadcrumb","itemListElement":[{"@type":"ListItem","position":1,"name":"Home","item":"https:\/\/huisartsenposttilburg.nl\/pl\/"},{"@type":"ListItem","position":2,"name":"Stawki"}]},{"@type":"WebSite","@id":"https:\/\/huisartsenposttilburg.nl\/pl\/#website","url":"https:\/\/huisartsenposttilburg.nl\/pl\/","name":"Huisartsenpost Tilburg - Polski","description":"","potentialAction":[{"@type":"SearchAction","target":{"@type":"EntryPoint","urlTemplate":"https:\/\/huisartsenposttilburg.nl\/pl\/?s={search_term_string}"},"query-input":{"@type":"PropertyValueSpecification","valueRequired":true,"valueName":"search_term_string"}}],"inLanguage":"pl-PL"}]}},"_links":{"self":[{"href":"https:\/\/huisartsenposttilburg.nl\/pl\/wp-json\/wp\/v2\/pages\/2070","targetHints":{"allow":["GET"]}}],"collection":[{"href":"https:\/\/huisartsenposttilburg.nl\/pl\/wp-json\/wp\/v2\/pages"}],"about":[{"href":"https:\/\/huisartsenposttilburg.nl\/pl\/wp-json\/wp\/v2\/types\/page"}],"author":[{"embeddable":true,"href":"https:\/\/huisartsenposttilburg.nl\/pl\/wp-json\/wp\/v2\/users\/3"}],"replies":[{"embeddable":true,"href":"https:\/\/huisartsenposttilburg.nl\/pl\/wp-json\/wp\/v2\/comments?post=2070"}],"version-history":[{"count":11,"href":"https:\/\/huisartsenposttilburg.nl\/pl\/wp-json\/wp\/v2\/pages\/2070\/revisions"}],"predecessor-version":[{"id":187520,"href":"https:\/\/huisartsenposttilburg.nl\/pl\/wp-json\/wp\/v2\/pages\/2070\/revisions\/187520"}],"wp:attachment":[{"href":"https:\/\/huisartsenposttilburg.nl\/pl\/wp-json\/wp\/v2\/media?parent=2070"}],"curies":[{"name":"wp","href":"https:\/\/api.w.org\/{rel}","templated":true}]}}