{"id":2067,"date":"2023-04-27T09:20:43","date_gmt":"2023-04-27T07:20:43","guid":{"rendered":"https:\/\/huisartsenposttilburg.nl\/?page_id=2067"},"modified":"2024-12-24T09:38:30","modified_gmt":"2024-12-24T08:38:30","slug":"twoja-kartoteka-medyczna","status":"publish","type":"page","link":"https:\/\/huisartsenposttilburg.nl\/pl\/twoja-kartoteka-medyczna\/","title":{"rendered":"Twoja dokumentacja medyczna"},"content":{"rendered":"\n<p>Stacja medyczna lekarza rodzinnego rejestruje ka\u017cde zg\u0142oszenie medyczne o pomoc w systemie. Je\u015bli by\u0142e\u015b w kontakcie ze stacj\u0105 medyczn\u0105 lekarza rodzinnego, po wykonaniu us\u0142ugi wy\u015blemy wiadomo\u015b\u0107 do Twojego lekarza rodzinnego. Tw\u00f3j lekarz rodzinny b\u0119dzie wtedy wiedzia\u0142, co zrobi\u0142a dla Ciebie stacja medyczna lekarza rodzinnego. Raport ten zostanie dodany do Twojej dokumentacji medycznej przez Twojego lekarza rodzinnego. Wszystkie rozmowy telefoniczne s\u0105 r\u00f3wnie\u017c nagrywane w celu zapewnienia jako\u015bci.<\/p>\n\n\n\n<h2 class=\"wp-block-heading\">Wi\u0119cej informacji, lepsza opieka<\/h2>\n\n\n\n<p>Choroba, kontuzja lub wypadek cz\u0119sto przychodz\u0105 niespodziewanie. W efekcie mo\u017cesz po prostu wyl\u0105dowa\u0107 w gabinecie &#8222;obcego&#8221; lekarza, nieznanej aptece lub na posterunku ratunkowym lekarza rodzinnego. Wtedy dobrze jest, je\u015bli lekarz mo\u017ce przegl\u0105da\u0107 dane pacjenta i szybko wyrobi\u0107 sobie obraz sytuacji zdrowotnej. W tym celu konieczna jest mo\u017cliwo\u015b\u0107 wymiany danych.<\/p>\n\n\n\n<p>W regionie do LSP do\u0142\u0105czaj\u0105 lekarze rodzinni i farmaceuci. LSP to skr\u00f3t od National Switch Point i jest infrastruktur\u0105 opieku\u0144cz\u0105 Stowarzyszenia \u015awiadczeniodawc\u00f3w Opieki Zdrowotnej ds. Komunikacji w Opiece Zdrowotnej. Dzi\u0119ki temu systemowi komputerowemu lekarze pierwszego kontaktu i asystenci w stacji medycznej mog\u0105 bezpiecznie poprosi\u0107 o podsumowanie Twoich danych medycznych.<\/p>\n\n\n\n<h2 class=\"wp-block-heading\">Udost\u0119pnianie danych<\/h2>\n\n\n\n<p>Tw\u00f3j lekarz rodzinny i apteka mog\u0105 udost\u0119pnia\u0107 Twoje dane medyczne innym \u015bwiadczeniodawcom opieki zdrowotnej tylko wtedy, gdy wcze\u015bniej wyrazisz na to zgod\u0119. Inni \u015bwiadczeniodawcy mog\u0105 \u017c\u0105da\u0107 Twoich danych tylko wtedy, gdy jest to konieczne do Twojego leczenia.<\/p>\n\n\n\n<h2 class=\"wp-block-heading\">Udzielanie zgody<\/h2>\n\n\n\n<p>Zgod\u0119 mo\u017cna wyrazi\u0107 za po\u015brednictwem strony internetowej <a href=\"http:\/\/www.volgjezorg.nl\/\" target=\"_blank\" rel=\"noreferrer noopener\">www.volgjezorg.nl<\/a> . Mo\u017cesz wype\u0142ni\u0107 i wys\u0142a\u0107 swoje dane za pomoc\u0105 DigiD. Mo\u017cesz r\u00f3wnie\u017c wydrukowa\u0107 formularz i przekaza\u0107 go swojemu lekarzowi. Stacja medyczna lekarza rodzinnego jest r\u00f3wnie\u017c powi\u0105zana z LSP, poniewa\u017c uwa\u017camy, \u017ce wa\u017cne jest, aby informacje medyczne mo\u017cna by\u0142o przegl\u0105da\u0107 r\u00f3wnie\u017c poza godzinami pracy.<\/p>\n","protected":false},"excerpt":{"rendered":"<p>Stacja medyczna lekarza rodzinnego rejestruje ka\u017cde zg\u0142oszenie medyczne o pomoc w systemie. Je\u015bli by\u0142e\u015b w kontakcie ze stacj\u0105 medyczn\u0105 lekarza rodzinnego, po wykonaniu us\u0142ugi wy\u015blemy wiadomo\u015b\u0107 do Twojego lekarza rodzinnego. Tw\u00f3j lekarz rodzinny b\u0119dzie wtedy wiedzia\u0142, co zrobi\u0142a dla Ciebie stacja medyczna lekarza rodzinnego. Raport ten zostanie dodany do Twojej dokumentacji medycznej przez Twojego lekarza [&hellip;]<\/p>\n","protected":false},"author":3,"featured_media":0,"parent":0,"menu_order":0,"comment_status":"closed","ping_status":"closed","template":"","meta":{"_acf_changed":false,"_trash_the_other_posts":false,"editor_notices":[],"footnotes":""},"class_list":["post-2067","page","type-page","status-publish","hentry"],"acf":[],"yoast_head":"<!-- This site is optimized with the Yoast SEO plugin v26.6 - https:\/\/yoast.com\/wordpress\/plugins\/seo\/ -->\n<title>Twoja dokumentacja medyczna - Huisartsenpost Tilburg - Polski<\/title>\n<meta name=\"robots\" content=\"index, follow, max-snippet:-1, max-image-preview:large, max-video-preview:-1\" \/>\n<link rel=\"canonical\" href=\"https:\/\/huisartsenposttilburg.nl\/pl\/twoja-kartoteka-medyczna\/\" \/>\n<meta property=\"og:locale\" content=\"pl_PL\" \/>\n<meta property=\"og:type\" content=\"article\" \/>\n<meta property=\"og:title\" content=\"Twoja dokumentacja medyczna - Huisartsenpost Tilburg - Polski\" \/>\n<meta property=\"og:description\" content=\"Stacja medyczna lekarza rodzinnego rejestruje ka\u017cde zg\u0142oszenie medyczne o pomoc w systemie. Je\u015bli by\u0142e\u015b w kontakcie ze stacj\u0105 medyczn\u0105 lekarza rodzinnego, po wykonaniu us\u0142ugi wy\u015blemy wiadomo\u015b\u0107 do Twojego lekarza rodzinnego. Tw\u00f3j lekarz rodzinny b\u0119dzie wtedy wiedzia\u0142, co zrobi\u0142a dla Ciebie stacja medyczna lekarza rodzinnego. Raport ten zostanie dodany do Twojej dokumentacji medycznej przez Twojego lekarza [&hellip;]\" \/>\n<meta property=\"og:url\" content=\"https:\/\/huisartsenposttilburg.nl\/pl\/twoja-kartoteka-medyczna\/\" \/>\n<meta property=\"og:site_name\" content=\"Huisartsenpost Tilburg - Polski\" \/>\n<meta property=\"article:modified_time\" content=\"2024-12-24T08:38:30+00:00\" \/>\n<meta name=\"twitter:card\" content=\"summary_large_image\" \/>\n<meta name=\"twitter:label1\" content=\"Szacowany czas czytania\" \/>\n\t<meta name=\"twitter:data1\" content=\"2 minuty\" \/>\n<script type=\"application\/ld+json\" class=\"yoast-schema-graph\">{\"@context\":\"https:\/\/schema.org\",\"@graph\":[{\"@type\":\"WebPage\",\"@id\":\"https:\/\/huisartsenposttilburg.nl\/pl\/twoja-kartoteka-medyczna\/\",\"url\":\"https:\/\/huisartsenposttilburg.nl\/pl\/twoja-kartoteka-medyczna\/\",\"name\":\"Twoja dokumentacja medyczna - Huisartsenpost Tilburg - Polski\",\"isPartOf\":{\"@id\":\"https:\/\/huisartsenposttilburg.nl\/pl\/#website\"},\"datePublished\":\"2023-04-27T07:20:43+00:00\",\"dateModified\":\"2024-12-24T08:38:30+00:00\",\"breadcrumb\":{\"@id\":\"https:\/\/huisartsenposttilburg.nl\/pl\/twoja-kartoteka-medyczna\/#breadcrumb\"},\"inLanguage\":\"pl-PL\",\"potentialAction\":[{\"@type\":\"ReadAction\",\"target\":[\"https:\/\/huisartsenposttilburg.nl\/pl\/twoja-kartoteka-medyczna\/\"]}]},{\"@type\":\"BreadcrumbList\",\"@id\":\"https:\/\/huisartsenposttilburg.nl\/pl\/twoja-kartoteka-medyczna\/#breadcrumb\",\"itemListElement\":[{\"@type\":\"ListItem\",\"position\":1,\"name\":\"Home\",\"item\":\"https:\/\/huisartsenposttilburg.nl\/pl\/\"},{\"@type\":\"ListItem\",\"position\":2,\"name\":\"Twoja dokumentacja medyczna\"}]},{\"@type\":\"WebSite\",\"@id\":\"https:\/\/huisartsenposttilburg.nl\/pl\/#website\",\"url\":\"https:\/\/huisartsenposttilburg.nl\/pl\/\",\"name\":\"Huisartsenpost Tilburg - Polski\",\"description\":\"\",\"potentialAction\":[{\"@type\":\"SearchAction\",\"target\":{\"@type\":\"EntryPoint\",\"urlTemplate\":\"https:\/\/huisartsenposttilburg.nl\/pl\/?s={search_term_string}\"},\"query-input\":{\"@type\":\"PropertyValueSpecification\",\"valueRequired\":true,\"valueName\":\"search_term_string\"}}],\"inLanguage\":\"pl-PL\"}]}<\/script>\n<!-- \/ Yoast SEO plugin. -->","yoast_head_json":{"title":"Twoja dokumentacja medyczna - Huisartsenpost Tilburg - Polski","robots":{"index":"index","follow":"follow","max-snippet":"max-snippet:-1","max-image-preview":"max-image-preview:large","max-video-preview":"max-video-preview:-1"},"canonical":"https:\/\/huisartsenposttilburg.nl\/pl\/twoja-kartoteka-medyczna\/","og_locale":"pl_PL","og_type":"article","og_title":"Twoja dokumentacja medyczna - Huisartsenpost Tilburg - Polski","og_description":"Stacja medyczna lekarza rodzinnego rejestruje ka\u017cde zg\u0142oszenie medyczne o pomoc w systemie. Je\u015bli by\u0142e\u015b w kontakcie ze stacj\u0105 medyczn\u0105 lekarza rodzinnego, po wykonaniu us\u0142ugi wy\u015blemy wiadomo\u015b\u0107 do Twojego lekarza rodzinnego. Tw\u00f3j lekarz rodzinny b\u0119dzie wtedy wiedzia\u0142, co zrobi\u0142a dla Ciebie stacja medyczna lekarza rodzinnego. Raport ten zostanie dodany do Twojej dokumentacji medycznej przez Twojego lekarza [&hellip;]","og_url":"https:\/\/huisartsenposttilburg.nl\/pl\/twoja-kartoteka-medyczna\/","og_site_name":"Huisartsenpost Tilburg - Polski","article_modified_time":"2024-12-24T08:38:30+00:00","twitter_card":"summary_large_image","twitter_misc":{"Szacowany czas czytania":"2 minuty"},"schema":{"@context":"https:\/\/schema.org","@graph":[{"@type":"WebPage","@id":"https:\/\/huisartsenposttilburg.nl\/pl\/twoja-kartoteka-medyczna\/","url":"https:\/\/huisartsenposttilburg.nl\/pl\/twoja-kartoteka-medyczna\/","name":"Twoja dokumentacja medyczna - Huisartsenpost Tilburg - Polski","isPartOf":{"@id":"https:\/\/huisartsenposttilburg.nl\/pl\/#website"},"datePublished":"2023-04-27T07:20:43+00:00","dateModified":"2024-12-24T08:38:30+00:00","breadcrumb":{"@id":"https:\/\/huisartsenposttilburg.nl\/pl\/twoja-kartoteka-medyczna\/#breadcrumb"},"inLanguage":"pl-PL","potentialAction":[{"@type":"ReadAction","target":["https:\/\/huisartsenposttilburg.nl\/pl\/twoja-kartoteka-medyczna\/"]}]},{"@type":"BreadcrumbList","@id":"https:\/\/huisartsenposttilburg.nl\/pl\/twoja-kartoteka-medyczna\/#breadcrumb","itemListElement":[{"@type":"ListItem","position":1,"name":"Home","item":"https:\/\/huisartsenposttilburg.nl\/pl\/"},{"@type":"ListItem","position":2,"name":"Twoja dokumentacja medyczna"}]},{"@type":"WebSite","@id":"https:\/\/huisartsenposttilburg.nl\/pl\/#website","url":"https:\/\/huisartsenposttilburg.nl\/pl\/","name":"Huisartsenpost Tilburg - Polski","description":"","potentialAction":[{"@type":"SearchAction","target":{"@type":"EntryPoint","urlTemplate":"https:\/\/huisartsenposttilburg.nl\/pl\/?s={search_term_string}"},"query-input":{"@type":"PropertyValueSpecification","valueRequired":true,"valueName":"search_term_string"}}],"inLanguage":"pl-PL"}]}},"_links":{"self":[{"href":"https:\/\/huisartsenposttilburg.nl\/pl\/wp-json\/wp\/v2\/pages\/2067","targetHints":{"allow":["GET"]}}],"collection":[{"href":"https:\/\/huisartsenposttilburg.nl\/pl\/wp-json\/wp\/v2\/pages"}],"about":[{"href":"https:\/\/huisartsenposttilburg.nl\/pl\/wp-json\/wp\/v2\/types\/page"}],"author":[{"embeddable":true,"href":"https:\/\/huisartsenposttilburg.nl\/pl\/wp-json\/wp\/v2\/users\/3"}],"replies":[{"embeddable":true,"href":"https:\/\/huisartsenposttilburg.nl\/pl\/wp-json\/wp\/v2\/comments?post=2067"}],"version-history":[{"count":3,"href":"https:\/\/huisartsenposttilburg.nl\/pl\/wp-json\/wp\/v2\/pages\/2067\/revisions"}],"predecessor-version":[{"id":187431,"href":"https:\/\/huisartsenposttilburg.nl\/pl\/wp-json\/wp\/v2\/pages\/2067\/revisions\/187431"}],"wp:attachment":[{"href":"https:\/\/huisartsenposttilburg.nl\/pl\/wp-json\/wp\/v2\/media?parent=2067"}],"curies":[{"name":"wp","href":"https:\/\/api.w.org\/{rel}","templated":true}]}}