{"id":2015,"date":"2023-04-27T08:43:52","date_gmt":"2023-04-27T06:43:52","guid":{"rendered":"https:\/\/huisartsenposttilburg.nl\/?page_id=2015"},"modified":"2024-12-23T15:03:23","modified_gmt":"2024-12-23T14:03:23","slug":"jak-dziala-stacja-medyczna-lekarza-rodzinnego","status":"publish","type":"page","link":"https:\/\/huisartsenposttilburg.nl\/pl\/jak-dziala-stacja-medyczna-lekarza-rodzinnego\/","title":{"rendered":"Jak dzia\u0142a stacja medyczna lekarza rodzinnego?"},"content":{"rendered":"\n\n\n<h2 class=\"wp-block-heading\">Zawsze dzwo\u0144 pierwszy<\/h2>\n\n\n\n<p>Nie mo\u017cesz po prostu wpa\u015b\u0107 do punktu medycznego lekarza rodzinnego. Zawsze powiniene\u015b najpierw zadzwoni\u0107. Wtedy najszybciej otrzymasz pomoc, kt\u00f3rej potrzebujesz. Je\u015bli zadzwonisz pod numer stacji medycznej Tilburg\/Waalwijk, us\u0142yszysz kr\u00f3tkie menu. W przypadku sytuacji potencjalnie zagra\u017caj\u0105cej \u017cyciu wybierz 1. Pomo\u017cemy Ci w pierwszej kolejno\u015bci.<\/p>\n\n\n\n<h2 class=\"wp-block-heading\">Dane dost\u0119pne podczas po\u0142\u0105czenia<\/h2>\n\n\n\n<p>Czy dzwonisz do stacji medycznej? Nast\u0119pnie upewnij si\u0119, \u017ce masz pod r\u0119k\u0105 nast\u0119puj\u0105ce informacje:<\/p>\n\n\n\n<ul class=\"wp-block-list\">\n<li>Tw\u00f3j numer BSN (Citizen Service Number). Znajduje si\u0119 on w dowodzie osobistym (paszporcie, dowodzie osobistym lub prawie jazdy) i sk\u0142ada si\u0119 z 9 cyfr;<\/li>\n\n\n\n<li>dat\u0119 urodzenia, adres zamieszkania i numer telefonu;<\/li>\n\n\n\n<li>imi\u0119 i nazwisko lekarza rodzinnego.<\/li>\n<\/ul>\n\n\n\n<p>Przez telefon mo\u017cesz r\u00f3wnie\u017c zosta\u0107 zapytany o:<\/p>\n\n\n\n<ul class=\"wp-block-list\">\n<li>Twoja historia medyczna (w zakresie, w jakim jest to istotne dla Twojego wniosku o pomoc);<\/li>\n\n\n\n<li>leki, kt\u00f3re mo\u017cesz przyjmowa\u0107.<\/li>\n<\/ul>\n\n\n\n<h2 class=\"wp-block-heading\">Dzwonisz po kogo\u015b innego?<\/h2>\n\n\n\n<p>Czy nie wo\u0142asz o siebie? Nast\u0119pnie przeka\u017c wszystkie szczeg\u00f3\u0142y tej osoby. Upewnij si\u0119 r\u00f3wnie\u017c, \u017ce jeste\u015b w pobli\u017cu pacjenta, gdy dzwonisz. Nast\u0119pnie mo\u017cesz jak najlepiej opisa\u0107 objawy. Zdarza si\u0119, \u017ce piel\u0119gniarka dokonuj\u0105ca tria\u017cu chce r\u00f3wnie\u017c sama zada\u0107 pacjentowi (asystentce lekarza lub piel\u0119gniarce) kilka pyta\u0144.<\/p>\n\n\n\n<h2 class=\"wp-block-heading\">Czego mo\u017cesz si\u0119 spodziewa\u0107?<\/h2>\n\n\n\n<p>Kiedy zadzwonisz, otrzymasz od siebie piel\u0119gniark\u0119 zajmuj\u0105c\u0105 si\u0119 tria\u017cem (asystentk\u0119 lekarza lub piel\u0119gniark\u0119) przez telefon. Piel\u0119gniarka zajmuj\u0105ca si\u0119 tria\u017cem posiada rozleg\u0142\u0105 wiedz\u0119 medyczn\u0105 i jest specjalnie przeszkolona, aby szybko okre\u015bli\u0107, jak powa\u017cne s\u0105 objawy i co jest potrzebne. W razie potrzeby odbywa si\u0119 to w porozumieniu z lekarzem pierwszego kontaktu, kt\u00f3ry pe\u0142ni dy\u017cur w punkcie medycznym. Istniej\u0105 trzy mo\u017cliwo\u015bci:<\/p>\n\n\n\n<ul class=\"wp-block-list\">\n<li>Porad\u0119 otrzymasz telefonicznie. Piel\u0119gniarka tria\u017cowa wyja\u015bni przez telefon porady dotycz\u0105ce samoopieki. Zosta\u0142o to sprawdzone przez lekarza pierwszego kontaktu.<\/li>\n\n\n\n<li>Piel\u0119gniarka przeprowadzaj\u0105ca tria\u017c um\u00f3wi si\u0119 z Tob\u0105 na wizyt\u0119 w punkcie medycznym lekarza rodzinnego w Tilburgu lub Waalwijk. Tam zbada Ci\u0119 lekarz pierwszego kontaktu lub piel\u0119gniarka\/asystent lekarza.<\/li>\n\n\n\n<li>Lekarz rodzinny odwiedzi Ci\u0119 w domu. Wizyta domowa ma miejsce tylko wtedy, gdy z przyczyn zdrowotnych nie mo\u017cesz samodzielnie przyby\u0107 do punktu medycznego.<\/li>\n<\/ul>\n\n\n\n<figure class=\"wp-block-embed is-type-video is-provider-vimeo wp-block-embed-vimeo wp-embed-aspect-16-9 wp-has-aspect-ratio\"><div class=\"wp-block-embed__wrapper\">https:\/\/player.vimeo.com\/video\/306189171?h=22a23a8183&amp;dnt=1&amp;app_id=122963<\/div><\/figure>\n","protected":false},"excerpt":{"rendered":"<p>Zawsze dzwo\u0144 pierwszy Nie mo\u017cesz po prostu wpa\u015b\u0107 do punktu medycznego lekarza rodzinnego. Zawsze powiniene\u015b najpierw zadzwoni\u0107. Wtedy najszybciej otrzymasz pomoc, kt\u00f3rej potrzebujesz. Je\u015bli zadzwonisz pod numer stacji medycznej Tilburg\/Waalwijk, us\u0142yszysz kr\u00f3tkie menu. W przypadku sytuacji potencjalnie zagra\u017caj\u0105cej \u017cyciu wybierz 1. Pomo\u017cemy Ci w pierwszej kolejno\u015bci. Dane dost\u0119pne podczas po\u0142\u0105czenia Czy dzwonisz do stacji medycznej? [&hellip;]<\/p>\n","protected":false},"author":3,"featured_media":0,"parent":0,"menu_order":0,"comment_status":"closed","ping_status":"closed","template":"","meta":{"_acf_changed":false,"_trash_the_other_posts":false,"editor_notices":[],"footnotes":""},"class_list":["post-2015","page","type-page","status-publish","hentry"],"acf":[],"yoast_head":"<!-- This site is optimized with the Yoast SEO plugin v26.6 - https:\/\/yoast.com\/wordpress\/plugins\/seo\/ -->\n<title>Jak dzia\u0142a stacja medyczna lekarza rodzinnego? - Huisartsenpost Tilburg - Polski<\/title>\n<meta name=\"description\" content=\"Nie mo\u017cesz po prostu wpa\u015b\u0107 do punktu medycznego lekarza rodzinnego. Zawsze powiniene\u015b najpierw zadzwoni\u0107. Wtedy najszybciej otrzymasz pomoc, kt\u00f3rej potrzebujesz.\" \/>\n<meta name=\"robots\" content=\"index, follow, max-snippet:-1, max-image-preview:large, max-video-preview:-1\" \/>\n<link rel=\"canonical\" href=\"https:\/\/huisartsenposttilburg.nl\/pl\/jak-dziala-stacja-medyczna-lekarza-rodzinnego\/\" \/>\n<meta property=\"og:locale\" content=\"pl_PL\" \/>\n<meta property=\"og:type\" content=\"article\" \/>\n<meta property=\"og:title\" content=\"Jak dzia\u0142a stacja medyczna lekarza rodzinnego? - Huisartsenpost Tilburg - Polski\" \/>\n<meta property=\"og:description\" content=\"Nie mo\u017cesz po prostu wpa\u015b\u0107 do punktu medycznego lekarza rodzinnego. Zawsze powiniene\u015b najpierw zadzwoni\u0107. Wtedy najszybciej otrzymasz pomoc, kt\u00f3rej potrzebujesz.\" \/>\n<meta property=\"og:url\" content=\"https:\/\/huisartsenposttilburg.nl\/pl\/jak-dziala-stacja-medyczna-lekarza-rodzinnego\/\" \/>\n<meta property=\"og:site_name\" content=\"Huisartsenpost Tilburg - Polski\" \/>\n<meta property=\"article:modified_time\" content=\"2024-12-23T14:03:23+00:00\" \/>\n<meta name=\"twitter:card\" content=\"summary_large_image\" \/>\n<meta name=\"twitter:label1\" content=\"Szacowany czas czytania\" \/>\n\t<meta name=\"twitter:data1\" content=\"2 minuty\" \/>\n<script type=\"application\/ld+json\" class=\"yoast-schema-graph\">{\"@context\":\"https:\/\/schema.org\",\"@graph\":[{\"@type\":\"WebPage\",\"@id\":\"https:\/\/huisartsenposttilburg.nl\/pl\/jak-dziala-stacja-medyczna-lekarza-rodzinnego\/\",\"url\":\"https:\/\/huisartsenposttilburg.nl\/pl\/jak-dziala-stacja-medyczna-lekarza-rodzinnego\/\",\"name\":\"Jak dzia\u0142a stacja medyczna lekarza rodzinnego? - Huisartsenpost Tilburg - Polski\",\"isPartOf\":{\"@id\":\"https:\/\/huisartsenposttilburg.nl\/pl\/#website\"},\"datePublished\":\"2023-04-27T06:43:52+00:00\",\"dateModified\":\"2024-12-23T14:03:23+00:00\",\"description\":\"Nie mo\u017cesz po prostu wpa\u015b\u0107 do punktu medycznego lekarza rodzinnego. Zawsze powiniene\u015b najpierw zadzwoni\u0107. Wtedy najszybciej otrzymasz pomoc, kt\u00f3rej potrzebujesz.\",\"breadcrumb\":{\"@id\":\"https:\/\/huisartsenposttilburg.nl\/pl\/jak-dziala-stacja-medyczna-lekarza-rodzinnego\/#breadcrumb\"},\"inLanguage\":\"pl-PL\",\"potentialAction\":[{\"@type\":\"ReadAction\",\"target\":[\"https:\/\/huisartsenposttilburg.nl\/pl\/jak-dziala-stacja-medyczna-lekarza-rodzinnego\/\"]}]},{\"@type\":\"BreadcrumbList\",\"@id\":\"https:\/\/huisartsenposttilburg.nl\/pl\/jak-dziala-stacja-medyczna-lekarza-rodzinnego\/#breadcrumb\",\"itemListElement\":[{\"@type\":\"ListItem\",\"position\":1,\"name\":\"Home\",\"item\":\"https:\/\/huisartsenposttilburg.nl\/pl\/\"},{\"@type\":\"ListItem\",\"position\":2,\"name\":\"Jak dzia\u0142a stacja medyczna lekarza rodzinnego?\"}]},{\"@type\":\"WebSite\",\"@id\":\"https:\/\/huisartsenposttilburg.nl\/pl\/#website\",\"url\":\"https:\/\/huisartsenposttilburg.nl\/pl\/\",\"name\":\"Huisartsenpost Tilburg - Polski\",\"description\":\"\",\"potentialAction\":[{\"@type\":\"SearchAction\",\"target\":{\"@type\":\"EntryPoint\",\"urlTemplate\":\"https:\/\/huisartsenposttilburg.nl\/pl\/?s={search_term_string}\"},\"query-input\":{\"@type\":\"PropertyValueSpecification\",\"valueRequired\":true,\"valueName\":\"search_term_string\"}}],\"inLanguage\":\"pl-PL\"}]}<\/script>\n<!-- \/ Yoast SEO plugin. -->","yoast_head_json":{"title":"Jak dzia\u0142a stacja medyczna lekarza rodzinnego? - Huisartsenpost Tilburg - Polski","description":"Nie mo\u017cesz po prostu wpa\u015b\u0107 do punktu medycznego lekarza rodzinnego. Zawsze powiniene\u015b najpierw zadzwoni\u0107. Wtedy najszybciej otrzymasz pomoc, kt\u00f3rej potrzebujesz.","robots":{"index":"index","follow":"follow","max-snippet":"max-snippet:-1","max-image-preview":"max-image-preview:large","max-video-preview":"max-video-preview:-1"},"canonical":"https:\/\/huisartsenposttilburg.nl\/pl\/jak-dziala-stacja-medyczna-lekarza-rodzinnego\/","og_locale":"pl_PL","og_type":"article","og_title":"Jak dzia\u0142a stacja medyczna lekarza rodzinnego? - Huisartsenpost Tilburg - Polski","og_description":"Nie mo\u017cesz po prostu wpa\u015b\u0107 do punktu medycznego lekarza rodzinnego. Zawsze powiniene\u015b najpierw zadzwoni\u0107. Wtedy najszybciej otrzymasz pomoc, kt\u00f3rej potrzebujesz.","og_url":"https:\/\/huisartsenposttilburg.nl\/pl\/jak-dziala-stacja-medyczna-lekarza-rodzinnego\/","og_site_name":"Huisartsenpost Tilburg - Polski","article_modified_time":"2024-12-23T14:03:23+00:00","twitter_card":"summary_large_image","twitter_misc":{"Szacowany czas czytania":"2 minuty"},"schema":{"@context":"https:\/\/schema.org","@graph":[{"@type":"WebPage","@id":"https:\/\/huisartsenposttilburg.nl\/pl\/jak-dziala-stacja-medyczna-lekarza-rodzinnego\/","url":"https:\/\/huisartsenposttilburg.nl\/pl\/jak-dziala-stacja-medyczna-lekarza-rodzinnego\/","name":"Jak dzia\u0142a stacja medyczna lekarza rodzinnego? - Huisartsenpost Tilburg - Polski","isPartOf":{"@id":"https:\/\/huisartsenposttilburg.nl\/pl\/#website"},"datePublished":"2023-04-27T06:43:52+00:00","dateModified":"2024-12-23T14:03:23+00:00","description":"Nie mo\u017cesz po prostu wpa\u015b\u0107 do punktu medycznego lekarza rodzinnego. Zawsze powiniene\u015b najpierw zadzwoni\u0107. Wtedy najszybciej otrzymasz pomoc, kt\u00f3rej potrzebujesz.","breadcrumb":{"@id":"https:\/\/huisartsenposttilburg.nl\/pl\/jak-dziala-stacja-medyczna-lekarza-rodzinnego\/#breadcrumb"},"inLanguage":"pl-PL","potentialAction":[{"@type":"ReadAction","target":["https:\/\/huisartsenposttilburg.nl\/pl\/jak-dziala-stacja-medyczna-lekarza-rodzinnego\/"]}]},{"@type":"BreadcrumbList","@id":"https:\/\/huisartsenposttilburg.nl\/pl\/jak-dziala-stacja-medyczna-lekarza-rodzinnego\/#breadcrumb","itemListElement":[{"@type":"ListItem","position":1,"name":"Home","item":"https:\/\/huisartsenposttilburg.nl\/pl\/"},{"@type":"ListItem","position":2,"name":"Jak dzia\u0142a stacja medyczna lekarza rodzinnego?"}]},{"@type":"WebSite","@id":"https:\/\/huisartsenposttilburg.nl\/pl\/#website","url":"https:\/\/huisartsenposttilburg.nl\/pl\/","name":"Huisartsenpost Tilburg - Polski","description":"","potentialAction":[{"@type":"SearchAction","target":{"@type":"EntryPoint","urlTemplate":"https:\/\/huisartsenposttilburg.nl\/pl\/?s={search_term_string}"},"query-input":{"@type":"PropertyValueSpecification","valueRequired":true,"valueName":"search_term_string"}}],"inLanguage":"pl-PL"}]}},"_links":{"self":[{"href":"https:\/\/huisartsenposttilburg.nl\/pl\/wp-json\/wp\/v2\/pages\/2015","targetHints":{"allow":["GET"]}}],"collection":[{"href":"https:\/\/huisartsenposttilburg.nl\/pl\/wp-json\/wp\/v2\/pages"}],"about":[{"href":"https:\/\/huisartsenposttilburg.nl\/pl\/wp-json\/wp\/v2\/types\/page"}],"author":[{"embeddable":true,"href":"https:\/\/huisartsenposttilburg.nl\/pl\/wp-json\/wp\/v2\/users\/3"}],"replies":[{"embeddable":true,"href":"https:\/\/huisartsenposttilburg.nl\/pl\/wp-json\/wp\/v2\/comments?post=2015"}],"version-history":[{"count":3,"href":"https:\/\/huisartsenposttilburg.nl\/pl\/wp-json\/wp\/v2\/pages\/2015\/revisions"}],"predecessor-version":[{"id":187406,"href":"https:\/\/huisartsenposttilburg.nl\/pl\/wp-json\/wp\/v2\/pages\/2015\/revisions\/187406"}],"wp:attachment":[{"href":"https:\/\/huisartsenposttilburg.nl\/pl\/wp-json\/wp\/v2\/media?parent=2015"}],"curies":[{"name":"wp","href":"https:\/\/api.w.org\/{rel}","templated":true}]}}