{"id":1884,"date":"2023-03-09T13:31:17","date_gmt":"2023-03-09T12:31:17","guid":{"rendered":"https:\/\/huisartsenspoedpost-zeist.mindd.dev\/?page_id=1884"},"modified":"2024-12-23T15:03:27","modified_gmt":"2024-12-23T14:03:27","slug":"jak-to-dziala","status":"publish","type":"page","link":"https:\/\/huisartsenposttilburg.nl\/pl\/jak-to-dziala\/","title":{"rendered":"Jak to dzia\u0142a?"},"content":{"rendered":"\n\n\n<h2 class=\"wp-block-heading\">Tylko w nag\u0142ych wypadkach poza godzinami pracy biura<\/h2>\n\n\n\n<p>Centrum pilnej opieki (UCC) jest prowadzone przez lekarza rodzinnego i jest przeznaczone wy\u0142\u0105cznie do nag\u0142ych przypadk\u00f3w wyst\u0119puj\u0105cych w nocy, w weekendy i \u015bwi\u0119ta pa\u0144stwowe.<\/p>\n\n\n\n<h2 class=\"wp-block-heading\">Zawsze upewnij si\u0119, \u017ce najpierw zadzwonisz<\/h2>\n\n\n\n<p>Nie mo\u017cna po prostu odwiedzi\u0107 UCC. Musisz zadzwoni\u0107 z wyprzedzeniem, aby upewni\u0107 si\u0119, \u017ce szybko otrzymasz pomoc, kt\u00f3rej potrzebujesz. Po wybraniu numeru UCC pojawi si\u0119 kilka opcji. W przypadku sytuacji potencjalnie zagra\u017caj\u0105cej \u017cyciu naci\u015bnij 1, aby uzyska\u0107 pierwsze\u0144stwo.<\/p>\n\n\n\n<h2 class=\"wp-block-heading\">Szczeg\u00f3\u0142y, kt\u00f3re nale\u017cy mie\u0107 pod r\u0119k\u0105 podczas rozmowy telefonicznej<\/h2>\n\n\n\n<p>Zawsze miej swoje dane pod r\u0119k\u0105: s\u0105 to m.in. przepustka ubezpieczeniowa (UE), dow\u00f3d osobisty i lista lek\u00f3w, kt\u00f3re mo\u017cesz stosowa\u0107.<\/p>\n\n\n\n<h2 class=\"wp-block-heading\">Czego mo\u017cesz si\u0119 spodziewa\u0107, gdy zadzwonisz<\/h2>\n\n\n\n<p>Gdy do nas zadzwonisz, asystent tria\u017cu odbierze telefon. Ten asystent zosta\u0142 przeszkolony, aby natychmiast okre\u015bli\u0107, jak powa\u017cne s\u0105 Twoje skargi i jak post\u0119powa\u0107. Odbywa si\u0119 to w porozumieniu z lekarzem prowadz\u0105cym. Nast\u0119pnie istniej\u0105 trzy mo\u017cliwo\u015bci:<\/p>\n\n\n\n<ul class=\"wp-block-list\">\n<li>Porada telefoniczna: Otrzymasz wyja\u015bnienie i porad\u0119 dotycz\u0105c\u0105 samoopieki przez telefon (zweryfikowane przez lekarza pierwszego kontaktu).<\/li>\n\n\n\n<li>Konsultacja w UCC: Um\u00f3wisz si\u0119 na wizyt\u0119 w centrum. Zostaniesz zbadany przez lekarza pierwszego kontaktu lub piel\u0119gniark\u0119 (zweryfikowane przez lekarza pierwszego kontaktu).<\/li>\n\n\n\n<li>Konsultacja pod adresem domowym (wizyta domowa przez lekarza pierwszego kontaktu): Lekarz z\u0142o\u017cy wizyt\u0119 domow\u0105 tylko wtedy, gdy z przyczyn zdrowotnych pacjent nie jest w stanie odwiedzi\u0107 UCC.<\/li>\n<\/ul>\n","protected":false},"excerpt":{"rendered":"<p>Tylko w nag\u0142ych wypadkach poza godzinami pracy biura Centrum pilnej opieki (UCC) jest prowadzone przez lekarza rodzinnego i jest przeznaczone wy\u0142\u0105cznie do nag\u0142ych przypadk\u00f3w wyst\u0119puj\u0105cych w nocy, w weekendy i \u015bwi\u0119ta pa\u0144stwowe. Zawsze upewnij si\u0119, \u017ce najpierw zadzwonisz Nie mo\u017cna po prostu odwiedzi\u0107 UCC. Musisz zadzwoni\u0107 z wyprzedzeniem, aby upewni\u0107 si\u0119, \u017ce szybko otrzymasz pomoc, [&hellip;]<\/p>\n","protected":false},"author":3,"featured_media":0,"parent":0,"menu_order":0,"comment_status":"closed","ping_status":"closed","template":"","meta":{"_acf_changed":false,"_trash_the_other_posts":false,"editor_notices":[],"footnotes":""},"class_list":["post-1884","page","type-page","status-publish","hentry"],"acf":[],"yoast_head":"<!-- This site is optimized with the Yoast SEO plugin v26.6 - https:\/\/yoast.com\/wordpress\/plugins\/seo\/ -->\n<title>Jak to dzia\u0142a? - Huisartsenpost Tilburg - Polski<\/title>\n<meta name=\"robots\" content=\"index, follow, max-snippet:-1, max-image-preview:large, max-video-preview:-1\" \/>\n<link rel=\"canonical\" href=\"https:\/\/huisartsenposttilburg.nl\/pl\/jak-to-dziala\/\" \/>\n<meta property=\"og:locale\" content=\"pl_PL\" \/>\n<meta property=\"og:type\" content=\"article\" \/>\n<meta property=\"og:title\" content=\"Jak to dzia\u0142a? - Huisartsenpost Tilburg - Polski\" \/>\n<meta property=\"og:description\" content=\"Tylko w nag\u0142ych wypadkach poza godzinami pracy biura Centrum pilnej opieki (UCC) jest prowadzone przez lekarza rodzinnego i jest przeznaczone wy\u0142\u0105cznie do nag\u0142ych przypadk\u00f3w wyst\u0119puj\u0105cych w nocy, w weekendy i \u015bwi\u0119ta pa\u0144stwowe. Zawsze upewnij si\u0119, \u017ce najpierw zadzwonisz Nie mo\u017cna po prostu odwiedzi\u0107 UCC. Musisz zadzwoni\u0107 z wyprzedzeniem, aby upewni\u0107 si\u0119, \u017ce szybko otrzymasz pomoc, [&hellip;]\" \/>\n<meta property=\"og:url\" content=\"https:\/\/huisartsenposttilburg.nl\/pl\/jak-to-dziala\/\" \/>\n<meta property=\"og:site_name\" content=\"Huisartsenpost Tilburg - Polski\" \/>\n<meta property=\"article:modified_time\" content=\"2024-12-23T14:03:27+00:00\" \/>\n<meta name=\"twitter:card\" content=\"summary_large_image\" \/>\n<meta name=\"twitter:label1\" content=\"Szacowany czas czytania\" \/>\n\t<meta name=\"twitter:data1\" content=\"2 minuty\" \/>\n<script type=\"application\/ld+json\" class=\"yoast-schema-graph\">{\"@context\":\"https:\/\/schema.org\",\"@graph\":[{\"@type\":\"WebPage\",\"@id\":\"https:\/\/huisartsenposttilburg.nl\/pl\/jak-to-dziala\/\",\"url\":\"https:\/\/huisartsenposttilburg.nl\/pl\/jak-to-dziala\/\",\"name\":\"Jak to dzia\u0142a? - Huisartsenpost Tilburg - Polski\",\"isPartOf\":{\"@id\":\"https:\/\/huisartsenposttilburg.nl\/pl\/#website\"},\"datePublished\":\"2023-03-09T12:31:17+00:00\",\"dateModified\":\"2024-12-23T14:03:27+00:00\",\"breadcrumb\":{\"@id\":\"https:\/\/huisartsenposttilburg.nl\/pl\/jak-to-dziala\/#breadcrumb\"},\"inLanguage\":\"pl-PL\",\"potentialAction\":[{\"@type\":\"ReadAction\",\"target\":[\"https:\/\/huisartsenposttilburg.nl\/pl\/jak-to-dziala\/\"]}]},{\"@type\":\"BreadcrumbList\",\"@id\":\"https:\/\/huisartsenposttilburg.nl\/pl\/jak-to-dziala\/#breadcrumb\",\"itemListElement\":[{\"@type\":\"ListItem\",\"position\":1,\"name\":\"Home\",\"item\":\"https:\/\/huisartsenposttilburg.nl\/pl\/\"},{\"@type\":\"ListItem\",\"position\":2,\"name\":\"Jak to dzia\u0142a?\"}]},{\"@type\":\"WebSite\",\"@id\":\"https:\/\/huisartsenposttilburg.nl\/pl\/#website\",\"url\":\"https:\/\/huisartsenposttilburg.nl\/pl\/\",\"name\":\"Huisartsenpost Tilburg - Polski\",\"description\":\"\",\"potentialAction\":[{\"@type\":\"SearchAction\",\"target\":{\"@type\":\"EntryPoint\",\"urlTemplate\":\"https:\/\/huisartsenposttilburg.nl\/pl\/?s={search_term_string}\"},\"query-input\":{\"@type\":\"PropertyValueSpecification\",\"valueRequired\":true,\"valueName\":\"search_term_string\"}}],\"inLanguage\":\"pl-PL\"}]}<\/script>\n<!-- \/ Yoast SEO plugin. -->","yoast_head_json":{"title":"Jak to dzia\u0142a? - Huisartsenpost Tilburg - Polski","robots":{"index":"index","follow":"follow","max-snippet":"max-snippet:-1","max-image-preview":"max-image-preview:large","max-video-preview":"max-video-preview:-1"},"canonical":"https:\/\/huisartsenposttilburg.nl\/pl\/jak-to-dziala\/","og_locale":"pl_PL","og_type":"article","og_title":"Jak to dzia\u0142a? - Huisartsenpost Tilburg - Polski","og_description":"Tylko w nag\u0142ych wypadkach poza godzinami pracy biura Centrum pilnej opieki (UCC) jest prowadzone przez lekarza rodzinnego i jest przeznaczone wy\u0142\u0105cznie do nag\u0142ych przypadk\u00f3w wyst\u0119puj\u0105cych w nocy, w weekendy i \u015bwi\u0119ta pa\u0144stwowe. Zawsze upewnij si\u0119, \u017ce najpierw zadzwonisz Nie mo\u017cna po prostu odwiedzi\u0107 UCC. Musisz zadzwoni\u0107 z wyprzedzeniem, aby upewni\u0107 si\u0119, \u017ce szybko otrzymasz pomoc, [&hellip;]","og_url":"https:\/\/huisartsenposttilburg.nl\/pl\/jak-to-dziala\/","og_site_name":"Huisartsenpost Tilburg - Polski","article_modified_time":"2024-12-23T14:03:27+00:00","twitter_card":"summary_large_image","twitter_misc":{"Szacowany czas czytania":"2 minuty"},"schema":{"@context":"https:\/\/schema.org","@graph":[{"@type":"WebPage","@id":"https:\/\/huisartsenposttilburg.nl\/pl\/jak-to-dziala\/","url":"https:\/\/huisartsenposttilburg.nl\/pl\/jak-to-dziala\/","name":"Jak to dzia\u0142a? - Huisartsenpost Tilburg - Polski","isPartOf":{"@id":"https:\/\/huisartsenposttilburg.nl\/pl\/#website"},"datePublished":"2023-03-09T12:31:17+00:00","dateModified":"2024-12-23T14:03:27+00:00","breadcrumb":{"@id":"https:\/\/huisartsenposttilburg.nl\/pl\/jak-to-dziala\/#breadcrumb"},"inLanguage":"pl-PL","potentialAction":[{"@type":"ReadAction","target":["https:\/\/huisartsenposttilburg.nl\/pl\/jak-to-dziala\/"]}]},{"@type":"BreadcrumbList","@id":"https:\/\/huisartsenposttilburg.nl\/pl\/jak-to-dziala\/#breadcrumb","itemListElement":[{"@type":"ListItem","position":1,"name":"Home","item":"https:\/\/huisartsenposttilburg.nl\/pl\/"},{"@type":"ListItem","position":2,"name":"Jak to dzia\u0142a?"}]},{"@type":"WebSite","@id":"https:\/\/huisartsenposttilburg.nl\/pl\/#website","url":"https:\/\/huisartsenposttilburg.nl\/pl\/","name":"Huisartsenpost Tilburg - Polski","description":"","potentialAction":[{"@type":"SearchAction","target":{"@type":"EntryPoint","urlTemplate":"https:\/\/huisartsenposttilburg.nl\/pl\/?s={search_term_string}"},"query-input":{"@type":"PropertyValueSpecification","valueRequired":true,"valueName":"search_term_string"}}],"inLanguage":"pl-PL"}]}},"_links":{"self":[{"href":"https:\/\/huisartsenposttilburg.nl\/pl\/wp-json\/wp\/v2\/pages\/1884","targetHints":{"allow":["GET"]}}],"collection":[{"href":"https:\/\/huisartsenposttilburg.nl\/pl\/wp-json\/wp\/v2\/pages"}],"about":[{"href":"https:\/\/huisartsenposttilburg.nl\/pl\/wp-json\/wp\/v2\/types\/page"}],"author":[{"embeddable":true,"href":"https:\/\/huisartsenposttilburg.nl\/pl\/wp-json\/wp\/v2\/users\/3"}],"replies":[{"embeddable":true,"href":"https:\/\/huisartsenposttilburg.nl\/pl\/wp-json\/wp\/v2\/comments?post=1884"}],"version-history":[{"count":2,"href":"https:\/\/huisartsenposttilburg.nl\/pl\/wp-json\/wp\/v2\/pages\/1884\/revisions"}],"predecessor-version":[{"id":187408,"href":"https:\/\/huisartsenposttilburg.nl\/pl\/wp-json\/wp\/v2\/pages\/1884\/revisions\/187408"}],"wp:attachment":[{"href":"https:\/\/huisartsenposttilburg.nl\/pl\/wp-json\/wp\/v2\/media?parent=1884"}],"curies":[{"name":"wp","href":"https:\/\/api.w.org\/{rel}","templated":true}]}}