{"id":186904,"date":"2024-06-20T15:27:06","date_gmt":"2024-06-20T13:27:06","guid":{"rendered":"https:\/\/huisartsenposttilburg.nl\/?page_id=186904"},"modified":"2024-12-24T12:23:34","modified_gmt":"2024-12-24T11:23:34","slug":"moje-dziecko-daje-od","status":"publish","type":"page","link":"https:\/\/huisartsenposttilburg.nl\/pl\/moje-dziecko-daje-od\/","title":{"rendered":"Moje dziecko wymiotuje"},"content":{"rendered":"\n<p>Wymioty s\u0105 tym samym, co wymioty lub plucie. Nagle wszystko, co jest w \u017co\u0142\u0105dku, zn\u00f3w wydostaje si\u0119 z ust. Twoje dziecko cz\u0119sto na pocz\u0105tku ma md\u0142o\u015bci lub ma b\u00f3l brzucha z biegunk\u0105. Grypa&nbsp;\u017co\u0142\u0105dkowa jest zwykle przyczyn\u0105 nudno\u015bci i wymiot\u00f3w u dzieci. Grypa \u017co\u0142\u0105dkowa jest zwykle wywo\u0142ywana przez wirusa w \u017co\u0142\u0105dku i jelitach. <\/p>\n\n\n\n<p>Aby <a href=\"https:\/\/www.thuisarts.nl\/overgeven\/mijn-kind-geeft-over\">uzyska\u0107 wiarygodne informacje na temat wymiot\u00f3w u dzieci<\/a>, najpierw sp\u00f3jrz na thuisarts.nl.<\/p>\n\n\n\n<p>Nie mo\u017cesz si\u0119 doczeka\u0107 nast\u0119pnego dnia? Nast\u0119pnie zadzwo\u0144 do Stacji Ratunkowej Lekarza Pierwszego Kontaktu.<\/p>\n","protected":false},"excerpt":{"rendered":"<p>Wymioty s\u0105 tym samym, co wymioty lub plucie. Nagle wszystko, co jest w \u017co\u0142\u0105dku, zn\u00f3w wydostaje si\u0119 z ust. Twoje dziecko cz\u0119sto na pocz\u0105tku ma md\u0142o\u015bci lub ma b\u00f3l brzucha z biegunk\u0105. Grypa&nbsp;\u017co\u0142\u0105dkowa jest zwykle przyczyn\u0105 nudno\u015bci i wymiot\u00f3w u dzieci. Grypa \u017co\u0142\u0105dkowa jest zwykle wywo\u0142ywana przez wirusa w \u017co\u0142\u0105dku i jelitach. Aby uzyska\u0107 wiarygodne [&hellip;]<\/p>\n","protected":false},"author":18,"featured_media":0,"parent":0,"menu_order":0,"comment_status":"closed","ping_status":"closed","template":"","meta":{"_acf_changed":false,"_trash_the_other_posts":false,"editor_notices":[],"footnotes":""},"class_list":["post-186904","page","type-page","status-publish","hentry"],"acf":[],"yoast_head":"<!-- This site is optimized with the Yoast SEO plugin v26.6 - https:\/\/yoast.com\/wordpress\/plugins\/seo\/ -->\n<title>Moje dziecko wymiotuje - Huisartsenpost Tilburg - Polski<\/title>\n<meta name=\"robots\" content=\"index, follow, max-snippet:-1, max-image-preview:large, max-video-preview:-1\" \/>\n<link rel=\"canonical\" href=\"https:\/\/huisartsenposttilburg.nl\/pl\/moje-dziecko-daje-od\/\" \/>\n<meta property=\"og:locale\" content=\"pl_PL\" \/>\n<meta property=\"og:type\" content=\"article\" \/>\n<meta property=\"og:title\" content=\"Moje dziecko wymiotuje - Huisartsenpost Tilburg - Polski\" \/>\n<meta property=\"og:description\" content=\"Wymioty s\u0105 tym samym, co wymioty lub plucie. Nagle wszystko, co jest w \u017co\u0142\u0105dku, zn\u00f3w wydostaje si\u0119 z ust. Twoje dziecko cz\u0119sto na pocz\u0105tku ma md\u0142o\u015bci lub ma b\u00f3l brzucha z biegunk\u0105. Grypa&nbsp;\u017co\u0142\u0105dkowa jest zwykle przyczyn\u0105 nudno\u015bci i wymiot\u00f3w u dzieci. Grypa \u017co\u0142\u0105dkowa jest zwykle wywo\u0142ywana przez wirusa w \u017co\u0142\u0105dku i jelitach. Aby uzyska\u0107 wiarygodne [&hellip;]\" \/>\n<meta property=\"og:url\" content=\"https:\/\/huisartsenposttilburg.nl\/pl\/moje-dziecko-daje-od\/\" \/>\n<meta property=\"og:site_name\" content=\"Huisartsenpost Tilburg - Polski\" \/>\n<meta property=\"article:modified_time\" content=\"2024-12-24T11:23:34+00:00\" \/>\n<meta name=\"twitter:card\" content=\"summary_large_image\" \/>\n<meta name=\"twitter:label1\" content=\"Szacowany czas czytania\" \/>\n\t<meta name=\"twitter:data1\" content=\"1 minuta\" \/>\n<script type=\"application\/ld+json\" class=\"yoast-schema-graph\">{\"@context\":\"https:\/\/schema.org\",\"@graph\":[{\"@type\":\"WebPage\",\"@id\":\"https:\/\/huisartsenposttilburg.nl\/pl\/moje-dziecko-daje-od\/\",\"url\":\"https:\/\/huisartsenposttilburg.nl\/pl\/moje-dziecko-daje-od\/\",\"name\":\"Moje dziecko wymiotuje - Huisartsenpost Tilburg - Polski\",\"isPartOf\":{\"@id\":\"https:\/\/huisartsenposttilburg.nl\/pl\/#website\"},\"datePublished\":\"2024-06-20T13:27:06+00:00\",\"dateModified\":\"2024-12-24T11:23:34+00:00\",\"breadcrumb\":{\"@id\":\"https:\/\/huisartsenposttilburg.nl\/pl\/moje-dziecko-daje-od\/#breadcrumb\"},\"inLanguage\":\"pl-PL\",\"potentialAction\":[{\"@type\":\"ReadAction\",\"target\":[\"https:\/\/huisartsenposttilburg.nl\/pl\/moje-dziecko-daje-od\/\"]}]},{\"@type\":\"BreadcrumbList\",\"@id\":\"https:\/\/huisartsenposttilburg.nl\/pl\/moje-dziecko-daje-od\/#breadcrumb\",\"itemListElement\":[{\"@type\":\"ListItem\",\"position\":1,\"name\":\"Home\",\"item\":\"https:\/\/huisartsenposttilburg.nl\/pl\/\"},{\"@type\":\"ListItem\",\"position\":2,\"name\":\"Moje dziecko wymiotuje\"}]},{\"@type\":\"WebSite\",\"@id\":\"https:\/\/huisartsenposttilburg.nl\/pl\/#website\",\"url\":\"https:\/\/huisartsenposttilburg.nl\/pl\/\",\"name\":\"Huisartsenpost Tilburg - Polski\",\"description\":\"\",\"potentialAction\":[{\"@type\":\"SearchAction\",\"target\":{\"@type\":\"EntryPoint\",\"urlTemplate\":\"https:\/\/huisartsenposttilburg.nl\/pl\/?s={search_term_string}\"},\"query-input\":{\"@type\":\"PropertyValueSpecification\",\"valueRequired\":true,\"valueName\":\"search_term_string\"}}],\"inLanguage\":\"pl-PL\"}]}<\/script>\n<!-- \/ Yoast SEO plugin. -->","yoast_head_json":{"title":"Moje dziecko wymiotuje - Huisartsenpost Tilburg - Polski","robots":{"index":"index","follow":"follow","max-snippet":"max-snippet:-1","max-image-preview":"max-image-preview:large","max-video-preview":"max-video-preview:-1"},"canonical":"https:\/\/huisartsenposttilburg.nl\/pl\/moje-dziecko-daje-od\/","og_locale":"pl_PL","og_type":"article","og_title":"Moje dziecko wymiotuje - Huisartsenpost Tilburg - Polski","og_description":"Wymioty s\u0105 tym samym, co wymioty lub plucie. Nagle wszystko, co jest w \u017co\u0142\u0105dku, zn\u00f3w wydostaje si\u0119 z ust. Twoje dziecko cz\u0119sto na pocz\u0105tku ma md\u0142o\u015bci lub ma b\u00f3l brzucha z biegunk\u0105. Grypa&nbsp;\u017co\u0142\u0105dkowa jest zwykle przyczyn\u0105 nudno\u015bci i wymiot\u00f3w u dzieci. Grypa \u017co\u0142\u0105dkowa jest zwykle wywo\u0142ywana przez wirusa w \u017co\u0142\u0105dku i jelitach. Aby uzyska\u0107 wiarygodne [&hellip;]","og_url":"https:\/\/huisartsenposttilburg.nl\/pl\/moje-dziecko-daje-od\/","og_site_name":"Huisartsenpost Tilburg - Polski","article_modified_time":"2024-12-24T11:23:34+00:00","twitter_card":"summary_large_image","twitter_misc":{"Szacowany czas czytania":"1 minuta"},"schema":{"@context":"https:\/\/schema.org","@graph":[{"@type":"WebPage","@id":"https:\/\/huisartsenposttilburg.nl\/pl\/moje-dziecko-daje-od\/","url":"https:\/\/huisartsenposttilburg.nl\/pl\/moje-dziecko-daje-od\/","name":"Moje dziecko wymiotuje - Huisartsenpost Tilburg - Polski","isPartOf":{"@id":"https:\/\/huisartsenposttilburg.nl\/pl\/#website"},"datePublished":"2024-06-20T13:27:06+00:00","dateModified":"2024-12-24T11:23:34+00:00","breadcrumb":{"@id":"https:\/\/huisartsenposttilburg.nl\/pl\/moje-dziecko-daje-od\/#breadcrumb"},"inLanguage":"pl-PL","potentialAction":[{"@type":"ReadAction","target":["https:\/\/huisartsenposttilburg.nl\/pl\/moje-dziecko-daje-od\/"]}]},{"@type":"BreadcrumbList","@id":"https:\/\/huisartsenposttilburg.nl\/pl\/moje-dziecko-daje-od\/#breadcrumb","itemListElement":[{"@type":"ListItem","position":1,"name":"Home","item":"https:\/\/huisartsenposttilburg.nl\/pl\/"},{"@type":"ListItem","position":2,"name":"Moje dziecko wymiotuje"}]},{"@type":"WebSite","@id":"https:\/\/huisartsenposttilburg.nl\/pl\/#website","url":"https:\/\/huisartsenposttilburg.nl\/pl\/","name":"Huisartsenpost Tilburg - Polski","description":"","potentialAction":[{"@type":"SearchAction","target":{"@type":"EntryPoint","urlTemplate":"https:\/\/huisartsenposttilburg.nl\/pl\/?s={search_term_string}"},"query-input":{"@type":"PropertyValueSpecification","valueRequired":true,"valueName":"search_term_string"}}],"inLanguage":"pl-PL"}]}},"_links":{"self":[{"href":"https:\/\/huisartsenposttilburg.nl\/pl\/wp-json\/wp\/v2\/pages\/186904","targetHints":{"allow":["GET"]}}],"collection":[{"href":"https:\/\/huisartsenposttilburg.nl\/pl\/wp-json\/wp\/v2\/pages"}],"about":[{"href":"https:\/\/huisartsenposttilburg.nl\/pl\/wp-json\/wp\/v2\/types\/page"}],"author":[{"embeddable":true,"href":"https:\/\/huisartsenposttilburg.nl\/pl\/wp-json\/wp\/v2\/users\/18"}],"replies":[{"embeddable":true,"href":"https:\/\/huisartsenposttilburg.nl\/pl\/wp-json\/wp\/v2\/comments?post=186904"}],"version-history":[{"count":7,"href":"https:\/\/huisartsenposttilburg.nl\/pl\/wp-json\/wp\/v2\/pages\/186904\/revisions"}],"predecessor-version":[{"id":187442,"href":"https:\/\/huisartsenposttilburg.nl\/pl\/wp-json\/wp\/v2\/pages\/186904\/revisions\/187442"}],"wp:attachment":[{"href":"https:\/\/huisartsenposttilburg.nl\/pl\/wp-json\/wp\/v2\/media?parent=186904"}],"curies":[{"name":"wp","href":"https:\/\/api.w.org\/{rel}","templated":true}]}}