{"id":186901,"date":"2024-06-20T15:34:16","date_gmt":"2024-06-20T13:34:16","guid":{"rendered":"https:\/\/huisartsenposttilburg.nl\/?page_id=186901"},"modified":"2024-12-24T12:29:58","modified_gmt":"2024-12-24T11:29:58","slug":"moje-dziecko-ma-plamy","status":"publish","type":"page","link":"https:\/\/huisartsenposttilburg.nl\/pl\/moje-dziecko-ma-plamy\/","title":{"rendered":"Moje dziecko ma pryszcze"},"content":{"rendered":"\n<p>Je\u015bli Twoje dziecko jest chore i ma plamy, mo\u017ce to by\u0107 choroba wieku dzieci\u0119cego. Na przyk\u0142ad ospa wietrzna, pi\u0105ta choroba, sz\u00f3sta choroba i szkarlatyna. Plamy wyst\u0119puj\u0105 r\u00f3wnie\u017c przy alergii lub egzemie. Choroby wieku dzieci\u0119cego s\u0105 r\u00f3wnie\u017c cz\u0119sto wywo\u0142ywane przez wirusy, czasami przez bakterie. Zwykle choroba wieku dzieci\u0119cego ust\u0119puje samoistnie. <\/p>\n\n\n\n<p>Aby <a href=\"https:\/\/www.thuisarts.nl\/kinderziekten-met-vlekjes\/mijn-kind-is-ziek-en-heeft-vlekjes\">uzyska\u0107 wiarygodne informacje na temat wyprysk\u00f3w u dzieci,<\/a> najpierw sprawd\u017a thuisarts.nl.<\/p>\n\n\n\n<p>Nie mo\u017cesz si\u0119 doczeka\u0107 nast\u0119pnego dnia? Nast\u0119pnie zadzwo\u0144 do Stacji Ratunkowej Lekarza Pierwszego Kontaktu.<\/p>\n","protected":false},"excerpt":{"rendered":"<p>Je\u015bli Twoje dziecko jest chore i ma plamy, mo\u017ce to by\u0107 choroba wieku dzieci\u0119cego. Na przyk\u0142ad ospa wietrzna, pi\u0105ta choroba, sz\u00f3sta choroba i szkarlatyna. Plamy wyst\u0119puj\u0105 r\u00f3wnie\u017c przy alergii lub egzemie. Choroby wieku dzieci\u0119cego s\u0105 r\u00f3wnie\u017c cz\u0119sto wywo\u0142ywane przez wirusy, czasami przez bakterie. Zwykle choroba wieku dzieci\u0119cego ust\u0119puje samoistnie. Aby uzyska\u0107 wiarygodne informacje na temat [&hellip;]<\/p>\n","protected":false},"author":18,"featured_media":0,"parent":0,"menu_order":0,"comment_status":"closed","ping_status":"closed","template":"","meta":{"_acf_changed":false,"_trash_the_other_posts":false,"editor_notices":[],"footnotes":""},"class_list":["post-186901","page","type-page","status-publish","hentry"],"acf":[],"yoast_head":"<!-- This site is optimized with the Yoast SEO plugin v26.6 - https:\/\/yoast.com\/wordpress\/plugins\/seo\/ -->\n<title>Moje dziecko ma pryszcze - Huisartsenpost Tilburg - Polski<\/title>\n<meta name=\"robots\" content=\"index, follow, max-snippet:-1, max-image-preview:large, max-video-preview:-1\" \/>\n<link rel=\"canonical\" href=\"https:\/\/huisartsenposttilburg.nl\/pl\/moje-dziecko-ma-plamy\/\" \/>\n<meta property=\"og:locale\" content=\"pl_PL\" \/>\n<meta property=\"og:type\" content=\"article\" \/>\n<meta property=\"og:title\" content=\"Moje dziecko ma pryszcze - Huisartsenpost Tilburg - Polski\" \/>\n<meta property=\"og:description\" content=\"Je\u015bli Twoje dziecko jest chore i ma plamy, mo\u017ce to by\u0107 choroba wieku dzieci\u0119cego. Na przyk\u0142ad ospa wietrzna, pi\u0105ta choroba, sz\u00f3sta choroba i szkarlatyna. Plamy wyst\u0119puj\u0105 r\u00f3wnie\u017c przy alergii lub egzemie. Choroby wieku dzieci\u0119cego s\u0105 r\u00f3wnie\u017c cz\u0119sto wywo\u0142ywane przez wirusy, czasami przez bakterie. Zwykle choroba wieku dzieci\u0119cego ust\u0119puje samoistnie. Aby uzyska\u0107 wiarygodne informacje na temat [&hellip;]\" \/>\n<meta property=\"og:url\" content=\"https:\/\/huisartsenposttilburg.nl\/pl\/moje-dziecko-ma-plamy\/\" \/>\n<meta property=\"og:site_name\" content=\"Huisartsenpost Tilburg - Polski\" \/>\n<meta property=\"article:modified_time\" content=\"2024-12-24T11:29:58+00:00\" \/>\n<meta name=\"twitter:card\" content=\"summary_large_image\" \/>\n<meta name=\"twitter:label1\" content=\"Szacowany czas czytania\" \/>\n\t<meta name=\"twitter:data1\" content=\"1 minuta\" \/>\n<script type=\"application\/ld+json\" class=\"yoast-schema-graph\">{\"@context\":\"https:\/\/schema.org\",\"@graph\":[{\"@type\":\"WebPage\",\"@id\":\"https:\/\/huisartsenposttilburg.nl\/pl\/moje-dziecko-ma-plamy\/\",\"url\":\"https:\/\/huisartsenposttilburg.nl\/pl\/moje-dziecko-ma-plamy\/\",\"name\":\"Moje dziecko ma pryszcze - Huisartsenpost Tilburg - Polski\",\"isPartOf\":{\"@id\":\"https:\/\/huisartsenposttilburg.nl\/pl\/#website\"},\"datePublished\":\"2024-06-20T13:34:16+00:00\",\"dateModified\":\"2024-12-24T11:29:58+00:00\",\"breadcrumb\":{\"@id\":\"https:\/\/huisartsenposttilburg.nl\/pl\/moje-dziecko-ma-plamy\/#breadcrumb\"},\"inLanguage\":\"pl-PL\",\"potentialAction\":[{\"@type\":\"ReadAction\",\"target\":[\"https:\/\/huisartsenposttilburg.nl\/pl\/moje-dziecko-ma-plamy\/\"]}]},{\"@type\":\"BreadcrumbList\",\"@id\":\"https:\/\/huisartsenposttilburg.nl\/pl\/moje-dziecko-ma-plamy\/#breadcrumb\",\"itemListElement\":[{\"@type\":\"ListItem\",\"position\":1,\"name\":\"Home\",\"item\":\"https:\/\/huisartsenposttilburg.nl\/pl\/\"},{\"@type\":\"ListItem\",\"position\":2,\"name\":\"Moje dziecko ma pryszcze\"}]},{\"@type\":\"WebSite\",\"@id\":\"https:\/\/huisartsenposttilburg.nl\/pl\/#website\",\"url\":\"https:\/\/huisartsenposttilburg.nl\/pl\/\",\"name\":\"Huisartsenpost Tilburg - Polski\",\"description\":\"\",\"potentialAction\":[{\"@type\":\"SearchAction\",\"target\":{\"@type\":\"EntryPoint\",\"urlTemplate\":\"https:\/\/huisartsenposttilburg.nl\/pl\/?s={search_term_string}\"},\"query-input\":{\"@type\":\"PropertyValueSpecification\",\"valueRequired\":true,\"valueName\":\"search_term_string\"}}],\"inLanguage\":\"pl-PL\"}]}<\/script>\n<!-- \/ Yoast SEO plugin. -->","yoast_head_json":{"title":"Moje dziecko ma pryszcze - Huisartsenpost Tilburg - Polski","robots":{"index":"index","follow":"follow","max-snippet":"max-snippet:-1","max-image-preview":"max-image-preview:large","max-video-preview":"max-video-preview:-1"},"canonical":"https:\/\/huisartsenposttilburg.nl\/pl\/moje-dziecko-ma-plamy\/","og_locale":"pl_PL","og_type":"article","og_title":"Moje dziecko ma pryszcze - Huisartsenpost Tilburg - Polski","og_description":"Je\u015bli Twoje dziecko jest chore i ma plamy, mo\u017ce to by\u0107 choroba wieku dzieci\u0119cego. Na przyk\u0142ad ospa wietrzna, pi\u0105ta choroba, sz\u00f3sta choroba i szkarlatyna. Plamy wyst\u0119puj\u0105 r\u00f3wnie\u017c przy alergii lub egzemie. Choroby wieku dzieci\u0119cego s\u0105 r\u00f3wnie\u017c cz\u0119sto wywo\u0142ywane przez wirusy, czasami przez bakterie. Zwykle choroba wieku dzieci\u0119cego ust\u0119puje samoistnie. Aby uzyska\u0107 wiarygodne informacje na temat [&hellip;]","og_url":"https:\/\/huisartsenposttilburg.nl\/pl\/moje-dziecko-ma-plamy\/","og_site_name":"Huisartsenpost Tilburg - Polski","article_modified_time":"2024-12-24T11:29:58+00:00","twitter_card":"summary_large_image","twitter_misc":{"Szacowany czas czytania":"1 minuta"},"schema":{"@context":"https:\/\/schema.org","@graph":[{"@type":"WebPage","@id":"https:\/\/huisartsenposttilburg.nl\/pl\/moje-dziecko-ma-plamy\/","url":"https:\/\/huisartsenposttilburg.nl\/pl\/moje-dziecko-ma-plamy\/","name":"Moje dziecko ma pryszcze - Huisartsenpost Tilburg - Polski","isPartOf":{"@id":"https:\/\/huisartsenposttilburg.nl\/pl\/#website"},"datePublished":"2024-06-20T13:34:16+00:00","dateModified":"2024-12-24T11:29:58+00:00","breadcrumb":{"@id":"https:\/\/huisartsenposttilburg.nl\/pl\/moje-dziecko-ma-plamy\/#breadcrumb"},"inLanguage":"pl-PL","potentialAction":[{"@type":"ReadAction","target":["https:\/\/huisartsenposttilburg.nl\/pl\/moje-dziecko-ma-plamy\/"]}]},{"@type":"BreadcrumbList","@id":"https:\/\/huisartsenposttilburg.nl\/pl\/moje-dziecko-ma-plamy\/#breadcrumb","itemListElement":[{"@type":"ListItem","position":1,"name":"Home","item":"https:\/\/huisartsenposttilburg.nl\/pl\/"},{"@type":"ListItem","position":2,"name":"Moje dziecko ma pryszcze"}]},{"@type":"WebSite","@id":"https:\/\/huisartsenposttilburg.nl\/pl\/#website","url":"https:\/\/huisartsenposttilburg.nl\/pl\/","name":"Huisartsenpost Tilburg - Polski","description":"","potentialAction":[{"@type":"SearchAction","target":{"@type":"EntryPoint","urlTemplate":"https:\/\/huisartsenposttilburg.nl\/pl\/?s={search_term_string}"},"query-input":{"@type":"PropertyValueSpecification","valueRequired":true,"valueName":"search_term_string"}}],"inLanguage":"pl-PL"}]}},"_links":{"self":[{"href":"https:\/\/huisartsenposttilburg.nl\/pl\/wp-json\/wp\/v2\/pages\/186901","targetHints":{"allow":["GET"]}}],"collection":[{"href":"https:\/\/huisartsenposttilburg.nl\/pl\/wp-json\/wp\/v2\/pages"}],"about":[{"href":"https:\/\/huisartsenposttilburg.nl\/pl\/wp-json\/wp\/v2\/types\/page"}],"author":[{"embeddable":true,"href":"https:\/\/huisartsenposttilburg.nl\/pl\/wp-json\/wp\/v2\/users\/18"}],"replies":[{"embeddable":true,"href":"https:\/\/huisartsenposttilburg.nl\/pl\/wp-json\/wp\/v2\/comments?post=186901"}],"version-history":[{"count":7,"href":"https:\/\/huisartsenposttilburg.nl\/pl\/wp-json\/wp\/v2\/pages\/186901\/revisions"}],"predecessor-version":[{"id":187445,"href":"https:\/\/huisartsenposttilburg.nl\/pl\/wp-json\/wp\/v2\/pages\/186901\/revisions\/187445"}],"wp:attachment":[{"href":"https:\/\/huisartsenposttilburg.nl\/pl\/wp-json\/wp\/v2\/media?parent=186901"}],"curies":[{"name":"wp","href":"https:\/\/api.w.org\/{rel}","templated":true}]}}