{"id":186899,"date":"2024-06-20T15:22:59","date_gmt":"2024-06-20T13:22:59","guid":{"rendered":"https:\/\/huisartsenposttilburg.nl\/?page_id=186899"},"modified":"2024-12-24T12:32:10","modified_gmt":"2024-12-24T11:32:10","slug":"moje-dziecko-musi-czesto-kaszlec","status":"publish","type":"page","link":"https:\/\/huisartsenposttilburg.nl\/pl\/moje-dziecko-musi-czesto-kaszlec\/","title":{"rendered":"Moje dziecko musi cz\u0119sto kaszle\u0107"},"content":{"rendered":"\n<p>Sporadyczny kaszel jest normalny. Jest to naturalny spos\u00f3b organizmu na oczyszczanie gard\u0142a, tchawicy i p\u0142uc. Kaszl\u0105c Twoje dziecko usuwa \u015bluz, kurz i brud. Rany w b\u0142onie \u015bluzowej mog\u0105 wyst\u0105pi\u0107 z powodu np. wirusa lub dymu. To sprawia, \u017ce dziecko odczuwa bodziec i zaczyna kaszle\u0107. B\u0142ona \u015bluzowa r\u00f3wnie\u017c cz\u0119sto zaczyna wytwarza\u0107 wi\u0119cej \u015bluzu. W rezultacie Twoje dziecko cz\u0119\u015bciej kaszle. Kaszel jest zwykle spowodowany przez wirusa, na przyk\u0142ad przezi\u0119bienie&nbsp;lub gryp\u0119. <\/p>\n\n\n\n<p>Aby<a href=\"https:\/\/www.thuisarts.nl\/hoesten\/mijn-kind-moet-vaak-hoesten\"> uzyska\u0107 wiarygodne informacje na temat kaszlu u dzieci,<\/a> najpierw sprawd\u017a thuisarts.nl.<\/p>\n\n\n\n<p>Nie mo\u017cesz si\u0119 doczeka\u0107 nast\u0119pnego dnia? Nast\u0119pnie zadzwo\u0144 do Stacji Ratunkowej Lekarza Pierwszego Kontaktu.<\/p>\n","protected":false},"excerpt":{"rendered":"<p>Sporadyczny kaszel jest normalny. Jest to naturalny spos\u00f3b organizmu na oczyszczanie gard\u0142a, tchawicy i p\u0142uc. Kaszl\u0105c Twoje dziecko usuwa \u015bluz, kurz i brud. Rany w b\u0142onie \u015bluzowej mog\u0105 wyst\u0105pi\u0107 z powodu np. wirusa lub dymu. To sprawia, \u017ce dziecko odczuwa bodziec i zaczyna kaszle\u0107. B\u0142ona \u015bluzowa r\u00f3wnie\u017c cz\u0119sto zaczyna wytwarza\u0107 wi\u0119cej \u015bluzu. W rezultacie Twoje [&hellip;]<\/p>\n","protected":false},"author":18,"featured_media":0,"parent":0,"menu_order":0,"comment_status":"closed","ping_status":"closed","template":"","meta":{"_acf_changed":false,"_trash_the_other_posts":false,"editor_notices":[],"footnotes":""},"class_list":["post-186899","page","type-page","status-publish","hentry"],"acf":[],"yoast_head":"<!-- This site is optimized with the Yoast SEO plugin v26.6 - https:\/\/yoast.com\/wordpress\/plugins\/seo\/ -->\n<title>Moje dziecko musi cz\u0119sto kaszle\u0107 - Huisartsenpost Tilburg - Polski<\/title>\n<meta name=\"robots\" content=\"index, follow, max-snippet:-1, max-image-preview:large, max-video-preview:-1\" \/>\n<link rel=\"canonical\" href=\"https:\/\/huisartsenposttilburg.nl\/pl\/moje-dziecko-musi-czesto-kaszlec\/\" \/>\n<meta property=\"og:locale\" content=\"pl_PL\" \/>\n<meta property=\"og:type\" content=\"article\" \/>\n<meta property=\"og:title\" content=\"Moje dziecko musi cz\u0119sto kaszle\u0107 - Huisartsenpost Tilburg - Polski\" \/>\n<meta property=\"og:description\" content=\"Sporadyczny kaszel jest normalny. Jest to naturalny spos\u00f3b organizmu na oczyszczanie gard\u0142a, tchawicy i p\u0142uc. Kaszl\u0105c Twoje dziecko usuwa \u015bluz, kurz i brud. Rany w b\u0142onie \u015bluzowej mog\u0105 wyst\u0105pi\u0107 z powodu np. wirusa lub dymu. To sprawia, \u017ce dziecko odczuwa bodziec i zaczyna kaszle\u0107. B\u0142ona \u015bluzowa r\u00f3wnie\u017c cz\u0119sto zaczyna wytwarza\u0107 wi\u0119cej \u015bluzu. W rezultacie Twoje [&hellip;]\" \/>\n<meta property=\"og:url\" content=\"https:\/\/huisartsenposttilburg.nl\/pl\/moje-dziecko-musi-czesto-kaszlec\/\" \/>\n<meta property=\"og:site_name\" content=\"Huisartsenpost Tilburg - Polski\" \/>\n<meta property=\"article:modified_time\" content=\"2024-12-24T11:32:10+00:00\" \/>\n<meta name=\"twitter:card\" content=\"summary_large_image\" \/>\n<meta name=\"twitter:label1\" content=\"Szacowany czas czytania\" \/>\n\t<meta name=\"twitter:data1\" content=\"1 minuta\" \/>\n<script type=\"application\/ld+json\" class=\"yoast-schema-graph\">{\"@context\":\"https:\/\/schema.org\",\"@graph\":[{\"@type\":\"WebPage\",\"@id\":\"https:\/\/huisartsenposttilburg.nl\/pl\/moje-dziecko-musi-czesto-kaszlec\/\",\"url\":\"https:\/\/huisartsenposttilburg.nl\/pl\/moje-dziecko-musi-czesto-kaszlec\/\",\"name\":\"Moje dziecko musi cz\u0119sto kaszle\u0107 - Huisartsenpost Tilburg - Polski\",\"isPartOf\":{\"@id\":\"https:\/\/huisartsenposttilburg.nl\/pl\/#website\"},\"datePublished\":\"2024-06-20T13:22:59+00:00\",\"dateModified\":\"2024-12-24T11:32:10+00:00\",\"breadcrumb\":{\"@id\":\"https:\/\/huisartsenposttilburg.nl\/pl\/moje-dziecko-musi-czesto-kaszlec\/#breadcrumb\"},\"inLanguage\":\"pl-PL\",\"potentialAction\":[{\"@type\":\"ReadAction\",\"target\":[\"https:\/\/huisartsenposttilburg.nl\/pl\/moje-dziecko-musi-czesto-kaszlec\/\"]}]},{\"@type\":\"BreadcrumbList\",\"@id\":\"https:\/\/huisartsenposttilburg.nl\/pl\/moje-dziecko-musi-czesto-kaszlec\/#breadcrumb\",\"itemListElement\":[{\"@type\":\"ListItem\",\"position\":1,\"name\":\"Home\",\"item\":\"https:\/\/huisartsenposttilburg.nl\/pl\/\"},{\"@type\":\"ListItem\",\"position\":2,\"name\":\"Moje dziecko musi cz\u0119sto kaszle\u0107\"}]},{\"@type\":\"WebSite\",\"@id\":\"https:\/\/huisartsenposttilburg.nl\/pl\/#website\",\"url\":\"https:\/\/huisartsenposttilburg.nl\/pl\/\",\"name\":\"Huisartsenpost Tilburg - Polski\",\"description\":\"\",\"potentialAction\":[{\"@type\":\"SearchAction\",\"target\":{\"@type\":\"EntryPoint\",\"urlTemplate\":\"https:\/\/huisartsenposttilburg.nl\/pl\/?s={search_term_string}\"},\"query-input\":{\"@type\":\"PropertyValueSpecification\",\"valueRequired\":true,\"valueName\":\"search_term_string\"}}],\"inLanguage\":\"pl-PL\"}]}<\/script>\n<!-- \/ Yoast SEO plugin. -->","yoast_head_json":{"title":"Moje dziecko musi cz\u0119sto kaszle\u0107 - Huisartsenpost Tilburg - Polski","robots":{"index":"index","follow":"follow","max-snippet":"max-snippet:-1","max-image-preview":"max-image-preview:large","max-video-preview":"max-video-preview:-1"},"canonical":"https:\/\/huisartsenposttilburg.nl\/pl\/moje-dziecko-musi-czesto-kaszlec\/","og_locale":"pl_PL","og_type":"article","og_title":"Moje dziecko musi cz\u0119sto kaszle\u0107 - Huisartsenpost Tilburg - Polski","og_description":"Sporadyczny kaszel jest normalny. Jest to naturalny spos\u00f3b organizmu na oczyszczanie gard\u0142a, tchawicy i p\u0142uc. Kaszl\u0105c Twoje dziecko usuwa \u015bluz, kurz i brud. Rany w b\u0142onie \u015bluzowej mog\u0105 wyst\u0105pi\u0107 z powodu np. wirusa lub dymu. To sprawia, \u017ce dziecko odczuwa bodziec i zaczyna kaszle\u0107. B\u0142ona \u015bluzowa r\u00f3wnie\u017c cz\u0119sto zaczyna wytwarza\u0107 wi\u0119cej \u015bluzu. W rezultacie Twoje [&hellip;]","og_url":"https:\/\/huisartsenposttilburg.nl\/pl\/moje-dziecko-musi-czesto-kaszlec\/","og_site_name":"Huisartsenpost Tilburg - Polski","article_modified_time":"2024-12-24T11:32:10+00:00","twitter_card":"summary_large_image","twitter_misc":{"Szacowany czas czytania":"1 minuta"},"schema":{"@context":"https:\/\/schema.org","@graph":[{"@type":"WebPage","@id":"https:\/\/huisartsenposttilburg.nl\/pl\/moje-dziecko-musi-czesto-kaszlec\/","url":"https:\/\/huisartsenposttilburg.nl\/pl\/moje-dziecko-musi-czesto-kaszlec\/","name":"Moje dziecko musi cz\u0119sto kaszle\u0107 - Huisartsenpost Tilburg - Polski","isPartOf":{"@id":"https:\/\/huisartsenposttilburg.nl\/pl\/#website"},"datePublished":"2024-06-20T13:22:59+00:00","dateModified":"2024-12-24T11:32:10+00:00","breadcrumb":{"@id":"https:\/\/huisartsenposttilburg.nl\/pl\/moje-dziecko-musi-czesto-kaszlec\/#breadcrumb"},"inLanguage":"pl-PL","potentialAction":[{"@type":"ReadAction","target":["https:\/\/huisartsenposttilburg.nl\/pl\/moje-dziecko-musi-czesto-kaszlec\/"]}]},{"@type":"BreadcrumbList","@id":"https:\/\/huisartsenposttilburg.nl\/pl\/moje-dziecko-musi-czesto-kaszlec\/#breadcrumb","itemListElement":[{"@type":"ListItem","position":1,"name":"Home","item":"https:\/\/huisartsenposttilburg.nl\/pl\/"},{"@type":"ListItem","position":2,"name":"Moje dziecko musi cz\u0119sto kaszle\u0107"}]},{"@type":"WebSite","@id":"https:\/\/huisartsenposttilburg.nl\/pl\/#website","url":"https:\/\/huisartsenposttilburg.nl\/pl\/","name":"Huisartsenpost Tilburg - Polski","description":"","potentialAction":[{"@type":"SearchAction","target":{"@type":"EntryPoint","urlTemplate":"https:\/\/huisartsenposttilburg.nl\/pl\/?s={search_term_string}"},"query-input":{"@type":"PropertyValueSpecification","valueRequired":true,"valueName":"search_term_string"}}],"inLanguage":"pl-PL"}]}},"_links":{"self":[{"href":"https:\/\/huisartsenposttilburg.nl\/pl\/wp-json\/wp\/v2\/pages\/186899","targetHints":{"allow":["GET"]}}],"collection":[{"href":"https:\/\/huisartsenposttilburg.nl\/pl\/wp-json\/wp\/v2\/pages"}],"about":[{"href":"https:\/\/huisartsenposttilburg.nl\/pl\/wp-json\/wp\/v2\/types\/page"}],"author":[{"embeddable":true,"href":"https:\/\/huisartsenposttilburg.nl\/pl\/wp-json\/wp\/v2\/users\/18"}],"replies":[{"embeddable":true,"href":"https:\/\/huisartsenposttilburg.nl\/pl\/wp-json\/wp\/v2\/comments?post=186899"}],"version-history":[{"count":7,"href":"https:\/\/huisartsenposttilburg.nl\/pl\/wp-json\/wp\/v2\/pages\/186899\/revisions"}],"predecessor-version":[{"id":187447,"href":"https:\/\/huisartsenposttilburg.nl\/pl\/wp-json\/wp\/v2\/pages\/186899\/revisions\/187447"}],"wp:attachment":[{"href":"https:\/\/huisartsenposttilburg.nl\/pl\/wp-json\/wp\/v2\/media?parent=186899"}],"curies":[{"name":"wp","href":"https:\/\/api.w.org\/{rel}","templated":true}]}}