{"id":186880,"date":"2024-06-18T13:21:19","date_gmt":"2024-06-18T11:21:19","guid":{"rendered":"https:\/\/huisartsenposttilburg.nl\/?page_id=186880"},"modified":"2024-12-24T12:21:04","modified_gmt":"2024-12-24T11:21:04","slug":"moje-dziecko-jest-uzadlone-przez-owada","status":"publish","type":"page","link":"https:\/\/huisartsenposttilburg.nl\/pl\/moje-dziecko-jest-uzadlone-przez-owada\/","title":{"rendered":"Moje dziecko zosta\u0142o u\u017c\u0105dlone przez owada"},"content":{"rendered":"\n<p>U\u017c\u0105dlenie przez owada mo\u017ce by\u0107 denerwuj\u0105ce. Ale sw\u0119dzenie, guzek i\/lub b\u00f3l znikn\u0105 same. S\u0105 owady, kt\u00f3re gryz\u0105 lub \u017c\u0105dl\u0105. Twoje dziecko najprawdopodobniej zostanie ugryzione lub u\u017c\u0105dlone latem. Dotyczy to zw\u0142aszcza komar\u00f3w, pszcz\u00f3\u0142, os, trzmieli, szerszeni, kleszczy, mr\u00f3wek czy gwi\u0105sek. W przypadku innych owad\u00f3w istnieje ryzyko ugryzienia lub u\u017c\u0105dlenia przez ca\u0142y rok. Na przyk\u0142ad pluskwy lub pch\u0142y.<\/p>\n\n\n\n<p>Aby <a href=\"https:\/\/www.thuisarts.nl\/insectenbeet\/ik-heb-last-van-insectenbeet\">uzyska\u0107 wiarygodne informacje o dzieciach po uk\u0105szeniu owada<\/a>, najpierw sprawd\u017a thuisarts.nl.<br><br>Nie mo\u017cesz si\u0119 doczeka\u0107 nast\u0119pnego dnia? Nast\u0119pnie zadzwo\u0144 do Stacji Ratunkowej Lekarza Pierwszego Kontaktu.<\/p>\n","protected":false},"excerpt":{"rendered":"<p>U\u017c\u0105dlenie przez owada mo\u017ce by\u0107 denerwuj\u0105ce. Ale sw\u0119dzenie, guzek i\/lub b\u00f3l znikn\u0105 same. S\u0105 owady, kt\u00f3re gryz\u0105 lub \u017c\u0105dl\u0105. Twoje dziecko najprawdopodobniej zostanie ugryzione lub u\u017c\u0105dlone latem. Dotyczy to zw\u0142aszcza komar\u00f3w, pszcz\u00f3\u0142, os, trzmieli, szerszeni, kleszczy, mr\u00f3wek czy gwi\u0105sek. W przypadku innych owad\u00f3w istnieje ryzyko ugryzienia lub u\u017c\u0105dlenia przez ca\u0142y rok. Na przyk\u0142ad pluskwy lub [&hellip;]<\/p>\n","protected":false},"author":18,"featured_media":0,"parent":0,"menu_order":0,"comment_status":"closed","ping_status":"closed","template":"","meta":{"_acf_changed":false,"_trash_the_other_posts":false,"editor_notices":[],"footnotes":""},"class_list":["post-186880","page","type-page","status-publish","hentry"],"acf":[],"yoast_head":"<!-- This site is optimized with the Yoast SEO plugin v26.6 - https:\/\/yoast.com\/wordpress\/plugins\/seo\/ -->\n<title>Moje dziecko zosta\u0142o u\u017c\u0105dlone przez owada - Huisartsenpost Tilburg - Polski<\/title>\n<meta name=\"robots\" content=\"index, follow, max-snippet:-1, max-image-preview:large, max-video-preview:-1\" \/>\n<link rel=\"canonical\" href=\"https:\/\/huisartsenposttilburg.nl\/pl\/moje-dziecko-jest-uzadlone-przez-owada\/\" \/>\n<meta property=\"og:locale\" content=\"pl_PL\" \/>\n<meta property=\"og:type\" content=\"article\" \/>\n<meta property=\"og:title\" content=\"Moje dziecko zosta\u0142o u\u017c\u0105dlone przez owada - Huisartsenpost Tilburg - Polski\" \/>\n<meta property=\"og:description\" content=\"U\u017c\u0105dlenie przez owada mo\u017ce by\u0107 denerwuj\u0105ce. Ale sw\u0119dzenie, guzek i\/lub b\u00f3l znikn\u0105 same. S\u0105 owady, kt\u00f3re gryz\u0105 lub \u017c\u0105dl\u0105. Twoje dziecko najprawdopodobniej zostanie ugryzione lub u\u017c\u0105dlone latem. Dotyczy to zw\u0142aszcza komar\u00f3w, pszcz\u00f3\u0142, os, trzmieli, szerszeni, kleszczy, mr\u00f3wek czy gwi\u0105sek. W przypadku innych owad\u00f3w istnieje ryzyko ugryzienia lub u\u017c\u0105dlenia przez ca\u0142y rok. Na przyk\u0142ad pluskwy lub [&hellip;]\" \/>\n<meta property=\"og:url\" content=\"https:\/\/huisartsenposttilburg.nl\/pl\/moje-dziecko-jest-uzadlone-przez-owada\/\" \/>\n<meta property=\"og:site_name\" content=\"Huisartsenpost Tilburg - Polski\" \/>\n<meta property=\"article:modified_time\" content=\"2024-12-24T11:21:04+00:00\" \/>\n<meta name=\"twitter:card\" content=\"summary_large_image\" \/>\n<meta name=\"twitter:label1\" content=\"Szacowany czas czytania\" \/>\n\t<meta name=\"twitter:data1\" content=\"1 minuta\" \/>\n<script type=\"application\/ld+json\" class=\"yoast-schema-graph\">{\"@context\":\"https:\/\/schema.org\",\"@graph\":[{\"@type\":\"WebPage\",\"@id\":\"https:\/\/huisartsenposttilburg.nl\/pl\/moje-dziecko-jest-uzadlone-przez-owada\/\",\"url\":\"https:\/\/huisartsenposttilburg.nl\/pl\/moje-dziecko-jest-uzadlone-przez-owada\/\",\"name\":\"Moje dziecko zosta\u0142o u\u017c\u0105dlone przez owada - Huisartsenpost Tilburg - Polski\",\"isPartOf\":{\"@id\":\"https:\/\/huisartsenposttilburg.nl\/pl\/#website\"},\"datePublished\":\"2024-06-18T11:21:19+00:00\",\"dateModified\":\"2024-12-24T11:21:04+00:00\",\"breadcrumb\":{\"@id\":\"https:\/\/huisartsenposttilburg.nl\/pl\/moje-dziecko-jest-uzadlone-przez-owada\/#breadcrumb\"},\"inLanguage\":\"pl-PL\",\"potentialAction\":[{\"@type\":\"ReadAction\",\"target\":[\"https:\/\/huisartsenposttilburg.nl\/pl\/moje-dziecko-jest-uzadlone-przez-owada\/\"]}]},{\"@type\":\"BreadcrumbList\",\"@id\":\"https:\/\/huisartsenposttilburg.nl\/pl\/moje-dziecko-jest-uzadlone-przez-owada\/#breadcrumb\",\"itemListElement\":[{\"@type\":\"ListItem\",\"position\":1,\"name\":\"Home\",\"item\":\"https:\/\/huisartsenposttilburg.nl\/pl\/\"},{\"@type\":\"ListItem\",\"position\":2,\"name\":\"Moje dziecko zosta\u0142o u\u017c\u0105dlone przez owada\"}]},{\"@type\":\"WebSite\",\"@id\":\"https:\/\/huisartsenposttilburg.nl\/pl\/#website\",\"url\":\"https:\/\/huisartsenposttilburg.nl\/pl\/\",\"name\":\"Huisartsenpost Tilburg - Polski\",\"description\":\"\",\"potentialAction\":[{\"@type\":\"SearchAction\",\"target\":{\"@type\":\"EntryPoint\",\"urlTemplate\":\"https:\/\/huisartsenposttilburg.nl\/pl\/?s={search_term_string}\"},\"query-input\":{\"@type\":\"PropertyValueSpecification\",\"valueRequired\":true,\"valueName\":\"search_term_string\"}}],\"inLanguage\":\"pl-PL\"}]}<\/script>\n<!-- \/ Yoast SEO plugin. -->","yoast_head_json":{"title":"Moje dziecko zosta\u0142o u\u017c\u0105dlone przez owada - Huisartsenpost Tilburg - Polski","robots":{"index":"index","follow":"follow","max-snippet":"max-snippet:-1","max-image-preview":"max-image-preview:large","max-video-preview":"max-video-preview:-1"},"canonical":"https:\/\/huisartsenposttilburg.nl\/pl\/moje-dziecko-jest-uzadlone-przez-owada\/","og_locale":"pl_PL","og_type":"article","og_title":"Moje dziecko zosta\u0142o u\u017c\u0105dlone przez owada - Huisartsenpost Tilburg - Polski","og_description":"U\u017c\u0105dlenie przez owada mo\u017ce by\u0107 denerwuj\u0105ce. Ale sw\u0119dzenie, guzek i\/lub b\u00f3l znikn\u0105 same. S\u0105 owady, kt\u00f3re gryz\u0105 lub \u017c\u0105dl\u0105. Twoje dziecko najprawdopodobniej zostanie ugryzione lub u\u017c\u0105dlone latem. Dotyczy to zw\u0142aszcza komar\u00f3w, pszcz\u00f3\u0142, os, trzmieli, szerszeni, kleszczy, mr\u00f3wek czy gwi\u0105sek. W przypadku innych owad\u00f3w istnieje ryzyko ugryzienia lub u\u017c\u0105dlenia przez ca\u0142y rok. Na przyk\u0142ad pluskwy lub [&hellip;]","og_url":"https:\/\/huisartsenposttilburg.nl\/pl\/moje-dziecko-jest-uzadlone-przez-owada\/","og_site_name":"Huisartsenpost Tilburg - Polski","article_modified_time":"2024-12-24T11:21:04+00:00","twitter_card":"summary_large_image","twitter_misc":{"Szacowany czas czytania":"1 minuta"},"schema":{"@context":"https:\/\/schema.org","@graph":[{"@type":"WebPage","@id":"https:\/\/huisartsenposttilburg.nl\/pl\/moje-dziecko-jest-uzadlone-przez-owada\/","url":"https:\/\/huisartsenposttilburg.nl\/pl\/moje-dziecko-jest-uzadlone-przez-owada\/","name":"Moje dziecko zosta\u0142o u\u017c\u0105dlone przez owada - Huisartsenpost Tilburg - Polski","isPartOf":{"@id":"https:\/\/huisartsenposttilburg.nl\/pl\/#website"},"datePublished":"2024-06-18T11:21:19+00:00","dateModified":"2024-12-24T11:21:04+00:00","breadcrumb":{"@id":"https:\/\/huisartsenposttilburg.nl\/pl\/moje-dziecko-jest-uzadlone-przez-owada\/#breadcrumb"},"inLanguage":"pl-PL","potentialAction":[{"@type":"ReadAction","target":["https:\/\/huisartsenposttilburg.nl\/pl\/moje-dziecko-jest-uzadlone-przez-owada\/"]}]},{"@type":"BreadcrumbList","@id":"https:\/\/huisartsenposttilburg.nl\/pl\/moje-dziecko-jest-uzadlone-przez-owada\/#breadcrumb","itemListElement":[{"@type":"ListItem","position":1,"name":"Home","item":"https:\/\/huisartsenposttilburg.nl\/pl\/"},{"@type":"ListItem","position":2,"name":"Moje dziecko zosta\u0142o u\u017c\u0105dlone przez owada"}]},{"@type":"WebSite","@id":"https:\/\/huisartsenposttilburg.nl\/pl\/#website","url":"https:\/\/huisartsenposttilburg.nl\/pl\/","name":"Huisartsenpost Tilburg - Polski","description":"","potentialAction":[{"@type":"SearchAction","target":{"@type":"EntryPoint","urlTemplate":"https:\/\/huisartsenposttilburg.nl\/pl\/?s={search_term_string}"},"query-input":{"@type":"PropertyValueSpecification","valueRequired":true,"valueName":"search_term_string"}}],"inLanguage":"pl-PL"}]}},"_links":{"self":[{"href":"https:\/\/huisartsenposttilburg.nl\/pl\/wp-json\/wp\/v2\/pages\/186880","targetHints":{"allow":["GET"]}}],"collection":[{"href":"https:\/\/huisartsenposttilburg.nl\/pl\/wp-json\/wp\/v2\/pages"}],"about":[{"href":"https:\/\/huisartsenposttilburg.nl\/pl\/wp-json\/wp\/v2\/types\/page"}],"author":[{"embeddable":true,"href":"https:\/\/huisartsenposttilburg.nl\/pl\/wp-json\/wp\/v2\/users\/18"}],"replies":[{"embeddable":true,"href":"https:\/\/huisartsenposttilburg.nl\/pl\/wp-json\/wp\/v2\/comments?post=186880"}],"version-history":[{"count":8,"href":"https:\/\/huisartsenposttilburg.nl\/pl\/wp-json\/wp\/v2\/pages\/186880\/revisions"}],"predecessor-version":[{"id":187441,"href":"https:\/\/huisartsenposttilburg.nl\/pl\/wp-json\/wp\/v2\/pages\/186880\/revisions\/187441"}],"wp:attachment":[{"href":"https:\/\/huisartsenposttilburg.nl\/pl\/wp-json\/wp\/v2\/media?parent=186880"}],"curies":[{"name":"wp","href":"https:\/\/api.w.org\/{rel}","templated":true}]}}