{"id":186874,"date":"2024-06-18T13:15:50","date_gmt":"2024-06-18T11:15:50","guid":{"rendered":"https:\/\/huisartsenposttilburg.nl\/?page_id=186874"},"modified":"2024-12-24T12:27:58","modified_gmt":"2024-12-24T11:27:58","slug":"moje-dziecko-ma-ciecie","status":"publish","type":"page","link":"https:\/\/huisartsenposttilburg.nl\/pl\/moje-dziecko-ma-ciecie\/","title":{"rendered":"Moje dziecko ma skaleczenie"},"content":{"rendered":"\n<p>Skaleczenie jest spowodowane ostrym przedmiotem, takim jak n\u00f3\u017c lub kawa\u0142ek szk\u0142a. Ale tak\u017ce, na przyk\u0142ad, upadaj\u0105c na kraw\u0119d\u017a sto\u0142u. Rana ma ostre kraw\u0119dzie, mo\u017ce by\u0107 g\u0142\u0119boka i mo\u017ce mocno krwawi\u0107. W niekt\u00f3rych przypadkach mo\u017cesz zrobi\u0107 co\u015b samodzielnie w domu, aby wyleczy\u0107 ran\u0119.  <\/p>\n\n\n\n<p>Aby <a href=\"https:\/\/www.thuisarts.nl\/wonden\/ik-heb-wond\">uzyska\u0107 wiarygodne informacje o dzieciach z ran\u0105<\/a>, najpierw sp\u00f3jrz na thuisarts.nl<br><\/p>\n\n\n\n<p>Nie mo\u017cesz si\u0119 doczeka\u0107 nast\u0119pnego dnia? Nast\u0119pnie zadzwo\u0144 do Stacji Ratunkowej Lekarza Pierwszego Kontaktu.<\/p>\n","protected":false},"excerpt":{"rendered":"<p>Skaleczenie jest spowodowane ostrym przedmiotem, takim jak n\u00f3\u017c lub kawa\u0142ek szk\u0142a. Ale tak\u017ce, na przyk\u0142ad, upadaj\u0105c na kraw\u0119d\u017a sto\u0142u. Rana ma ostre kraw\u0119dzie, mo\u017ce by\u0107 g\u0142\u0119boka i mo\u017ce mocno krwawi\u0107. W niekt\u00f3rych przypadkach mo\u017cesz zrobi\u0107 co\u015b samodzielnie w domu, aby wyleczy\u0107 ran\u0119. Aby uzyska\u0107 wiarygodne informacje o dzieciach z ran\u0105, najpierw sp\u00f3jrz na thuisarts.nl Nie [&hellip;]<\/p>\n","protected":false},"author":18,"featured_media":0,"parent":0,"menu_order":0,"comment_status":"closed","ping_status":"closed","template":"","meta":{"_acf_changed":false,"_trash_the_other_posts":false,"editor_notices":[],"footnotes":""},"class_list":["post-186874","page","type-page","status-publish","hentry"],"acf":[],"yoast_head":"<!-- This site is optimized with the Yoast SEO plugin v26.6 - https:\/\/yoast.com\/wordpress\/plugins\/seo\/ -->\n<title>Moje dziecko ma skaleczenie - Huisartsenpost Tilburg - Polski<\/title>\n<meta name=\"robots\" content=\"index, follow, max-snippet:-1, max-image-preview:large, max-video-preview:-1\" \/>\n<link rel=\"canonical\" href=\"https:\/\/huisartsenposttilburg.nl\/pl\/moje-dziecko-ma-ciecie\/\" \/>\n<meta property=\"og:locale\" content=\"pl_PL\" \/>\n<meta property=\"og:type\" content=\"article\" \/>\n<meta property=\"og:title\" content=\"Moje dziecko ma skaleczenie - Huisartsenpost Tilburg - Polski\" \/>\n<meta property=\"og:description\" content=\"Skaleczenie jest spowodowane ostrym przedmiotem, takim jak n\u00f3\u017c lub kawa\u0142ek szk\u0142a. Ale tak\u017ce, na przyk\u0142ad, upadaj\u0105c na kraw\u0119d\u017a sto\u0142u. Rana ma ostre kraw\u0119dzie, mo\u017ce by\u0107 g\u0142\u0119boka i mo\u017ce mocno krwawi\u0107. W niekt\u00f3rych przypadkach mo\u017cesz zrobi\u0107 co\u015b samodzielnie w domu, aby wyleczy\u0107 ran\u0119. Aby uzyska\u0107 wiarygodne informacje o dzieciach z ran\u0105, najpierw sp\u00f3jrz na thuisarts.nl Nie [&hellip;]\" \/>\n<meta property=\"og:url\" content=\"https:\/\/huisartsenposttilburg.nl\/pl\/moje-dziecko-ma-ciecie\/\" \/>\n<meta property=\"og:site_name\" content=\"Huisartsenpost Tilburg - Polski\" \/>\n<meta property=\"article:modified_time\" content=\"2024-12-24T11:27:58+00:00\" \/>\n<meta name=\"twitter:card\" content=\"summary_large_image\" \/>\n<meta name=\"twitter:label1\" content=\"Szacowany czas czytania\" \/>\n\t<meta name=\"twitter:data1\" content=\"1 minuta\" \/>\n<script type=\"application\/ld+json\" class=\"yoast-schema-graph\">{\"@context\":\"https:\/\/schema.org\",\"@graph\":[{\"@type\":\"WebPage\",\"@id\":\"https:\/\/huisartsenposttilburg.nl\/pl\/moje-dziecko-ma-ciecie\/\",\"url\":\"https:\/\/huisartsenposttilburg.nl\/pl\/moje-dziecko-ma-ciecie\/\",\"name\":\"Moje dziecko ma skaleczenie - Huisartsenpost Tilburg - Polski\",\"isPartOf\":{\"@id\":\"https:\/\/huisartsenposttilburg.nl\/pl\/#website\"},\"datePublished\":\"2024-06-18T11:15:50+00:00\",\"dateModified\":\"2024-12-24T11:27:58+00:00\",\"breadcrumb\":{\"@id\":\"https:\/\/huisartsenposttilburg.nl\/pl\/moje-dziecko-ma-ciecie\/#breadcrumb\"},\"inLanguage\":\"pl-PL\",\"potentialAction\":[{\"@type\":\"ReadAction\",\"target\":[\"https:\/\/huisartsenposttilburg.nl\/pl\/moje-dziecko-ma-ciecie\/\"]}]},{\"@type\":\"BreadcrumbList\",\"@id\":\"https:\/\/huisartsenposttilburg.nl\/pl\/moje-dziecko-ma-ciecie\/#breadcrumb\",\"itemListElement\":[{\"@type\":\"ListItem\",\"position\":1,\"name\":\"Home\",\"item\":\"https:\/\/huisartsenposttilburg.nl\/pl\/\"},{\"@type\":\"ListItem\",\"position\":2,\"name\":\"Moje dziecko ma skaleczenie\"}]},{\"@type\":\"WebSite\",\"@id\":\"https:\/\/huisartsenposttilburg.nl\/pl\/#website\",\"url\":\"https:\/\/huisartsenposttilburg.nl\/pl\/\",\"name\":\"Huisartsenpost Tilburg - Polski\",\"description\":\"\",\"potentialAction\":[{\"@type\":\"SearchAction\",\"target\":{\"@type\":\"EntryPoint\",\"urlTemplate\":\"https:\/\/huisartsenposttilburg.nl\/pl\/?s={search_term_string}\"},\"query-input\":{\"@type\":\"PropertyValueSpecification\",\"valueRequired\":true,\"valueName\":\"search_term_string\"}}],\"inLanguage\":\"pl-PL\"}]}<\/script>\n<!-- \/ Yoast SEO plugin. -->","yoast_head_json":{"title":"Moje dziecko ma skaleczenie - Huisartsenpost Tilburg - Polski","robots":{"index":"index","follow":"follow","max-snippet":"max-snippet:-1","max-image-preview":"max-image-preview:large","max-video-preview":"max-video-preview:-1"},"canonical":"https:\/\/huisartsenposttilburg.nl\/pl\/moje-dziecko-ma-ciecie\/","og_locale":"pl_PL","og_type":"article","og_title":"Moje dziecko ma skaleczenie - Huisartsenpost Tilburg - Polski","og_description":"Skaleczenie jest spowodowane ostrym przedmiotem, takim jak n\u00f3\u017c lub kawa\u0142ek szk\u0142a. Ale tak\u017ce, na przyk\u0142ad, upadaj\u0105c na kraw\u0119d\u017a sto\u0142u. Rana ma ostre kraw\u0119dzie, mo\u017ce by\u0107 g\u0142\u0119boka i mo\u017ce mocno krwawi\u0107. W niekt\u00f3rych przypadkach mo\u017cesz zrobi\u0107 co\u015b samodzielnie w domu, aby wyleczy\u0107 ran\u0119. Aby uzyska\u0107 wiarygodne informacje o dzieciach z ran\u0105, najpierw sp\u00f3jrz na thuisarts.nl Nie [&hellip;]","og_url":"https:\/\/huisartsenposttilburg.nl\/pl\/moje-dziecko-ma-ciecie\/","og_site_name":"Huisartsenpost Tilburg - Polski","article_modified_time":"2024-12-24T11:27:58+00:00","twitter_card":"summary_large_image","twitter_misc":{"Szacowany czas czytania":"1 minuta"},"schema":{"@context":"https:\/\/schema.org","@graph":[{"@type":"WebPage","@id":"https:\/\/huisartsenposttilburg.nl\/pl\/moje-dziecko-ma-ciecie\/","url":"https:\/\/huisartsenposttilburg.nl\/pl\/moje-dziecko-ma-ciecie\/","name":"Moje dziecko ma skaleczenie - Huisartsenpost Tilburg - Polski","isPartOf":{"@id":"https:\/\/huisartsenposttilburg.nl\/pl\/#website"},"datePublished":"2024-06-18T11:15:50+00:00","dateModified":"2024-12-24T11:27:58+00:00","breadcrumb":{"@id":"https:\/\/huisartsenposttilburg.nl\/pl\/moje-dziecko-ma-ciecie\/#breadcrumb"},"inLanguage":"pl-PL","potentialAction":[{"@type":"ReadAction","target":["https:\/\/huisartsenposttilburg.nl\/pl\/moje-dziecko-ma-ciecie\/"]}]},{"@type":"BreadcrumbList","@id":"https:\/\/huisartsenposttilburg.nl\/pl\/moje-dziecko-ma-ciecie\/#breadcrumb","itemListElement":[{"@type":"ListItem","position":1,"name":"Home","item":"https:\/\/huisartsenposttilburg.nl\/pl\/"},{"@type":"ListItem","position":2,"name":"Moje dziecko ma skaleczenie"}]},{"@type":"WebSite","@id":"https:\/\/huisartsenposttilburg.nl\/pl\/#website","url":"https:\/\/huisartsenposttilburg.nl\/pl\/","name":"Huisartsenpost Tilburg - Polski","description":"","potentialAction":[{"@type":"SearchAction","target":{"@type":"EntryPoint","urlTemplate":"https:\/\/huisartsenposttilburg.nl\/pl\/?s={search_term_string}"},"query-input":{"@type":"PropertyValueSpecification","valueRequired":true,"valueName":"search_term_string"}}],"inLanguage":"pl-PL"}]}},"_links":{"self":[{"href":"https:\/\/huisartsenposttilburg.nl\/pl\/wp-json\/wp\/v2\/pages\/186874","targetHints":{"allow":["GET"]}}],"collection":[{"href":"https:\/\/huisartsenposttilburg.nl\/pl\/wp-json\/wp\/v2\/pages"}],"about":[{"href":"https:\/\/huisartsenposttilburg.nl\/pl\/wp-json\/wp\/v2\/types\/page"}],"author":[{"embeddable":true,"href":"https:\/\/huisartsenposttilburg.nl\/pl\/wp-json\/wp\/v2\/users\/18"}],"replies":[{"embeddable":true,"href":"https:\/\/huisartsenposttilburg.nl\/pl\/wp-json\/wp\/v2\/comments?post=186874"}],"version-history":[{"count":8,"href":"https:\/\/huisartsenposttilburg.nl\/pl\/wp-json\/wp\/v2\/pages\/186874\/revisions"}],"predecessor-version":[{"id":187444,"href":"https:\/\/huisartsenposttilburg.nl\/pl\/wp-json\/wp\/v2\/pages\/186874\/revisions\/187444"}],"wp:attachment":[{"href":"https:\/\/huisartsenposttilburg.nl\/pl\/wp-json\/wp\/v2\/media?parent=186874"}],"curies":[{"name":"wp","href":"https:\/\/api.w.org\/{rel}","templated":true}]}}