{"id":186861,"date":"2024-06-20T15:17:43","date_gmt":"2024-06-20T13:17:43","guid":{"rendered":"https:\/\/huisartsenposttilburg.nl\/?page_id=186861"},"modified":"2024-12-24T12:33:35","modified_gmt":"2024-12-24T11:33:35","slug":"moje-dziecko-ma-zapalone-oczy","status":"publish","type":"page","link":"https:\/\/huisartsenposttilburg.nl\/pl\/moje-dziecko-ma-zapalone-oczy\/","title":{"rendered":"Moje dziecko ma stan zapalny oczu"},"content":{"rendered":"\n<p>W przypadku infekcji oka bia\u0142ka oczu s\u0105 czerwone. B\u0142ona na oku jest w stanie zapalnym. Mo\u017ce r\u00f3wnie\u017c znajdowa\u0107 si\u0119 \u015bluz w oku. Zwykle nie stanowi to problemu. Leczenie cz\u0119sto nie jest konieczne. Infekcja oka prawie zawsze ust\u0119puje samoistnie w ci\u0105gu 1 do 2 tygodni.<\/p>\n\n\n\n<p>Aby uzyska\u0107&nbsp;<a href=\"https:\/\/www.thuisarts.nl\/rood-oog\/mijn-baby-heeft-oogontsteking\" target=\"_blank\" rel=\"noreferrer noopener\">wiarygodne informacje na temat infekcji oka u dzieci<\/a>&nbsp;, najpierw sprawd\u017a thuisarts.nl.<\/p>\n\n\n\n<p>Nie mo\u017cesz si\u0119 doczeka\u0107 nast\u0119pnego dnia? Nast\u0119pnie zadzwo\u0144 do Stacji Ratunkowej Lekarza Pierwszego Kontaktu.<\/p>\n","protected":false},"excerpt":{"rendered":"<p>W przypadku infekcji oka bia\u0142ka oczu s\u0105 czerwone. B\u0142ona na oku jest w stanie zapalnym. Mo\u017ce r\u00f3wnie\u017c znajdowa\u0107 si\u0119 \u015bluz w oku. Zwykle nie stanowi to problemu. Leczenie cz\u0119sto nie jest konieczne. Infekcja oka prawie zawsze ust\u0119puje samoistnie w ci\u0105gu 1 do 2 tygodni. Aby uzyska\u0107&nbsp;wiarygodne informacje na temat infekcji oka u dzieci&nbsp;, najpierw sprawd\u017a [&hellip;]<\/p>\n","protected":false},"author":18,"featured_media":0,"parent":0,"menu_order":0,"comment_status":"closed","ping_status":"closed","template":"","meta":{"_acf_changed":false,"_trash_the_other_posts":false,"editor_notices":[],"footnotes":""},"class_list":["post-186861","page","type-page","status-publish","hentry"],"acf":[],"yoast_head":"<!-- This site is optimized with the Yoast SEO plugin v26.6 - https:\/\/yoast.com\/wordpress\/plugins\/seo\/ -->\n<title>Moje dziecko ma stan zapalny oczu - Huisartsenpost Tilburg - Polski<\/title>\n<meta name=\"robots\" content=\"index, follow, max-snippet:-1, max-image-preview:large, max-video-preview:-1\" \/>\n<link rel=\"canonical\" href=\"https:\/\/huisartsenposttilburg.nl\/pl\/moje-dziecko-ma-zapalone-oczy\/\" \/>\n<meta property=\"og:locale\" content=\"pl_PL\" \/>\n<meta property=\"og:type\" content=\"article\" \/>\n<meta property=\"og:title\" content=\"Moje dziecko ma stan zapalny oczu - Huisartsenpost Tilburg - Polski\" \/>\n<meta property=\"og:description\" content=\"W przypadku infekcji oka bia\u0142ka oczu s\u0105 czerwone. B\u0142ona na oku jest w stanie zapalnym. Mo\u017ce r\u00f3wnie\u017c znajdowa\u0107 si\u0119 \u015bluz w oku. Zwykle nie stanowi to problemu. Leczenie cz\u0119sto nie jest konieczne. Infekcja oka prawie zawsze ust\u0119puje samoistnie w ci\u0105gu 1 do 2 tygodni. Aby uzyska\u0107&nbsp;wiarygodne informacje na temat infekcji oka u dzieci&nbsp;, najpierw sprawd\u017a [&hellip;]\" \/>\n<meta property=\"og:url\" content=\"https:\/\/huisartsenposttilburg.nl\/pl\/moje-dziecko-ma-zapalone-oczy\/\" \/>\n<meta property=\"og:site_name\" content=\"Huisartsenpost Tilburg - Polski\" \/>\n<meta property=\"article:modified_time\" content=\"2024-12-24T11:33:35+00:00\" \/>\n<meta name=\"twitter:card\" content=\"summary_large_image\" \/>\n<meta name=\"twitter:label1\" content=\"Szacowany czas czytania\" \/>\n\t<meta name=\"twitter:data1\" content=\"1 minuta\" \/>\n<script type=\"application\/ld+json\" class=\"yoast-schema-graph\">{\"@context\":\"https:\/\/schema.org\",\"@graph\":[{\"@type\":\"WebPage\",\"@id\":\"https:\/\/huisartsenposttilburg.nl\/pl\/moje-dziecko-ma-zapalone-oczy\/\",\"url\":\"https:\/\/huisartsenposttilburg.nl\/pl\/moje-dziecko-ma-zapalone-oczy\/\",\"name\":\"Moje dziecko ma stan zapalny oczu - Huisartsenpost Tilburg - Polski\",\"isPartOf\":{\"@id\":\"https:\/\/huisartsenposttilburg.nl\/pl\/#website\"},\"datePublished\":\"2024-06-20T13:17:43+00:00\",\"dateModified\":\"2024-12-24T11:33:35+00:00\",\"breadcrumb\":{\"@id\":\"https:\/\/huisartsenposttilburg.nl\/pl\/moje-dziecko-ma-zapalone-oczy\/#breadcrumb\"},\"inLanguage\":\"pl-PL\",\"potentialAction\":[{\"@type\":\"ReadAction\",\"target\":[\"https:\/\/huisartsenposttilburg.nl\/pl\/moje-dziecko-ma-zapalone-oczy\/\"]}]},{\"@type\":\"BreadcrumbList\",\"@id\":\"https:\/\/huisartsenposttilburg.nl\/pl\/moje-dziecko-ma-zapalone-oczy\/#breadcrumb\",\"itemListElement\":[{\"@type\":\"ListItem\",\"position\":1,\"name\":\"Home\",\"item\":\"https:\/\/huisartsenposttilburg.nl\/pl\/\"},{\"@type\":\"ListItem\",\"position\":2,\"name\":\"Moje dziecko ma stan zapalny oczu\"}]},{\"@type\":\"WebSite\",\"@id\":\"https:\/\/huisartsenposttilburg.nl\/pl\/#website\",\"url\":\"https:\/\/huisartsenposttilburg.nl\/pl\/\",\"name\":\"Huisartsenpost Tilburg - Polski\",\"description\":\"\",\"potentialAction\":[{\"@type\":\"SearchAction\",\"target\":{\"@type\":\"EntryPoint\",\"urlTemplate\":\"https:\/\/huisartsenposttilburg.nl\/pl\/?s={search_term_string}\"},\"query-input\":{\"@type\":\"PropertyValueSpecification\",\"valueRequired\":true,\"valueName\":\"search_term_string\"}}],\"inLanguage\":\"pl-PL\"}]}<\/script>\n<!-- \/ Yoast SEO plugin. -->","yoast_head_json":{"title":"Moje dziecko ma stan zapalny oczu - Huisartsenpost Tilburg - Polski","robots":{"index":"index","follow":"follow","max-snippet":"max-snippet:-1","max-image-preview":"max-image-preview:large","max-video-preview":"max-video-preview:-1"},"canonical":"https:\/\/huisartsenposttilburg.nl\/pl\/moje-dziecko-ma-zapalone-oczy\/","og_locale":"pl_PL","og_type":"article","og_title":"Moje dziecko ma stan zapalny oczu - Huisartsenpost Tilburg - Polski","og_description":"W przypadku infekcji oka bia\u0142ka oczu s\u0105 czerwone. B\u0142ona na oku jest w stanie zapalnym. Mo\u017ce r\u00f3wnie\u017c znajdowa\u0107 si\u0119 \u015bluz w oku. Zwykle nie stanowi to problemu. Leczenie cz\u0119sto nie jest konieczne. Infekcja oka prawie zawsze ust\u0119puje samoistnie w ci\u0105gu 1 do 2 tygodni. Aby uzyska\u0107&nbsp;wiarygodne informacje na temat infekcji oka u dzieci&nbsp;, najpierw sprawd\u017a [&hellip;]","og_url":"https:\/\/huisartsenposttilburg.nl\/pl\/moje-dziecko-ma-zapalone-oczy\/","og_site_name":"Huisartsenpost Tilburg - Polski","article_modified_time":"2024-12-24T11:33:35+00:00","twitter_card":"summary_large_image","twitter_misc":{"Szacowany czas czytania":"1 minuta"},"schema":{"@context":"https:\/\/schema.org","@graph":[{"@type":"WebPage","@id":"https:\/\/huisartsenposttilburg.nl\/pl\/moje-dziecko-ma-zapalone-oczy\/","url":"https:\/\/huisartsenposttilburg.nl\/pl\/moje-dziecko-ma-zapalone-oczy\/","name":"Moje dziecko ma stan zapalny oczu - Huisartsenpost Tilburg - Polski","isPartOf":{"@id":"https:\/\/huisartsenposttilburg.nl\/pl\/#website"},"datePublished":"2024-06-20T13:17:43+00:00","dateModified":"2024-12-24T11:33:35+00:00","breadcrumb":{"@id":"https:\/\/huisartsenposttilburg.nl\/pl\/moje-dziecko-ma-zapalone-oczy\/#breadcrumb"},"inLanguage":"pl-PL","potentialAction":[{"@type":"ReadAction","target":["https:\/\/huisartsenposttilburg.nl\/pl\/moje-dziecko-ma-zapalone-oczy\/"]}]},{"@type":"BreadcrumbList","@id":"https:\/\/huisartsenposttilburg.nl\/pl\/moje-dziecko-ma-zapalone-oczy\/#breadcrumb","itemListElement":[{"@type":"ListItem","position":1,"name":"Home","item":"https:\/\/huisartsenposttilburg.nl\/pl\/"},{"@type":"ListItem","position":2,"name":"Moje dziecko ma stan zapalny oczu"}]},{"@type":"WebSite","@id":"https:\/\/huisartsenposttilburg.nl\/pl\/#website","url":"https:\/\/huisartsenposttilburg.nl\/pl\/","name":"Huisartsenpost Tilburg - Polski","description":"","potentialAction":[{"@type":"SearchAction","target":{"@type":"EntryPoint","urlTemplate":"https:\/\/huisartsenposttilburg.nl\/pl\/?s={search_term_string}"},"query-input":{"@type":"PropertyValueSpecification","valueRequired":true,"valueName":"search_term_string"}}],"inLanguage":"pl-PL"}]}},"_links":{"self":[{"href":"https:\/\/huisartsenposttilburg.nl\/pl\/wp-json\/wp\/v2\/pages\/186861","targetHints":{"allow":["GET"]}}],"collection":[{"href":"https:\/\/huisartsenposttilburg.nl\/pl\/wp-json\/wp\/v2\/pages"}],"about":[{"href":"https:\/\/huisartsenposttilburg.nl\/pl\/wp-json\/wp\/v2\/types\/page"}],"author":[{"embeddable":true,"href":"https:\/\/huisartsenposttilburg.nl\/pl\/wp-json\/wp\/v2\/users\/18"}],"replies":[{"embeddable":true,"href":"https:\/\/huisartsenposttilburg.nl\/pl\/wp-json\/wp\/v2\/comments?post=186861"}],"version-history":[{"count":9,"href":"https:\/\/huisartsenposttilburg.nl\/pl\/wp-json\/wp\/v2\/pages\/186861\/revisions"}],"predecessor-version":[{"id":187446,"href":"https:\/\/huisartsenposttilburg.nl\/pl\/wp-json\/wp\/v2\/pages\/186861\/revisions\/187446"}],"wp:attachment":[{"href":"https:\/\/huisartsenposttilburg.nl\/pl\/wp-json\/wp\/v2\/media?parent=186861"}],"curies":[{"name":"wp","href":"https:\/\/api.w.org\/{rel}","templated":true}]}}