{"id":186858,"date":"2024-06-18T13:07:11","date_gmt":"2024-06-18T11:07:11","guid":{"rendered":"https:\/\/huisartsenposttilburg.nl\/?page_id=186858"},"modified":"2024-12-24T12:02:31","modified_gmt":"2024-12-24T11:02:31","slug":"moje-dziecko-ma-bol-glowy","status":"publish","type":"page","link":"https:\/\/huisartsenposttilburg.nl\/pl\/moje-dziecko-ma-bol-glowy\/","title":{"rendered":"Moje dziecko ma b\u00f3l g\u0142owy"},"content":{"rendered":"\n<p>Po\u0142owa wszystkich dzieci od czasu do czasu odczuwa b\u00f3l g\u0142owy. Zwykle wyst\u0119puje u dzieci w wieku 6 lat i starszych. Je\u015bli dziecko ma b\u00f3l g\u0142owy, zwykle jest to napi\u0119ciowy b\u00f3l g\u0142owy lub migrena. Twoje dziecko mo\u017ce r\u00f3wnie\u017c odczuwa\u0107 b\u00f3l g\u0142owy przy przezi\u0119bieniu. B\u00f3l g\u0142owy u dzieci cz\u0119sto trwa kr\u00f3tko, bo zaledwie kilka godzin. B\u00f3le g\u0142owy s\u0105 denerwuj\u0105ce, ale zwykle nie szkodz\u0105.<\/p>\n\n\n\n<p>Aby <a href=\"https:\/\/www.thuisarts.nl\/hoofdpijn\/mijn-kind-heeft-hoofdpijn\">uzyska\u0107 wiarygodne informacje o dzieciach z b\u00f3lami g\u0142owy<\/a>, najpierw sprawd\u017a thuisarts.nl.<br><\/p>\n\n\n\n<p>Nie mo\u017cesz si\u0119 doczeka\u0107 nast\u0119pnego dnia? Nast\u0119pnie zadzwo\u0144 do Stacji Ratunkowej Lekarza Pierwszego Kontaktu.<\/p>\n","protected":false},"excerpt":{"rendered":"<p>Po\u0142owa wszystkich dzieci od czasu do czasu odczuwa b\u00f3l g\u0142owy. Zwykle wyst\u0119puje u dzieci w wieku 6 lat i starszych. Je\u015bli dziecko ma b\u00f3l g\u0142owy, zwykle jest to napi\u0119ciowy b\u00f3l g\u0142owy lub migrena. Twoje dziecko mo\u017ce r\u00f3wnie\u017c odczuwa\u0107 b\u00f3l g\u0142owy przy przezi\u0119bieniu. B\u00f3l g\u0142owy u dzieci cz\u0119sto trwa kr\u00f3tko, bo zaledwie kilka godzin. B\u00f3le g\u0142owy [&hellip;]<\/p>\n","protected":false},"author":18,"featured_media":0,"parent":0,"menu_order":0,"comment_status":"closed","ping_status":"closed","template":"","meta":{"_acf_changed":false,"_trash_the_other_posts":false,"editor_notices":[],"footnotes":""},"class_list":["post-186858","page","type-page","status-publish","hentry"],"acf":[],"yoast_head":"<!-- This site is optimized with the Yoast SEO plugin v26.6 - https:\/\/yoast.com\/wordpress\/plugins\/seo\/ -->\n<title>Moje dziecko ma b\u00f3l g\u0142owy - Huisartsenpost Tilburg - Polski<\/title>\n<meta name=\"robots\" content=\"index, follow, max-snippet:-1, max-image-preview:large, max-video-preview:-1\" \/>\n<link rel=\"canonical\" href=\"https:\/\/huisartsenposttilburg.nl\/pl\/moje-dziecko-ma-bol-glowy\/\" \/>\n<meta property=\"og:locale\" content=\"pl_PL\" \/>\n<meta property=\"og:type\" content=\"article\" \/>\n<meta property=\"og:title\" content=\"Moje dziecko ma b\u00f3l g\u0142owy - Huisartsenpost Tilburg - Polski\" \/>\n<meta property=\"og:description\" content=\"Po\u0142owa wszystkich dzieci od czasu do czasu odczuwa b\u00f3l g\u0142owy. Zwykle wyst\u0119puje u dzieci w wieku 6 lat i starszych. Je\u015bli dziecko ma b\u00f3l g\u0142owy, zwykle jest to napi\u0119ciowy b\u00f3l g\u0142owy lub migrena. Twoje dziecko mo\u017ce r\u00f3wnie\u017c odczuwa\u0107 b\u00f3l g\u0142owy przy przezi\u0119bieniu. B\u00f3l g\u0142owy u dzieci cz\u0119sto trwa kr\u00f3tko, bo zaledwie kilka godzin. B\u00f3le g\u0142owy [&hellip;]\" \/>\n<meta property=\"og:url\" content=\"https:\/\/huisartsenposttilburg.nl\/pl\/moje-dziecko-ma-bol-glowy\/\" \/>\n<meta property=\"og:site_name\" content=\"Huisartsenpost Tilburg - Polski\" \/>\n<meta property=\"article:modified_time\" content=\"2024-12-24T11:02:31+00:00\" \/>\n<meta name=\"twitter:card\" content=\"summary_large_image\" \/>\n<meta name=\"twitter:label1\" content=\"Szacowany czas czytania\" \/>\n\t<meta name=\"twitter:data1\" content=\"1 minuta\" \/>\n<script type=\"application\/ld+json\" class=\"yoast-schema-graph\">{\"@context\":\"https:\/\/schema.org\",\"@graph\":[{\"@type\":\"WebPage\",\"@id\":\"https:\/\/huisartsenposttilburg.nl\/pl\/moje-dziecko-ma-bol-glowy\/\",\"url\":\"https:\/\/huisartsenposttilburg.nl\/pl\/moje-dziecko-ma-bol-glowy\/\",\"name\":\"Moje dziecko ma b\u00f3l g\u0142owy - Huisartsenpost Tilburg - Polski\",\"isPartOf\":{\"@id\":\"https:\/\/huisartsenposttilburg.nl\/pl\/#website\"},\"datePublished\":\"2024-06-18T11:07:11+00:00\",\"dateModified\":\"2024-12-24T11:02:31+00:00\",\"breadcrumb\":{\"@id\":\"https:\/\/huisartsenposttilburg.nl\/pl\/moje-dziecko-ma-bol-glowy\/#breadcrumb\"},\"inLanguage\":\"pl-PL\",\"potentialAction\":[{\"@type\":\"ReadAction\",\"target\":[\"https:\/\/huisartsenposttilburg.nl\/pl\/moje-dziecko-ma-bol-glowy\/\"]}]},{\"@type\":\"BreadcrumbList\",\"@id\":\"https:\/\/huisartsenposttilburg.nl\/pl\/moje-dziecko-ma-bol-glowy\/#breadcrumb\",\"itemListElement\":[{\"@type\":\"ListItem\",\"position\":1,\"name\":\"Home\",\"item\":\"https:\/\/huisartsenposttilburg.nl\/pl\/\"},{\"@type\":\"ListItem\",\"position\":2,\"name\":\"Moje dziecko ma b\u00f3l g\u0142owy\"}]},{\"@type\":\"WebSite\",\"@id\":\"https:\/\/huisartsenposttilburg.nl\/pl\/#website\",\"url\":\"https:\/\/huisartsenposttilburg.nl\/pl\/\",\"name\":\"Huisartsenpost Tilburg - Polski\",\"description\":\"\",\"potentialAction\":[{\"@type\":\"SearchAction\",\"target\":{\"@type\":\"EntryPoint\",\"urlTemplate\":\"https:\/\/huisartsenposttilburg.nl\/pl\/?s={search_term_string}\"},\"query-input\":{\"@type\":\"PropertyValueSpecification\",\"valueRequired\":true,\"valueName\":\"search_term_string\"}}],\"inLanguage\":\"pl-PL\"}]}<\/script>\n<!-- \/ Yoast SEO plugin. -->","yoast_head_json":{"title":"Moje dziecko ma b\u00f3l g\u0142owy - Huisartsenpost Tilburg - Polski","robots":{"index":"index","follow":"follow","max-snippet":"max-snippet:-1","max-image-preview":"max-image-preview:large","max-video-preview":"max-video-preview:-1"},"canonical":"https:\/\/huisartsenposttilburg.nl\/pl\/moje-dziecko-ma-bol-glowy\/","og_locale":"pl_PL","og_type":"article","og_title":"Moje dziecko ma b\u00f3l g\u0142owy - Huisartsenpost Tilburg - Polski","og_description":"Po\u0142owa wszystkich dzieci od czasu do czasu odczuwa b\u00f3l g\u0142owy. Zwykle wyst\u0119puje u dzieci w wieku 6 lat i starszych. Je\u015bli dziecko ma b\u00f3l g\u0142owy, zwykle jest to napi\u0119ciowy b\u00f3l g\u0142owy lub migrena. Twoje dziecko mo\u017ce r\u00f3wnie\u017c odczuwa\u0107 b\u00f3l g\u0142owy przy przezi\u0119bieniu. B\u00f3l g\u0142owy u dzieci cz\u0119sto trwa kr\u00f3tko, bo zaledwie kilka godzin. B\u00f3le g\u0142owy [&hellip;]","og_url":"https:\/\/huisartsenposttilburg.nl\/pl\/moje-dziecko-ma-bol-glowy\/","og_site_name":"Huisartsenpost Tilburg - Polski","article_modified_time":"2024-12-24T11:02:31+00:00","twitter_card":"summary_large_image","twitter_misc":{"Szacowany czas czytania":"1 minuta"},"schema":{"@context":"https:\/\/schema.org","@graph":[{"@type":"WebPage","@id":"https:\/\/huisartsenposttilburg.nl\/pl\/moje-dziecko-ma-bol-glowy\/","url":"https:\/\/huisartsenposttilburg.nl\/pl\/moje-dziecko-ma-bol-glowy\/","name":"Moje dziecko ma b\u00f3l g\u0142owy - Huisartsenpost Tilburg - Polski","isPartOf":{"@id":"https:\/\/huisartsenposttilburg.nl\/pl\/#website"},"datePublished":"2024-06-18T11:07:11+00:00","dateModified":"2024-12-24T11:02:31+00:00","breadcrumb":{"@id":"https:\/\/huisartsenposttilburg.nl\/pl\/moje-dziecko-ma-bol-glowy\/#breadcrumb"},"inLanguage":"pl-PL","potentialAction":[{"@type":"ReadAction","target":["https:\/\/huisartsenposttilburg.nl\/pl\/moje-dziecko-ma-bol-glowy\/"]}]},{"@type":"BreadcrumbList","@id":"https:\/\/huisartsenposttilburg.nl\/pl\/moje-dziecko-ma-bol-glowy\/#breadcrumb","itemListElement":[{"@type":"ListItem","position":1,"name":"Home","item":"https:\/\/huisartsenposttilburg.nl\/pl\/"},{"@type":"ListItem","position":2,"name":"Moje dziecko ma b\u00f3l g\u0142owy"}]},{"@type":"WebSite","@id":"https:\/\/huisartsenposttilburg.nl\/pl\/#website","url":"https:\/\/huisartsenposttilburg.nl\/pl\/","name":"Huisartsenpost Tilburg - Polski","description":"","potentialAction":[{"@type":"SearchAction","target":{"@type":"EntryPoint","urlTemplate":"https:\/\/huisartsenposttilburg.nl\/pl\/?s={search_term_string}"},"query-input":{"@type":"PropertyValueSpecification","valueRequired":true,"valueName":"search_term_string"}}],"inLanguage":"pl-PL"}]}},"_links":{"self":[{"href":"https:\/\/huisartsenposttilburg.nl\/pl\/wp-json\/wp\/v2\/pages\/186858","targetHints":{"allow":["GET"]}}],"collection":[{"href":"https:\/\/huisartsenposttilburg.nl\/pl\/wp-json\/wp\/v2\/pages"}],"about":[{"href":"https:\/\/huisartsenposttilburg.nl\/pl\/wp-json\/wp\/v2\/types\/page"}],"author":[{"embeddable":true,"href":"https:\/\/huisartsenposttilburg.nl\/pl\/wp-json\/wp\/v2\/users\/18"}],"replies":[{"embeddable":true,"href":"https:\/\/huisartsenposttilburg.nl\/pl\/wp-json\/wp\/v2\/comments?post=186858"}],"version-history":[{"count":10,"href":"https:\/\/huisartsenposttilburg.nl\/pl\/wp-json\/wp\/v2\/pages\/186858\/revisions"}],"predecessor-version":[{"id":187440,"href":"https:\/\/huisartsenposttilburg.nl\/pl\/wp-json\/wp\/v2\/pages\/186858\/revisions\/187440"}],"wp:attachment":[{"href":"https:\/\/huisartsenposttilburg.nl\/pl\/wp-json\/wp\/v2\/media?parent=186858"}],"curies":[{"name":"wp","href":"https:\/\/api.w.org\/{rel}","templated":true}]}}