{"id":186844,"date":"2024-06-18T10:00:19","date_gmt":"2024-06-18T08:00:19","guid":{"rendered":"https:\/\/huisartsenposttilburg.nl\/?page_id=186844"},"modified":"2024-12-24T11:58:06","modified_gmt":"2024-12-24T10:58:06","slug":"moje-dziecko-ma-bol-brzuch","status":"publish","type":"page","link":"https:\/\/huisartsenposttilburg.nl\/pl\/moje-dziecko-ma-bol-brzuch\/","title":{"rendered":"Moje dziecko ma b\u00f3l brzucha"},"content":{"rendered":"\n<p>B\u00f3l brzucha u ma\u0142ych dzieci mo\u017ce by\u0107 spowodowany wieloma r\u00f3\u017cnymi czynnikami. Na przyk\u0142ad z powodu niekt\u00f3rych pokarm\u00f3w, stan\u00f3w zapalnych, zapar\u0107, alergii, napi\u0119cia lub niepokoju.<br>Na 10 dzieci oko\u0142o 1 regularnie cierpi na b\u00f3le brzucha. Dziewcz\u0119ta cz\u0119\u015bciej ni\u017c ch\u0142opcy. U ponad po\u0142owy dzieci z b\u00f3lem brzucha badanie fizykalne pokazuje, \u017ce nie ma wyra\u017anych nieprawid\u0142owo\u015bci, kt\u00f3re wyja\u015bnia\u0142yby dolegliwo\u015bci. Tak wi\u0119c przyczyn\u0119 mo\u017cna znale\u017a\u0107 u innych dzieci.<\/p>\n\n\n\n<p>Szuka\u0107<a href=\"https:\/\/www.thuisarts.nl\/buikpijn-bij-kinderen\">Rzetelne informacje o dzieciach z brzuszkiem<\/a><a href=\"https:\/\/www.thuisarts.nl\/buikpijn-bij-kinderen\" target=\"_blank\" rel=\"noreferrer noopener\">ijn powiedzia\u0142:<\/a>Najpierw na thuisarts.nl.<br><\/p>\n\n\n\n<p>Nie mo\u017cesz si\u0119 doczeka\u0107 nast\u0119pnego dnia? Nast\u0119pnie zadzwo\u0144 do Stacji Ratunkowej Lekarza Pierwszego Kontaktu.<\/p>\n","protected":false},"excerpt":{"rendered":"<p>B\u00f3l brzucha u ma\u0142ych dzieci mo\u017ce by\u0107 spowodowany wieloma r\u00f3\u017cnymi czynnikami. Na przyk\u0142ad z powodu niekt\u00f3rych pokarm\u00f3w, stan\u00f3w zapalnych, zapar\u0107, alergii, napi\u0119cia lub niepokoju.Na 10 dzieci oko\u0142o 1 regularnie cierpi na b\u00f3le brzucha. Dziewcz\u0119ta cz\u0119\u015bciej ni\u017c ch\u0142opcy. U ponad po\u0142owy dzieci z b\u00f3lem brzucha badanie fizykalne pokazuje, \u017ce nie ma wyra\u017anych nieprawid\u0142owo\u015bci, kt\u00f3re wyja\u015bnia\u0142yby dolegliwo\u015bci. [&hellip;]<\/p>\n","protected":false},"author":18,"featured_media":0,"parent":0,"menu_order":0,"comment_status":"closed","ping_status":"closed","template":"","meta":{"_acf_changed":false,"_trash_the_other_posts":false,"editor_notices":[],"footnotes":""},"class_list":["post-186844","page","type-page","status-publish","hentry"],"acf":[],"yoast_head":"<!-- This site is optimized with the Yoast SEO plugin v26.6 - https:\/\/yoast.com\/wordpress\/plugins\/seo\/ -->\n<title>Moje dziecko ma b\u00f3l brzucha - Huisartsenpost Tilburg - Polski<\/title>\n<meta name=\"robots\" content=\"index, follow, max-snippet:-1, max-image-preview:large, max-video-preview:-1\" \/>\n<link rel=\"canonical\" href=\"https:\/\/huisartsenposttilburg.nl\/pl\/moje-dziecko-ma-bol-brzuch\/\" \/>\n<meta property=\"og:locale\" content=\"pl_PL\" \/>\n<meta property=\"og:type\" content=\"article\" \/>\n<meta property=\"og:title\" content=\"Moje dziecko ma b\u00f3l brzucha - Huisartsenpost Tilburg - Polski\" \/>\n<meta property=\"og:description\" content=\"B\u00f3l brzucha u ma\u0142ych dzieci mo\u017ce by\u0107 spowodowany wieloma r\u00f3\u017cnymi czynnikami. Na przyk\u0142ad z powodu niekt\u00f3rych pokarm\u00f3w, stan\u00f3w zapalnych, zapar\u0107, alergii, napi\u0119cia lub niepokoju.Na 10 dzieci oko\u0142o 1 regularnie cierpi na b\u00f3le brzucha. Dziewcz\u0119ta cz\u0119\u015bciej ni\u017c ch\u0142opcy. U ponad po\u0142owy dzieci z b\u00f3lem brzucha badanie fizykalne pokazuje, \u017ce nie ma wyra\u017anych nieprawid\u0142owo\u015bci, kt\u00f3re wyja\u015bnia\u0142yby dolegliwo\u015bci. [&hellip;]\" \/>\n<meta property=\"og:url\" content=\"https:\/\/huisartsenposttilburg.nl\/pl\/moje-dziecko-ma-bol-brzuch\/\" \/>\n<meta property=\"og:site_name\" content=\"Huisartsenpost Tilburg - Polski\" \/>\n<meta property=\"article:modified_time\" content=\"2024-12-24T10:58:06+00:00\" \/>\n<meta name=\"twitter:card\" content=\"summary_large_image\" \/>\n<meta name=\"twitter:label1\" content=\"Szacowany czas czytania\" \/>\n\t<meta name=\"twitter:data1\" content=\"1 minuta\" \/>\n<script type=\"application\/ld+json\" class=\"yoast-schema-graph\">{\"@context\":\"https:\/\/schema.org\",\"@graph\":[{\"@type\":\"WebPage\",\"@id\":\"https:\/\/huisartsenposttilburg.nl\/pl\/moje-dziecko-ma-bol-brzuch\/\",\"url\":\"https:\/\/huisartsenposttilburg.nl\/pl\/moje-dziecko-ma-bol-brzuch\/\",\"name\":\"Moje dziecko ma b\u00f3l brzucha - Huisartsenpost Tilburg - Polski\",\"isPartOf\":{\"@id\":\"https:\/\/huisartsenposttilburg.nl\/pl\/#website\"},\"datePublished\":\"2024-06-18T08:00:19+00:00\",\"dateModified\":\"2024-12-24T10:58:06+00:00\",\"breadcrumb\":{\"@id\":\"https:\/\/huisartsenposttilburg.nl\/pl\/moje-dziecko-ma-bol-brzuch\/#breadcrumb\"},\"inLanguage\":\"pl-PL\",\"potentialAction\":[{\"@type\":\"ReadAction\",\"target\":[\"https:\/\/huisartsenposttilburg.nl\/pl\/moje-dziecko-ma-bol-brzuch\/\"]}]},{\"@type\":\"BreadcrumbList\",\"@id\":\"https:\/\/huisartsenposttilburg.nl\/pl\/moje-dziecko-ma-bol-brzuch\/#breadcrumb\",\"itemListElement\":[{\"@type\":\"ListItem\",\"position\":1,\"name\":\"Home\",\"item\":\"https:\/\/huisartsenposttilburg.nl\/pl\/\"},{\"@type\":\"ListItem\",\"position\":2,\"name\":\"Moje dziecko ma b\u00f3l brzucha\"}]},{\"@type\":\"WebSite\",\"@id\":\"https:\/\/huisartsenposttilburg.nl\/pl\/#website\",\"url\":\"https:\/\/huisartsenposttilburg.nl\/pl\/\",\"name\":\"Huisartsenpost Tilburg - Polski\",\"description\":\"\",\"potentialAction\":[{\"@type\":\"SearchAction\",\"target\":{\"@type\":\"EntryPoint\",\"urlTemplate\":\"https:\/\/huisartsenposttilburg.nl\/pl\/?s={search_term_string}\"},\"query-input\":{\"@type\":\"PropertyValueSpecification\",\"valueRequired\":true,\"valueName\":\"search_term_string\"}}],\"inLanguage\":\"pl-PL\"}]}<\/script>\n<!-- \/ Yoast SEO plugin. -->","yoast_head_json":{"title":"Moje dziecko ma b\u00f3l brzucha - Huisartsenpost Tilburg - Polski","robots":{"index":"index","follow":"follow","max-snippet":"max-snippet:-1","max-image-preview":"max-image-preview:large","max-video-preview":"max-video-preview:-1"},"canonical":"https:\/\/huisartsenposttilburg.nl\/pl\/moje-dziecko-ma-bol-brzuch\/","og_locale":"pl_PL","og_type":"article","og_title":"Moje dziecko ma b\u00f3l brzucha - Huisartsenpost Tilburg - Polski","og_description":"B\u00f3l brzucha u ma\u0142ych dzieci mo\u017ce by\u0107 spowodowany wieloma r\u00f3\u017cnymi czynnikami. Na przyk\u0142ad z powodu niekt\u00f3rych pokarm\u00f3w, stan\u00f3w zapalnych, zapar\u0107, alergii, napi\u0119cia lub niepokoju.Na 10 dzieci oko\u0142o 1 regularnie cierpi na b\u00f3le brzucha. Dziewcz\u0119ta cz\u0119\u015bciej ni\u017c ch\u0142opcy. U ponad po\u0142owy dzieci z b\u00f3lem brzucha badanie fizykalne pokazuje, \u017ce nie ma wyra\u017anych nieprawid\u0142owo\u015bci, kt\u00f3re wyja\u015bnia\u0142yby dolegliwo\u015bci. [&hellip;]","og_url":"https:\/\/huisartsenposttilburg.nl\/pl\/moje-dziecko-ma-bol-brzuch\/","og_site_name":"Huisartsenpost Tilburg - Polski","article_modified_time":"2024-12-24T10:58:06+00:00","twitter_card":"summary_large_image","twitter_misc":{"Szacowany czas czytania":"1 minuta"},"schema":{"@context":"https:\/\/schema.org","@graph":[{"@type":"WebPage","@id":"https:\/\/huisartsenposttilburg.nl\/pl\/moje-dziecko-ma-bol-brzuch\/","url":"https:\/\/huisartsenposttilburg.nl\/pl\/moje-dziecko-ma-bol-brzuch\/","name":"Moje dziecko ma b\u00f3l brzucha - Huisartsenpost Tilburg - Polski","isPartOf":{"@id":"https:\/\/huisartsenposttilburg.nl\/pl\/#website"},"datePublished":"2024-06-18T08:00:19+00:00","dateModified":"2024-12-24T10:58:06+00:00","breadcrumb":{"@id":"https:\/\/huisartsenposttilburg.nl\/pl\/moje-dziecko-ma-bol-brzuch\/#breadcrumb"},"inLanguage":"pl-PL","potentialAction":[{"@type":"ReadAction","target":["https:\/\/huisartsenposttilburg.nl\/pl\/moje-dziecko-ma-bol-brzuch\/"]}]},{"@type":"BreadcrumbList","@id":"https:\/\/huisartsenposttilburg.nl\/pl\/moje-dziecko-ma-bol-brzuch\/#breadcrumb","itemListElement":[{"@type":"ListItem","position":1,"name":"Home","item":"https:\/\/huisartsenposttilburg.nl\/pl\/"},{"@type":"ListItem","position":2,"name":"Moje dziecko ma b\u00f3l brzucha"}]},{"@type":"WebSite","@id":"https:\/\/huisartsenposttilburg.nl\/pl\/#website","url":"https:\/\/huisartsenposttilburg.nl\/pl\/","name":"Huisartsenpost Tilburg - Polski","description":"","potentialAction":[{"@type":"SearchAction","target":{"@type":"EntryPoint","urlTemplate":"https:\/\/huisartsenposttilburg.nl\/pl\/?s={search_term_string}"},"query-input":{"@type":"PropertyValueSpecification","valueRequired":true,"valueName":"search_term_string"}}],"inLanguage":"pl-PL"}]}},"_links":{"self":[{"href":"https:\/\/huisartsenposttilburg.nl\/pl\/wp-json\/wp\/v2\/pages\/186844","targetHints":{"allow":["GET"]}}],"collection":[{"href":"https:\/\/huisartsenposttilburg.nl\/pl\/wp-json\/wp\/v2\/pages"}],"about":[{"href":"https:\/\/huisartsenposttilburg.nl\/pl\/wp-json\/wp\/v2\/types\/page"}],"author":[{"embeddable":true,"href":"https:\/\/huisartsenposttilburg.nl\/pl\/wp-json\/wp\/v2\/users\/18"}],"replies":[{"embeddable":true,"href":"https:\/\/huisartsenposttilburg.nl\/pl\/wp-json\/wp\/v2\/comments?post=186844"}],"version-history":[{"count":10,"href":"https:\/\/huisartsenposttilburg.nl\/pl\/wp-json\/wp\/v2\/pages\/186844\/revisions"}],"predecessor-version":[{"id":187438,"href":"https:\/\/huisartsenposttilburg.nl\/pl\/wp-json\/wp\/v2\/pages\/186844\/revisions\/187438"}],"wp:attachment":[{"href":"https:\/\/huisartsenposttilburg.nl\/pl\/wp-json\/wp\/v2\/media?parent=186844"}],"curies":[{"name":"wp","href":"https:\/\/api.w.org\/{rel}","templated":true}]}}