{"id":133528,"date":"2023-11-13T11:04:24","date_gmt":"2023-11-13T10:04:24","guid":{"rendered":"https:\/\/huisartsenposttilburg.nl\/?page_id=133528"},"modified":"2024-12-23T15:01:59","modified_gmt":"2024-12-23T14:01:59","slug":"rodzice-malych-dzieci","status":"publish","type":"page","link":"https:\/\/huisartsenposttilburg.nl\/pl\/rodzice-malych-dzieci\/","title":{"rendered":"Rodzice ma\u0142ych dzieci"},"content":{"rendered":"\n\n\n<figure class=\"wp-block-image size-large is-resized\"><img decoding=\"async\" width=\"1024\" height=\"257\" src=\"https:\/\/huisartsenposttilburg.nl\/content\/uploads\/2023\/11\/webbaner-algemeen-kersenrood-1024x257.webp\" alt=\"\" class=\"wp-image-133594\" style=\"aspect-ratio:3.9844357976653697;width:793px;height:auto\" srcset=\"https:\/\/huisartsenposttilburg.nl\/pl\/wp-content\/uploads\/sites\/162\/2023\/11\/webbaner-algemeen-kersenrood-1024x257.webp 1024w, https:\/\/huisartsenposttilburg.nl\/pl\/wp-content\/uploads\/sites\/162\/2023\/11\/webbaner-algemeen-kersenrood-300x75.webp 300w, https:\/\/huisartsenposttilburg.nl\/pl\/wp-content\/uploads\/sites\/162\/2023\/11\/webbaner-algemeen-kersenrood-768x193.webp 768w, https:\/\/huisartsenposttilburg.nl\/pl\/wp-content\/uploads\/sites\/162\/2023\/11\/webbaner-algemeen-kersenrood.webp 1200w\" sizes=\"(max-width: 1024px) 100vw, 1024px\" \/><\/figure>\n\n\n\n<p>Wszyscy kojarzymy to jako rodzice: nag\u0142a wysoka gor\u0105czka, b\u00f3l ucha, wymioty, rana lub upadek&#8230; Wszystkie rzeczy, z kt\u00f3rymi nagle mo\u017cesz mie\u0107 do czynienia jako rodzic ma\u0142ego dziecka. Ale co zrobi\u0107, gdy dzieje si\u0119 to w weekend lub wieczorami i Tw\u00f3j w\u0142asny lekarz rodzinny nie jest ju\u017c dost\u0119pny? Kiedy nale\u017cy wezwa\u0107 pogotowie lekarskie i co mo\u017cna zrobi\u0107 samodzielnie?<\/p>\n\n\n\n<p>Rodzice ma\u0142ych dzieci (0-4 lata) cz\u0119sto dzwoni\u0105 do punktu ratunkowego lekarza rodzinnego, kt\u00f3ry nie zawsze zajmuje si\u0119 pilnymi dolegliwo\u015bciami medycznymi. Aby zaoferowa\u0107 Ci jako rodzicom wi\u0119ksze wsparcie i wiarygodne informacje, Poczta Alarmowa rozpocz\u0119\u0142a kampani\u0119. Kiedy nag\u0142y wypadek jest naprawd\u0119 pilny i co mo\u017cesz zrobi\u0107 sam, je\u015bli Twoje dziecko jest chore?<\/p>\n\n\n\n<p>Przeczytaj wi\u0119cej o r\u00f3\u017cnych dolegliwo\u015bciach u dzieci i o tym, co mo\u017cesz zrobi\u0107 sam:<\/p>\n\n\n\n<ul class=\"wp-block-list\">\n<li><a href=\"https:\/\/huisartsenposttilburg.nl\/mijn-kind-heeft-koorts\/\">Gor\u0105czka<\/a><\/li>\n\n\n\n<li><a href=\"https:\/\/huisartsenposttilburg.nl\/mijn-kind-heeft-buikpijn\/\">B\u00f3l brzucha<\/a><\/li>\n\n\n\n<li><a href=\"https:\/\/huisartsenposttilburg.nl\/mijn-kind-heeft-oorpijn\/\">B\u00f3l ucha<\/a><\/li>\n\n\n\n<li><a href=\"https:\/\/huisartsenposttilburg.nl\/mijn-kind-heeft-een-snijwond\/\">Rana ci\u0119ta<\/a><\/li>\n\n\n\n<li><a href=\"https:\/\/huisartsenposttilburg.nl\/mijn-kind-moet-vaak-hoesten\/\">Kaszel<\/a><\/li>\n\n\n\n<li><a href=\"https:\/\/huisartsenposttilburg.nl\/mijn-kind-heeft-hoofdpijn\/\">B\u00f3l g\u0142owy<\/a><\/li>\n\n\n\n<li><a href=\"https:\/\/huisartsenposttilburg.nl\/mijn-kind-is-gestoken-door-een-insect\/\">Uk\u0105szony<\/a><\/li>\n\n\n\n<li><a href=\"https:\/\/huisartsenposttilburg.nl\/mijn-kind-heeft-ontstoken-ogen\/\">Stan zapalny oczu<\/a><\/li>\n\n\n\n<li><a href=\"https:\/\/huisartsenposttilburg.nl\/mijn-kind-geeft-over\/\">Wymiotowa\u0107<\/a><\/li>\n\n\n\n<li><a href=\"https:\/\/huisartsenposttilburg.nl\/mijn-kind-heeft-vlekjes\/\">Wysypka\/plamy sk\u00f3rne<\/a><\/li>\n<\/ul>\n\n\n\n<h2 class=\"wp-block-heading\"><br><\/h2>\n","protected":false},"excerpt":{"rendered":"<p>Wszyscy kojarzymy to jako rodzice: nag\u0142a wysoka gor\u0105czka, b\u00f3l ucha, wymioty, rana lub upadek&#8230; Wszystkie rzeczy, z kt\u00f3rymi nagle mo\u017cesz mie\u0107 do czynienia jako rodzic ma\u0142ego dziecka. Ale co zrobi\u0107, gdy dzieje si\u0119 to w weekend lub wieczorami i Tw\u00f3j w\u0142asny lekarz rodzinny nie jest ju\u017c dost\u0119pny? Kiedy nale\u017cy wezwa\u0107 pogotowie lekarskie i co mo\u017cna [&hellip;]<\/p>\n","protected":false},"author":19,"featured_media":0,"parent":0,"menu_order":0,"comment_status":"closed","ping_status":"closed","template":"","meta":{"_acf_changed":false,"_trash_the_other_posts":false,"editor_notices":[],"footnotes":""},"class_list":["post-133528","page","type-page","status-publish","hentry"],"acf":[],"yoast_head":"<!-- This site is optimized with the Yoast SEO plugin v26.6 - https:\/\/yoast.com\/wordpress\/plugins\/seo\/ -->\n<title>Rodzice ma\u0142ych dzieci - Huisartsenpost Tilburg - Polski<\/title>\n<meta name=\"description\" content=\"Pogotowie Lekarzy Rodzinnych w Tilburgu opracowa\u0142o informacje specjalnie dla rodzic\u00f3w z ma\u0142ymi dzie\u0107mi. Z top 10 najcz\u0119stszych schorze\u0144 i wskaz\u00f3wkami, co mo\u017cesz zrobi\u0107 sam w takiej sytuacji.\" \/>\n<meta name=\"robots\" content=\"index, follow, max-snippet:-1, max-image-preview:large, max-video-preview:-1\" \/>\n<link rel=\"canonical\" href=\"https:\/\/huisartsenposttilburg.nl\/pl\/rodzice-malych-dzieci\/\" \/>\n<meta property=\"og:locale\" content=\"pl_PL\" \/>\n<meta property=\"og:type\" content=\"article\" \/>\n<meta property=\"og:title\" content=\"Rodzice ma\u0142ych dzieci - Huisartsenpost Tilburg - Polski\" \/>\n<meta property=\"og:description\" content=\"Pogotowie Lekarzy Rodzinnych w Tilburgu opracowa\u0142o informacje specjalnie dla rodzic\u00f3w z ma\u0142ymi dzie\u0107mi. Z top 10 najcz\u0119stszych schorze\u0144 i wskaz\u00f3wkami, co mo\u017cesz zrobi\u0107 sam w takiej sytuacji.\" \/>\n<meta property=\"og:url\" content=\"https:\/\/huisartsenposttilburg.nl\/pl\/rodzice-malych-dzieci\/\" \/>\n<meta property=\"og:site_name\" content=\"Huisartsenpost Tilburg - Polski\" \/>\n<meta property=\"article:modified_time\" content=\"2024-12-23T14:01:59+00:00\" \/>\n<meta property=\"og:image\" content=\"https:\/\/huisartsenposttilburg.nl\/content\/uploads\/2023\/11\/webbaner-algemeen-kersenrood-1024x257.webp\" \/>\n<meta name=\"twitter:card\" content=\"summary_large_image\" \/>\n<meta name=\"twitter:label1\" content=\"Szacowany czas czytania\" \/>\n\t<meta name=\"twitter:data1\" content=\"1 minuta\" \/>\n<script type=\"application\/ld+json\" class=\"yoast-schema-graph\">{\"@context\":\"https:\/\/schema.org\",\"@graph\":[{\"@type\":\"WebPage\",\"@id\":\"https:\/\/huisartsenposttilburg.nl\/pl\/rodzice-malych-dzieci\/\",\"url\":\"https:\/\/huisartsenposttilburg.nl\/pl\/rodzice-malych-dzieci\/\",\"name\":\"Rodzice ma\u0142ych dzieci - Huisartsenpost Tilburg - Polski\",\"isPartOf\":{\"@id\":\"https:\/\/huisartsenposttilburg.nl\/pl\/#website\"},\"primaryImageOfPage\":{\"@id\":\"https:\/\/huisartsenposttilburg.nl\/pl\/rodzice-malych-dzieci\/#primaryimage\"},\"image\":{\"@id\":\"https:\/\/huisartsenposttilburg.nl\/pl\/rodzice-malych-dzieci\/#primaryimage\"},\"thumbnailUrl\":\"https:\/\/huisartsenposttilburg.nl\/content\/uploads\/2023\/11\/webbaner-algemeen-kersenrood-1024x257.webp\",\"datePublished\":\"2023-11-13T10:04:24+00:00\",\"dateModified\":\"2024-12-23T14:01:59+00:00\",\"description\":\"Pogotowie Lekarzy Rodzinnych w Tilburgu opracowa\u0142o informacje specjalnie dla rodzic\u00f3w z ma\u0142ymi dzie\u0107mi. Z top 10 najcz\u0119stszych schorze\u0144 i wskaz\u00f3wkami, co mo\u017cesz zrobi\u0107 sam w takiej sytuacji.\",\"breadcrumb\":{\"@id\":\"https:\/\/huisartsenposttilburg.nl\/pl\/rodzice-malych-dzieci\/#breadcrumb\"},\"inLanguage\":\"pl-PL\",\"potentialAction\":[{\"@type\":\"ReadAction\",\"target\":[\"https:\/\/huisartsenposttilburg.nl\/pl\/rodzice-malych-dzieci\/\"]}]},{\"@type\":\"ImageObject\",\"inLanguage\":\"pl-PL\",\"@id\":\"https:\/\/huisartsenposttilburg.nl\/pl\/rodzice-malych-dzieci\/#primaryimage\",\"url\":\"https:\/\/huisartsenposttilburg.nl\/content\/uploads\/2023\/11\/webbaner-algemeen-kersenrood-1024x257.webp\",\"contentUrl\":\"https:\/\/huisartsenposttilburg.nl\/content\/uploads\/2023\/11\/webbaner-algemeen-kersenrood-1024x257.webp\"},{\"@type\":\"BreadcrumbList\",\"@id\":\"https:\/\/huisartsenposttilburg.nl\/pl\/rodzice-malych-dzieci\/#breadcrumb\",\"itemListElement\":[{\"@type\":\"ListItem\",\"position\":1,\"name\":\"Home\",\"item\":\"https:\/\/huisartsenposttilburg.nl\/pl\/\"},{\"@type\":\"ListItem\",\"position\":2,\"name\":\"Rodzice ma\u0142ych dzieci\"}]},{\"@type\":\"WebSite\",\"@id\":\"https:\/\/huisartsenposttilburg.nl\/pl\/#website\",\"url\":\"https:\/\/huisartsenposttilburg.nl\/pl\/\",\"name\":\"Huisartsenpost Tilburg - Polski\",\"description\":\"\",\"potentialAction\":[{\"@type\":\"SearchAction\",\"target\":{\"@type\":\"EntryPoint\",\"urlTemplate\":\"https:\/\/huisartsenposttilburg.nl\/pl\/?s={search_term_string}\"},\"query-input\":{\"@type\":\"PropertyValueSpecification\",\"valueRequired\":true,\"valueName\":\"search_term_string\"}}],\"inLanguage\":\"pl-PL\"}]}<\/script>\n<!-- \/ Yoast SEO plugin. -->","yoast_head_json":{"title":"Rodzice ma\u0142ych dzieci - Huisartsenpost Tilburg - Polski","description":"Pogotowie Lekarzy Rodzinnych w Tilburgu opracowa\u0142o informacje specjalnie dla rodzic\u00f3w z ma\u0142ymi dzie\u0107mi. Z top 10 najcz\u0119stszych schorze\u0144 i wskaz\u00f3wkami, co mo\u017cesz zrobi\u0107 sam w takiej sytuacji.","robots":{"index":"index","follow":"follow","max-snippet":"max-snippet:-1","max-image-preview":"max-image-preview:large","max-video-preview":"max-video-preview:-1"},"canonical":"https:\/\/huisartsenposttilburg.nl\/pl\/rodzice-malych-dzieci\/","og_locale":"pl_PL","og_type":"article","og_title":"Rodzice ma\u0142ych dzieci - Huisartsenpost Tilburg - Polski","og_description":"Pogotowie Lekarzy Rodzinnych w Tilburgu opracowa\u0142o informacje specjalnie dla rodzic\u00f3w z ma\u0142ymi dzie\u0107mi. Z top 10 najcz\u0119stszych schorze\u0144 i wskaz\u00f3wkami, co mo\u017cesz zrobi\u0107 sam w takiej sytuacji.","og_url":"https:\/\/huisartsenposttilburg.nl\/pl\/rodzice-malych-dzieci\/","og_site_name":"Huisartsenpost Tilburg - Polski","article_modified_time":"2024-12-23T14:01:59+00:00","og_image":[{"url":"https:\/\/huisartsenposttilburg.nl\/content\/uploads\/2023\/11\/webbaner-algemeen-kersenrood-1024x257.webp","type":"","width":"","height":""}],"twitter_card":"summary_large_image","twitter_misc":{"Szacowany czas czytania":"1 minuta"},"schema":{"@context":"https:\/\/schema.org","@graph":[{"@type":"WebPage","@id":"https:\/\/huisartsenposttilburg.nl\/pl\/rodzice-malych-dzieci\/","url":"https:\/\/huisartsenposttilburg.nl\/pl\/rodzice-malych-dzieci\/","name":"Rodzice ma\u0142ych dzieci - Huisartsenpost Tilburg - Polski","isPartOf":{"@id":"https:\/\/huisartsenposttilburg.nl\/pl\/#website"},"primaryImageOfPage":{"@id":"https:\/\/huisartsenposttilburg.nl\/pl\/rodzice-malych-dzieci\/#primaryimage"},"image":{"@id":"https:\/\/huisartsenposttilburg.nl\/pl\/rodzice-malych-dzieci\/#primaryimage"},"thumbnailUrl":"https:\/\/huisartsenposttilburg.nl\/content\/uploads\/2023\/11\/webbaner-algemeen-kersenrood-1024x257.webp","datePublished":"2023-11-13T10:04:24+00:00","dateModified":"2024-12-23T14:01:59+00:00","description":"Pogotowie Lekarzy Rodzinnych w Tilburgu opracowa\u0142o informacje specjalnie dla rodzic\u00f3w z ma\u0142ymi dzie\u0107mi. Z top 10 najcz\u0119stszych schorze\u0144 i wskaz\u00f3wkami, co mo\u017cesz zrobi\u0107 sam w takiej sytuacji.","breadcrumb":{"@id":"https:\/\/huisartsenposttilburg.nl\/pl\/rodzice-malych-dzieci\/#breadcrumb"},"inLanguage":"pl-PL","potentialAction":[{"@type":"ReadAction","target":["https:\/\/huisartsenposttilburg.nl\/pl\/rodzice-malych-dzieci\/"]}]},{"@type":"ImageObject","inLanguage":"pl-PL","@id":"https:\/\/huisartsenposttilburg.nl\/pl\/rodzice-malych-dzieci\/#primaryimage","url":"https:\/\/huisartsenposttilburg.nl\/content\/uploads\/2023\/11\/webbaner-algemeen-kersenrood-1024x257.webp","contentUrl":"https:\/\/huisartsenposttilburg.nl\/content\/uploads\/2023\/11\/webbaner-algemeen-kersenrood-1024x257.webp"},{"@type":"BreadcrumbList","@id":"https:\/\/huisartsenposttilburg.nl\/pl\/rodzice-malych-dzieci\/#breadcrumb","itemListElement":[{"@type":"ListItem","position":1,"name":"Home","item":"https:\/\/huisartsenposttilburg.nl\/pl\/"},{"@type":"ListItem","position":2,"name":"Rodzice ma\u0142ych dzieci"}]},{"@type":"WebSite","@id":"https:\/\/huisartsenposttilburg.nl\/pl\/#website","url":"https:\/\/huisartsenposttilburg.nl\/pl\/","name":"Huisartsenpost Tilburg - Polski","description":"","potentialAction":[{"@type":"SearchAction","target":{"@type":"EntryPoint","urlTemplate":"https:\/\/huisartsenposttilburg.nl\/pl\/?s={search_term_string}"},"query-input":{"@type":"PropertyValueSpecification","valueRequired":true,"valueName":"search_term_string"}}],"inLanguage":"pl-PL"}]}},"_links":{"self":[{"href":"https:\/\/huisartsenposttilburg.nl\/pl\/wp-json\/wp\/v2\/pages\/133528","targetHints":{"allow":["GET"]}}],"collection":[{"href":"https:\/\/huisartsenposttilburg.nl\/pl\/wp-json\/wp\/v2\/pages"}],"about":[{"href":"https:\/\/huisartsenposttilburg.nl\/pl\/wp-json\/wp\/v2\/types\/page"}],"author":[{"embeddable":true,"href":"https:\/\/huisartsenposttilburg.nl\/pl\/wp-json\/wp\/v2\/users\/19"}],"replies":[{"embeddable":true,"href":"https:\/\/huisartsenposttilburg.nl\/pl\/wp-json\/wp\/v2\/comments?post=133528"}],"version-history":[{"count":7,"href":"https:\/\/huisartsenposttilburg.nl\/pl\/wp-json\/wp\/v2\/pages\/133528\/revisions"}],"predecessor-version":[{"id":187368,"href":"https:\/\/huisartsenposttilburg.nl\/pl\/wp-json\/wp\/v2\/pages\/133528\/revisions\/187368"}],"wp:attachment":[{"href":"https:\/\/huisartsenposttilburg.nl\/pl\/wp-json\/wp\/v2\/media?parent=133528"}],"curies":[{"name":"wp","href":"https:\/\/api.w.org\/{rel}","templated":true}]}}